{"id":96838,"date":"2025-12-30T14:56:43","date_gmt":"2025-12-30T06:56:43","guid":{"rendered":"https:\/\/aiviouvapes.com\/?post_type=product&#038;p=96838"},"modified":"2026-03-07T11:30:34","modified_gmt":"2026-03-07T03:30:34","slug":"poco-sc30000","status":"publish","type":"product","link":"https:\/\/aiviouvapes.com\/sv\/product\/poco-sc30000\/","title":{"rendered":"POCO SC30000 | 30000 puffar, 30ml, h\u00f6g kapacitet, uppladdningsbar, bulk eng\u00e5ngs vape"},"content":{"rendered":"<h2>POCO SC30000 eng\u00e5ngsvape till salu<\/h2>\n<p>POCO SC30000 eng\u00e5ngsvape \u00e4r tillverkad f\u00f6r vapers som vill ha <strong>maximalt antal bloss, rik smak och p\u00e5litlig prestanda<\/strong>. Med upp till <strong>30 000 bloss<\/strong> och en <strong>stor e-v\u00e4tskekapacitet p\u00e5 30 ml<\/strong>, Denna enhet \u00e4r perfekt f\u00f6r b\u00e5de flitiga anv\u00e4ndare och vape-butiker som letar efter en produkt med h\u00f6g efterfr\u00e5gan.<br \/>\nLeverans direkt fr\u00e5n en <strong>EU:s lokala lager<\/strong>, garanterar det snabb leverans (3\u20135 arbetsdagar) till de flesta EU-l\u00e4nder.<\/p>\n<h3>Varf\u00f6r v\u00e4lja POCO SC30000?<\/h3>\n<ul>\n<li>\ud83d\udd25 Upp till 30 000 bloss f\u00f6r extremt l\u00e5ng anv\u00e4ndning<\/li>\n<li>\ud83d\udca7 Stor 30 ml e-v\u00e4tsketank f\u00f6r f\u00e4rre byten<\/li>\n<li>\ud83d\udd0b Uppladdningsbart batteri f\u00f6r fullt utnyttjande av e-v\u00e4tska<\/li>\n<li>\ud83c\udf08 15 popul\u00e4ra smaker f\u00f6r att tillfredsst\u00e4lla olika smakpreferenser<\/li>\n<li>\ud83d\udc41\ufe0f Synlig e-v\u00e4tskeutformning f\u00f6r enkel niv\u00e5kontroll<\/li>\n<li>\ud83d\udce6 Bulkv\u00e4nlig f\u00f6rpackning f\u00f6r vape-butiker och distribut\u00f6rer<\/li>\n<li>\ud83d\ude9a EU-lager med snabb leverans inom 3\u20135 dagar<\/li>\n<\/ul>\n<h3>POCO SC30000 Specifikationer<\/h3>\n<table>\n<tbody>\n<tr>\n<td>Modell<\/td>\n<td>POCO SC30000<\/td>\n<\/tr>\n<tr>\n<td>Antal puffar<\/td>\n<td>Upp till 30000 puffar<\/td>\n<\/tr>\n<tr>\n<td>Kapacitet f\u00f6r e-v\u00e4tska<\/td>\n<td>30 ml<\/td>\n<\/tr>\n<tr>\n<td>Nikotinstyrka<\/td>\n<td>5%<\/td>\n<\/tr>\n<tr>\n<td>Batteri<\/td>\n<td>Uppladdningsbar<\/td>\n<\/tr>\n<tr>\n<td>Smak\u00e4mnen<\/td>\n<td>15 tillg\u00e4ngliga alternativ<\/td>\n<\/tr>\n<tr>\n<td>Storlek<\/td>\n<td>23,3 \u00d7 131,3 mm<\/td>\n<\/tr>\n<tr>\n<td>OEM-support<\/td>\n<td>Ja<\/td>\n<\/tr>\n<tr>\n<td>Packning<\/td>\n<td>1 st\/f\u00f6rpackning, 10 st\/displayl\u00e5da<\/td>\n<\/tr>\n<\/tbody>\n<\/table>\n<h3>POCO SC30K Tillg\u00e4ngliga smaker \ud83c\udf53\ud83c\udf49\ud83c\udf4d<\/h3>\n<ul>\n<li><strong>Aloe Druva<\/strong> \u2013 Mjuk druva med en frisk aloe-efterton<\/li>\n<li><strong>Jordgubbar Vattenmelon<\/strong> \u2013 S\u00f6t och saftig sommarblandning<\/li>\n<li><strong>Surt \u00e4pple<\/strong> \u2013 Syrligt \u00e4pple med en krispig konsistens<\/li>\n<li><strong>Trippel melon<\/strong> \u2013 Blandade melonsmaker, sval och uppfriskande<\/li>\n<li><strong>Ananas kokosn\u00f6t<\/strong> \u2013 Tropisk och kr\u00e4mig \u00f6-smak<\/li>\n<li><strong>Jordgubbar Hallon Kiwi<\/strong> \u2013 Balanserad blandning av s\u00f6ta och sura frukter<\/li>\n<li><strong>Sval Mynta<\/strong> \u2013 Ren, iskall och uppfriskande<\/li>\n<li><strong>Bl\u00e5b\u00e4r Hallon Citron<\/strong> \u2013 B\u00e4rig s\u00f6tma med en touch av citrus<\/li>\n<li><strong>Cherry Cola<\/strong> \u2013 Klassisk smak inspirerad av l\u00e4sk<\/li>\n<li><strong>Bananmj\u00f6lk<\/strong> \u2013 Mjuk och kr\u00e4mig dessert-vape<\/li>\n<li><strong>Vattenmelon Bubble Gum<\/strong> \u2013 S\u00f6t vattenmelon med godissmak<\/li>\n<li><strong>K\u00f6rsb\u00e4rs- och persikoliknande lemonad<\/strong> \u2013 Fruktig lemonadblandning<\/li>\n<li><strong>Bl\u00e5b\u00e4rsdrakfrukt<\/strong> \u2013 Exotisk fruktfusion<\/li>\n<li><strong>Black Ice Drakfrukt Jordgubb<\/strong> \u2013 Isig fruktexplosion<\/li>\n<li><strong>Jordgubbar Hallon K\u00f6rsb\u00e4r<\/strong> \u2013 Trippel b\u00e4rig s\u00f6tma<\/li>\n<\/ul>\n<h3>Perfekt f\u00f6r anv\u00e4ndare och grossistk\u00f6pare<\/h3>\n<p>POCO SC30000 \u00e4r ett utm\u00e4rkt val f\u00f6r <strong>tunga vapers<\/strong> som vill ha l\u00e5ngvarig prestanda, <strong>smakj\u00e4gare<\/strong> som \u00e4lskar variation, och <strong>vape-butiker eller distribut\u00f6rer<\/strong> letar efter en p\u00e5litlig eng\u00e5ngsvape i bulk. Varje parti inneh\u00e5ller <strong>10 stycken av samma smak<\/strong>, vilket g\u00f6r lagerhanteringen enkel och effektiv f\u00f6r grossistdistribution.<\/p>\n<h3>POCO SC30000 Vanliga fr\u00e5gor \u2753<\/h3>\n<ul>\n<li><strong>Hur m\u00e5nga enheter ing\u00e5r i ett parti?<\/strong><br \/>\nEtt parti inneh\u00e5ller 10 stycken av samma smak och samma f\u00e4rg.<\/li>\n<li><strong>Kan jag blanda smaker i en sats?<\/strong><br \/>\nNej. En best\u00e4llning kan endast inneh\u00e5lla en smak. Om du best\u00e4ller flera best\u00e4llningar kan du v\u00e4lja flera smaker.<\/li>\n<li><strong>Vilka l\u00e4nder st\u00f6der EU-lagerfrakt?<\/strong><br \/>\nGratis eller snabb frakt \u00e4r tillg\u00e4nglig till de flesta EU-l\u00e4nder, inklusive Tyskland, Frankrike, Italien, Spanien, Nederl\u00e4nderna, Polen, Sverige och fler.<\/li>\n<li><strong>Hur l\u00e5ng \u00e4r leveranstiden?<\/strong><br \/>\nLeverans fr\u00e5n lokalt EU-lager tar cirka 3\u20135 arbetsdagar.<\/li>\n<li><strong>St\u00f6ds OEM eller varum\u00e4rkesprofilering?<\/strong><br \/>\nJa, OEM-tj\u00e4nster \u00e4r tillg\u00e4ngliga f\u00f6r bulk- och grossistbest\u00e4llningar.<\/li>\n<\/ul>","protected":false},"excerpt":{"rendered":"<p>Njut av l\u00e5ngvarig vaping med eng\u00e5ngsvapen POCO SC30000 \u26a1 30 000 bloss, 30 ml e-v\u00e4tska, uppladdningsbar design och snabb leverans fr\u00e5n EU-lager f\u00f6r \u00e5terf\u00f6rs\u00e4ljare och grossister.<\/p>","protected":false},"featured_media":96844,"comment_status":"open","ping_status":"closed","template":"","meta":[],"product_brand":[232],"product_cat":[36,131],"product_tag":[482,481,483,331,484],"class_list":{"0":"post-96838","1":"product","2":"type-product","3":"status-publish","4":"has-post-thumbnail","6":"product_brand-poco","7":"product_cat-poco","8":"product_cat-30000-puffs-disposable-vape","9":"product_tag-30000-puffs-vape","10":"product_tag-disposable-vape-bulk","11":"product_tag-eu-warehouse-vape","12":"product_tag-rechargeable-disposable-vape","13":"product_tag-wholesale-vape-pen","15":"first","16":"instock","17":"shipping-taxable","18":"purchasable","19":"product-type-variable","20":"has-default-attributes"},"jetpack_sharing_enabled":true,"tiered_pricing_type":"fixed","tiered_pricing_fixed_rules":{"100":8.42999999999999971578290569595992565155029296875,"200":8.28999999999999914734871708787977695465087890625,"500":7.78000000000000024868995751603506505489349365234375},"tiered_pricing_product_settings":{"layout":"default","base_unit_name":{"singular":null,"plural":null},"default_variation":null},"tiered_pricing_minimum_quantity":50,"tiered_pricing_roles_data":[],"tiered_pricing_percentage_rules":[],"tiered_pricing_maximum_quantity":null,"tiered_pricing_quantity_step":"10","_links":{"self":[{"href":"https:\/\/aiviouvapes.com\/sv\/wp-json\/wp\/v2\/product\/96838","targetHints":{"allow":["GET"]}}],"collection":[{"href":"https:\/\/aiviouvapes.com\/sv\/wp-json\/wp\/v2\/product"}],"about":[{"href":"https:\/\/aiviouvapes.com\/sv\/wp-json\/wp\/v2\/types\/product"}],"replies":[{"embeddable":true,"href":"https:\/\/aiviouvapes.com\/sv\/wp-json\/wp\/v2\/comments?post=96838"}],"wp:featuredmedia":[{"embeddable":true,"href":"https:\/\/aiviouvapes.com\/sv\/wp-json\/wp\/v2\/media\/96844"}],"wp:attachment":[{"href":"https:\/\/aiviouvapes.com\/sv\/wp-json\/wp\/v2\/media?parent=96838"}],"wp:term":[{"taxonomy":"product_brand","embeddable":true,"href":"https:\/\/aiviouvapes.com\/sv\/wp-json\/wp\/v2\/product_brand?post=96838"},{"taxonomy":"product_cat","embeddable":true,"href":"https:\/\/aiviouvapes.com\/sv\/wp-json\/wp\/v2\/product_cat?post=96838"},{"taxonomy":"product_tag","embeddable":true,"href":"https:\/\/aiviouvapes.com\/sv\/wp-json\/wp\/v2\/product_tag?post=96838"}],"curies":[{"name":"wp","href":"https:\/\/api.w.org\/{rel}","templated":true}]}}