{"id":96529,"date":"2025-12-30T15:24:17","date_gmt":"2025-12-30T07:24:17","guid":{"rendered":"https:\/\/aiviouvapes.com\/?post_type=product&#038;p=96529"},"modified":"2026-03-05T16:52:52","modified_gmt":"2026-03-05T08:52:52","slug":"vopk-btc-35k","status":"publish","type":"product","link":"https:\/\/aiviouvapes.com\/sv\/product\/vopk-btc-35k\/","title":{"rendered":"VOPK BTC 35K | smart sk\u00e4rm, 35000 puffar, dubbel mesh, justerbart luftfl\u00f6de, bulk eng\u00e5ngs vape"},"content":{"rendered":"<p><strong>VOPK BTC 35000 puffar eng\u00e5ngsvape<\/strong> \u00e4r utvecklad f\u00f6r anv\u00e4ndare som vill ha kraft, stil och kontroll i en avancerad enhet. Denna uppladdningsbara eng\u00e5ngsprodukt \u00e4r inspirerad av en dj\u00e4rv Bitcoin-design och har en stor interaktiv sk\u00e4rm, dubbla mesh-spolsystem och justerbart luftfl\u00f6de. Den \u00e4r utvecklad f\u00f6r b\u00e5de frekventa anv\u00e4ndare och professionella vape-distribut\u00f6rer och levererar en j\u00e4mn smak, stora moln och utm\u00e4rkt attraktionskraft i butik.<\/p>\n<h2>Varf\u00f6r v\u00e4lja VOPK BTC 35000 Puffs?<\/h2>\n<ul>\n<li>\ud83d\udca8 Upp till <strong>35 000 bloss<\/strong> f\u00f6r ut\u00f6kad anv\u00e4ndning och h\u00f6gre kundn\u00f6jdhet<\/li>\n<li>\ud83d\udcf1 <strong>Full smart sk\u00e4rm<\/strong> visar tydligt batteri- och e-v\u00e4tskeniv\u00e5erna<\/li>\n<li>\ud83c\udf2c\ufe0f <strong>Dubbelt n\u00e4tcoilsystem<\/strong> f\u00f6r starkare smak och j\u00e4mnare \u00e5nga<\/li>\n<li>\ud83c\udf9b\ufe0f <strong>Justerbara luftfl\u00f6des- och effektl\u00e4gen<\/strong> f\u00f6r anpassad vaping<\/li>\n<li>\ud83d\udd0b <strong>850mAh uppladdningsbart batteri<\/strong> med snabb Type-C-laddning<\/li>\n<li>\ud83d\udc41\ufe0f Synlig e-v\u00e4tsketank \u2013 inga gissningar, vape med sj\u00e4lvf\u00f6rtroende<\/li>\n<li>\ud83d\udce6 Idealisk f\u00f6r <strong>stork\u00f6p, vape-butiker och grossistdistribution<\/strong><\/li>\n<\/ul>\n<figure class=\"wp-block-videopress-video wp-block-jetpack-videopress jetpack-videopress-player\"><div class=\"jetpack-videopress-player__wrapper\"><iframe title=\"VideoPress-videospelare\" aria-label=\"VideoPress-videospelare\" src=\"https:\/\/videopress.com\/embed\/uWXiLczv?at=0&#038;controls=1&#038;preloadContent=metadata\" width=\"640\"height=\"360\" frameborder=\"0\" allowfullscreen data-resize-to-parent=\"true\" allow=\"clipboard-write\"><\/iframe><\/div><\/figure>\n<h3>VOPK BTC 35K Specifikationer<\/h3>\n<table>\n<tbody>\n<tr>\n<th>Funktion<\/th>\n<th>Detaljer<\/th>\n<\/tr>\n<tr>\n<td>Maximalt antal bloss<\/td>\n<td>35 000 bloss<\/td>\n<\/tr>\n<tr>\n<td>Kapacitet f\u00f6r e-v\u00e4tska<\/td>\n<td>22 ml (synlig tank)<\/td>\n<\/tr>\n<tr>\n<td>Batteri<\/td>\n<td>850mAh uppladdningsbar<\/td>\n<\/tr>\n<tr>\n<td>Laddning<\/td>\n<td>Typ-C snabbladdning<\/td>\n<\/tr>\n<tr>\n<td>Typ av spole<\/td>\n<td>0,8 \u03a9 dubbel mesh-spole<\/td>\n<\/tr>\n<tr>\n<td>Luftfl\u00f6de<\/td>\n<td>Justerbar<\/td>\n<\/tr>\n<tr>\n<td>Display<\/td>\n<td>3D-smartsk\u00e4rm (batteri och kapacitet)<\/td>\n<\/tr>\n<tr>\n<td>F\u00f6rpackning<\/td>\n<td>150 st per kartong (ca 17,5 kg)<\/td>\n<\/tr>\n<\/tbody>\n<\/table>\n<h3>VOPK BTC 35K Tillg\u00e4ngliga smaker<\/h3>\n<ul>\n<li>\ud83c\udf49 <strong>Vattenmelon-is<\/strong> \u2013 saftig vattenmelon med en sval, isig eftersmak<\/li>\n<li>\ud83e\uded0 <strong>Blue Razz Is<\/strong> \u2013 s\u00f6t bl\u00e5 hallon med uppfriskande kyla<\/li>\n<li>\ud83c\udf53 <strong>Jordgubbsspr\u00e4ngning<\/strong> \u2013 kraftig och s\u00f6t jordgubbssmak<\/li>\n<li>\ud83c\udf51 <strong>Georgia Peach<\/strong> \u2013 mjuk, mogen persikosmak<\/li>\n<li>\ud83e\udd5d <strong>Passion Kiwi<\/strong> \u2013 tropisk passionsfrukt blandad med kiwi<\/li>\n<li>\ud83c\udf4a <strong>Apelsin-tranb\u00e4r-lime-is<\/strong> \u2013 citrusblandning med isig friskhet<\/li>\n<li>\ud83c\udf3f <strong>Sval Mynta<\/strong> \u2013 ren och uppfriskande mint\u00e5nga<\/li>\n<li>\ud83e\udd6d <strong>Sur Mango Ananas<\/strong> \u2013 syrlig mango med s\u00f6t ananas<\/li>\n<li>\ud83c\udf51 <strong>Vit persika hallon<\/strong> \u2013 mjuk persika balanserad med hallon<\/li>\n<li>\ud83c\udf4c <strong>Banantaffy Freeze<\/strong> \u2013 kr\u00e4mig banankaramell med isig touch<\/li>\n<\/ul>\n<h3>VOPK BTC 35K Pro Tips \ud83d\udca1<\/h3>\n<p>V\u00e4xla mellan enkel- och dubbelspolsl\u00e4ge f\u00f6r att anpassa din upplevelse. Dubbelspolsl\u00e4get ger starkare moln och smak, medan enkelspolsl\u00e4get f\u00f6rl\u00e4nger batteriets livsl\u00e4ngd och e-v\u00e4tskans anv\u00e4ndning.<\/p>\n<h3>Vanliga fr\u00e5gor (FAQ) om VOPK BTC 35K<\/h3>\n<p><strong>F: Hur vet jag n\u00e4r vapen \u00e4r p\u00e5 v\u00e4g att ta slut?<\/strong><br \/>\nDen smarta 3D-sk\u00e4rmen visar batteri- och e-v\u00e4tskeprocent, och den genomskinliga tanken g\u00f6r att du enkelt kan se hur mycket v\u00e4tska som finns kvar.<\/p>\n<p><strong>F: \u00c4r den h\u00e4r enheten l\u00e4mplig f\u00f6r grossist- och bulkbest\u00e4llningar?<\/strong><br \/>\nJa. VOPK BTC 35K \u00e4r utformad f\u00f6r vape-butiker, distribut\u00f6rer och stork\u00f6pare som letar efter eng\u00e5ngsvapes med h\u00f6g efterfr\u00e5gan.<\/p>\n<p><strong>F: Hur l\u00e5ng tid tar laddningen?<\/strong><br \/>\nTack vare Type-C-porten f\u00f6r snabb laddning laddas enheten snabbt s\u00e5 att anv\u00e4ndarna kan vapea igen med minimal driftstoppstid.<\/p>\n<p><strong>F: Vem passar denna vape b\u00e4st f\u00f6r?<\/strong><br \/>\nDen \u00e4r idealisk f\u00f6r flitiga anv\u00e4ndare, smakentusiaster, \u00e5terf\u00f6rs\u00e4ljare av e-cigaretter och grossister som vill ha en h\u00f6gkvalitativ, h\u00e5llbar eng\u00e5ngs-e-cigarett.<\/p>\n<hr \/>\n<p><strong>VOPK BTC 35000 puffar eng\u00e5ngsvape<\/strong> kombinerar avancerad teknik, dj\u00e4rv design och enorm puffkapacitet i en kraftfull enhet. Oavsett om du fyller p\u00e5 lagret i din vape-butik eller k\u00f6per in produkter f\u00f6r grossistdistribution \u00e4r denna modell utformad f\u00f6r att imponera p\u00e5 kunderna och driva p\u00e5 \u00e5terkommande f\u00f6rs\u00e4ljning \ud83d\ude80<\/p>\n<p><img data-recalc-dims=\"1\" loading=\"lazy\" decoding=\"async\" class=\"alignnone size-full wp-image-96547\" src=\"https:\/\/i0.wp.com\/aiviouvapes.com\/wp-content\/uploads\/2025\/12\/VOPK-BTC-35K-16.jpg?resize=1020%2C1549&#038;ssl=1\" alt=\"VOPK BTC 35K\" width=\"1020\" height=\"1549\" title=\"\" srcset=\"https:\/\/i0.wp.com\/aiviouvapes.com\/wp-content\/uploads\/2025\/12\/VOPK-BTC-35K-16.jpg?w=1200&amp;ssl=1 1200w, https:\/\/i0.wp.com\/aiviouvapes.com\/wp-content\/uploads\/2025\/12\/VOPK-BTC-35K-16.jpg?resize=198%2C300&amp;ssl=1 198w, https:\/\/i0.wp.com\/aiviouvapes.com\/wp-content\/uploads\/2025\/12\/VOPK-BTC-35K-16.jpg?resize=674%2C1024&amp;ssl=1 674w, https:\/\/i0.wp.com\/aiviouvapes.com\/wp-content\/uploads\/2025\/12\/VOPK-BTC-35K-16.jpg?resize=768%2C1166&amp;ssl=1 768w, https:\/\/i0.wp.com\/aiviouvapes.com\/wp-content\/uploads\/2025\/12\/VOPK-BTC-35K-16.jpg?resize=1012%2C1536&amp;ssl=1 1012w, https:\/\/i0.wp.com\/aiviouvapes.com\/wp-content\/uploads\/2025\/12\/VOPK-BTC-35K-16.jpg?resize=8%2C12&amp;ssl=1 8w, https:\/\/i0.wp.com\/aiviouvapes.com\/wp-content\/uploads\/2025\/12\/VOPK-BTC-35K-16.jpg?resize=800%2C1215&amp;ssl=1 800w\" sizes=\"auto, (max-width: 1020px) 100vw, 1020px\" \/><\/p>","protected":false},"excerpt":{"rendered":"<p>H\u00f6gteknologisk eng\u00e5ngsvape 35K med 35 000 bloss, smart sk\u00e4rm, dubbel mesh-spole och justerbart luftfl\u00f6de. Perfekt f\u00f6r vape-butiker och grossistk\u00f6pare som letar efter h\u00f6gkvalitativa, h\u00e5llbara enheter.<\/p>","protected":false},"featured_media":96534,"comment_status":"open","ping_status":"closed","template":"","meta":[],"product_brand":[245],"product_cat":[131,219,39],"product_tag":[462,463,456,331,464],"class_list":{"0":"post-96529","1":"product","2":"type-product","3":"status-publish","4":"has-post-thumbnail","6":"product_brand-vopk","7":"product_cat-30000-puffs-disposable-vape","8":"product_cat-40000-puffs-disposable-vape","9":"product_cat-vopk","10":"product_tag-35000-puffs-vape","11":"product_tag-bulk-disposable-vape-wholesale","12":"product_tag-disposable-vape","13":"product_tag-rechargeable-disposable-vape","14":"product_tag-smart-screen-vape","16":"first","17":"instock","18":"shipping-taxable","19":"purchasable","20":"product-type-variable","21":"has-default-attributes"},"jetpack_sharing_enabled":true,"tiered_pricing_type":"fixed","tiered_pricing_fixed_rules":[],"tiered_pricing_product_settings":{"layout":"default","base_unit_name":{"singular":null,"plural":null},"default_variation":null},"tiered_pricing_minimum_quantity":1000,"tiered_pricing_roles_data":[],"tiered_pricing_percentage_rules":[],"tiered_pricing_maximum_quantity":null,"tiered_pricing_quantity_step":"10","_links":{"self":[{"href":"https:\/\/aiviouvapes.com\/sv\/wp-json\/wp\/v2\/product\/96529","targetHints":{"allow":["GET"]}}],"collection":[{"href":"https:\/\/aiviouvapes.com\/sv\/wp-json\/wp\/v2\/product"}],"about":[{"href":"https:\/\/aiviouvapes.com\/sv\/wp-json\/wp\/v2\/types\/product"}],"replies":[{"embeddable":true,"href":"https:\/\/aiviouvapes.com\/sv\/wp-json\/wp\/v2\/comments?post=96529"}],"wp:featuredmedia":[{"embeddable":true,"href":"https:\/\/aiviouvapes.com\/sv\/wp-json\/wp\/v2\/media\/96534"}],"wp:attachment":[{"href":"https:\/\/aiviouvapes.com\/sv\/wp-json\/wp\/v2\/media?parent=96529"}],"wp:term":[{"taxonomy":"product_brand","embeddable":true,"href":"https:\/\/aiviouvapes.com\/sv\/wp-json\/wp\/v2\/product_brand?post=96529"},{"taxonomy":"product_cat","embeddable":true,"href":"https:\/\/aiviouvapes.com\/sv\/wp-json\/wp\/v2\/product_cat?post=96529"},{"taxonomy":"product_tag","embeddable":true,"href":"https:\/\/aiviouvapes.com\/sv\/wp-json\/wp\/v2\/product_tag?post=96529"}],"curies":[{"name":"wp","href":"https:\/\/api.w.org\/{rel}","templated":true}]}}