{"id":91142,"date":"2025-12-08T22:21:08","date_gmt":"2025-12-08T14:21:08","guid":{"rendered":"https:\/\/aiviouvapes.com\/?post_type=product&#038;p=91142"},"modified":"2026-04-04T04:04:14","modified_gmt":"2026-04-03T20:04:14","slug":"bang-leader-120k","status":"publish","type":"product","link":"https:\/\/aiviouvapes.com\/sv\/product\/bang-leader-120k\/","title":{"rendered":"Bang Leader 120K | 2-in-1 120000 puffar, 60 ml, magnetisk, dubbel smak, eng\u00e5ngs vape, grossist"},"content":{"rendered":"<h2>Varf\u00f6r v\u00e4lja Bang Leader 120K? \ud83e\udd29<\/h2>\n<ul>\n<li>\ud83d\udd04 <strong>2-i-1 magnetisk dubbel smakomkopplare<\/strong> \u2014 Skjut f\u00f6r att byta smak direkt utan f\u00f6rdr\u00f6jning.<\/li>\n<li>\ud83d\udca8 <strong>120 000 bloss<\/strong> \u2014 Stor kapacitet utformad f\u00f6r l\u00e5ngvarig daglig anv\u00e4ndning.<\/li>\n<li>\ud83d\udd25 <strong>N\u00e4sta generations mesh-spole<\/strong> \u2014 T\u00e4t \u00e5nga, rikare smak, mjukare drag.<\/li>\n<li>\ud83d\udd0b <strong>H\u00f6geffektivt batteri<\/strong> \u2014 Stabil effekt f\u00f6r j\u00e4mn smak.<\/li>\n<li>\ud83e\uddca <strong>L\u00e4ckages\u00e4ker oljekammare<\/strong> \u2014 Ren, s\u00e4ker och resev\u00e4nlig.<\/li>\n<li>\u26a1 <strong>Typ-C uppladdningsbar<\/strong> \u2014 Snabb laddning f\u00f6r minimal stillest\u00e5ndstid.<\/li>\n<li>\ud83d\udc4c <strong>Anv\u00e4ndarv\u00e4nlig design<\/strong> \u2014 Perfekt grepp, ljus sk\u00e4rm och enkel anv\u00e4ndning.<\/li>\n<\/ul>\n<h2>Bang Leader 120K Specifikationer \ud83d\udcca<\/h2>\n<table>\n<tbody>\n<tr>\n<td>Antal puffar<\/td>\n<td>120.000 puffar<\/td>\n<\/tr>\n<tr>\n<td>Batteriets kapacitet<\/td>\n<td>650 mAh (h\u00f6g effektivitet)<\/td>\n<\/tr>\n<tr>\n<td>V\u00e4rmespole<\/td>\n<td>Mesh-spole, 1,0 \u03a9<\/td>\n<\/tr>\n<tr>\n<td>Smaksystem<\/td>\n<td>2-i-1 magnetisk skjutreglage<\/td>\n<\/tr>\n<tr>\n<td>Port f\u00f6r laddning<\/td>\n<td>Typ-C snabbladdning<\/td>\n<\/tr>\n<tr>\n<td>Nikotinstyrka<\/td>\n<td>0% \/ 2% \/ 3% \/ 5%<\/td>\n<\/tr>\n<\/tbody>\n<\/table>\n<h2>Bang Leader 120K Smakguide \ud83d\ude0b<\/h2>\n<p data-start=\"120\" data-end=\"246\"><strong data-start=\"120\" data-end=\"145\">1. Blue Razz &amp; Love66<\/strong><br data-start=\"145\" data-end=\"148\" \/>\ud83c\udf6c <strong data-start=\"151\" data-end=\"165\">Blue Razz:<\/strong> S\u00f6t och syrlig hallongodis<br data-start=\"195\" data-end=\"198\" \/>\ud83c\udf34 <strong data-start=\"201\" data-end=\"212\">Love66:<\/strong> Tropisk, uppfriskande, l\u00e4tt isig<\/p>\n<p data-start=\"248\" data-end=\"394\"><strong data-start=\"248\" data-end=\"299\">2. Jordgubb, k\u00f6rsb\u00e4r, kiwi, passionsfrukt och guava<\/strong><br data-start=\"299\" data-end=\"302\" \/>\ud83c\udf53\ud83c\udf52 <strong data-start=\"307\" data-end=\"329\">Jordgubbar och k\u00f6rsb\u00e4r:<\/strong> Saftig blandning av r\u00f6da b\u00e4r<br data-start=\"349\" data-end=\"352\" \/>\ud83e\udd5d\ud83e\udd6d <strong data-start=\"357\" data-end=\"365\">KPG:<\/strong> Syrlig, tropisk, kr\u00e4mig trio<\/p>\n<p data-start=\"396\" data-end=\"542\"><strong data-start=\"396\" data-end=\"438\">3. Vattenmelonbubbelgummi &amp; blandade frukter<\/strong><br data-start=\"438\" data-end=\"441\" \/>\ud83c\udf49\ud83c\udf6c <strong data-start=\"446\" data-end=\"472\">Vattenmelon Bubble Gum:<\/strong> S\u00f6tgummi + melon<br data-start=\"490\" data-end=\"493\" \/>\ud83c\udf47\ud83c\udf51 <strong data-start=\"498\" data-end=\"514\">Blandad frukt:<\/strong> F\u00e4rgglad, saftig fruktblandning<\/p>\n<p data-start=\"544\" data-end=\"697\"><strong data-start=\"544\" data-end=\"584\">4. Jordgubb-banan &amp; k\u00f6rsb\u00e4rspiesta<\/strong><br data-start=\"584\" data-end=\"587\" \/>\ud83c\udf53\ud83c\udf4c <strong data-start=\"592\" data-end=\"614\">Strawberry Banana:<\/strong> Mjuk, kr\u00e4mig dessertk\u00e4nsla<br data-start=\"642\" data-end=\"645\" \/>\ud83c\udf52\u2728 <strong data-start=\"649\" data-end=\"667\">Cherry Piesta:<\/strong> S\u00f6t k\u00f6rsb\u00e4r med kolsyrad twist<\/p>\n<p data-start=\"699\" data-end=\"830\"><strong data-start=\"699\" data-end=\"734\">5. Vattenmelon- och persikamango-glass<\/strong><br data-start=\"734\" data-end=\"737\" \/>\u2744\ufe0f\ud83c\udf49 <strong data-start=\"742\" data-end=\"761\">Watermelon Ice:<\/strong> Krispig, sval melon<br data-start=\"779\" data-end=\"782\" \/>\ud83c\udf51\ud83e\udd6d <strong data-start=\"787\" data-end=\"803\">Persika Mango:<\/strong> Tropisk, mjuk, aromatisk<\/p>\n<p data-start=\"832\" data-end=\"978\"><strong data-start=\"832\" data-end=\"870\">6. Bl\u00e5b\u00e4rsglass &amp; hallon-citron<\/strong><br data-start=\"870\" data-end=\"873\" \/>\ud83e\uded0\u2744\ufe0f <strong data-start=\"878\" data-end=\"896\">Bl\u00e5b\u00e4rsis:<\/strong> S\u00f6ta b\u00e4r med isig avslutning<br data-start=\"926\" data-end=\"929\" \/>\ud83c\udf4b\ud83c\udf53 <strong data-start=\"934\" data-end=\"954\">Hallon-citron:<\/strong> Syrlig, frisk, fruktig pop<\/p>\n<p data-start=\"980\" data-end=\"1111\"><strong data-start=\"980\" data-end=\"1013\">7. R\u00f6d energi-is &amp; druv-is<\/strong><br data-start=\"1013\" data-end=\"1016\" \/>\u26a1\u2744\ufe0f <strong data-start=\"1020\" data-end=\"1035\">R\u00f6d energi:<\/strong> S\u00f6ta, sprudlande energik\u00e4nslor<br data-start=\"1061\" data-end=\"1064\" \/>\ud83c\udf47\u2744\ufe0f <strong data-start=\"1069\" data-end=\"1083\">Grape Ice:<\/strong> Kraftfull druva med sval utandning<\/p>\n<p data-start=\"1113\" data-end=\"1254\"><strong data-start=\"1113\" data-end=\"1155\">8. Jordgubbsvattenmelon &amp; apelsinl\u00e4sk<\/strong><br data-start=\"1155\" data-end=\"1158\" \/>\ud83c\udf53\ud83c\udf49 <strong data-start=\"1163\" data-end=\"1189\">Strawberry Watermelon:<\/strong> Mjuk, saftig klassiker<br data-start=\"1209\" data-end=\"1212\" \/>\ud83c\udf4a\ud83e\udd64 <strong data-start=\"1217\" data-end=\"1233\">Orange Soda:<\/strong> Fizzy citrusglitter<\/p>\n<p data-start=\"1256\" data-end=\"1383\"><strong data-start=\"1256\" data-end=\"1290\">9. Cola Ice &amp; Cherry Cranberry<\/strong><br data-start=\"1290\" data-end=\"1293\" \/>\ud83e\udd64\u2744\ufe0f <strong data-start=\"1298\" data-end=\"1311\">Cola Ice:<\/strong> Sval, uppfriskande cola<br data-start=\"1333\" data-end=\"1336\" \/>\ud83c\udf52\ud83e\uded0 <strong data-start=\"1341\" data-end=\"1362\">K\u00f6rsb\u00e4r och tranb\u00e4r:<\/strong> S\u00f6t-syrlig b\u00e4rblandning<\/p>\n<p data-start=\"1385\" data-end=\"1524\"><strong data-start=\"1385\" data-end=\"1422\">10. Bl\u00e5b\u00e4rsglass &amp; svarta vinb\u00e4r<\/strong><br data-start=\"1422\" data-end=\"1425\" \/>\ud83e\uded0\u2744\ufe0f <strong data-start=\"1430\" data-end=\"1448\">Bl\u00e5b\u00e4rsis:<\/strong> S\u00f6t kyld bl\u00e5b\u00e4r<br data-start=\"1472\" data-end=\"1475\" \/>\ud83c\udf47\ud83c\udf11 <strong data-start=\"1480\" data-end=\"1498\">Svartvinb\u00e4r:<\/strong> Djup, fyllig, l\u00e4tt syrlig<\/p>\n<p data-start=\"1526\" data-end=\"1693\"><strong data-start=\"1526\" data-end=\"1574\">11. Hallonmojito-persika-is &amp; Lady Killer<\/strong><br data-start=\"1574\" data-end=\"1577\" \/>\ud83c\udf51\ud83c\udf43 <strong data-start=\"1582\" data-end=\"1613\">Hallonmojito-persikois:<\/strong> Mintig, fruktig, kyld<br data-start=\"1636\" data-end=\"1639\" \/>\ud83d\udc9b\ud83c\udf38 <strong data-start=\"1644\" data-end=\"1660\">Lady Killer:<\/strong> Mjuk, h\u00f6gkvalitativ blandning i shisha-stil<\/p>\n<p data-start=\"1695\" data-end=\"1844\"><strong data-start=\"1695\" data-end=\"1736\">12. Vattenmelon-is &amp; Strawberry Mamba<\/strong><br data-start=\"1736\" data-end=\"1739\" \/>\ud83c\udf49\u2744\ufe0f <strong data-start=\"1744\" data-end=\"1763\">Watermelon Ice:<\/strong> F\u00e4rsk, iskall melon<br data-start=\"1780\" data-end=\"1783\" \/>\ud83c\udf53\ud83d\udc0d <strong data-start=\"1788\" data-end=\"1809\">Jordgubbsmamba:<\/strong> S\u00f6t, kraftfull, godisliknande jordgubb<\/p>\n<h2>VANLIGA FR\u00c5GOR \u2753<\/h2>\n<h3>1. Hur fungerar omkopplaren f\u00f6r dubbla smaker?<\/h3>\n<p>Enheten anv\u00e4nder en magnetisk glidmekanism. Tryck och dra f\u00f6r att byta smak direkt \u2013 inga knappar, ingen f\u00f6rdr\u00f6jning.<\/p>\n<h3>2. Hur l\u00e4nge r\u00e4cker 120 000 bloss?<\/h3>\n<p>Det varierar beroende p\u00e5 anv\u00e4ndare, men de flesta som anv\u00e4nder e-cigaretter flitigt kan anv\u00e4nda en enhet i flera veckor.<\/p>\n<h3>3. Skadar det spolen att byta smak?<\/h3>\n<p>Nr Bang Leader 120K har separata oljekanaler f\u00f6r stabil spoleprestanda.<\/p>\n<h3>4. \u00c4r den uppladdningsbar?<\/h3>\n<p>Ja, den anv\u00e4nder en Type-C-snabbladdningsport f\u00f6r snabb laddning.<\/p>\n<h3>5. Vilka nikotinniv\u00e5er finns tillg\u00e4ngliga?<\/h3>\n<p>Du kan v\u00e4lja mellan 0%, 2%, 3% eller 5% beroende p\u00e5 din region och dina preferenser.<\/p>\n<h3>6. \u00c4r detta l\u00e4mpligt f\u00f6r nyb\u00f6rjare?<\/h3>\n<p>Ja! Den \u00e4r dragaktiverad, enkel att anv\u00e4nda och underh\u00e5llsfri.<\/p>\n<h3>7. Hur kontrollerar jag batteri och e-v\u00e4tska?<\/h3>\n<p>Den inbyggda sk\u00e4rmen visar batteriniv\u00e5, e-v\u00e4tska, antal bloss och aktiv smakkanal.<\/p>\n<h3>8. Vad ska jag g\u00f6ra om det smakar br\u00e4nt?<\/h3>\n<p>L\u00e5t enheten vila i n\u00e5gra sekunder eller justera luftfl\u00f6det. Om problemet kvarst\u00e5r, kontakta kundsupport.<\/p>\n<h2>Perfekt f\u00f6r\u2026 \ud83d\udcbc<\/h2>\n<p>Bang Leader 120K \u00e4r idealisk f\u00f6r flitiga anv\u00e4ndare, smakj\u00e4gare, resande vapers, vape-butikshyllor och grossistdistribution. Med massivt antal bloss, dubbla smaker och premiumkonstruktion \u00e4r det ett f\u00f6rstahandsval f\u00f6r B2B-k\u00f6pare som letar efter h\u00f6g efterfr\u00e5gan p\u00e5 lager.<\/p>\n<p>Oavsett om du fyller p\u00e5 lagret i din butik eller letar efter en h\u00e5llbar personlig vape, kommer denna kraftfulla 120K-modell att imponera p\u00e5 dig. \ud83d\ude80<\/p>","protected":false},"excerpt":{"rendered":"<p>Bang Leader 120K 2-i-1 eng\u00e5ngsvape med 120 000 bloss, smidig v\u00e4xling mellan tv\u00e5 smaker och rika moln. Perfekt f\u00f6r B2B-distribut\u00f6rer, vape-butiker och bulkbest\u00e4llningar.<\/p>","protected":false},"featured_media":91143,"comment_status":"open","ping_status":"closed","template":"","meta":[],"product_brand":[239],"product_cat":[336,37],"product_tag":[328,431,434,432,433],"class_list":{"0":"post-91142","1":"product","2":"type-product","3":"status-publish","4":"has-post-thumbnail","6":"product_brand-bang","7":"product_cat-100k-puffs-disposable-vape","8":"product_cat-bang","9":"product_tag-120000-puffs-vape","10":"product_tag-bang-leader-120k","11":"product_tag-bang-vape","12":"product_tag-dual-flavor-disposable","13":"product_tag-rechargeable-vape","15":"first","16":"instock","17":"shipping-taxable","18":"purchasable","19":"product-type-variable","20":"has-default-attributes"},"jetpack_sharing_enabled":true,"tiered_pricing_type":"fixed","tiered_pricing_fixed_rules":{"30":8.8100000000000004973799150320701301097869873046875,"50":7,"100":6.480000000000000426325641456060111522674560546875,"200":5.9900000000000002131628207280300557613372802734375,"400":5.769999999999999573674358543939888477325439453125},"tiered_pricing_product_settings":{"layout":"default","base_unit_name":{"singular":null,"plural":null},"default_variation":null},"tiered_pricing_minimum_quantity":10,"tiered_pricing_roles_data":[],"tiered_pricing_percentage_rules":[],"tiered_pricing_maximum_quantity":null,"tiered_pricing_quantity_step":"10","_links":{"self":[{"href":"https:\/\/aiviouvapes.com\/sv\/wp-json\/wp\/v2\/product\/91142","targetHints":{"allow":["GET"]}}],"collection":[{"href":"https:\/\/aiviouvapes.com\/sv\/wp-json\/wp\/v2\/product"}],"about":[{"href":"https:\/\/aiviouvapes.com\/sv\/wp-json\/wp\/v2\/types\/product"}],"replies":[{"embeddable":true,"href":"https:\/\/aiviouvapes.com\/sv\/wp-json\/wp\/v2\/comments?post=91142"}],"wp:featuredmedia":[{"embeddable":true,"href":"https:\/\/aiviouvapes.com\/sv\/wp-json\/wp\/v2\/media\/91143"}],"wp:attachment":[{"href":"https:\/\/aiviouvapes.com\/sv\/wp-json\/wp\/v2\/media?parent=91142"}],"wp:term":[{"taxonomy":"product_brand","embeddable":true,"href":"https:\/\/aiviouvapes.com\/sv\/wp-json\/wp\/v2\/product_brand?post=91142"},{"taxonomy":"product_cat","embeddable":true,"href":"https:\/\/aiviouvapes.com\/sv\/wp-json\/wp\/v2\/product_cat?post=91142"},{"taxonomy":"product_tag","embeddable":true,"href":"https:\/\/aiviouvapes.com\/sv\/wp-json\/wp\/v2\/product_tag?post=91142"}],"curies":[{"name":"wp","href":"https:\/\/api.w.org\/{rel}","templated":true}]}}