{"id":91105,"date":"2025-12-08T23:17:17","date_gmt":"2025-12-08T15:17:17","guid":{"rendered":"https:\/\/aiviouvapes.com\/?post_type=product&#038;p=91105"},"modified":"2026-03-17T11:24:22","modified_gmt":"2026-03-17T03:24:22","slug":"bang-leader-85k","status":"publish","type":"product","link":"https:\/\/aiviouvapes.com\/sv\/product\/bang-leader-85k\/","title":{"rendered":"Bang Leader 85K | 3-in-1 trippel smak, 85000 puffar, 70ml, bulk eng\u00e5ngs vape"},"content":{"rendered":"<p>Introduktion av <strong>Bang Leader 85000 bloss<\/strong>, en banbrytande eng\u00e5ngsvape designad f\u00f6r dem som kr\u00e4ver mer. Detta \u00e4r inte bara en vanlig vape, utan en kraftfull enhet med h\u00f6g kapacitet som \u00e4r byggd f\u00f6r l\u00e5ng livsl\u00e4ngd och tillfredsst\u00e4llelse. Med en h\u00e4pnadsv\u00e4ckande <strong>70 ml e-v\u00e4tskebeh\u00e5llare<\/strong> och en robust <strong>850mAh uppladdningsbart batteri<\/strong>, Denna enhet g\u00f6r att du kan \u00e4gna mer tid \u00e5t att vapea och mindre tid \u00e5t att oroa dig f\u00f6r att batteriet ska ta slut. \ud83d\udd0b\u2728<\/p>\n<p>Den mest framtr\u00e4dande funktionen \u00e4r den innovativa <strong>3-i-1-smakssystem<\/strong>. Tr\u00f6tt p\u00e5 samma smak? Byt bara inst\u00e4llningar f\u00f6r att njuta av tre olika premiumsmaker i en och samma enhet! Konstruerad med en <strong>1,0\u03a9 Mesh Coil<\/strong>, levererar den j\u00e4mn, mjuk och fyllig \u00e5nga fr\u00e5n f\u00f6rsta till sista blosset. Perfekt f\u00f6r <strong>\u00e4gare av vape-butiker<\/strong> letar efter en popul\u00e4r produkt eller \u00e4r en flitig anv\u00e4ndare som vill ha valuta f\u00f6r pengarna. \ud83c\udfc6\ud83d\udce6<\/p>\n<h3>\ud83c\udf1f Varf\u00f6r v\u00e4lja Bang Leader 85000?<\/h3>\n<ul>\n<li><strong>\ud83d\udd04 3-i-1 smakteknik:<\/strong> Njut av tre olika smaker i en kompakt enhet. Byt direkt efter hum\u00f6r!<\/li>\n<li><strong>\ud83d\udca7 Enorm kapacitet p\u00e5 70 ml:<\/strong> En av de st\u00f6rsta kapaciteterna p\u00e5 marknaden, med otroliga 85 000 bloss.<\/li>\n<li><strong>\u26a1 Typ C uppladdningsbar:<\/strong> Snabb laddning via Type-C-porten s\u00e4kerst\u00e4ller att ditt 850 mAh-batteri alltid \u00e4r redo att anv\u00e4ndas.<\/li>\n<li><strong>\u2601\ufe0f Avancerad mesh-spole:<\/strong> Mesh-spolen med ett motst\u00e5nd p\u00e5 1,0 \u03a9 garanterar f\u00f6rb\u00e4ttrad smakrenhet och tjock r\u00f6kproduktion.<\/li>\n<li><strong>\ud83c\udf9a\ufe0f Flexibla nikotinalternativ:<\/strong> Finns i 0%, 2%, 3% och 5% f\u00f6r att tillgodose alla kunders \u00f6nskem\u00e5l.<\/li>\n<\/ul>\n<h3>\ud83d\udcca Bang Leader 85K Specifikationer<\/h3>\n<table>\n<thead>\n<tr>\n<th align=\"left\">Funktion<\/th>\n<th align=\"left\">Detaljer<\/th>\n<\/tr>\n<\/thead>\n<tbody>\n<tr>\n<td><strong>Antal puffar<\/strong><\/td>\n<td>Upp till 85 000 bloss<\/td>\n<\/tr>\n<tr>\n<td><strong>Kapacitet f\u00f6r e-v\u00e4tska<\/strong><\/td>\n<td>70 ml<\/td>\n<\/tr>\n<tr>\n<td><strong>Smaksystem<\/strong><\/td>\n<td>3-i-1 trippel smakomkopplare<\/td>\n<\/tr>\n<tr>\n<td><strong>Batteri<\/strong><\/td>\n<td>850 mAh (uppladdningsbar)<\/td>\n<\/tr>\n<tr>\n<td><strong>Laddning<\/strong><\/td>\n<td>Typ C-port<\/td>\n<\/tr>\n<tr>\n<td><strong>Spole<\/strong><\/td>\n<td>1,0\u03a9 Mesh Coil<\/td>\n<\/tr>\n<tr>\n<td><strong>Nikotinstyrka<\/strong><\/td>\n<td>0% (0 mg), 2% (20 mg), 3% (30 mg), 5% (50 mg)<\/td>\n<\/tr>\n<\/tbody>\n<\/table>\n<h3>\ud83c\udf6d Bang Leader 85K smakkombinationer (3 smaker per enhet)<\/h3>\n<p>Varje Bang Leader-enhet \u00e4r fylld med tre l\u00e4ckra smaker. V\u00e4lj din favoritblandning:<\/p>\n<ul>\n<li>\ud83c\udf4c <strong>Blanda 1:<\/strong> Bananis \/ Jordgubbsvattenmelon \/ Bj\u00f6rn-gummibj\u00f6rn<\/li>\n<li>\ud83d\udc09 <strong>Blanda 2:<\/strong> Svart drakeis \/ Marshmallow \/ Sommardr\u00f6m<\/li>\n<li>\ud83e\uded0 <strong>Blanda 3:<\/strong> Bl\u00e5b\u00e4rsglass \/ Bl\u00e5 rabarber \/ Doftande p\u00e4ron<\/li>\n<li>\ud83c\udf4d <strong>Blanda 4:<\/strong> K\u00f6rsb\u00e4r-tranb\u00e4r \/ Persika-mango \/ Ananas<\/li>\n<li>\ud83e\udd64 <strong>Blanda 5:<\/strong> Cola Ice \/ \u00c4pple-persika \/ Rosa lemonad<\/li>\n<li>\ud83e\udd5d <strong>Blanda 6:<\/strong> Druv-is \/ Jordgubb-kiwi \/ Passionsfrukt-guava<\/li>\n<li>\ud83d\udc9c <strong>Blanda 7:<\/strong> Love 666 \/ Bl\u00e5b\u00e4r och hallon \/ Vimto<\/li>\n<li>\ud83c\udf79 <strong>Blanda 8:<\/strong> Blandade frukter \/ Mojito Persika \/ Bl\u00e5b\u00e4r Hallon<\/li>\n<li>\ud83c\udf53 <strong>Blanda 9:<\/strong> Ananas-is \/ Jordgubbs-Red Bull \/ Blandade b\u00e4r<\/li>\n<li>\ud83c\udf4e <strong>Blanda 10:<\/strong> R\u00f6tt \u00e4pple och is \/ Hallon och vattenmelon \/ Aloe och druva<\/li>\n<li>\ud83c\udf66 <strong>Mix 11:<\/strong> Red Bull \/ Bl\u00e5b\u00e4r-vattenmelon \/ Jordgubbsglass<\/li>\n<li>\ud83c\udf4a <strong>Blanda 12:<\/strong> Jordgubbsglass \/ Citron-apelsin \/ Vattenmelon-bubbelgum<\/li>\n<li>\ud83c\udf4c <strong>Blanda 13:<\/strong> Jordgubb-hallon \/ Svarta vinb\u00e4r \/ Jordgubb-banan<\/li>\n<li>\ud83c\udf52 <strong>Blanda 14:<\/strong> Jordgubbsvattenmelon \/ K\u00f6rsb\u00e4rsl\u00e4sk \/ Jordgubbskr\u00e4m<\/li>\n<li>\ud83e\udd6d <strong>Blanda 15:<\/strong> Vattenmelon-is \/ Mango-persika \/ Apelsinl\u00e4sk<\/li>\n<\/ul>\n<p><strong>Bang Leader 85000 bloss<\/strong> s\u00e4tter en ny standard f\u00f6r eng\u00e5ngsvapes. Den \u00e4r perfekt l\u00e4mpad f\u00f6r <strong>tunga anv\u00e4ndare<\/strong> som vill ha bekv\u00e4mlighet utan kompromisser, och <strong>smakj\u00e4gare<\/strong> som \u00e4lskar variation. F\u00f6r <strong>\u00e5terf\u00f6rs\u00e4ljare och grossister<\/strong>, Denna h\u00f6gpresterande enhet med flera smaker \u00e4r ett m\u00e5ste i lager som lockar kunder som s\u00f6ker b\u00e4sta v\u00e4rde och senaste tekniken. Uppgradera ditt lager idag! \ud83d\ude80\ud83d\uded2<\/p>\n<h3>\u2753 Vanliga fr\u00e5gor (FAQ)<\/h3>\n<p><strong>F: Hur byter jag smak p\u00e5 Bang Leader 85K?<\/strong><br \/>\nA: Enheten har en enkel omkopplingsmekanism som g\u00f6r att du kan v\u00e4xla mellan de tre separata v\u00e4tsketankarna inuti. \ud83d\udd00<\/p>\n<p><strong>F: \u00c4r batteriet uppladdningsbart?<\/strong><br \/>\nS: Ja! Den levereras med ett 850 mAh-batteri som enkelt kan laddas med en standardladdningskabel av typ C. \ud83d\udd0c<\/p>\n<p><strong>F: \u00c4r denna produkt l\u00e4mplig f\u00f6r grossistdistribution?<\/strong><br \/>\nS: Absolut. Den unika 3-i-1-f\u00f6rs\u00e4ljningsargumenten och det h\u00f6ga antalet puffar g\u00f6r det till en mycket attraktiv produkt f\u00f6r B2B-k\u00f6pare och vape-butiker. \ud83c\udfed<\/p>\n<p><strong>F: Hur l\u00e4nge r\u00e4cker 85 000 bloss?<\/strong><br \/>\nA: Med 70 ml v\u00e4tska kan denna enhet h\u00e5lla i flera veckor beroende p\u00e5 dina anv\u00e4ndningsvanor, vilket g\u00f6r den extremt kostnadseffektiv. \ud83d\uddd3\ufe0f<\/p>","protected":false},"excerpt":{"rendered":"<p>Massiva 85 000 bloss, 3-i-1-smakbyte och 70 ml kapacitet! Bang Leader 85K \u00e4r den ultimata l\u00e5ngvariga uppladdningsbara vapen f\u00f6r grossister och smakj\u00e4gare. \ud83c\udf2c\ufe0f\ud83d\udca8<\/p>","protected":false},"featured_media":91116,"comment_status":"open","ping_status":"closed","template":"","meta":[],"product_brand":[239],"product_cat":[336,242,37],"product_tag":[443,444,442,445,433],"class_list":{"0":"post-91105","1":"product","2":"type-product","3":"status-publish","4":"has-post-thumbnail","6":"product_brand-bang","7":"product_cat-100k-puffs-disposable-vape","8":"product_cat-60000-puffs-disposable-vape","9":"product_cat-bang","10":"product_tag-3-in-1-flavor-vape","11":"product_tag-85000-puffs-disposable","12":"product_tag-bang-leader-85000-puffs","13":"product_tag-bang-vape-wholesale","14":"product_tag-rechargeable-vape","16":"first","17":"instock","18":"shipping-taxable","19":"purchasable","20":"product-type-variable","21":"has-default-attributes"},"jetpack_sharing_enabled":true,"tiered_pricing_type":"fixed","tiered_pricing_fixed_rules":{"30":9.07000000000000028421709430404007434844970703125,"50":7.519999999999999573674358543939888477325439453125,"100":7,"200":6.61000000000000031974423109204508364200592041015625,"400":5.8300000000000000710542735760100185871124267578125},"tiered_pricing_product_settings":{"layout":"default","base_unit_name":{"singular":null,"plural":null},"default_variation":null},"tiered_pricing_minimum_quantity":10,"tiered_pricing_roles_data":[],"tiered_pricing_percentage_rules":[],"tiered_pricing_maximum_quantity":null,"tiered_pricing_quantity_step":"10","_links":{"self":[{"href":"https:\/\/aiviouvapes.com\/sv\/wp-json\/wp\/v2\/product\/91105","targetHints":{"allow":["GET"]}}],"collection":[{"href":"https:\/\/aiviouvapes.com\/sv\/wp-json\/wp\/v2\/product"}],"about":[{"href":"https:\/\/aiviouvapes.com\/sv\/wp-json\/wp\/v2\/types\/product"}],"replies":[{"embeddable":true,"href":"https:\/\/aiviouvapes.com\/sv\/wp-json\/wp\/v2\/comments?post=91105"}],"wp:featuredmedia":[{"embeddable":true,"href":"https:\/\/aiviouvapes.com\/sv\/wp-json\/wp\/v2\/media\/91116"}],"wp:attachment":[{"href":"https:\/\/aiviouvapes.com\/sv\/wp-json\/wp\/v2\/media?parent=91105"}],"wp:term":[{"taxonomy":"product_brand","embeddable":true,"href":"https:\/\/aiviouvapes.com\/sv\/wp-json\/wp\/v2\/product_brand?post=91105"},{"taxonomy":"product_cat","embeddable":true,"href":"https:\/\/aiviouvapes.com\/sv\/wp-json\/wp\/v2\/product_cat?post=91105"},{"taxonomy":"product_tag","embeddable":true,"href":"https:\/\/aiviouvapes.com\/sv\/wp-json\/wp\/v2\/product_tag?post=91105"}],"curies":[{"name":"wp","href":"https:\/\/api.w.org\/{rel}","templated":true}]}}