{"id":87549,"date":"2025-11-26T18:54:33","date_gmt":"2025-11-26T10:54:33","guid":{"rendered":"https:\/\/aiviouvapes.com\/?post_type=product&#038;p=87549"},"modified":"2026-03-17T23:53:00","modified_gmt":"2026-03-17T15:53:00","slug":"uzy-crystal-twin-50k","status":"publish","type":"product","link":"https:\/\/aiviouvapes.com\/sv\/product\/uzy-crystal-twin-50k\/","title":{"rendered":"UZY Crystal Twin 50K | 2-i-1 dubbel smak 50000 puffar smart LED-display 40 ml megakapacitet grossist"},"content":{"rendered":"<p><strong>UZY Crystal Twin 50000 puffar eng\u00e5ngs vape<\/strong> \u00e4r utformad f\u00f6r vapers som vill ha mer smak, mer kraft och mer bekv\u00e4mlighet. Med <strong>dubbla 20mL-tankar<\/strong>, <strong>tv\u00e5 0,9\u03a9 n\u00e4tspolar<\/strong>och en <strong>smart LED-sk\u00e4rm<\/strong>, Med den h\u00e4r enheten f\u00e5r du en premiumupplevelse med varje bloss. V\u00e4xla mellan tv\u00e5 smaker n\u00e4r som helst och njut av ultramjuk smak i flera veckor. \ud83d\ude80<\/p>\n<h2>Varf\u00f6r v\u00e4lja UZY Crystal Twin 50K?<\/h2>\n<ul>\n<li>\ud83d\udca8 <strong>Massiva 50.000 puffar<\/strong> f\u00f6r extremt l\u00e5ngvarig anv\u00e4ndning<\/li>\n<li>\ud83c\udf53 <strong>2-i-1 dubbelt smaksystem<\/strong> - v\u00e4xla mellan tv\u00e5 smaker direkt<\/li>\n<li>\ud83d\udd25 <strong>Dubbla 0,9\u03a9 mesh-spolar<\/strong> f\u00f6r starkare smak och j\u00e4mnare \u00e5nga<\/li>\n<li>\ud83d\udcfa <strong>Smart LED-display<\/strong> visar tydligt batteri- och e-v\u00e4tskeniv\u00e5erna<\/li>\n<li>\ud83d\udd0b <strong>850mAh uppladdningsbart batteri<\/strong> med snabbladdning av typ C<\/li>\n<li>\ud83e\uddca <strong>40 ml stor kapacitet f\u00f6r e-juice<\/strong> (20mL + 20mL)<\/li>\n<li>\ud83c\udf2c Tillg\u00e4nglig i <strong>2%, 3% och 5% nikotin<\/strong> alternativ<\/li>\n<li>\ud83d\udc8e Design i kristallstil som ser f\u00f6rstklassig ut och ligger bekv\u00e4mt i handen<\/li>\n<li>\ud83d\uded2 Perfekt f\u00f6r <strong>detalj-, grossist- och bulkbest\u00e4llningar<\/strong><\/li>\n<\/ul>\n<h3>UZY Crystal Twin 50K Specifikationer<\/h3>\n<table>\n<tbody>\n<tr>\n<td><strong>Antal puffar<\/strong><\/td>\n<td>Upp till 50.000 puffar<\/td>\n<\/tr>\n<tr>\n<td><strong>Smak\u00e4mnen<\/strong><\/td>\n<td>Dual-Flavor Switch (2 smaker i en enhet)<\/td>\n<\/tr>\n<tr>\n<td><strong>Kapacitet f\u00f6r e-v\u00e4tska<\/strong><\/td>\n<td>40mL (20mL + 20mL)<\/td>\n<\/tr>\n<tr>\n<td><strong>Spole<\/strong><\/td>\n<td>0,9\u03a9 n\u00e4tspole \u00d7 2<\/td>\n<\/tr>\n<tr>\n<td><strong>Nikotinstyrka<\/strong><\/td>\n<td>2% \/ 3% \/ 5%<\/td>\n<\/tr>\n<tr>\n<td><strong>Batteri<\/strong><\/td>\n<td>850mAh uppladdningsbar<\/td>\n<\/tr>\n<tr>\n<td><strong>Laddning<\/strong><\/td>\n<td>Typ-C snabbladdning<\/td>\n<\/tr>\n<tr>\n<td><strong>Display<\/strong><\/td>\n<td>Smart LED-sk\u00e4rm<\/td>\n<\/tr>\n<tr>\n<td><strong>Typ av anv\u00e4ndning<\/strong><\/td>\n<td>Eng\u00e5ngsbruk<\/td>\n<\/tr>\n<\/tbody>\n<\/table>\n<h3>UZY Crystal Twin 50K tillg\u00e4ngliga smaker<\/h3>\n<ul>\n<li><strong>Bl\u00e5b\u00e4r p\u00e5 is &amp; Sommarpersika p\u00e5 is<\/strong> - Iskalla bl\u00e5b\u00e4r m\u00f6ter s\u00f6t persika f\u00f6r en uppfriskande kombination.<\/li>\n<li><strong>Kiwi Passionsfrukt Guava &amp; Bl\u00e5b\u00e4r Hallon<\/strong> - Tropisk explosion parat med b\u00e4rs\u00f6tma.<\/li>\n<li><strong>Jordgubb Kiwi &amp; Druva Is<\/strong> - Fruktig friskhet med en sval druvkick.<\/li>\n<li><strong>Kiwi Passionsfrukt Guava &amp; Tv\u00e5 \u00e4pplen<\/strong> - Exotiska tropiska blandningar med krispigt dubbel\u00e4pple.<\/li>\n<li><strong>Jordgubb Vattenmelon &amp; Citron Lime<\/strong> - S\u00f6t, saftig mix balanserad med kryddig citrus.<\/li>\n<li><strong>Bl\u00e5b\u00e4r Hallon &amp; K\u00f6rsb\u00e4r Is<\/strong> - Mjuka b\u00e4r med en sval k\u00f6rsb\u00e4rsfinish.<\/li>\n<li><strong>Jordgubb Hallon K\u00f6rsb\u00e4r &amp; Mr Blue<\/strong> - Trippel b\u00e4r twist m\u00f6ter en cool, mystisk blandning.<\/li>\n<li><strong>Persika Mango Ananas &amp; Red Bull<\/strong> - Tropisk cocktail plus energigivande l\u00e4sksmak.<\/li>\n<li><strong>Vattenmelonis &amp; blandade b\u00e4r<\/strong> - Svalkande vattenmelon i kombination med friskhet fr\u00e5n vilda b\u00e4r.<\/li>\n<li><strong>Jordgubb Banan &amp; K\u00e4rlek 66<\/strong> - Mjuk kr\u00e4mig banan + exotisk smak av shisha.<\/li>\n<\/ul>\n<h3>Perfekt f\u00f6r<\/h3>\n<p>Denna enhet \u00e4r idealisk f\u00f6r <strong>tunga vapers, smak\u00e4lskare, \u00e4gare av vape-butiker och grossistdistribut\u00f6rer<\/strong> som vill ha en premium, l\u00e5ngvarig eng\u00e5ngs vape. Med stor smak, stor kapacitet och stor prestanda ger UZY Crystal Twin 50K tillfredsst\u00e4llelse fr\u00e5n f\u00f6rsta puffen till den sista. \ud83d\udca8\ud83d\udd25<\/p>\n<h3>Vanliga fr\u00e5gor om UZY Crystal Twin 50K<\/h3>\n<p><strong>F: Hur l\u00e4nge h\u00e5ller UZY Crystal Twin 50K?<\/strong><br \/>\nS: Med upp till 50 000 puffar kan den h\u00e5lla i veckor till m\u00e5nader beroende p\u00e5 dina vapingvanor.<\/p>\n<p><strong>F: Kan jag ladda den h\u00e4r enheten?<\/strong><br \/>\nA: Ja! Den inneh\u00e5ller ett 850mAh uppladdningsbart batteri med Type-C laddning.<\/p>\n<p><strong>F: Har den verkligen tv\u00e5 smaker?<\/strong><br \/>\nA: Ja, det st\u00e4mmer. Enheten har tv\u00e5 separata 20mL-tankar och tv\u00e5 mesh-spolar, s\u00e5 att du kan byta smak n\u00e4r som helst.<\/p>\n<p><strong>F: \u00c4r det bra f\u00f6r grossistledet?<\/strong><br \/>\nA: Absolut. Det \u00e4r efterfr\u00e5gat, l\u00e5ngvarigt och perfekt f\u00f6r vape-butiker, distribution och bulkbest\u00e4llningar.<\/p>\n<p><strong>F: Vilka nikotinstyrkor finns tillg\u00e4ngliga?<\/strong><br \/>\nA: Du kan v\u00e4lja 2%, 3% eller 5% beroende p\u00e5 dina marknadsbehov.<\/p>","protected":false},"excerpt":{"rendered":"<p>Njut av tv\u00e5 fantastiska smaker i en enhet med UZY Crystal Twin 50K! \ud83d\udca8 En l\u00e5ngvarig 50 000-puffars eng\u00e5ngsapparat med smart LED-display, dubbla n\u00e4tspolar och enorm 40 ml e-v\u00e4tskekapacitet - perfekt f\u00f6r vardagsanv\u00e4ndare och grossistk\u00f6pare.<\/p>","protected":false},"featured_media":87550,"comment_status":"open","ping_status":"closed","template":"","meta":[],"product_brand":[254],"product_cat":[253,219,242,137,146,138,141,143],"product_tag":[389,391,392,388,390],"class_list":{"0":"post-87549","1":"product","2":"type-product","3":"status-publish","4":"has-post-thumbnail","6":"product_brand-uzy","7":"product_cat-uzy","8":"product_cat-40000-puffs-disposable-vape","9":"product_cat-60000-puffs-disposable-vape","10":"product_cat-disposable-vapes-in-germany","11":"product_cat-disposable-vapes-in-hungary","12":"product_cat-disposable-vapes-in-ltaly","13":"product_cat-disposable-vapes-in-poland","14":"product_cat-disposable-vapes-in-spain","15":"product_tag-dual-flavor-50k-puffs-vape","16":"product_tag-led-display-high-puff-vape","17":"product_tag-long-lasting-2-in-1-vape-device","18":"product_tag-uzy-crystal-twin-50000-disposable-vape","19":"product_tag-wholesale-disposable-vape-bulk","21":"first","22":"instock","23":"shipping-taxable","24":"purchasable","25":"product-type-variable","26":"has-default-attributes"},"jetpack_sharing_enabled":true,"tiered_pricing_type":"fixed","tiered_pricing_fixed_rules":{"30":7.589999999999999857891452847979962825775146484375,"50":6.20999999999999996447286321199499070644378662109375,"100":5.95999999999999996447286321199499070644378662109375,"200":5.589999999999999857891452847979962825775146484375,"400":5.04000000000000003552713678800500929355621337890625},"tiered_pricing_product_settings":{"layout":"default","base_unit_name":{"singular":null,"plural":null},"default_variation":null},"tiered_pricing_minimum_quantity":10,"tiered_pricing_roles_data":[],"tiered_pricing_percentage_rules":[],"tiered_pricing_maximum_quantity":null,"tiered_pricing_quantity_step":"10","_links":{"self":[{"href":"https:\/\/aiviouvapes.com\/sv\/wp-json\/wp\/v2\/product\/87549","targetHints":{"allow":["GET"]}}],"collection":[{"href":"https:\/\/aiviouvapes.com\/sv\/wp-json\/wp\/v2\/product"}],"about":[{"href":"https:\/\/aiviouvapes.com\/sv\/wp-json\/wp\/v2\/types\/product"}],"replies":[{"embeddable":true,"href":"https:\/\/aiviouvapes.com\/sv\/wp-json\/wp\/v2\/comments?post=87549"}],"wp:featuredmedia":[{"embeddable":true,"href":"https:\/\/aiviouvapes.com\/sv\/wp-json\/wp\/v2\/media\/87550"}],"wp:attachment":[{"href":"https:\/\/aiviouvapes.com\/sv\/wp-json\/wp\/v2\/media?parent=87549"}],"wp:term":[{"taxonomy":"product_brand","embeddable":true,"href":"https:\/\/aiviouvapes.com\/sv\/wp-json\/wp\/v2\/product_brand?post=87549"},{"taxonomy":"product_cat","embeddable":true,"href":"https:\/\/aiviouvapes.com\/sv\/wp-json\/wp\/v2\/product_cat?post=87549"},{"taxonomy":"product_tag","embeddable":true,"href":"https:\/\/aiviouvapes.com\/sv\/wp-json\/wp\/v2\/product_tag?post=87549"}],"curies":[{"name":"wp","href":"https:\/\/api.w.org\/{rel}","templated":true}]}}