{"id":8675,"date":"2024-08-19T16:12:48","date_gmt":"2024-08-19T16:12:48","guid":{"rendered":"https:\/\/aiviouvapes.com\/?post_type=product&#038;p=8675"},"modified":"2026-04-17T13:01:27","modified_gmt":"2026-04-17T05:01:27","slug":"vapsolo-viking-12000-puffs-2-5-2-2","status":"publish","type":"product","link":"https:\/\/aiviouvapes.com\/sv\/product\/vapsolo-viking-12000-puffs-2-5-2-2\/","title":{"rendered":"Vapsolo Viking 12000 Puffs | 22mL, 650mAh, luftfl\u00f6deskontroll, LCD-display, bulk vape"},"content":{"rendered":"<p><iframe title=\"VideoPress Videospelare\" aria-label='VideoPress Videospelare' width='1020' height='574' src='https:\/\/videopress.com\/embed\/ngfVq1VJ?hd=0&amp;cover=1' frameborder='0' allowfullscreen allow='clipboard-write'><\/iframe><script src='https:\/\/v0.wordpress.com\/js\/next\/videopress-iframe.js?m=1739540970'><\/script><\/p>\n<h2>Vapsolo Viking 12000 puffar | 22ml e-v\u00e4tska, 650mAh batteri, mesh-spole, justerbart luftfl\u00f6de, LCD-sk\u00e4rm, typ-C uppladdningsbar, bulkk\u00f6p eng\u00e5ngsvape i grossistledet<\/h2>\n<h3>VapSolo Viking 12000 Puffs \u00d6versikt och funktioner<\/h3>\n<p>VapSolo Viking 12000 puffar \u00e4r noggrant utformade f\u00f6r att ge en f\u00f6rstklassig vapingupplevelse med upp till 12 000 puffar. Dess 22 ml e-v\u00e4tskebeh\u00e5llare minimerar p\u00e5fyllning och ger l\u00e5ngvarig njutning, medan det robusta 650mAh uppladdningsbara batteriet och Type-C-laddningsporten s\u00e4kerst\u00e4ller konsekvent, l\u00e5ngvarig kraft och snabba laddningar. Vikings avancerade mesh-spolteknologi med 1,0\u03a9-resistans skapar mjuk, smakrik \u00e5nga med varje bloss. Anpassningsbar med ett fyra niv\u00e5er justerbart luftfl\u00f6dessystem och en LCD-sk\u00e4rm f\u00f6r enkel \u00f6vervakning, den h\u00e4r enheten kombinerar prestanda med bekv\u00e4mlighet i en kompakt, l\u00e4tt design.<\/p>\n<ul>\n<li><strong>12 000 puffar<\/strong>: Ger l\u00e5ngvarig anv\u00e4ndning och ut\u00f6kad tillfredsst\u00e4llelse.<\/li>\n<li><strong>22ml E-v\u00e4tska Kapacitet<\/strong>: Minskar behovet av frekventa p\u00e5fyllningar, vilket \u00f6kar bekv\u00e4mligheten.<\/li>\n<li><strong>650 mAh batteri<\/strong>: Ger p\u00e5litlig, uppladdningsbar kraft f\u00f6r konsekvent prestanda.<\/li>\n<li><strong>Mesh spole med 1,0\u03a9 motst\u00e5nd<\/strong>: S\u00e4kerst\u00e4ller j\u00e4mn, rik \u00e5ngproduktion.<\/li>\n<li><strong>Fyra niv\u00e5er justerbart luftfl\u00f6de<\/strong>: Anpassa varje puff f\u00f6r att uppn\u00e5 \u00f6nskad dragning.<\/li>\n<li><strong>LCD-sk\u00e4rm<\/strong>: \u00d6vervakar batteritid och vape-status med l\u00e4tthet.<\/li>\n<\/ul>\n<h3>VapSolo Viking 12000 Puffs Smakval<\/h3>\n<p>Bl\u00e5b\u00e4rshallon, bl\u00e5b\u00e4r, k\u00f6rsb\u00e4r, vattenmelonis, jordgubbskiwi, jordgubbsvattenmelon, sommardr\u00f6m, bl\u00e5b\u00e4rsk\u00f6rsb\u00e4rstranb\u00e4r, citronlime, gummibj\u00f6rn, jordgubbsbanan, f\u00e4rsk mynta, jordgubbshallonis, citronpersika, r\u00f6d \u00e4ppelis.<\/p>\n<h3>Varf\u00f6r v\u00e4lja VapSolo Viking 12000 Puffs?<\/h3>\n<p>VapSolo Viking 12000 Puffs erbjuder en unik kombination av h\u00f6g kapacitet, anpassningsbart luftfl\u00f6de och ett varierat urval av smaker, vilket g\u00f6r den idealisk f\u00f6r vapers som s\u00f6ker bekv\u00e4mlighet, prestanda och smak. Denna enhet \u00e4r tillg\u00e4nglig f\u00f6r bulkgrossistdistribution och \u00e4r perfekt f\u00f6r \u00e5terf\u00f6rs\u00e4ljare som vill tillhandah\u00e5lla en produkt av h\u00f6gsta kvalitet. Med funktioner som LCD-sk\u00e4rm och snabb Type-C-laddning \u00e4r VapSolo Viking 12000 designad f\u00f6r att m\u00f6ta behoven hos b\u00e5de tillf\u00e4lliga och erfarna vapers, och levererar en exceptionell och tillfredsst\u00e4llande vaping-upplevelse varje g\u00e5ng.<\/p>\n<p><img data-recalc-dims=\"1\" loading=\"lazy\" decoding=\"async\" class=\"alignnone wp-image-8990 size-full\" title=\"VapSolo Viking 12000 Puffs 2% 5% L\u00e5gt nikotin Bulkk\u00f6p Uppladdningsbar eng\u00e5ngs Vapes Penna Partihandel\" src=\"https:\/\/i0.wp.com\/aiviouvapes.com\/wp-content\/uploads\/2024\/08\/Vapsolo-2-5-Available-Disposable-Vape-EU-Warehouse-Viking-12000-12K-Puff-Vaper-Electronic-Cigarette-Germany-Vaporizer.webp?resize=800%2C800&#038;ssl=1\" alt=\"VapSolo Viking 12000 Puffs 2% 5% L\u00e5gt nikotin Bulkk\u00f6p Uppladdningsbar eng\u00e5ngs Vapes Penna Partihandel\" width=\"800\" height=\"800\" srcset=\"https:\/\/i0.wp.com\/aiviouvapes.com\/wp-content\/uploads\/2024\/08\/Vapsolo-2-5-Available-Disposable-Vape-EU-Warehouse-Viking-12000-12K-Puff-Vaper-Electronic-Cigarette-Germany-Vaporizer.webp?w=800&amp;ssl=1 800w, https:\/\/i0.wp.com\/aiviouvapes.com\/wp-content\/uploads\/2024\/08\/Vapsolo-2-5-Available-Disposable-Vape-EU-Warehouse-Viking-12000-12K-Puff-Vaper-Electronic-Cigarette-Germany-Vaporizer.webp?resize=300%2C300&amp;ssl=1 300w, https:\/\/i0.wp.com\/aiviouvapes.com\/wp-content\/uploads\/2024\/08\/Vapsolo-2-5-Available-Disposable-Vape-EU-Warehouse-Viking-12000-12K-Puff-Vaper-Electronic-Cigarette-Germany-Vaporizer.webp?resize=150%2C150&amp;ssl=1 150w, https:\/\/i0.wp.com\/aiviouvapes.com\/wp-content\/uploads\/2024\/08\/Vapsolo-2-5-Available-Disposable-Vape-EU-Warehouse-Viking-12000-12K-Puff-Vaper-Electronic-Cigarette-Germany-Vaporizer.webp?resize=768%2C768&amp;ssl=1 768w, https:\/\/i0.wp.com\/aiviouvapes.com\/wp-content\/uploads\/2024\/08\/Vapsolo-2-5-Available-Disposable-Vape-EU-Warehouse-Viking-12000-12K-Puff-Vaper-Electronic-Cigarette-Germany-Vaporizer.webp?resize=12%2C12&amp;ssl=1 12w, https:\/\/i0.wp.com\/aiviouvapes.com\/wp-content\/uploads\/2024\/08\/Vapsolo-2-5-Available-Disposable-Vape-EU-Warehouse-Viking-12000-12K-Puff-Vaper-Electronic-Cigarette-Germany-Vaporizer.webp?resize=100%2C100&amp;ssl=1 100w\" sizes=\"auto, (max-width: 800px) 100vw, 800px\" \/><\/p>\n<h3>Varf\u00f6r v\u00e4lja AiviouVapes<\/h3>\n<p>V\u00e4lkommen till <a href=\"https:\/\/aiviouvapes.com\/sv\/\">AiviouVapes<\/a> - din p\u00e5litliga k\u00e4lla f\u00f6r premium, prisv\u00e4rda <a href=\"https:\/\/aiviouvapes.com\/sv\/shop\/\">eng\u00e5ngsvapor f\u00f6r grossist<\/a> till riktigt l\u00e5ga priser. Med \u00f6ver fem \u00e5rs expertis inom vape-industrin erbjuder vi stolt ett handplockat urval av ledande varum\u00e4rken, inklusive <a href=\"https:\/\/aiviouvapes.com\/sv\/produkt-kategori\/waspe\/\">WASPE<\/a>, <a href=\"https:\/\/aiviouvapes.com\/sv\/produkt-kategori\/bang\/\">Bang Vape<\/a>, <a href=\"https:\/\/aiviouvapes.com\/sv\/produkt-kategori\/vapme-vapes\/\">Vapme<\/a>, och <a href=\"https:\/\/aiviouvapes.com\/sv\/produkt-kategori\/mrvi\/\">MRVI<\/a>.<\/p>\n<p>Fr\u00e5n h\u00f6gpoppande enheter som <a href=\"https:\/\/aiviouvapes.com\/sv\/produkt\/waspe-4-in-1-100000-puffs\/\">WASPE 100K 4-i-1-smak<\/a> till dj\u00e4rva favoriter som t.ex. <a href=\"https:\/\/aiviouvapes.com\/sv\/produkt\/bang-king-triple-flavors-85000\/\">Bang 85.000 Triple Puff<\/a>och till och med den sp\u00e4nnande <a class=\"woocommerce-LoopProduct-link woocommerce-loop-product__link\" href=\"https:\/\/aiviouvapes.com\/sv\/produkt\/mystery-vape-blind-box\/\">Mystery Vape Box f\u00f6r eng\u00e5ngsbruk<\/a>Varje produkt \u00e4r utvald f\u00f6r h\u00f6gsta kvalitet och oslagbart v\u00e4rde. P\u00e5 AiviouVapes f\u00e5r du bra service, grossistbesparingar och en kollektion som \u00e4r utformad f\u00f6r att passa dina vapingbehov.<\/p>\n<div class=\"row row-large row-full-width align-middle\"  id=\"row-726626722\">\n\n\n\t<div id=\"col-1121182845\" class=\"col medium-3 small-6 large-3\"  >\n\t\t\t\t<div class=\"col-inner text-center\"  >\n\t\t\t\n\t\t\t\n\n\n\t\t<div class=\"icon-box featured-box icon-box-top text-left\"  >\n\t\t\t\t\t<div class=\"icon-box-img\" style=\"width: 90px\">\n\t\t\t\t<div class=\"icon\">\n\t\t\t\t\t<div class=\"icon-inner\" >\n\t\t\t\t\t\t<img loading=\"lazy\" decoding=\"async\" width=\"200\" height=\"200\" src=\"https:\/\/i0.wp.com\/aiviouvapes.com\/wp-content\/uploads\/2024\/08\/vape-1-1.png?fit=200%2C200&amp;ssl=1\" class=\"attachment-medium size-medium\" alt=\"Varf\u00f6r v\u00e4lja AIVIOUVAPES\" srcset=\"https:\/\/i0.wp.com\/aiviouvapes.com\/wp-content\/uploads\/2024\/08\/vape-1-1.png?w=200&amp;ssl=1 200w, https:\/\/i0.wp.com\/aiviouvapes.com\/wp-content\/uploads\/2024\/08\/vape-1-1.png?resize=150%2C150&amp;ssl=1 150w, https:\/\/i0.wp.com\/aiviouvapes.com\/wp-content\/uploads\/2024\/08\/vape-1-1.png?resize=12%2C12&amp;ssl=1 12w, https:\/\/i0.wp.com\/aiviouvapes.com\/wp-content\/uploads\/2024\/08\/vape-1-1.png?resize=100%2C100&amp;ssl=1 100w\" sizes=\"auto, (max-width: 200px) 100vw, 200px\" title=\"\">\t\t\t\t\t<\/div>\n\t\t\t\t<\/div>\n\t\t\t<\/div>\n\t\t\t\t<div class=\"icon-box-text last-reset\">\n\t\t\t\t\t\t\t\t\t\n\n\t<div id=\"text-1993867950\" class=\"text\">\n\t\t\n\n<h3 style=\"text-align: center;\">Omfattande Vape Variety<\/h3>\n<p style=\"text-align: center;\">Uppt\u00e4ck v\u00e5rt breda utbud av produkter, tillverkade f\u00f6r att passa alla \u00f6nskem\u00e5l.<\/p>\n\t\t\n<style>\n#text-1993867950 {\n  font-size: 0.9rem;\n}\n<\/style>\n\t<\/div>\n\t\n\n\t\t<\/div>\n\t<\/div>\n\t\n\t\n\n\t\t<\/div>\n\t\t\t\t\t<\/div>\n\n\t\n\n\t<div id=\"col-837303308\" class=\"col medium-3 small-6 large-3\"  >\n\t\t\t\t<div class=\"col-inner text-center\"  >\n\t\t\t\n\t\t\t\n\n\n\t\t<div class=\"icon-box featured-box icon-box-top text-left\"  >\n\t\t\t\t\t<div class=\"icon-box-img\" style=\"width: 90px\">\n\t\t\t\t<div class=\"icon\">\n\t\t\t\t\t<div class=\"icon-inner\" >\n\t\t\t\t\t\t<img loading=\"lazy\" decoding=\"async\" width=\"200\" height=\"200\" src=\"https:\/\/i0.wp.com\/aiviouvapes.com\/wp-content\/uploads\/2024\/08\/save-money-1-1-1.png?fit=200%2C200&amp;ssl=1\" class=\"attachment-medium size-medium\" alt=\"Varf\u00f6r v\u00e4lja AIVIOUVAPES\" srcset=\"https:\/\/i0.wp.com\/aiviouvapes.com\/wp-content\/uploads\/2024\/08\/save-money-1-1-1.png?w=200&amp;ssl=1 200w, https:\/\/i0.wp.com\/aiviouvapes.com\/wp-content\/uploads\/2024\/08\/save-money-1-1-1.png?resize=150%2C150&amp;ssl=1 150w, https:\/\/i0.wp.com\/aiviouvapes.com\/wp-content\/uploads\/2024\/08\/save-money-1-1-1.png?resize=12%2C12&amp;ssl=1 12w, https:\/\/i0.wp.com\/aiviouvapes.com\/wp-content\/uploads\/2024\/08\/save-money-1-1-1.png?resize=100%2C100&amp;ssl=1 100w\" sizes=\"auto, (max-width: 200px) 100vw, 200px\" title=\"\">\t\t\t\t\t<\/div>\n\t\t\t\t<\/div>\n\t\t\t<\/div>\n\t\t\t\t<div class=\"icon-box-text last-reset\">\n\t\t\t\t\t\t\t\t\t\n\n\t<div id=\"text-3279584339\" class=\"text\">\n\t\t\n\n<h3 style=\"text-align: center;\">Oslagbart v\u00e4rde<\/h3>\n<p style=\"text-align: center;\">Njut av produkter av h\u00f6gsta kvalitet till priser som passar din budget.<\/p>\n\t\t\n<style>\n#text-3279584339 {\n  font-size: 0.9rem;\n}\n<\/style>\n\t<\/div>\n\t\n\n\t\t<\/div>\n\t<\/div>\n\t\n\t\n\n\t\t<\/div>\n\t\t\t\t\t<\/div>\n\n\t\n\n\t<div id=\"col-1960919058\" class=\"col medium-3 small-6 large-3\"  >\n\t\t\t\t<div class=\"col-inner text-center\"  >\n\t\t\t\n\t\t\t\n\n\n\t\t<div class=\"icon-box featured-box icon-box-top text-left\"  >\n\t\t\t\t\t<div class=\"icon-box-img\" style=\"width: 90px\">\n\t\t\t\t<div class=\"icon\">\n\t\t\t\t\t<div class=\"icon-inner\" >\n\t\t\t\t\t\t<img loading=\"lazy\" decoding=\"async\" width=\"200\" height=\"200\" src=\"https:\/\/i0.wp.com\/aiviouvapes.com\/wp-content\/uploads\/2024\/08\/delivery-truck-1-1.png?fit=200%2C200&amp;ssl=1\" class=\"attachment-medium size-medium\" alt=\"Varf\u00f6r v\u00e4lja AIVIOUVAPES\" srcset=\"https:\/\/i0.wp.com\/aiviouvapes.com\/wp-content\/uploads\/2024\/08\/delivery-truck-1-1.png?w=200&amp;ssl=1 200w, https:\/\/i0.wp.com\/aiviouvapes.com\/wp-content\/uploads\/2024\/08\/delivery-truck-1-1.png?resize=150%2C150&amp;ssl=1 150w, https:\/\/i0.wp.com\/aiviouvapes.com\/wp-content\/uploads\/2024\/08\/delivery-truck-1-1.png?resize=12%2C12&amp;ssl=1 12w, https:\/\/i0.wp.com\/aiviouvapes.com\/wp-content\/uploads\/2024\/08\/delivery-truck-1-1.png?resize=100%2C100&amp;ssl=1 100w\" sizes=\"auto, (max-width: 200px) 100vw, 200px\" title=\"\">\t\t\t\t\t<\/div>\n\t\t\t\t<\/div>\n\t\t\t<\/div>\n\t\t\t\t<div class=\"icon-box-text last-reset\">\n\t\t\t\t\t\t\t\t\t\n\n\t<div id=\"text-493690156\" class=\"text\">\n\t\t\n\n<h3 style=\"text-align: center;\">Snabb Global Frakt<\/h3>\n<p style=\"text-align: center;\">Vi levererar \u00f6ver hela v\u00e4rlden med garanterad tullklarering f\u00f6r en s\u00f6ml\u00f6s upplevelse.<\/p>\n\t\t\n<style>\n#text-493690156 {\n  font-size: 0.9rem;\n}\n<\/style>\n\t<\/div>\n\t\n\n\t\t<\/div>\n\t<\/div>\n\t\n\t\n\n\t\t<\/div>\n\t\t\t\t\t<\/div>\n\n\t\n\n\t<div id=\"col-387706806\" class=\"col medium-3 small-6 large-3\"  >\n\t\t\t\t<div class=\"col-inner text-center\"  >\n\t\t\t\n\t\t\t\n\n\n\t\t<div class=\"icon-box featured-box icon-box-top text-left\"  >\n\t\t\t\t\t<div class=\"icon-box-img\" style=\"width: 90px\">\n\t\t\t\t<div class=\"icon\">\n\t\t\t\t\t<div class=\"icon-inner\" >\n\t\t\t\t\t\t<img loading=\"lazy\" decoding=\"async\" width=\"200\" height=\"200\" src=\"https:\/\/i0.wp.com\/aiviouvapes.com\/wp-content\/uploads\/2024\/08\/support-1-1.png?fit=200%2C200&amp;ssl=1\" class=\"attachment-medium size-medium\" alt=\"Varf\u00f6r v\u00e4lja AIVIOUVAPES\" srcset=\"https:\/\/i0.wp.com\/aiviouvapes.com\/wp-content\/uploads\/2024\/08\/support-1-1.png?w=200&amp;ssl=1 200w, https:\/\/i0.wp.com\/aiviouvapes.com\/wp-content\/uploads\/2024\/08\/support-1-1.png?resize=150%2C150&amp;ssl=1 150w, https:\/\/i0.wp.com\/aiviouvapes.com\/wp-content\/uploads\/2024\/08\/support-1-1.png?resize=12%2C12&amp;ssl=1 12w, https:\/\/i0.wp.com\/aiviouvapes.com\/wp-content\/uploads\/2024\/08\/support-1-1.png?resize=100%2C100&amp;ssl=1 100w\" sizes=\"auto, (max-width: 200px) 100vw, 200px\" title=\"\">\t\t\t\t\t<\/div>\n\t\t\t\t<\/div>\n\t\t\t<\/div>\n\t\t\t\t<div class=\"icon-box-text last-reset\">\n\t\t\t\t\t\t\t\t\t\n\n\t<div id=\"text-1741329720\" class=\"text\">\n\t\t\n\n<h3 style=\"text-align: center;\">Assistans dygnet runt<\/h3>\n<p style=\"text-align: center;\">N\u00e5 v\u00e5rt supportteam n\u00e4r som helst, 24\/7, via WhatsApp eller e-post.<\/p>\n\t\t\n<style>\n#text-1741329720 {\n  font-size: 0.9rem;\n}\n<\/style>\n\t<\/div>\n\t\n\n\t\t<\/div>\n\t<\/div>\n\t\n\t\n\n\t\t<\/div>\n\t\t\t\t\t<\/div>\n\n\t\n\n<\/div>\n<div class=\"row row-full-width align-middle\"  id=\"row-1663540716\">\n\n\n\t<div id=\"col-1123559652\" class=\"col medium-6 small-12 large-6\"  >\n\t\t\t\t<div class=\"col-inner\"  >\n\t\t\t\n\t\t\t\n\n\t<div class=\"img has-hover x md-x lg-x y md-y lg-y\" id=\"image_1524372687\">\n\t\t\t\t\t\t\t\t<div class=\"img-inner dark\" >\n\t\t\t<img loading=\"lazy\" decoding=\"async\" width=\"930\" height=\"1024\" src=\"https:\/\/i0.wp.com\/aiviouvapes.com\/wp-content\/uploads\/2024\/08\/%E6%8B%BC%E5%9B%BE.jpg?fit=930%2C1024&amp;ssl=1\" class=\"attachment-large size-large\" alt=\"Varf\u00f6r v\u00e4lja AIVIOUVAPES\" title=\"\">\t\t\t\t\t\t\n\t\t\t\t\t<\/div>\n\t\t\t\t\t\t\t\t\n<style>\n#image_1524372687 {\n  width: 100%;\n}\n<\/style>\n\t<\/div>\n\t\n\n\n\t\t<\/div>\n\t\t\t\t\t<\/div>\n\n\t\n\n\t<div id=\"col-954770371\" class=\"col medium-6 small-12 large-6\"  >\n\t\t\t\t<div class=\"col-inner\"  >\n\t\t\t\n\t\t\t\n\n<div class=\"container section-title-container\" ><h4 class=\"section-title section-title-normal\"><b aria-hidden=\"true\"><\/b><span class=\"section-title-main\" style=\"font-size:91%;\">V\u00e5ra f\u00f6rdelar<\/span><b aria-hidden=\"true\"><\/b><\/h4><\/div>\n\n<div class=\"accordion\">\n\n\t<div id=\"accordion-911910464\" class=\"accordion-item\">\n\t\t<a id=\"accordion-911910464-label\" class=\"accordion-title plain\" href=\"#accordion-item-commitment-to-quality\" aria-expanded=\"false\" aria-controls=\"accordion-911910464-content\">\n\t\t\t<button class=\"toggle\" aria-label=\"Toggle\"><i class=\"icon-angle-down\" aria-hidden=\"true\"><\/i><\/button>\n\t\t\t<span>Engagemang f\u00f6r kvalitet<\/span>\n\t\t<\/a>\n\t\t<div id=\"accordion-911910464-content\" class=\"accordion-inner\" aria-labelledby=\"accordion-911910464-label\">\n\t\t\t\n\n<p>Vid <a href=\"https:\/\/aiviouvapes.com\/sv\/\">AiviouVape<\/a>, kvalitet driver allt vi g\u00f6r. V\u00e5ra eng\u00e5ngsvapor \u00e4r noggrant tillverkade och noggrant testade f\u00f6r att uppfylla de h\u00f6gsta standarderna, vilket s\u00e4kerst\u00e4ller en smidig, p\u00e5litlig vapingupplevelse varje g\u00e5ng. Med v\u00e5rt engagemang f\u00f6r noll defekter och noll klagom\u00e5l kan du lita p\u00e5 att du f\u00e5r det b\u00e4sta.<\/p>\n\n\t\t<\/div>\n\t<\/div>\n\t\n\t<div id=\"accordion-210488765\" class=\"accordion-item\">\n\t\t<a id=\"accordion-210488765-label\" class=\"accordion-title plain\" href=\"#accordion-item-diverse-range-of-products\" aria-expanded=\"false\" aria-controls=\"accordion-210488765-content\">\n\t\t\t<button class=\"toggle\" aria-label=\"Toggle\"><i class=\"icon-angle-down\" aria-hidden=\"true\"><\/i><\/button>\n\t\t\t<span>Brett utbud av produkter<\/span>\n\t\t<\/a>\n\t\t<div id=\"accordion-210488765-content\" class=\"accordion-inner\" aria-labelledby=\"accordion-210488765-label\">\n\t\t\t\n\n<p>Vi \u00e4r stolta \u00f6ver att kunna erbjuda ett brett utbud av premium eng\u00e5ngsvapor f\u00f6r att passa alla preferenser. Fr\u00e5n de senaste innovationerna till fansens l\u00e5ngvariga favoriter, v\u00e5rt urval inneh\u00e5ller p\u00e5litliga varum\u00e4rken som Waspe, Vapme, RandM Tornado, Bang Box, ELF Box och Bang King. Oavsett om du s\u00f6ker de dj\u00e4rva smakerna fr\u00e5n Vapme eller den snygga designen fr\u00e5n RandM Tornado, \u00e4r v\u00e5r kollektion utformad f\u00f6r att hj\u00e4lpa dig att uppt\u00e4cka den perfekta vape som matchar din smak och livsstil.<\/p>\n\n\n\t\t<\/div>\n\t<\/div>\n\t\n\t<div id=\"accordion-316540165\" class=\"accordion-item\">\n\t\t<a id=\"accordion-316540165-label\" class=\"accordion-title plain\" href=\"#accordion-item-wholesale-and-retail-solutions\" aria-expanded=\"false\" aria-controls=\"accordion-316540165-content\">\n\t\t\t<button class=\"toggle\" aria-label=\"Toggle\"><i class=\"icon-angle-down\" aria-hidden=\"true\"><\/i><\/button>\n\t\t\t<span>L\u00f6sningar f\u00f6r parti- och detaljhandel<\/span>\n\t\t<\/a>\n\t\t<div id=\"accordion-316540165-content\" class=\"accordion-inner\" aria-labelledby=\"accordion-316540165-label\">\n\t\t\t\n\n<p>AiviouVape uppfyller kraven fr\u00e5n b\u00e5de detaljhandels- och grossistkunder och levererar exceptionella produkter och tj\u00e4nster varje g\u00e5ng. Om du \u00e4r ny hos oss rekommenderar vi att du b\u00f6rjar med ett litet parti f\u00f6r att uppleva v\u00e5r kvalitet fr\u00e5n f\u00f6rsta hand. Med konkurrenskraftiga priser och premiumstandarder \u00e4r vi det p\u00e5litliga valet inom eng\u00e5ngsvapebranschen.\u00a0<\/p>\n\n\t\t<\/div>\n\t<\/div>\n\t\n\t<div id=\"accordion-784193259\" class=\"accordion-item\">\n\t\t<a id=\"accordion-784193259-label\" class=\"accordion-title plain\" href=\"#accordion-item-continuous-improvement\" aria-expanded=\"false\" aria-controls=\"accordion-784193259-content\">\n\t\t\t<button class=\"toggle\" aria-label=\"Toggle\"><i class=\"icon-angle-down\" aria-hidden=\"true\"><\/i><\/button>\n\t\t\t<span>Kontinuerlig f\u00f6rb\u00e4ttring<\/span>\n\t\t<\/a>\n\t\t<div id=\"accordion-784193259-content\" class=\"accordion-inner\" aria-labelledby=\"accordion-784193259-label\">\n\t\t\t\n\n<p>Det som skiljer AiviouVape \u00e4r v\u00e5rt engagemang f\u00f6r exceptionell kundservice. Oavsett om du beh\u00f6ver r\u00e5d innan k\u00f6p eller hj\u00e4lp med en best\u00e4llning \u00e4r v\u00e5rt team alltid tillg\u00e4ngligt via WhatsApp eller e-post. Vi str\u00e4var efter att bygga varaktiga relationer med v\u00e5ra kunder, f\u00f6r att s\u00e4kerst\u00e4lla din tillfredsst\u00e4llelse varje steg p\u00e5 v\u00e4gen.<\/p>\n\n\t\t<\/div>\n\t<\/div>\n\t\n\t<div id=\"accordion-1517156384\" class=\"accordion-item\">\n\t\t<a id=\"accordion-1517156384-label\" class=\"accordion-title plain\" href=\"#accordion-item-quality-assurance\" aria-expanded=\"false\" aria-controls=\"accordion-1517156384-content\">\n\t\t\t<button class=\"toggle\" aria-label=\"Toggle\"><i class=\"icon-angle-down\" aria-hidden=\"true\"><\/i><\/button>\n\t\t\t<span>Kvalitetss\u00e4kring<\/span>\n\t\t<\/a>\n\t\t<div id=\"accordion-1517156384-content\" class=\"accordion-inner\" aria-labelledby=\"accordion-1517156384-label\">\n\t\t\t\n\n<p>I varje steg \u2013 produktutveckling, produktion, marknadsf\u00f6ring och distribution \u2013 viftar aldrig v\u00e5rt engagemang f\u00f6r kvalitet. V\u00e5ra eng\u00e5ngsvapor genomg\u00e5r rigor\u00f6sa tester f\u00f6r att s\u00e4kerst\u00e4lla att de \u00e4r giftfria, rena och ger exceptionell smak. Detta engagemang f\u00f6r excellens utg\u00f6r ryggraden i v\u00e5r f\u00f6retagskultur.<\/p>\n\n\t\t<\/div>\n\t<\/div>\n\t\n\t<div id=\"accordion-476842601\" class=\"accordion-item\">\n\t\t<a id=\"accordion-476842601-label\" class=\"accordion-title plain\" href=\"#accordion-item-efficient-logistics-and-delivery\" aria-expanded=\"false\" aria-controls=\"accordion-476842601-content\">\n\t\t\t<button class=\"toggle\" aria-label=\"Toggle\"><i class=\"icon-angle-down\" aria-hidden=\"true\"><\/i><\/button>\n\t\t\t<span>Effektiv logistik och leverans<\/span>\n\t\t<\/a>\n\t\t<div id=\"accordion-476842601-content\" class=\"accordion-inner\" aria-labelledby=\"accordion-476842601-label\">\n\t\t\t\n\n<p>AiviouVape tillhandah\u00e5ller effektiv logistik och leverans, inklusive DDP (Delivered Duty Paid)-tj\u00e4nster, vilket s\u00e4kerst\u00e4ller s\u00f6ml\u00f6s tullklarering utan n\u00e5gra avgifter eller skatter. Med snabb leverans och exceptionell kundsupport erbjuder vi en smidig och p\u00e5litlig upplevelse, vilket g\u00f6r oss till en p\u00e5litlig partner i branschen.<\/p>\n\n\t\t<\/div>\n\t<\/div>\n\t\n\t<div id=\"accordion-3102285535\" class=\"accordion-item\">\n\t\t<a id=\"accordion-3102285535-label\" class=\"accordion-title plain\" href=\"#accordion-item-odm-and-oem-services\" aria-expanded=\"false\" aria-controls=\"accordion-3102285535-content\">\n\t\t\t<button class=\"toggle\" aria-label=\"Toggle\"><i class=\"icon-angle-down\" aria-hidden=\"true\"><\/i><\/button>\n\t\t\t<span>ODM- och OEM-tj\u00e4nster<\/span>\n\t\t<\/a>\n\t\t<div id=\"accordion-3102285535-content\" class=\"accordion-inner\" aria-labelledby=\"accordion-3102285535-label\">\n\t\t\t\n\n<p>AiviouVapes erbjuder fullst\u00e4ndiga tj\u00e4nster f\u00f6r ODM (Original Design Manufacturing) och OEM (Original Equipment Manufacturing). Med tv\u00e5 stora anl\u00e4ggningar hj\u00e4lper vi kunder att designa unika produkter och i\u00f6gonfallande logotyper f\u00f6r f\u00f6rpackningar. Vi tillhandah\u00e5ller ocks\u00e5 gratis v\u00e4gledning f\u00f6r f\u00f6rpackningsdesign och st\u00f6djer kunder som packar sina egna produkter, vilket s\u00e4kerst\u00e4ller att deras varum\u00e4rke lyser p\u00e5 marknaden.<\/p>\n\n\t\t<\/div>\n\t<\/div>\n\t\n\n<\/div>\n\n\t\t<\/div>\n\t\t\t\t\t<\/div>\n\n\t\n\n<\/div>","protected":false},"excerpt":{"rendered":"<p>VapSolo Viking 12000 Puffs Disposable Vape levererar upp till 12 000 puffar med en kapacitet p\u00e5 22 ml e-v\u00e4tska, anpassningsbart luftfl\u00f6de och en mesh-spiral f\u00f6r j\u00e4mn, rik \u00e5nga. Uppladdningsbar och utrustad med en LCD-sk\u00e4rm, den \u00e4r idealisk f\u00f6r vapers som s\u00f6ker prestanda, smak och bekv\u00e4mlighet.<\/p>\n<a href=\"https:\/\/aiviouvapes.com\/sv\/why-waspe-40k-beats-vapsolo-viking-12000-puffs\/\" target=\"_blank\" class=\"button secondary is-secondary is-medium hide-this-btn1\" rel=\"noopener\" >\n\t\t<span>\ud83d\udc51 Uppt\u00e4ck varf\u00f6r smarta vapers v\u00e4ljer WASPE 40K framf\u00f6r VapSolo Viking 12000 \u2705<\/span>\n\t<\/a>","protected":false},"featured_media":8677,"comment_status":"open","ping_status":"closed","template":"","meta":[],"product_brand":[228],"product_cat":[48,124,90,117,81,76,134,135,133,136,137,146,138,139,140,141,142,143,144,145,573,572,132,82],"product_tag":[],"class_list":{"0":"post-8675","1":"product","2":"type-product","3":"status-publish","4":"has-post-thumbnail","6":"product_brand-vapsolo","7":"product_cat-vapsolo","8":"product_cat-12000-puffs-disposable-vape","9":"product_cat-big-puffs-vapes","10":"product_cat-different-puffs-of-diposable-vapes","11":"product_cat-digital-box-vapes","12":"product_cat-disposable-vape-types","13":"product_cat-disposable-vapes-in-austria","14":"product_cat-disposable-vapes-in-belgium","15":"product_cat-disposable-vapes-in-europe","16":"product_cat-disposable-vapes-in-france","17":"product_cat-disposable-vapes-in-germany","18":"product_cat-disposable-vapes-in-hungary","19":"product_cat-disposable-vapes-in-ltaly","20":"product_cat-disposable-vapes-in-netherlands","21":"product_cat-disposable-vapes-in-norway","22":"product_cat-disposable-vapes-in-poland","23":"product_cat-disposable-vapes-in-portugal","24":"product_cat-disposable-vapes-in-spain","25":"product_cat-disposable-vapes-in-sweden","26":"product_cat-disposable-vapes-in-switzerland","27":"product_cat-new-3","28":"product_cat-new-2","29":"product_cat-rechargeable-vapes","30":"product_cat-smart-screen-vapes","32":"first","33":"instock","34":"shipping-taxable","35":"purchasable","36":"product-type-variable","37":"has-default-attributes"},"jetpack_sharing_enabled":true,"tiered_pricing_type":"fixed","tiered_pricing_fixed_rules":{"2000":5.6500000000000003552713678800500929355621337890625},"tiered_pricing_product_settings":{"layout":"default","base_unit_name":{"singular":null,"plural":null},"default_variation":null},"tiered_pricing_minimum_quantity":1000,"tiered_pricing_roles_data":[],"tiered_pricing_percentage_rules":[],"tiered_pricing_maximum_quantity":null,"tiered_pricing_quantity_step":"10","_links":{"self":[{"href":"https:\/\/aiviouvapes.com\/sv\/wp-json\/wp\/v2\/product\/8675","targetHints":{"allow":["GET"]}}],"collection":[{"href":"https:\/\/aiviouvapes.com\/sv\/wp-json\/wp\/v2\/product"}],"about":[{"href":"https:\/\/aiviouvapes.com\/sv\/wp-json\/wp\/v2\/types\/product"}],"replies":[{"embeddable":true,"href":"https:\/\/aiviouvapes.com\/sv\/wp-json\/wp\/v2\/comments?post=8675"}],"wp:featuredmedia":[{"embeddable":true,"href":"https:\/\/aiviouvapes.com\/sv\/wp-json\/wp\/v2\/media\/8677"}],"wp:attachment":[{"href":"https:\/\/aiviouvapes.com\/sv\/wp-json\/wp\/v2\/media?parent=8675"}],"wp:term":[{"taxonomy":"product_brand","embeddable":true,"href":"https:\/\/aiviouvapes.com\/sv\/wp-json\/wp\/v2\/product_brand?post=8675"},{"taxonomy":"product_cat","embeddable":true,"href":"https:\/\/aiviouvapes.com\/sv\/wp-json\/wp\/v2\/product_cat?post=8675"},{"taxonomy":"product_tag","embeddable":true,"href":"https:\/\/aiviouvapes.com\/sv\/wp-json\/wp\/v2\/product_tag?post=8675"}],"curies":[{"name":"wp","href":"https:\/\/api.w.org\/{rel}","templated":true}]}}