{"id":75192,"date":"2025-10-20T15:11:38","date_gmt":"2025-10-20T07:11:38","guid":{"rendered":"https:\/\/aiviouvapes.com\/?post_type=product&#038;p=75192"},"modified":"2026-04-17T13:00:36","modified_gmt":"2026-04-17T05:00:36","slug":"vopk-four-flavors-80k-puffs-4-in-1-adjustable-flavor-bulk-disposable-vape","status":"publish","type":"product","link":"https:\/\/aiviouvapes.com\/sv\/product\/vopk-four-flavors-80k-puffs-4-in-1-adjustable-flavor-bulk-disposable-vape\/","title":{"rendered":"Vopk Four Flavors 80K Puffs | 4-i-1 justerbar smak bulk eng\u00e5ngs vape"},"content":{"rendered":"<h2>Vopk Four Flavors 80K Puffs | 4-i-1 justerbar smak bulk eng\u00e5ngs vape<\/h2>\n<p><!-- Long-Form Product Description --><\/p>\n<p><strong>Vopk Fyra smaker 80K puffar<\/strong> eng\u00e5ngsvape \u00e4r designad f\u00f6r smak\u00e4lskare och tunga anv\u00e4ndare. Med fyra justerbara smaker i en enda enhet, ett uppladdningsbart 650mAh-batteri och en imponerande kapacitet p\u00e5 80 000 puffar \u00e4r den perfekt f\u00f6r vape-butiker, grossister och entusiaster som s\u00f6ker h\u00f6gkvalitativa vapingupplevelser.<\/p>\n<p><!-- Why Choose Section --><\/p>\n<h3>Varf\u00f6r v\u00e4lja Vopk Four Flavors 80K Puffs? \ud83e\udd29<\/h3>\n<ul>\n<li>\ud83d\udca8 Upp till 80 000 puffar - l\u00e5ngvarig och perfekt f\u00f6r tunga anv\u00e4ndare<\/li>\n<li>\ud83c\udfa8 4 justerbara smaker - v\u00e4xla mellan smaker n\u00e4r som helst f\u00f6r ultimat variation<\/li>\n<li>\ud83d\udd0b 650 mAh uppladdningsbart batteri med USB Type-C-laddning f\u00f6r bekv\u00e4mlighet<\/li>\n<li>\ud83c\udf00 0,9\u03a9 n\u00e4tspole - ger mjuka moln och rik smak<\/li>\n<li>\ud83d\udcf1 LED-display - enkel \u00f6vervakning av batteri och antal puffar<\/li>\n<li>\ud83d\udce6 Bulkf\u00f6rpackning - 10 st per f\u00f6rpackning, perfekt f\u00f6r grossist- eller detaljhandelsf\u00f6rs\u00e4ljning<\/li>\n<li>\ud83c\udf08 10 unika smakkombinationer f\u00f6r att tillfredsst\u00e4lla alla smakpreferenser<\/li>\n<\/ul>\n<p><!-- Specifications Table --><\/p>\n<h3>Specifikationer \u2699\ufe0f<\/h3>\n<table>\n<tbody>\n<tr>\n<th>Funktion<\/th>\n<th>Detaljer<\/th>\n<\/tr>\n<tr>\n<td>Antal puffar<\/td>\n<td>Upp till 80.000 puffar<\/td>\n<\/tr>\n<tr>\n<td>Nikotinstyrka<\/td>\n<td>2% \/ 5%<\/td>\n<\/tr>\n<tr>\n<td>Smakmodi<\/td>\n<td>4 justerbara smaker<\/td>\n<\/tr>\n<tr>\n<td>Batteri<\/td>\n<td>650mAh uppladdningsbar<\/td>\n<\/tr>\n<tr>\n<td>Spole<\/td>\n<td>Spole med 0,9\u03a9 maskor<\/td>\n<\/tr>\n<tr>\n<td>LED-display<\/td>\n<td>Ja<\/td>\n<\/tr>\n<tr>\n<td>Port f\u00f6r laddning<\/td>\n<td>USB typ-C<\/td>\n<\/tr>\n<tr>\n<td>F\u00f6rpackning<\/td>\n<td>10 st\/f\u00f6rpackning<\/td>\n<\/tr>\n<\/tbody>\n<\/table>\n<p><!-- Flavors Section --><\/p>\n<h3>Smaker \ud83c\udf53\ud83c\udf79<\/h3>\n<p>Utforska 10 l\u00e4ckra smakkombinationer, var och en erbjuder 4 smaker i en enhet:<\/p>\n<ul>\n<li>Vattenmelonis \/ Trippelmelonis \/ Blue Razz-is \/ Jordgubbsglass<\/li>\n<li>Bl\u00e5b\u00e4r Hallon \/ Fuji Ice \/ Blandade b\u00e4r \/ Bl\u00e5b\u00e4r Kokosn\u00f6t Godis<\/li>\n<li>Jordgubb vattenmelon \/ tranb\u00e4r druva \/ mango is \/ jordgubb hallon godis<\/li>\n<li>Red Bull Ice \/ Passionsfrukt Kiwi Lime \/ Surt \u00e4pple hallon \/ Jordgubb vattenmelon Bubblegum<\/li>\n<li>Bl\u00e5b\u00e4rsis \/ Persika Mango Vattenmelon \/ Melon \u00c4pple \/ Fizzy K\u00f6rsb\u00e4rsis<\/li>\n<li>Jordgubb Mango \/ Jordgubb Kiwi \/ Vattenmelon Dragon Fruit \/ Gummibj\u00f6rn<\/li>\n<li>Love 66 \/ Hallon vattenmelon \/ Jordgubb hallon k\u00f6rsb\u00e4r \/ K\u00f6rsb\u00e4r Candy Ice<\/li>\n<li>Jordgubbe Banan \/ Ananas Kokosn\u00f6t Is \/ Mango Persika Aprikos \/ Aloe Mango Melon<\/li>\n<li>Rainbow Candy \/ Peach Ice \/ Lemon Sour Orange \/ Cranberry Lemon<\/li>\n<li>Kiwi Passionsfrukt Guava \/ Jordgubbar K\u00f6rsb\u00e4r \/ Druv Ice \/ Jordgubbar Godis<\/li>\n<\/ul>\n<p><!-- Conclusion --><\/p>\n<p>Perfekt f\u00f6r tunga anv\u00e4ndare, smakj\u00e4gare, vape-butiker och grossistdistribution, \u00e4r <strong>Vopk Fyra smaker 80K puffar<\/strong> erbjuder o\u00f6vertr\u00e4ffad bekv\u00e4mlighet, variation och h\u00f6gpresterande vaping. \ud83d\udca5\ud83c\udf79<\/p>\n<p><!-- FAQ Section --><\/p>\n<h3>VANLIGA FR\u00c5GOR \u2753<\/h3>\n<ul>\n<li><strong>Q:<\/strong> Kan jag byta smak under anv\u00e4ndning?<br \/>\n<strong>A:<\/strong> Ja! Det justerbara 4-i-1-smaksystemet g\u00f6r att du kan njuta av olika smaker n\u00e4r som helst. \ud83c\udfa8<\/li>\n<li><strong>Q:<\/strong> Hur m\u00e5nga puffar r\u00e4cker batteriet till?<br \/>\n<strong>A:<\/strong> Med ett uppladdningsbart batteri p\u00e5 650 mAh kan du njuta av ut\u00f6kad vaping och enkel laddning via USB Type-C. \ud83d\udd0b<\/li>\n<li><strong>Q:<\/strong> \u00c4r den h\u00e4r enheten p\u00e5fyllningsbar?<br \/>\n<strong>A:<\/strong> Nej, den \u00e4r f\u00f6r eng\u00e5ngsbruk men uppladdningsbar f\u00f6r l\u00e5ngvarig anv\u00e4ndning. \u267b\ufe0f<\/li>\n<li><strong>Q:<\/strong> Hur m\u00e5nga delar finns det i en f\u00f6rpackning?<br \/>\n<strong>A:<\/strong> Varje f\u00f6rpackning inneh\u00e5ller 10 st, perfekt f\u00f6r grossist- och detaljhandel. \ud83d\udce6<\/li>\n<li><strong>Q:<\/strong> Vem \u00e4r den h\u00e4r vape f\u00f6r?<br \/>\n<strong>A:<\/strong> Idealisk f\u00f6r tunga anv\u00e4ndare, smakj\u00e4gare, vape-butiker och distribut\u00f6rer. \ud83c\udf08<\/li>\n<\/ul>","protected":false},"excerpt":{"rendered":"<p>\ud83d\udca8 Njut av upp till 80 000 puffar med Vopk Four Flavors eng\u00e5ngs vape! 4 justerbara smaker, uppladdningsbara och perfekta f\u00f6r tunga anv\u00e4ndare eller grossistvape-distribut\u00f6rer. \ud83c\udf49\ud83c\udf53<\/p>","protected":false},"featured_media":75260,"comment_status":"open","ping_status":"closed","template":"","meta":[],"product_brand":[245],"product_cat":[39,137,146,138,141,143],"product_tag":[351,349,352,331,350],"class_list":{"0":"post-75192","1":"product","2":"type-product","3":"status-publish","4":"has-post-thumbnail","6":"product_brand-vopk","7":"product_cat-vopk","8":"product_cat-disposable-vapes-in-germany","9":"product_cat-disposable-vapes-in-hungary","10":"product_cat-disposable-vapes-in-ltaly","11":"product_cat-disposable-vapes-in-poland","12":"product_cat-disposable-vapes-in-spain","13":"product_tag-4-in-1-flavor-vape","14":"product_tag-bulk-disposable-vape","15":"product_tag-heavy-user-vape-device","16":"product_tag-rechargeable-disposable-vape","17":"product_tag-vopk-80k-puffs","19":"first","20":"instock","21":"shipping-taxable","22":"purchasable","23":"product-type-variable","24":"has-default-attributes"},"jetpack_sharing_enabled":true,"tiered_pricing_type":"fixed","tiered_pricing_fixed_rules":[],"tiered_pricing_product_settings":{"layout":"default","base_unit_name":{"singular":null,"plural":null},"default_variation":null},"tiered_pricing_minimum_quantity":1000,"tiered_pricing_roles_data":[],"tiered_pricing_percentage_rules":[],"tiered_pricing_maximum_quantity":null,"tiered_pricing_quantity_step":"10","_links":{"self":[{"href":"https:\/\/aiviouvapes.com\/sv\/wp-json\/wp\/v2\/product\/75192","targetHints":{"allow":["GET"]}}],"collection":[{"href":"https:\/\/aiviouvapes.com\/sv\/wp-json\/wp\/v2\/product"}],"about":[{"href":"https:\/\/aiviouvapes.com\/sv\/wp-json\/wp\/v2\/types\/product"}],"replies":[{"embeddable":true,"href":"https:\/\/aiviouvapes.com\/sv\/wp-json\/wp\/v2\/comments?post=75192"}],"wp:featuredmedia":[{"embeddable":true,"href":"https:\/\/aiviouvapes.com\/sv\/wp-json\/wp\/v2\/media\/75260"}],"wp:attachment":[{"href":"https:\/\/aiviouvapes.com\/sv\/wp-json\/wp\/v2\/media?parent=75192"}],"wp:term":[{"taxonomy":"product_brand","embeddable":true,"href":"https:\/\/aiviouvapes.com\/sv\/wp-json\/wp\/v2\/product_brand?post=75192"},{"taxonomy":"product_cat","embeddable":true,"href":"https:\/\/aiviouvapes.com\/sv\/wp-json\/wp\/v2\/product_cat?post=75192"},{"taxonomy":"product_tag","embeddable":true,"href":"https:\/\/aiviouvapes.com\/sv\/wp-json\/wp\/v2\/product_tag?post=75192"}],"curies":[{"name":"wp","href":"https:\/\/api.w.org\/{rel}","templated":true}]}}