{"id":6125,"date":"2024-08-20T07:18:05","date_gmt":"2024-08-19T23:18:05","guid":{"rendered":"https:\/\/aiviouvapes.com\/?post_type=product&#038;p=6125"},"modified":"2026-03-30T09:24:54","modified_gmt":"2026-03-30T01:24:54","slug":"fumot-randm-tornado-15000-puffs-disposable-wholesale","status":"publish","type":"product","link":"https:\/\/aiviouvapes.com\/sv\/product\/fumot-randm-tornado-15000-puffs-disposable-wholesale\/","title":{"rendered":"RandM Tornado 15000 Puffs | 0%-5% nikotin, 25mL, bulk eng\u00e5ngsvape"},"content":{"rendered":"<p><iframe title=\"VideoPress Videospelare\" aria-label='VideoPress Videospelare' width='1020' height='574' src='https:\/\/videopress.com\/embed\/7J21Jg3n?hd=0&amp;cover=1' frameborder='0' allowfullscreen allow='clipboard-write'><\/iframe><script src='https:\/\/v0.wordpress.com\/js\/next\/videopress-iframe.js?m=1739540970'><\/script><\/p>\n<h2>RandM Tornado 15000 puffar | 0% 2% 3% 5% nikotin, 25 ml e-v\u00e4tska, mesh-spole, typ-C uppladdningsbar, bulkk\u00f6p eng\u00e5ngsvape i grossistledet<\/h2>\n<h3>RandM Tornado 15000 Puff \u00d6versikt<\/h3>\n<ul>\n<li><strong>Ut\u00f6kad puffkapacitet<\/strong>: Upp till 15 000 puffar f\u00f6r l\u00e5ngvarig njutning och oslagbart v\u00e4rde.<\/li>\n<li><strong>Gener\u00f6s kapacitet f\u00f6r e-v\u00e4tska<\/strong>: 25 ml f\u00f6rfylld beh\u00e5llare minimerar antalet p\u00e5fyllningar och maximerar bekv\u00e4mligheten.<\/li>\n<li><strong>Robust batteri<\/strong>: 850mAh uppladdningsbart batteri f\u00f6r l\u00e4ngre vaping-sessioner med minimal stillest\u00e5ndstid.<\/li>\n<li><strong>Alternativ f\u00f6r nikotin<\/strong>: Tillg\u00e4nglig i 0%, 2%, 3% och 5% nikotinkoncentrationer f\u00f6r att m\u00f6ta olika preferenser.<\/li>\n<li><strong>Avancerad n\u00e4tspole<\/strong>: 0,9\u03a9 motst\u00e5ndsspole ger j\u00e4mn, konsekvent \u00e5nga och rik smak.<\/li>\n<li><strong>Snabbladdning<\/strong>: Typ-C-port f\u00f6r snabb laddning, s\u00e5 att du alltid \u00e4r redo att anv\u00e4nda mobilen.<\/li>\n<\/ul>\n<h3>RandM Tornado 15000 Puff Funktioner<\/h3>\n<ul>\n<li><strong>Enast\u00e5ende l\u00e5ng livsl\u00e4ngd<\/strong>: 15 000 puffar per enhet f\u00f6r en f\u00f6rstklassig och l\u00e5ngvarig vapingupplevelse.<\/li>\n<li><strong>B\u00e4rbar och kompakt<\/strong>: Den eleganta designen g\u00f6r den l\u00e4tt att b\u00e4ra med sig, perfekt f\u00f6r vaping n\u00e4r du \u00e4r p\u00e5 spr\u00e5ng.<\/li>\n<li><strong>Smidig anv\u00e4ndning<\/strong>: Eng\u00e5ngsdesign utan behov av underh\u00e5ll eller p\u00e5fyllning.<\/li>\n<li><strong>Uppladdningsbart batteri<\/strong>: Snabb och effektiv typ C-laddning f\u00f6r minimal stillest\u00e5ndstid.<\/li>\n<\/ul>\n<h3>RandM Tornado 15000 Puff Smakval<\/h3>\n<p>Blue Razz Lemonade, Peach Ice, Sour Apple, Watermelon Ice, Blueberry On Ice, Mixed Berry, Dragon Fruit, Cherry Cola, Gummy Bear, Strawberry Kiwi<\/p>\n<h3>Varf\u00f6r v\u00e4lja RandM Tornado 15000 Puffs Pro?<\/h3>\n<p>RandM Tornado 15000 Puffs Pro kombinerar prestanda med h\u00f6g kapacitet med ett omfattande smakutbud, vilket ger en premium, l\u00e5ngvarig vapingupplevelse. Med upp till 15 000 puffar, ett uppladdningsbart batteri och en snygg, b\u00e4rbar design \u00e4r den h\u00e4r enheten utformad f\u00f6r vapers som v\u00e4rdes\u00e4tter b\u00e5de bekv\u00e4mlighet och kvalitet. Tornado 15000 Puffs Pro \u00e4r tillg\u00e4nglig f\u00f6r bulkgrossister och \u00e4r idealisk f\u00f6r \u00e5terf\u00f6rs\u00e4ljare som s\u00f6ker en h\u00f6gkvalitativ, smakrik produkt som sticker ut. F\u00f6rb\u00e4ttra ditt erbjudande med RandM Tornado 15000 Puffs Pro och ge dina kunder en exceptionell vapingupplevelse.<\/p>\n<p><a href=\"https:\/\/i0.wp.com\/aiviouvapes.com\/wp-content\/uploads\/2024\/08\/RandM-Tornado-15000-Puffs-10.webp?ssl=1\"><img data-recalc-dims=\"1\" loading=\"lazy\" decoding=\"async\" class=\"alignnone size-full wp-image-8229\" title=\"RandM Tornado 15000 Puffs 0% 2% 3% 5% Nikotin Bulkk\u00f6p Eng\u00e5ngs Vape Partihandel\" src=\"https:\/\/i0.wp.com\/aiviouvapes.com\/wp-content\/uploads\/2024\/08\/RandM-Tornado-15000-Puffs-10.webp?resize=1020%2C531&#038;ssl=1\" alt=\"RandM Tornado 15000 Puffs 0% 2% 3% 5% Nikotin Bulkk\u00f6p Eng\u00e5ngs Vape Partihandel\" width=\"1020\" height=\"531\" srcset=\"https:\/\/i0.wp.com\/aiviouvapes.com\/wp-content\/uploads\/2024\/08\/RandM-Tornado-15000-Puffs-10.webp?w=1400&amp;ssl=1 1400w, https:\/\/i0.wp.com\/aiviouvapes.com\/wp-content\/uploads\/2024\/08\/RandM-Tornado-15000-Puffs-10.webp?resize=300%2C156&amp;ssl=1 300w, https:\/\/i0.wp.com\/aiviouvapes.com\/wp-content\/uploads\/2024\/08\/RandM-Tornado-15000-Puffs-10.webp?resize=1024%2C533&amp;ssl=1 1024w, https:\/\/i0.wp.com\/aiviouvapes.com\/wp-content\/uploads\/2024\/08\/RandM-Tornado-15000-Puffs-10.webp?resize=768%2C400&amp;ssl=1 768w, https:\/\/i0.wp.com\/aiviouvapes.com\/wp-content\/uploads\/2024\/08\/RandM-Tornado-15000-Puffs-10.webp?resize=18%2C9&amp;ssl=1 18w, https:\/\/i0.wp.com\/aiviouvapes.com\/wp-content\/uploads\/2024\/08\/RandM-Tornado-15000-Puffs-10.webp?resize=800%2C417&amp;ssl=1 800w\" sizes=\"auto, (max-width: 1020px) 100vw, 1020px\" \/><\/a><\/p>\n<h3>Varf\u00f6r v\u00e4lja AiviouVapes<\/h3>\n<p>V\u00e4lkommen till <a href=\"https:\/\/aiviouvapes.com\/sv\/\">AiviouVapes<\/a> - din p\u00e5litliga k\u00e4lla f\u00f6r premium, prisv\u00e4rda <a href=\"https:\/\/aiviouvapes.com\/sv\/shop\/\">eng\u00e5ngsvapor f\u00f6r grossist<\/a> till riktigt l\u00e5ga priser. Med \u00f6ver fem \u00e5rs expertis inom vape-industrin erbjuder vi stolt ett handplockat urval av ledande varum\u00e4rken, inklusive <a href=\"https:\/\/aiviouvapes.com\/sv\/produkt-kategori\/waspe\/\">WASPE<\/a>, <a href=\"https:\/\/aiviouvapes.com\/sv\/produkt-kategori\/bang\/\">Bang Vape<\/a>, <a href=\"https:\/\/aiviouvapes.com\/sv\/produkt-kategori\/vapme-vapes\/\">Vapme<\/a>, och <a href=\"https:\/\/aiviouvapes.com\/sv\/produkt-kategori\/mrvi\/\">MRVI<\/a>.<\/p>\n<p>Fr\u00e5n h\u00f6gpoppande enheter som <a href=\"https:\/\/aiviouvapes.com\/sv\/produkt\/waspe-4-in-1-100000-puffs\/\">WASPE 100K 4-i-1-smak<\/a> till dj\u00e4rva favoriter som t.ex. <a href=\"https:\/\/aiviouvapes.com\/sv\/produkt\/bang-king-triple-flavors-85000\/\">Bang 85.000 Triple Puff<\/a>och till och med den sp\u00e4nnande <a class=\"woocommerce-LoopProduct-link woocommerce-loop-product__link\" href=\"https:\/\/aiviouvapes.com\/sv\/produkt\/mystery-vape-blind-box\/\">Mystery Vape Box f\u00f6r eng\u00e5ngsbruk<\/a>Varje produkt \u00e4r utvald f\u00f6r h\u00f6gsta kvalitet och oslagbart v\u00e4rde. P\u00e5 AiviouVapes f\u00e5r du bra service, grossistbesparingar och en kollektion som \u00e4r utformad f\u00f6r att passa dina vapingbehov.<\/p>\n<div class=\"row row-large row-full-width align-middle\"  id=\"row-1739676015\">\n\n\n\t<div id=\"col-1995256092\" class=\"col medium-3 small-6 large-3\"  >\n\t\t\t\t<div class=\"col-inner text-center\"  >\n\t\t\t\n\t\t\t\n\n\n\t\t<div class=\"icon-box featured-box icon-box-top text-left\"  >\n\t\t\t\t\t<div class=\"icon-box-img\" style=\"width: 90px\">\n\t\t\t\t<div class=\"icon\">\n\t\t\t\t\t<div class=\"icon-inner\" >\n\t\t\t\t\t\t<img loading=\"lazy\" decoding=\"async\" width=\"200\" height=\"200\" src=\"https:\/\/i0.wp.com\/aiviouvapes.com\/wp-content\/uploads\/2024\/08\/vape-1-1.png?fit=200%2C200&amp;ssl=1\" class=\"attachment-medium size-medium\" alt=\"Varf\u00f6r v\u00e4lja AIVIOUVAPES\" srcset=\"https:\/\/i0.wp.com\/aiviouvapes.com\/wp-content\/uploads\/2024\/08\/vape-1-1.png?w=200&amp;ssl=1 200w, https:\/\/i0.wp.com\/aiviouvapes.com\/wp-content\/uploads\/2024\/08\/vape-1-1.png?resize=150%2C150&amp;ssl=1 150w, https:\/\/i0.wp.com\/aiviouvapes.com\/wp-content\/uploads\/2024\/08\/vape-1-1.png?resize=12%2C12&amp;ssl=1 12w, https:\/\/i0.wp.com\/aiviouvapes.com\/wp-content\/uploads\/2024\/08\/vape-1-1.png?resize=100%2C100&amp;ssl=1 100w\" sizes=\"auto, (max-width: 200px) 100vw, 200px\" title=\"\">\t\t\t\t\t<\/div>\n\t\t\t\t<\/div>\n\t\t\t<\/div>\n\t\t\t\t<div class=\"icon-box-text last-reset\">\n\t\t\t\t\t\t\t\t\t\n\n\t<div id=\"text-2656315856\" class=\"text\">\n\t\t\n\n<h3 style=\"text-align: center;\">Omfattande Vape Variety<\/h3>\n<p style=\"text-align: center;\">Uppt\u00e4ck v\u00e5rt breda utbud av produkter, tillverkade f\u00f6r att passa alla \u00f6nskem\u00e5l.<\/p>\n\t\t\n<style>\n#text-2656315856 {\n  font-size: 0.9rem;\n}\n<\/style>\n\t<\/div>\n\t\n\n\t\t<\/div>\n\t<\/div>\n\t\n\t\n\n\t\t<\/div>\n\t\t\t\t\t<\/div>\n\n\t\n\n\t<div id=\"col-1793534070\" class=\"col medium-3 small-6 large-3\"  >\n\t\t\t\t<div class=\"col-inner text-center\"  >\n\t\t\t\n\t\t\t\n\n\n\t\t<div class=\"icon-box featured-box icon-box-top text-left\"  >\n\t\t\t\t\t<div class=\"icon-box-img\" style=\"width: 90px\">\n\t\t\t\t<div class=\"icon\">\n\t\t\t\t\t<div class=\"icon-inner\" >\n\t\t\t\t\t\t<img loading=\"lazy\" decoding=\"async\" width=\"200\" height=\"200\" src=\"https:\/\/i0.wp.com\/aiviouvapes.com\/wp-content\/uploads\/2024\/08\/save-money-1-1-1.png?fit=200%2C200&amp;ssl=1\" class=\"attachment-medium size-medium\" alt=\"Varf\u00f6r v\u00e4lja AIVIOUVAPES\" srcset=\"https:\/\/i0.wp.com\/aiviouvapes.com\/wp-content\/uploads\/2024\/08\/save-money-1-1-1.png?w=200&amp;ssl=1 200w, https:\/\/i0.wp.com\/aiviouvapes.com\/wp-content\/uploads\/2024\/08\/save-money-1-1-1.png?resize=150%2C150&amp;ssl=1 150w, https:\/\/i0.wp.com\/aiviouvapes.com\/wp-content\/uploads\/2024\/08\/save-money-1-1-1.png?resize=12%2C12&amp;ssl=1 12w, https:\/\/i0.wp.com\/aiviouvapes.com\/wp-content\/uploads\/2024\/08\/save-money-1-1-1.png?resize=100%2C100&amp;ssl=1 100w\" sizes=\"auto, (max-width: 200px) 100vw, 200px\" title=\"\">\t\t\t\t\t<\/div>\n\t\t\t\t<\/div>\n\t\t\t<\/div>\n\t\t\t\t<div class=\"icon-box-text last-reset\">\n\t\t\t\t\t\t\t\t\t\n\n\t<div id=\"text-888195266\" class=\"text\">\n\t\t\n\n<h3 style=\"text-align: center;\">Oslagbart v\u00e4rde<\/h3>\n<p style=\"text-align: center;\">Njut av produkter av h\u00f6gsta kvalitet till priser som passar din budget.<\/p>\n\t\t\n<style>\n#text-888195266 {\n  font-size: 0.9rem;\n}\n<\/style>\n\t<\/div>\n\t\n\n\t\t<\/div>\n\t<\/div>\n\t\n\t\n\n\t\t<\/div>\n\t\t\t\t\t<\/div>\n\n\t\n\n\t<div id=\"col-988288562\" class=\"col medium-3 small-6 large-3\"  >\n\t\t\t\t<div class=\"col-inner text-center\"  >\n\t\t\t\n\t\t\t\n\n\n\t\t<div class=\"icon-box featured-box icon-box-top text-left\"  >\n\t\t\t\t\t<div class=\"icon-box-img\" style=\"width: 90px\">\n\t\t\t\t<div class=\"icon\">\n\t\t\t\t\t<div class=\"icon-inner\" >\n\t\t\t\t\t\t<img loading=\"lazy\" decoding=\"async\" width=\"200\" height=\"200\" src=\"https:\/\/i0.wp.com\/aiviouvapes.com\/wp-content\/uploads\/2024\/08\/delivery-truck-1-1.png?fit=200%2C200&amp;ssl=1\" class=\"attachment-medium size-medium\" alt=\"Varf\u00f6r v\u00e4lja AIVIOUVAPES\" srcset=\"https:\/\/i0.wp.com\/aiviouvapes.com\/wp-content\/uploads\/2024\/08\/delivery-truck-1-1.png?w=200&amp;ssl=1 200w, https:\/\/i0.wp.com\/aiviouvapes.com\/wp-content\/uploads\/2024\/08\/delivery-truck-1-1.png?resize=150%2C150&amp;ssl=1 150w, https:\/\/i0.wp.com\/aiviouvapes.com\/wp-content\/uploads\/2024\/08\/delivery-truck-1-1.png?resize=12%2C12&amp;ssl=1 12w, https:\/\/i0.wp.com\/aiviouvapes.com\/wp-content\/uploads\/2024\/08\/delivery-truck-1-1.png?resize=100%2C100&amp;ssl=1 100w\" sizes=\"auto, (max-width: 200px) 100vw, 200px\" title=\"\">\t\t\t\t\t<\/div>\n\t\t\t\t<\/div>\n\t\t\t<\/div>\n\t\t\t\t<div class=\"icon-box-text last-reset\">\n\t\t\t\t\t\t\t\t\t\n\n\t<div id=\"text-621222740\" class=\"text\">\n\t\t\n\n<h3 style=\"text-align: center;\">Snabb Global Frakt<\/h3>\n<p style=\"text-align: center;\">Vi levererar \u00f6ver hela v\u00e4rlden med garanterad tullklarering f\u00f6r en s\u00f6ml\u00f6s upplevelse.<\/p>\n\t\t\n<style>\n#text-621222740 {\n  font-size: 0.9rem;\n}\n<\/style>\n\t<\/div>\n\t\n\n\t\t<\/div>\n\t<\/div>\n\t\n\t\n\n\t\t<\/div>\n\t\t\t\t\t<\/div>\n\n\t\n\n\t<div id=\"col-458606393\" class=\"col medium-3 small-6 large-3\"  >\n\t\t\t\t<div class=\"col-inner text-center\"  >\n\t\t\t\n\t\t\t\n\n\n\t\t<div class=\"icon-box featured-box icon-box-top text-left\"  >\n\t\t\t\t\t<div class=\"icon-box-img\" style=\"width: 90px\">\n\t\t\t\t<div class=\"icon\">\n\t\t\t\t\t<div class=\"icon-inner\" >\n\t\t\t\t\t\t<img loading=\"lazy\" decoding=\"async\" width=\"200\" height=\"200\" src=\"https:\/\/i0.wp.com\/aiviouvapes.com\/wp-content\/uploads\/2024\/08\/support-1-1.png?fit=200%2C200&amp;ssl=1\" class=\"attachment-medium size-medium\" alt=\"Varf\u00f6r v\u00e4lja AIVIOUVAPES\" srcset=\"https:\/\/i0.wp.com\/aiviouvapes.com\/wp-content\/uploads\/2024\/08\/support-1-1.png?w=200&amp;ssl=1 200w, https:\/\/i0.wp.com\/aiviouvapes.com\/wp-content\/uploads\/2024\/08\/support-1-1.png?resize=150%2C150&amp;ssl=1 150w, https:\/\/i0.wp.com\/aiviouvapes.com\/wp-content\/uploads\/2024\/08\/support-1-1.png?resize=12%2C12&amp;ssl=1 12w, https:\/\/i0.wp.com\/aiviouvapes.com\/wp-content\/uploads\/2024\/08\/support-1-1.png?resize=100%2C100&amp;ssl=1 100w\" sizes=\"auto, (max-width: 200px) 100vw, 200px\" title=\"\">\t\t\t\t\t<\/div>\n\t\t\t\t<\/div>\n\t\t\t<\/div>\n\t\t\t\t<div class=\"icon-box-text last-reset\">\n\t\t\t\t\t\t\t\t\t\n\n\t<div id=\"text-4235430283\" class=\"text\">\n\t\t\n\n<h3 style=\"text-align: center;\">Assistans dygnet runt<\/h3>\n<p style=\"text-align: center;\">N\u00e5 v\u00e5rt supportteam n\u00e4r som helst, 24\/7, via WhatsApp eller e-post.<\/p>\n\t\t\n<style>\n#text-4235430283 {\n  font-size: 0.9rem;\n}\n<\/style>\n\t<\/div>\n\t\n\n\t\t<\/div>\n\t<\/div>\n\t\n\t\n\n\t\t<\/div>\n\t\t\t\t\t<\/div>\n\n\t\n\n<\/div>\n<div class=\"row row-full-width align-middle\"  id=\"row-1392423583\">\n\n\n\t<div id=\"col-258033557\" class=\"col medium-6 small-12 large-6\"  >\n\t\t\t\t<div class=\"col-inner\"  >\n\t\t\t\n\t\t\t\n\n\t<div class=\"img has-hover x md-x lg-x y md-y lg-y\" id=\"image_865300670\">\n\t\t\t\t\t\t\t\t<div class=\"img-inner dark\" >\n\t\t\t<img loading=\"lazy\" decoding=\"async\" width=\"930\" height=\"1024\" src=\"https:\/\/i0.wp.com\/aiviouvapes.com\/wp-content\/uploads\/2024\/08\/%E6%8B%BC%E5%9B%BE.jpg?fit=930%2C1024&amp;ssl=1\" class=\"attachment-large size-large\" alt=\"Varf\u00f6r v\u00e4lja AIVIOUVAPES\" title=\"\">\t\t\t\t\t\t\n\t\t\t\t\t<\/div>\n\t\t\t\t\t\t\t\t\n<style>\n#image_865300670 {\n  width: 100%;\n}\n<\/style>\n\t<\/div>\n\t\n\n\n\t\t<\/div>\n\t\t\t\t\t<\/div>\n\n\t\n\n\t<div id=\"col-1064250008\" class=\"col medium-6 small-12 large-6\"  >\n\t\t\t\t<div class=\"col-inner\"  >\n\t\t\t\n\t\t\t\n\n<div class=\"container section-title-container\" ><h4 class=\"section-title section-title-normal\"><b aria-hidden=\"true\"><\/b><span class=\"section-title-main\" style=\"font-size:91%;\">V\u00e5ra f\u00f6rdelar<\/span><b aria-hidden=\"true\"><\/b><\/h4><\/div>\n\n<div class=\"accordion\">\n\n\t<div id=\"accordion-2622837235\" class=\"accordion-item\">\n\t\t<a id=\"accordion-2622837235-label\" class=\"accordion-title plain\" href=\"#accordion-item-commitment-to-quality\" aria-expanded=\"false\" aria-controls=\"accordion-2622837235-content\">\n\t\t\t<button class=\"toggle\" aria-label=\"Toggle\"><i class=\"icon-angle-down\" aria-hidden=\"true\"><\/i><\/button>\n\t\t\t<span>Engagemang f\u00f6r kvalitet<\/span>\n\t\t<\/a>\n\t\t<div id=\"accordion-2622837235-content\" class=\"accordion-inner\" aria-labelledby=\"accordion-2622837235-label\">\n\t\t\t\n\n<p>Vid <a href=\"https:\/\/aiviouvapes.com\/sv\/\">AiviouVape<\/a>, kvalitet driver allt vi g\u00f6r. V\u00e5ra eng\u00e5ngsvapor \u00e4r noggrant tillverkade och noggrant testade f\u00f6r att uppfylla de h\u00f6gsta standarderna, vilket s\u00e4kerst\u00e4ller en smidig, p\u00e5litlig vapingupplevelse varje g\u00e5ng. Med v\u00e5rt engagemang f\u00f6r noll defekter och noll klagom\u00e5l kan du lita p\u00e5 att du f\u00e5r det b\u00e4sta.<\/p>\n\n\t\t<\/div>\n\t<\/div>\n\t\n\t<div id=\"accordion-1221380029\" class=\"accordion-item\">\n\t\t<a id=\"accordion-1221380029-label\" class=\"accordion-title plain\" href=\"#accordion-item-diverse-range-of-products\" aria-expanded=\"false\" aria-controls=\"accordion-1221380029-content\">\n\t\t\t<button class=\"toggle\" aria-label=\"Toggle\"><i class=\"icon-angle-down\" aria-hidden=\"true\"><\/i><\/button>\n\t\t\t<span>Brett utbud av produkter<\/span>\n\t\t<\/a>\n\t\t<div id=\"accordion-1221380029-content\" class=\"accordion-inner\" aria-labelledby=\"accordion-1221380029-label\">\n\t\t\t\n\n<p>Vi \u00e4r stolta \u00f6ver att kunna erbjuda ett brett utbud av premium eng\u00e5ngsvapor f\u00f6r att passa alla preferenser. Fr\u00e5n de senaste innovationerna till fansens l\u00e5ngvariga favoriter, v\u00e5rt urval inneh\u00e5ller p\u00e5litliga varum\u00e4rken som Waspe, Vapme, RandM Tornado, Bang Box, ELF Box och Bang King. Oavsett om du s\u00f6ker de dj\u00e4rva smakerna fr\u00e5n Vapme eller den snygga designen fr\u00e5n RandM Tornado, \u00e4r v\u00e5r kollektion utformad f\u00f6r att hj\u00e4lpa dig att uppt\u00e4cka den perfekta vape som matchar din smak och livsstil.<\/p>\n\n\n\t\t<\/div>\n\t<\/div>\n\t\n\t<div id=\"accordion-3425887155\" class=\"accordion-item\">\n\t\t<a id=\"accordion-3425887155-label\" class=\"accordion-title plain\" href=\"#accordion-item-wholesale-and-retail-solutions\" aria-expanded=\"false\" aria-controls=\"accordion-3425887155-content\">\n\t\t\t<button class=\"toggle\" aria-label=\"Toggle\"><i class=\"icon-angle-down\" aria-hidden=\"true\"><\/i><\/button>\n\t\t\t<span>L\u00f6sningar f\u00f6r parti- och detaljhandel<\/span>\n\t\t<\/a>\n\t\t<div id=\"accordion-3425887155-content\" class=\"accordion-inner\" aria-labelledby=\"accordion-3425887155-label\">\n\t\t\t\n\n<p>AiviouVape uppfyller kraven fr\u00e5n b\u00e5de detaljhandels- och grossistkunder och levererar exceptionella produkter och tj\u00e4nster varje g\u00e5ng. Om du \u00e4r ny hos oss rekommenderar vi att du b\u00f6rjar med ett litet parti f\u00f6r att uppleva v\u00e5r kvalitet fr\u00e5n f\u00f6rsta hand. Med konkurrenskraftiga priser och premiumstandarder \u00e4r vi det p\u00e5litliga valet inom eng\u00e5ngsvapebranschen.\u00a0<\/p>\n\n\t\t<\/div>\n\t<\/div>\n\t\n\t<div id=\"accordion-1557205704\" class=\"accordion-item\">\n\t\t<a id=\"accordion-1557205704-label\" class=\"accordion-title plain\" href=\"#accordion-item-continuous-improvement\" aria-expanded=\"false\" aria-controls=\"accordion-1557205704-content\">\n\t\t\t<button class=\"toggle\" aria-label=\"Toggle\"><i class=\"icon-angle-down\" aria-hidden=\"true\"><\/i><\/button>\n\t\t\t<span>Kontinuerlig f\u00f6rb\u00e4ttring<\/span>\n\t\t<\/a>\n\t\t<div id=\"accordion-1557205704-content\" class=\"accordion-inner\" aria-labelledby=\"accordion-1557205704-label\">\n\t\t\t\n\n<p>Det som skiljer AiviouVape \u00e4r v\u00e5rt engagemang f\u00f6r exceptionell kundservice. Oavsett om du beh\u00f6ver r\u00e5d innan k\u00f6p eller hj\u00e4lp med en best\u00e4llning \u00e4r v\u00e5rt team alltid tillg\u00e4ngligt via WhatsApp eller e-post. Vi str\u00e4var efter att bygga varaktiga relationer med v\u00e5ra kunder, f\u00f6r att s\u00e4kerst\u00e4lla din tillfredsst\u00e4llelse varje steg p\u00e5 v\u00e4gen.<\/p>\n\n\t\t<\/div>\n\t<\/div>\n\t\n\t<div id=\"accordion-4285560302\" class=\"accordion-item\">\n\t\t<a id=\"accordion-4285560302-label\" class=\"accordion-title plain\" href=\"#accordion-item-quality-assurance\" aria-expanded=\"false\" aria-controls=\"accordion-4285560302-content\">\n\t\t\t<button class=\"toggle\" aria-label=\"Toggle\"><i class=\"icon-angle-down\" aria-hidden=\"true\"><\/i><\/button>\n\t\t\t<span>Kvalitetss\u00e4kring<\/span>\n\t\t<\/a>\n\t\t<div id=\"accordion-4285560302-content\" class=\"accordion-inner\" aria-labelledby=\"accordion-4285560302-label\">\n\t\t\t\n\n<p>I varje steg \u2013 produktutveckling, produktion, marknadsf\u00f6ring och distribution \u2013 viftar aldrig v\u00e5rt engagemang f\u00f6r kvalitet. V\u00e5ra eng\u00e5ngsvapor genomg\u00e5r rigor\u00f6sa tester f\u00f6r att s\u00e4kerst\u00e4lla att de \u00e4r giftfria, rena och ger exceptionell smak. Detta engagemang f\u00f6r excellens utg\u00f6r ryggraden i v\u00e5r f\u00f6retagskultur.<\/p>\n\n\t\t<\/div>\n\t<\/div>\n\t\n\t<div id=\"accordion-1847265045\" class=\"accordion-item\">\n\t\t<a id=\"accordion-1847265045-label\" class=\"accordion-title plain\" href=\"#accordion-item-efficient-logistics-and-delivery\" aria-expanded=\"false\" aria-controls=\"accordion-1847265045-content\">\n\t\t\t<button class=\"toggle\" aria-label=\"Toggle\"><i class=\"icon-angle-down\" aria-hidden=\"true\"><\/i><\/button>\n\t\t\t<span>Effektiv logistik och leverans<\/span>\n\t\t<\/a>\n\t\t<div id=\"accordion-1847265045-content\" class=\"accordion-inner\" aria-labelledby=\"accordion-1847265045-label\">\n\t\t\t\n\n<p>AiviouVape tillhandah\u00e5ller effektiv logistik och leverans, inklusive DDP (Delivered Duty Paid)-tj\u00e4nster, vilket s\u00e4kerst\u00e4ller s\u00f6ml\u00f6s tullklarering utan n\u00e5gra avgifter eller skatter. Med snabb leverans och exceptionell kundsupport erbjuder vi en smidig och p\u00e5litlig upplevelse, vilket g\u00f6r oss till en p\u00e5litlig partner i branschen.<\/p>\n\n\t\t<\/div>\n\t<\/div>\n\t\n\t<div id=\"accordion-1188995317\" class=\"accordion-item\">\n\t\t<a id=\"accordion-1188995317-label\" class=\"accordion-title plain\" href=\"#accordion-item-odm-and-oem-services\" aria-expanded=\"false\" aria-controls=\"accordion-1188995317-content\">\n\t\t\t<button class=\"toggle\" aria-label=\"Toggle\"><i class=\"icon-angle-down\" aria-hidden=\"true\"><\/i><\/button>\n\t\t\t<span>ODM- och OEM-tj\u00e4nster<\/span>\n\t\t<\/a>\n\t\t<div id=\"accordion-1188995317-content\" class=\"accordion-inner\" aria-labelledby=\"accordion-1188995317-label\">\n\t\t\t\n\n<p>AiviouVapes erbjuder fullst\u00e4ndiga tj\u00e4nster f\u00f6r ODM (Original Design Manufacturing) och OEM (Original Equipment Manufacturing). Med tv\u00e5 stora anl\u00e4ggningar hj\u00e4lper vi kunder att designa unika produkter och i\u00f6gonfallande logotyper f\u00f6r f\u00f6rpackningar. Vi tillhandah\u00e5ller ocks\u00e5 gratis v\u00e4gledning f\u00f6r f\u00f6rpackningsdesign och st\u00f6djer kunder som packar sina egna produkter, vilket s\u00e4kerst\u00e4ller att deras varum\u00e4rke lyser p\u00e5 marknaden.<\/p>\n\n\t\t<\/div>\n\t<\/div>\n\t\n\n<\/div>\n\n\t\t<\/div>\n\t\t\t\t\t<\/div>\n\n\t\n\n<\/div>","protected":false},"excerpt":{"rendered":"<p>RandM Tornado 15000 Puff ger upp till 15 000 puffar med en kapacitet p\u00e5 25 ml e-juice och nikotinniv\u00e5er p\u00e5 0%, 2%, 3% eller 5%. Utrustad med ett 850mAh uppladdningsbart batteri, 0,9\u03a9 mesh coils och snabb Type-C laddning, garanterar den j\u00e4mn \u00e5nga och njutning hela dagen.<\/p>","protected":false},"featured_media":8991,"comment_status":"open","ping_status":"closed","template":"","meta":[],"product_brand":[231],"product_cat":[35,126,320,90,117,76,134,135,133,136,137,146,138,139,140,141,142,143,144,145,132,82],"product_tag":[],"class_list":{"0":"post-6125","1":"product","2":"type-product","3":"status-publish","4":"has-post-thumbnail","6":"product_brand-randm","7":"product_cat-randm","8":"product_cat-15000-puffs-disposable-vape","9":"product_cat-best-disposable-vapes","10":"product_cat-big-puffs-vapes","11":"product_cat-different-puffs-of-diposable-vapes","12":"product_cat-disposable-vape-types","13":"product_cat-disposable-vapes-in-austria","14":"product_cat-disposable-vapes-in-belgium","15":"product_cat-disposable-vapes-in-europe","16":"product_cat-disposable-vapes-in-france","17":"product_cat-disposable-vapes-in-germany","18":"product_cat-disposable-vapes-in-hungary","19":"product_cat-disposable-vapes-in-ltaly","20":"product_cat-disposable-vapes-in-netherlands","21":"product_cat-disposable-vapes-in-norway","22":"product_cat-disposable-vapes-in-poland","23":"product_cat-disposable-vapes-in-portugal","24":"product_cat-disposable-vapes-in-spain","25":"product_cat-disposable-vapes-in-sweden","26":"product_cat-disposable-vapes-in-switzerland","27":"product_cat-rechargeable-vapes","28":"product_cat-smart-screen-vapes","30":"first","31":"instock","32":"shipping-taxable","33":"purchasable","34":"product-type-variable","35":"has-default-attributes"},"jetpack_sharing_enabled":true,"tiered_pricing_type":"fixed","tiered_pricing_fixed_rules":{"30":8.6899999999999995026200849679298698902130126953125,"50":7.519999999999999573674358543939888477325439453125,"100":6.7400000000000002131628207280300557613372802734375,"200":6.21999999999999975131004248396493494510650634765625,"400":5.769999999999999573674358543939888477325439453125},"tiered_pricing_product_settings":{"layout":"default","base_unit_name":{"singular":null,"plural":null},"default_variation":null},"tiered_pricing_minimum_quantity":10,"tiered_pricing_roles_data":[],"tiered_pricing_percentage_rules":[],"tiered_pricing_maximum_quantity":null,"tiered_pricing_quantity_step":"10","_links":{"self":[{"href":"https:\/\/aiviouvapes.com\/sv\/wp-json\/wp\/v2\/product\/6125","targetHints":{"allow":["GET"]}}],"collection":[{"href":"https:\/\/aiviouvapes.com\/sv\/wp-json\/wp\/v2\/product"}],"about":[{"href":"https:\/\/aiviouvapes.com\/sv\/wp-json\/wp\/v2\/types\/product"}],"replies":[{"embeddable":true,"href":"https:\/\/aiviouvapes.com\/sv\/wp-json\/wp\/v2\/comments?post=6125"}],"wp:featuredmedia":[{"embeddable":true,"href":"https:\/\/aiviouvapes.com\/sv\/wp-json\/wp\/v2\/media\/8991"}],"wp:attachment":[{"href":"https:\/\/aiviouvapes.com\/sv\/wp-json\/wp\/v2\/media?parent=6125"}],"wp:term":[{"taxonomy":"product_brand","embeddable":true,"href":"https:\/\/aiviouvapes.com\/sv\/wp-json\/wp\/v2\/product_brand?post=6125"},{"taxonomy":"product_cat","embeddable":true,"href":"https:\/\/aiviouvapes.com\/sv\/wp-json\/wp\/v2\/product_cat?post=6125"},{"taxonomy":"product_tag","embeddable":true,"href":"https:\/\/aiviouvapes.com\/sv\/wp-json\/wp\/v2\/product_tag?post=6125"}],"curies":[{"name":"wp","href":"https:\/\/api.w.org\/{rel}","templated":true}]}}