{"id":5353,"date":"2024-08-19T03:51:49","date_gmt":"2024-08-18T19:51:49","guid":{"rendered":"https:\/\/aiviouvapes.com\/?post_type=product&#038;p=5353"},"modified":"2026-04-17T13:01:41","modified_gmt":"2026-04-17T05:01:41","slug":"aivono-winner-6000-puffs-disposable-wholesale","status":"publish","type":"product","link":"https:\/\/aiviouvapes.com\/sv\/product\/aivono-winner-6000-puffs-disposable-wholesale\/","title":{"rendered":"AIVONO Winner 6000 Puffs | 0%-5% nikotin, 26mL, dual mesh, LCD display, bulk vape"},"content":{"rendered":"<h2>AIVONO Vinnare 6000 bloss | 0% 2% 3% 5% nikotin, 26ml e-v\u00e4tska, dubbla mesh-spolar, LCD-sk\u00e4rm, typ C uppladdningsbar, bulkk\u00f6p eng\u00e5ngsvape i grossistledet<\/h2>\n<h3>AIVONO WINNER 6000 Puffs \u00d6versikt och funktioner<\/h3>\n<p>AIVONO WINNER 6000 puffarna \u00e4r designade f\u00f6r att ge ut\u00f6kad tillfredsst\u00e4llelse och erbjuder upp till 6000 puffar med en gener\u00f6s 15 ml e-juicekapacitet som minskar behovet av frekventa p\u00e5fyllningar. Drivs av ett 600mAh uppladdningsbart batteri, den h\u00e4r enheten st\u00f6der l\u00e5ngvariga vapingsessioner, och Type-C-laddningsporten s\u00e4kerst\u00e4ller snabb och effektiv laddning. Finns i nikotinniv\u00e5erna 0%, 2% och 5%, och tillgodoser olika preferenser. 1,2\u03a9 mesh-spolen f\u00f6rb\u00e4ttrar smak och \u00e5ngkonsistens, vilket g\u00f6r varje puff mjuk och njutbar.<\/p>\n<ul>\n<li><strong>Upp till 6000 puffar<\/strong>: Ger omfattande anv\u00e4ndning, maximerar v\u00e4rde och bekv\u00e4mlighet.<\/li>\n<li><strong>15ml E-v\u00e4tska Kapacitet<\/strong>: Minskar p\u00e5fyllningsfrekvensen f\u00f6r oavbruten njutning.<\/li>\n<li><strong>600 mAh batteri<\/strong>: S\u00e4kerst\u00e4ller tillf\u00f6rlitlig prestanda med snabb Type-C-laddning.<\/li>\n<li><strong>Alternativ f\u00f6r nikotin<\/strong>: Tillg\u00e4nglig i 0%, 2% och 5% f\u00f6r en skr\u00e4ddarsydd upplevelse.<\/li>\n<li><strong>1,2\u03a9 Mesh Coil<\/strong>: Ger rik, mjuk smak och konsekvent \u00e5ngproduktion.<\/li>\n<\/ul>\n<h3>AIVONO WINNER 6000 Puffs Smaker i lager:<\/h3>\n<p>Vattenmelonis, kall mynta, bananis, bl\u00e5b\u00e4r p\u00e5 is, persikais, druvis, grapefruktapelsin, mangoguava, jordgubbspassionsfrukt, apelsinl\u00e4sk.<\/p>\n<h3>Varf\u00f6r v\u00e4lja AIVONO WINNER 6000 Puffar?<\/h3>\n<p>AIVONO WINNER 6000 Puffs kombinerar h\u00f6g puffkapacitet, ett varierat utbud av smaker och avancerad mesh coil-teknik, vilket g\u00f6r den till ett toppval f\u00f6r dem som s\u00f6ker kvalitet och bekv\u00e4mlighet. Dess l\u00e4tta, b\u00e4rbara design och uppladdningsbara batteri g\u00f6r den idealisk f\u00f6r anv\u00e4ndning p\u00e5 spr\u00e5ng, medan eng\u00e5ngsformatet inneb\u00e4r att ingen p\u00e5fyllning eller underh\u00e5ll kr\u00e4vs. Perfekt f\u00f6r grossisthandel, den h\u00e4r enheten \u00e4r ett utm\u00e4rkt alternativ f\u00f6r \u00e5terf\u00f6rs\u00e4ljare som str\u00e4var efter att erbjuda en eng\u00e5ngsvape av h\u00f6g kvalitet. AIVONO WINNER 6000 Puffs ger en f\u00f6rstklassig, tillfredsst\u00e4llande vapingupplevelse med varje puff.<img data-recalc-dims=\"1\" loading=\"lazy\" decoding=\"async\" class=\"alignnone wp-image-8224 size-full\" title=\"AIVONO WINNER 6000 Puffs 0% 2% 5% Nikotin Uppladdningsbar Bulk K\u00f6p Eng\u00e5ngs Vape Partihandel\" src=\"https:\/\/i0.wp.com\/aiviouvapes.com\/wp-content\/uploads\/2024\/08\/%E9%9B%86%E5%90%88%E5%9B%BE3.jpg?resize=1020%2C599&#038;ssl=1\" alt=\"AIVONO WINNER 6000 Puffs 0% 2% 5% Nikotin Uppladdningsbar Bulk K\u00f6p Eng\u00e5ngs Vape Partihandel\" width=\"1020\" height=\"599\" srcset=\"https:\/\/i0.wp.com\/aiviouvapes.com\/wp-content\/uploads\/2024\/08\/%E9%9B%86%E5%90%88%E5%9B%BE3.jpg?w=1920&amp;ssl=1 1920w, https:\/\/i0.wp.com\/aiviouvapes.com\/wp-content\/uploads\/2024\/08\/%E9%9B%86%E5%90%88%E5%9B%BE3.jpg?resize=300%2C176&amp;ssl=1 300w, https:\/\/i0.wp.com\/aiviouvapes.com\/wp-content\/uploads\/2024\/08\/%E9%9B%86%E5%90%88%E5%9B%BE3.jpg?resize=1024%2C602&amp;ssl=1 1024w, https:\/\/i0.wp.com\/aiviouvapes.com\/wp-content\/uploads\/2024\/08\/%E9%9B%86%E5%90%88%E5%9B%BE3.jpg?resize=768%2C451&amp;ssl=1 768w, https:\/\/i0.wp.com\/aiviouvapes.com\/wp-content\/uploads\/2024\/08\/%E9%9B%86%E5%90%88%E5%9B%BE3.jpg?resize=1536%2C902&amp;ssl=1 1536w, https:\/\/i0.wp.com\/aiviouvapes.com\/wp-content\/uploads\/2024\/08\/%E9%9B%86%E5%90%88%E5%9B%BE3.jpg?resize=18%2C12&amp;ssl=1 18w, https:\/\/i0.wp.com\/aiviouvapes.com\/wp-content\/uploads\/2024\/08\/%E9%9B%86%E5%90%88%E5%9B%BE3.jpg?resize=800%2C470&amp;ssl=1 800w\" sizes=\"auto, (max-width: 1020px) 100vw, 1020px\" \/><\/p>","protected":false},"excerpt":{"rendered":"<p>AIVONO WINNER 6000 Puffs erbjuder upp till 6000 puffar med en 15 ml e-liquid-kapacitet, sl\u00e4t 1,2\u03a9 mesh-spole och ett uppladdningsbart 600mAh-batteri. Tillg\u00e4nglig i 0%, 2% och 5% nikotin, levererar den konsekvent smak och tillfredsst\u00e4llelse i en b\u00e4rbar, underh\u00e5llsfri design.<\/p>","protected":false},"featured_media":5354,"comment_status":"open","ping_status":"closed","template":"","meta":[],"product_brand":[],"product_cat":[41,119,117,76,134,135,133,136,137,146,138,139,140,141,142,143,144,145,116,573,572,132],"product_tag":[],"class_list":{"0":"post-5353","1":"product","2":"type-product","3":"status-publish","4":"has-post-thumbnail","6":"product_cat-aivono-vapes","7":"product_cat-5000-puffs-disposable-vape","8":"product_cat-different-puffs-of-diposable-vapes","9":"product_cat-disposable-vape-types","10":"product_cat-disposable-vapes-in-austria","11":"product_cat-disposable-vapes-in-belgium","12":"product_cat-disposable-vapes-in-europe","13":"product_cat-disposable-vapes-in-france","14":"product_cat-disposable-vapes-in-germany","15":"product_cat-disposable-vapes-in-hungary","16":"product_cat-disposable-vapes-in-ltaly","17":"product_cat-disposable-vapes-in-netherlands","18":"product_cat-disposable-vapes-in-norway","19":"product_cat-disposable-vapes-in-poland","20":"product_cat-disposable-vapes-in-portugal","21":"product_cat-disposable-vapes-in-spain","22":"product_cat-disposable-vapes-in-sweden","23":"product_cat-disposable-vapes-in-switzerland","24":"product_cat-mini-puffs-vapes","25":"product_cat-new-3","26":"product_cat-new-2","27":"product_cat-rechargeable-vapes","29":"first","30":"instock","31":"shipping-taxable","32":"purchasable","33":"product-type-variable","34":"has-default-attributes"},"jetpack_sharing_enabled":true,"tiered_pricing_type":"fixed","tiered_pricing_fixed_rules":{"2000":5.12999999999999989341858963598497211933135986328125},"tiered_pricing_product_settings":{"layout":"default","base_unit_name":{"singular":null,"plural":null},"default_variation":null},"tiered_pricing_minimum_quantity":1000,"tiered_pricing_roles_data":[],"tiered_pricing_percentage_rules":[],"tiered_pricing_maximum_quantity":null,"tiered_pricing_quantity_step":"10","_links":{"self":[{"href":"https:\/\/aiviouvapes.com\/sv\/wp-json\/wp\/v2\/product\/5353","targetHints":{"allow":["GET"]}}],"collection":[{"href":"https:\/\/aiviouvapes.com\/sv\/wp-json\/wp\/v2\/product"}],"about":[{"href":"https:\/\/aiviouvapes.com\/sv\/wp-json\/wp\/v2\/types\/product"}],"replies":[{"embeddable":true,"href":"https:\/\/aiviouvapes.com\/sv\/wp-json\/wp\/v2\/comments?post=5353"}],"wp:featuredmedia":[{"embeddable":true,"href":"https:\/\/aiviouvapes.com\/sv\/wp-json\/wp\/v2\/media\/5354"}],"wp:attachment":[{"href":"https:\/\/aiviouvapes.com\/sv\/wp-json\/wp\/v2\/media?parent=5353"}],"wp:term":[{"taxonomy":"product_brand","embeddable":true,"href":"https:\/\/aiviouvapes.com\/sv\/wp-json\/wp\/v2\/product_brand?post=5353"},{"taxonomy":"product_cat","embeddable":true,"href":"https:\/\/aiviouvapes.com\/sv\/wp-json\/wp\/v2\/product_cat?post=5353"},{"taxonomy":"product_tag","embeddable":true,"href":"https:\/\/aiviouvapes.com\/sv\/wp-json\/wp\/v2\/product_tag?post=5353"}],"curies":[{"name":"wp","href":"https:\/\/api.w.org\/{rel}","templated":true}]}}