{"id":5272,"date":"2024-08-19T03:33:10","date_gmt":"2024-08-18T19:33:10","guid":{"rendered":"https:\/\/aiviouvapes.com\/?post_type=product&#038;p=5272"},"modified":"2026-04-17T13:01:43","modified_gmt":"2026-04-17T05:01:43","slug":"aivono-aim-puff-star-6500-puffs-disposable-wholesale","status":"publish","type":"product","link":"https:\/\/aiviouvapes.com\/sv\/product\/aivono-aim-puff-star-6500-puffs-disposable-wholesale\/","title":{"rendered":"AIVONO Aim Puff Star 6500 Puffs | 0%-5% nikotin, 13mL, bulk eng\u00e5ngsvape"},"content":{"rendered":"<h2>AIVONO Aim Puff Star 6500 puffar | 0% 2% 5% nikotin, 13ml e-v\u00e4tska, 1,2\u03a9 mesh spole, typ-c uppladdningsbar, bulkk\u00f6p eng\u00e5ngsvape i grossistledet<\/h2>\n<h3>AIVONO AIM PUFF STAR 6500 Puffs \u00d6versikt och funktioner<\/h3>\n<p>AIVONO AIM PUFF STAR 6500-puffarna \u00e4r gjorda f\u00f6r l\u00e4ngre njutning och erbjuder upp till 6500 puffar med en 13 ml e-juice-reservoar f\u00f6r att minska behovet av frekventa p\u00e5fyllningar. Drivs av ett 400mAh uppladdningsbart batteri, den h\u00e4r enheten st\u00f6der l\u00e5ngvariga vapingsessioner, medan Type-C-laddningsporten s\u00e4kerst\u00e4ller snabb och effektiv laddning. Finns i nikotinstyrkorna 0%, 2% och 5%, och tillgodoser olika preferenser. 1,2\u03a9 mesh-spolen f\u00f6rb\u00e4ttrar smak och \u00e5ngkonsistens och ger en j\u00e4mn och njutbar vape med varje bloss.<\/p>\n<ul>\n<li><strong>Upp till 6500 puffar<\/strong>: Ger l\u00e5ngvarig anv\u00e4ndning, maximerar bekv\u00e4mlighet och tillfredsst\u00e4llelse.<\/li>\n<li><strong>13ml E-v\u00e4tska Kapacitet<\/strong>: Minskar behovet av p\u00e5fyllning, perfekt f\u00f6r oavbruten njutning.<\/li>\n<li><strong>400mAh batteri<\/strong>: S\u00e4kerst\u00e4ller tillf\u00f6rlitlig prestanda med snabb Type-C-laddning.<\/li>\n<li><strong>Alternativ f\u00f6r nikotin<\/strong>: Tillg\u00e4nglig i 0%, 2% och 5% f\u00f6r en skr\u00e4ddarsydd upplevelse.<\/li>\n<li><strong>1,2\u03a9 Mesh Coil<\/strong>: Ger rik, mjuk smak och konsekvent \u00e5ngproduktion.<\/li>\n<\/ul>\n<h3>AIVONO AIM PUFF STAR 6500 Puffs Smaker i lager:<\/h3>\n<p>Blandade b\u00e4r, mentolgodis, jordgubbskiwi, blandad mango, vattenmelon, jordgubbsis, energidryck, bl\u00e5 razzb\u00e4r, kokosmelon, persikojuice.<\/p>\n<h3>Varf\u00f6r v\u00e4lja AIVONO AIM PUFF STAR 6500 puffar?<\/h3>\n<p>AIVONO AIM PUFF STAR 6500 Puffs kombinerar h\u00f6g puffkapacitet, olika smaker och avancerad mesh coil-teknik, vilket g\u00f6r den idealisk f\u00f6r vapers som s\u00f6ker kvalitet och bekv\u00e4mlighet. Dess kompakta, b\u00e4rbara design och uppladdningsbara batteri \u00e4r perfekta f\u00f6r anv\u00e4ndning p\u00e5 spr\u00e5ng, medan eng\u00e5ngsformatet eliminerar underh\u00e5ll. Perfekt f\u00f6r grossisthandel, den h\u00e4r enheten \u00e4r ett utm\u00e4rkt alternativ f\u00f6r \u00e5terf\u00f6rs\u00e4ljare som vill erbjuda en premium eng\u00e5ngsvape. Oavsett om du \u00e4r en erfaren vaper eller ny p\u00e5 scenen, lovar AIVONO AIM PUFF STAR 6500 Puffs en tillfredsst\u00e4llande och smakrik upplevelse med varje puff.<\/p>\n<p><img data-recalc-dims=\"1\" loading=\"lazy\" decoding=\"async\" class=\"alignnone wp-image-8222 size-full\" title=\"AIVONO AIM PUFF STAR 6500 Puffs 0% 2% 5% Nikotin Uppladdningsbar Bulk K\u00f6p Eng\u00e5ngs Vape Partihandel\" src=\"https:\/\/i0.wp.com\/aiviouvapes.com\/wp-content\/uploads\/2024\/08\/1-21.jpg?resize=1020%2C816&#038;ssl=1\" alt=\"AIVONO AIM PUFF STAR 6500 Puffs 0% 2% 5% Nikotin Uppladdningsbar Bulk K\u00f6p Eng\u00e5ngs Vape Partihandel\" width=\"1020\" height=\"816\" srcset=\"https:\/\/i0.wp.com\/aiviouvapes.com\/wp-content\/uploads\/2024\/08\/1-21.jpg?w=1876&amp;ssl=1 1876w, https:\/\/i0.wp.com\/aiviouvapes.com\/wp-content\/uploads\/2024\/08\/1-21.jpg?resize=300%2C240&amp;ssl=1 300w, https:\/\/i0.wp.com\/aiviouvapes.com\/wp-content\/uploads\/2024\/08\/1-21.jpg?resize=1024%2C819&amp;ssl=1 1024w, https:\/\/i0.wp.com\/aiviouvapes.com\/wp-content\/uploads\/2024\/08\/1-21.jpg?resize=768%2C614&amp;ssl=1 768w, https:\/\/i0.wp.com\/aiviouvapes.com\/wp-content\/uploads\/2024\/08\/1-21.jpg?resize=1536%2C1228&amp;ssl=1 1536w, https:\/\/i0.wp.com\/aiviouvapes.com\/wp-content\/uploads\/2024\/08\/1-21.jpg?resize=15%2C12&amp;ssl=1 15w, https:\/\/i0.wp.com\/aiviouvapes.com\/wp-content\/uploads\/2024\/08\/1-21.jpg?resize=800%2C640&amp;ssl=1 800w\" sizes=\"auto, (max-width: 1020px) 100vw, 1020px\" \/><\/p>","protected":false},"excerpt":{"rendered":"<p>\u2764\ufe0f\ud83d\udca8AIVONO AIM PUFF STAR 6500 Puffs erbjuder upp till 6500 puffs, en 13 ml e-liquid-kapacitet och ett 400mAh uppladdningsbart batteri f\u00f6r l\u00e5ngvarig, problemfri vaping. Den finns i flera nikotinstyrkor och har en 1,2\u03a9 mesh-spole f\u00f6r j\u00e4mn, smakfull \u00e5nga. Perfekt f\u00f6r b\u00e5de personligt bruk och grossistf\u00f6rs\u00e4ljning.<\/p>","protected":false},"featured_media":5290,"comment_status":"open","ping_status":"closed","template":"","meta":[],"product_brand":[],"product_cat":[41,119,120,90,117,76,134,135,133,136,137,146,138,139,140,141,142,143,144,145,573,572,132],"product_tag":[],"class_list":{"0":"post-5272","1":"product","2":"type-product","3":"status-publish","4":"has-post-thumbnail","6":"product_cat-aivono-vapes","7":"product_cat-5000-puffs-disposable-vape","8":"product_cat-8000-puffs-disposable-vape","9":"product_cat-big-puffs-vapes","10":"product_cat-different-puffs-of-diposable-vapes","11":"product_cat-disposable-vape-types","12":"product_cat-disposable-vapes-in-austria","13":"product_cat-disposable-vapes-in-belgium","14":"product_cat-disposable-vapes-in-europe","15":"product_cat-disposable-vapes-in-france","16":"product_cat-disposable-vapes-in-germany","17":"product_cat-disposable-vapes-in-hungary","18":"product_cat-disposable-vapes-in-ltaly","19":"product_cat-disposable-vapes-in-netherlands","20":"product_cat-disposable-vapes-in-norway","21":"product_cat-disposable-vapes-in-poland","22":"product_cat-disposable-vapes-in-portugal","23":"product_cat-disposable-vapes-in-spain","24":"product_cat-disposable-vapes-in-sweden","25":"product_cat-disposable-vapes-in-switzerland","26":"product_cat-new-3","27":"product_cat-new-2","28":"product_cat-rechargeable-vapes","30":"first","31":"instock","32":"shipping-taxable","33":"purchasable","34":"product-type-variable","35":"has-default-attributes"},"jetpack_sharing_enabled":true,"tiered_pricing_type":"fixed","tiered_pricing_fixed_rules":{"2000":5.589999999999999857891452847979962825775146484375},"tiered_pricing_product_settings":{"layout":"default","base_unit_name":{"singular":null,"plural":null},"default_variation":null},"tiered_pricing_minimum_quantity":1000,"tiered_pricing_roles_data":[],"tiered_pricing_percentage_rules":[],"tiered_pricing_maximum_quantity":null,"tiered_pricing_quantity_step":"10","_links":{"self":[{"href":"https:\/\/aiviouvapes.com\/sv\/wp-json\/wp\/v2\/product\/5272","targetHints":{"allow":["GET"]}}],"collection":[{"href":"https:\/\/aiviouvapes.com\/sv\/wp-json\/wp\/v2\/product"}],"about":[{"href":"https:\/\/aiviouvapes.com\/sv\/wp-json\/wp\/v2\/types\/product"}],"replies":[{"embeddable":true,"href":"https:\/\/aiviouvapes.com\/sv\/wp-json\/wp\/v2\/comments?post=5272"}],"wp:featuredmedia":[{"embeddable":true,"href":"https:\/\/aiviouvapes.com\/sv\/wp-json\/wp\/v2\/media\/5290"}],"wp:attachment":[{"href":"https:\/\/aiviouvapes.com\/sv\/wp-json\/wp\/v2\/media?parent=5272"}],"wp:term":[{"taxonomy":"product_brand","embeddable":true,"href":"https:\/\/aiviouvapes.com\/sv\/wp-json\/wp\/v2\/product_brand?post=5272"},{"taxonomy":"product_cat","embeddable":true,"href":"https:\/\/aiviouvapes.com\/sv\/wp-json\/wp\/v2\/product_cat?post=5272"},{"taxonomy":"product_tag","embeddable":true,"href":"https:\/\/aiviouvapes.com\/sv\/wp-json\/wp\/v2\/product_tag?post=5272"}],"curies":[{"name":"wp","href":"https:\/\/api.w.org\/{rel}","templated":true}]}}