{"id":46917,"date":"2025-07-29T21:23:27","date_gmt":"2025-07-29T13:23:27","guid":{"rendered":"https:\/\/aiviouvapes.com\/?post_type=product&#038;p=46917"},"modified":"2026-04-17T13:00:42","modified_gmt":"2026-04-17T05:00:42","slug":"mr-goodie-adjust-flavor-king-60000","status":"publish","type":"product","link":"https:\/\/aiviouvapes.com\/sv\/product\/mr-goodie-adjust-flavor-king-60000\/","title":{"rendered":"Mr.Goodie Adjust Flavor King 60000 Puffs | trippel smak bulk eng\u00e5ngs vape"},"content":{"rendered":"<p>\ud83d\ude80 G\u00f6r dig redo att revolutionera din vapingupplevelse med den NYA <b>Mr.Goodie Adjust Flavor King 60000 Puffs<\/b>! \ud83d\udc51 Det h\u00e4r \u00e4r inte bara en vape; det \u00e4r ett smakimperium i fickan. Flavor King \u00e4r designad f\u00f6r ultimat tillfredsst\u00e4llelse och o\u00f6vertr\u00e4ffad livsl\u00e4ngd och har otroliga 60 000 puffar och ett banbrytande trippel-smaksystem. S\u00e4g adj\u00f6 till vardaglig vaping och hej till en symfoni av smaker! \u2728 Oavsett om du \u00e4r en erfaren vaper eller en butik som vill ha n\u00e4sta stora grej, \u00e4r Mr.Goodie Adjust Flavor King din kronan p\u00e5 verket. \ud83d\udca8<\/p>\n<h2>Mr.Goodie Adjust Flavor King 60000 puffar produkt\u00f6versikt och funktioner<\/h2>\n<p>Den <b>Mr.Goodie Justera Flavor King 60000<\/b> \u00e4r ett monumentalt steg i eng\u00e5ngs vape-teknik, med ett h\u00e4pnadsv\u00e4ckande antal puffar och en innovativ smakv\u00e4xlingsmekanism. Denna enhet \u00e4r konstruerad f\u00f6r b\u00e5de enskilda entusiaster och B2B-k\u00f6pare och omdefinierar bekv\u00e4mlighet och m\u00e5ngsidighet. \ud83d\ude80<\/p>\n<ul>\n<li><b>O\u00f6vertr\u00e4ffat antal puffar:<\/b> Njut av upp till <b>60.000 puffar<\/b> i ensmaksl\u00e4ge eller 30 000 puffar i blandsmaksl\u00e4ge, vilket garanterar l\u00e5ngvarig anv\u00e4ndning. \ud83e\udd2f\ud83d\udca8<\/li>\n<li><b>Dubbel E-v\u00e4tskekapacitet:<\/b> Med en enormt stor <b>20ML + 20ML (totalt 40ML)<\/b> e-juice-kapacitet, vilket ger l\u00e5ngvarig njutning utan frekventa utbyten. \ud83c\udf0a\ud83d\udd0b<\/li>\n<li><b>Justerbar nikotinstyrka:<\/b> Finns i <b>2% och 5% nikotinalternativ<\/b> f\u00f6r att tillgodose olika preferenser. \u2705 nikotin<\/li>\n<li><b>Kraftfull och uppladdningsbar:<\/b> Utrustad med en robust <b>950mAh uppladdningsbart batteri<\/b> och en bekv\u00e4m <b>Typ C-laddningsport<\/b> f\u00f6r oavbruten vaping. \ud83d\udcaa\ud83d\udd0c<\/li>\n<li><b>Avancerad spolteknik:<\/b> <b>Spolar med dubbla n\u00e4t<\/b> kombinerat med banbrytande <b>iDuomesh-teknik<\/b> leverera konsekvent, rik smak och massiv \u00e5ngproduktion. \ud83d\ude80\ud83c\udf2c\ufe0f<\/li>\n<li><b>Intuitiv 3 LCD-display:<\/b> \u00d6vervaka enkelt batteritid, e-v\u00e4tskeniv\u00e5er och aktuellt l\u00e4ge f\u00f6r en s\u00f6ml\u00f6s vapingupplevelse. \ud83d\udcca\ud83d\udc40<\/li>\n<li><b>Triple Flavor System:<\/b> Utforska <b>10 unika trippel-smakkombinationer<\/b>vilket g\u00f6r att du kan v\u00e4xla mellan tv\u00e5 olika smaker eller kombinera dem f\u00f6r en unik tredje upplevelse. \ud83c\udf53\ud83c\udf49\ud83c\udf4d\ud83c\udf4a<\/li>\n<\/ul>\n<h3>Specifikationer<\/h3>\n<table>\n<thead>\n<tr>\n<th>Funktion<\/th>\n<th>Detalj<\/th>\n<\/tr>\n<\/thead>\n<tbody>\n<tr>\n<td>Alternativ f\u00f6r nikotin<\/td>\n<td>2%, 5%<\/td>\n<\/tr>\n<tr>\n<td>Puffar (enstaka smak)<\/td>\n<td>60.000 puffar<\/td>\n<\/tr>\n<tr>\n<td>Puffar (blandade smaker)<\/td>\n<td>30.000 Puffs (Mix A + B)<\/td>\n<\/tr>\n<tr>\n<td>Kapacitet f\u00f6r e-v\u00e4tska<\/td>\n<td>20ML + 20ML (totalt 40ML)<\/td>\n<\/tr>\n<tr>\n<td>Batteriets kapacitet<\/td>\n<td>950 mAh (uppladdningsbar)<\/td>\n<\/tr>\n<tr>\n<td>Port f\u00f6r laddning<\/td>\n<td>Typ C<\/td>\n<\/tr>\n<tr>\n<td>Typ av spole<\/td>\n<td>Dubbla n\u00e4tspolar, iDuomesh-teknik<\/td>\n<\/tr>\n<tr>\n<td>Display<\/td>\n<td>3 LCD-display<\/td>\n<\/tr>\n<tr>\n<td>Smakmodi<\/td>\n<td>Enstaka smak, blandade smaker<\/td>\n<\/tr>\n<tr>\n<td>Totalt trefaldiga smaker<\/td>\n<td>10 unika kombinationer<\/td>\n<\/tr>\n<\/tbody>\n<\/table>\n<p><span style=\"font-size: 20.16px;\">Smakkombinationer<\/span><\/p>\n<p>Upplev ett sp\u00e4nnande utbud av smakm\u00f6jligheter med Mr.Goodie Adjust Flavor King 60000. Varje enhet erbjuder tre distinkta vapingupplevelser:<\/p>\n<table>\n<thead>\n<tr>\n<th>En smak<\/th>\n<th>B Smak<\/th>\n<th>Kombinerad (A+B) smak<\/th>\n<\/tr>\n<\/thead>\n<tbody>\n<tr>\n<td>Vattenmelon-is<\/td>\n<td>Bubbelgum<\/td>\n<td>Vattenmelon Bubble Gum<\/td>\n<\/tr>\n<tr>\n<td>Juicy Peach Ice<\/td>\n<td>Cola is<\/td>\n<td>Persika Cola Is<\/td>\n<\/tr>\n<tr>\n<td>Bl\u00e5 hallon<\/td>\n<td>K\u00f6rsb\u00e4r Citron<\/td>\n<td>Bl\u00e5 hallon K\u00f6rsb\u00e4r Citron<\/td>\n<\/tr>\n<tr>\n<td>Jordgubbar<\/td>\n<td>Vattenmelon<\/td>\n<td>Jordgubbar Vattenmelon<\/td>\n<\/tr>\n<tr>\n<td>Gr\u00f6nt \u00e4pple<\/td>\n<td>Druva<\/td>\n<td>Gr\u00f6nt \u00e4pple Druva<\/td>\n<\/tr>\n<tr>\n<td>Citron<\/td>\n<td>Regnb\u00e5gsgodis<\/td>\n<td>Citronregnb\u00e5gsgodis<\/td>\n<\/tr>\n<tr>\n<td>Miami Mint<\/td>\n<td>Citron<\/td>\n<td>Citronmynta<\/td>\n<\/tr>\n<tr>\n<td>Ananas kokosn\u00f6t<\/td>\n<td>Energi Is<\/td>\n<td>Energidryck med kokosn\u00f6t<\/td>\n<\/tr>\n<tr>\n<td>Druva<\/td>\n<td>Hallon<\/td>\n<td>Druva Hallon<\/td>\n<\/tr>\n<tr>\n<td>Apelsin Mango Guava<\/td>\n<td>Gummibj\u00f6rn<\/td>\n<td>OMG Blow-Pop<\/td>\n<\/tr>\n<\/tbody>\n<\/table>\n<p>Varf\u00f6r v\u00e4lja Mr.Goodie Adjust Flavor King 60000 Puffs?<\/p>\n<ul>\n<li>\ud83d\udc51 <b>Kungen av Puffs:<\/b> Med upp till 60 000 puffar st\u00e5r den h\u00e4r enheten i en klass f\u00f6r sig och erbjuder en livsl\u00e4ngd som traditionella eng\u00e5ngsprodukter bara kan dr\u00f6mma om.<\/li>\n<li>\ud83c\udf08 <b>Trippel smakinnovation:<\/b> Dyk in i 10 unika trippel-smakkombinationer, vilket ger o\u00f6vertr\u00e4ffad variation och f\u00f6rhindrar vaper's tongue. V\u00e4xla p\u00e5 beg\u00e4ran!<\/li>\n<li>\ud83d\udd0b <b>O\u00f6vertr\u00e4ffad tillf\u00f6rlitlighet:<\/b> Det uppladdningsbara batteriet p\u00e5 950 mAh och Type-C-laddningen g\u00f6r att du alltid \u00e4r redo f\u00f6r n\u00e4sta bloss och minimerar stillest\u00e5ndstiden.<\/li>\n<li>\ud83c\udf2c\ufe0f <b>\u00d6verl\u00e4gsen \u00e5nga och smak:<\/b> Dual Mesh Coils och iDuomesh Technology garanterar en j\u00e4mn, fyllig och tillfredsst\u00e4llande r\u00f6kupplevelse vid varje drag.<\/li>\n<li>\ud83d\udcca <b>Smart och anv\u00e4ndarv\u00e4nlig:<\/b> Den 3 LCD-displayen h\u00e5ller dig informerad och g\u00f6r det enkelt att hantera dina vaping-sessioner.<\/li>\n<li>\ud83d\udcb0 <b>Exceptionellt v\u00e4rde:<\/b> F\u00f6r tunga anv\u00e4ndare erbjuder den h\u00e4r enheten en otrolig kostnadseffektivitet per puff. F\u00f6r B2B-k\u00f6pare \u00e4r det en efterfr\u00e5gad produkt som kommer att flyga av hyllorna.<\/li>\n<li>\ud83c\udf3f <b>Kvalitetss\u00e4krad:<\/b> Tillverkad med premiumingredienser och avancerade tillverkningsprocesser, vilket garanterar s\u00e4kerhet och tillfredsst\u00e4llelse.<\/li>\n<\/ul>\n<p>Den <b>Mr.Goodie Adjust Flavor King 60000 Puffs<\/b> \u00e4r det ultimata valet f\u00f6r storf\u00f6rbrukare och smakj\u00e4gare som vill ha l\u00e5ngvarig njutning och m\u00e5nga olika smakalternativ. Dess robusta design och innovativa funktioner g\u00f6r den ocks\u00e5 till ett oemotst\u00e5ndligt erbjudande f\u00f6r <b>vape-butiker<\/b> som vill ut\u00f6ka sitt sortiment av premiumvape f\u00f6r eng\u00e5ngsbruk och f\u00f6r <b>grossistdistribution<\/b> som s\u00f6ker en produkt med h\u00f6g volym och h\u00f6ga marginaler. Lager upp p\u00e5 framtiden f\u00f6r vaping idag! \ud83d\udcaa<\/p>\n<h3>VANLIGA FR\u00c5GOR<\/h3>\n<p>F: Hur m\u00e5nga puffar erbjuder Mr.Goodie Adjust Flavor King 60000?<br \/>\nA: Den ger upp till 60 000 puffar i single-flavor-l\u00e4ge och 30 000 puffar n\u00e4r smakerna blandas (kammare A + kammare B).<\/p>\n<p>F: Vad \u00e4r kapaciteten f\u00f6r e-v\u00e4tska?<br \/>\nA: Den har en total e-v\u00e4tskekapacitet p\u00e5 40ML, uppdelad i tv\u00e5 20ML-kammare (20ML + 20ML).<\/p>\n<p>Q: \u00c4r Mr.Goodie Adjust Flavor King uppladdningsbar?<br \/>\nA: Ja, den har ett uppladdningsbart batteri p\u00e5 950 mAh med en typ C-laddningsport.<\/p>\n<p>F: Hur fungerar trippelsmakssystemet?<br \/>\nS: Enheten har tv\u00e5 separata e-v\u00e4tskekammare (A och B). Du kan inhalera antingen smak A, smak B eller kombinera dem f\u00f6r att skapa en unik tredje blandad smak.<\/p>\n<p>F: Vilka nikotinstyrkor finns tillg\u00e4ngliga?<br \/>\nA: Adjust Flavor King 60000 med Mr.Goodie finns tillg\u00e4nglig i nikotinstyrkorna 2% och 5%.<\/p>\n<p>Q: Hur kan jag se batteritiden eller niv\u00e5n p\u00e5 e-juice?<br \/>\nS: Enheten \u00e4r utrustad med en 3 LCD-display som visar batteritid, e-v\u00e4tskeniv\u00e5er och aktuellt l\u00e4ge.<\/p>\n<p>F: \u00c4r den h\u00e4r produkten l\u00e4mplig f\u00f6r grossist?<br \/>\nA: Absolut! Mr.Goodie Adjust Flavor King 60000 Puffs \u00e4r en utm\u00e4rkt produkt f\u00f6r grossistdistribution och f\u00f6r vape-butiker p\u00e5 grund av dess h\u00f6ga efterfr\u00e5gan, unika funktioner och exceptionella v\u00e4rde.<\/p>","protected":false},"excerpt":{"rendered":"<p>Upplev den ultimata vape med Mr.Goodie Adjust Flavor King 60000 Puffs. Dubbel 20ML e-v\u00e4tskekapacitet, 60 000 puffar, 10 tredubbla smaker. Perfekt f\u00f6r vape-butiker och bulkk\u00f6pare!<\/p>","protected":false},"featured_media":46924,"comment_status":"open","ping_status":"closed","template":"","meta":[],"product_brand":[258],"product_cat":[257,137,146,138,141,143],"product_tag":[],"class_list":{"0":"post-46917","1":"product","2":"type-product","3":"status-publish","4":"has-post-thumbnail","6":"product_brand-mr-goodie","7":"product_cat-mr-goodie","8":"product_cat-disposable-vapes-in-germany","9":"product_cat-disposable-vapes-in-hungary","10":"product_cat-disposable-vapes-in-ltaly","11":"product_cat-disposable-vapes-in-poland","12":"product_cat-disposable-vapes-in-spain","14":"first","15":"instock","16":"shipping-taxable","17":"purchasable","18":"product-type-variable","19":"has-default-attributes"},"jetpack_sharing_enabled":true,"tiered_pricing_type":"fixed","tiered_pricing_fixed_rules":[],"tiered_pricing_product_settings":{"layout":"default","base_unit_name":{"singular":null,"plural":null},"default_variation":null},"tiered_pricing_minimum_quantity":1000,"tiered_pricing_roles_data":[],"tiered_pricing_percentage_rules":[],"tiered_pricing_maximum_quantity":null,"tiered_pricing_quantity_step":"10","_links":{"self":[{"href":"https:\/\/aiviouvapes.com\/sv\/wp-json\/wp\/v2\/product\/46917","targetHints":{"allow":["GET"]}}],"collection":[{"href":"https:\/\/aiviouvapes.com\/sv\/wp-json\/wp\/v2\/product"}],"about":[{"href":"https:\/\/aiviouvapes.com\/sv\/wp-json\/wp\/v2\/types\/product"}],"replies":[{"embeddable":true,"href":"https:\/\/aiviouvapes.com\/sv\/wp-json\/wp\/v2\/comments?post=46917"}],"wp:featuredmedia":[{"embeddable":true,"href":"https:\/\/aiviouvapes.com\/sv\/wp-json\/wp\/v2\/media\/46924"}],"wp:attachment":[{"href":"https:\/\/aiviouvapes.com\/sv\/wp-json\/wp\/v2\/media?parent=46917"}],"wp:term":[{"taxonomy":"product_brand","embeddable":true,"href":"https:\/\/aiviouvapes.com\/sv\/wp-json\/wp\/v2\/product_brand?post=46917"},{"taxonomy":"product_cat","embeddable":true,"href":"https:\/\/aiviouvapes.com\/sv\/wp-json\/wp\/v2\/product_cat?post=46917"},{"taxonomy":"product_tag","embeddable":true,"href":"https:\/\/aiviouvapes.com\/sv\/wp-json\/wp\/v2\/product_tag?post=46917"}],"curies":[{"name":"wp","href":"https:\/\/api.w.org\/{rel}","templated":true}]}}