{"id":39912,"date":"2025-06-24T16:09:54","date_gmt":"2025-06-24T08:09:54","guid":{"rendered":"https:\/\/aiviouvapes.com\/?post_type=product&#038;p=39912"},"modified":"2026-03-24T11:26:14","modified_gmt":"2026-03-24T03:26:14","slug":"uwin-crystal-twins-40k","status":"publish","type":"product","link":"https:\/\/aiviouvapes.com\/sv\/product\/uwin-crystal-twins-40k\/","title":{"rendered":"Uwin Crystal Twins 40K | dubbel smak 40000 puffar, mesh coil bulk eng\u00e5ngs vape"},"content":{"rendered":"<p><img data-recalc-dims=\"1\" loading=\"lazy\" decoding=\"async\" class=\"aligncenter wp-image-40419 size-full\" src=\"https:\/\/i0.wp.com\/aiviouvapes.com\/wp-content\/uploads\/2025\/06\/%E6%B5%B7%E6%8A%A5%E6%A8%AA%E5%B9%85.jpg?resize=1020%2C510&#038;ssl=1\" alt=\",\" width=\"1020\" height=\"510\" title=\"\" srcset=\"https:\/\/i0.wp.com\/aiviouvapes.com\/wp-content\/uploads\/2025\/06\/%E6%B5%B7%E6%8A%A5%E6%A8%AA%E5%B9%85.jpg?w=1920&amp;ssl=1 1920w, https:\/\/i0.wp.com\/aiviouvapes.com\/wp-content\/uploads\/2025\/06\/%E6%B5%B7%E6%8A%A5%E6%A8%AA%E5%B9%85.jpg?resize=300%2C150&amp;ssl=1 300w, https:\/\/i0.wp.com\/aiviouvapes.com\/wp-content\/uploads\/2025\/06\/%E6%B5%B7%E6%8A%A5%E6%A8%AA%E5%B9%85.jpg?resize=1024%2C512&amp;ssl=1 1024w, https:\/\/i0.wp.com\/aiviouvapes.com\/wp-content\/uploads\/2025\/06\/%E6%B5%B7%E6%8A%A5%E6%A8%AA%E5%B9%85.jpg?resize=768%2C384&amp;ssl=1 768w, https:\/\/i0.wp.com\/aiviouvapes.com\/wp-content\/uploads\/2025\/06\/%E6%B5%B7%E6%8A%A5%E6%A8%AA%E5%B9%85.jpg?resize=1536%2C768&amp;ssl=1 1536w, https:\/\/i0.wp.com\/aiviouvapes.com\/wp-content\/uploads\/2025\/06\/%E6%B5%B7%E6%8A%A5%E6%A8%AA%E5%B9%85.jpg?resize=18%2C9&amp;ssl=1 18w, https:\/\/i0.wp.com\/aiviouvapes.com\/wp-content\/uploads\/2025\/06\/%E6%B5%B7%E6%8A%A5%E6%A8%AA%E5%B9%85.jpg?resize=1320%2C660&amp;ssl=1 1320w, https:\/\/i0.wp.com\/aiviouvapes.com\/wp-content\/uploads\/2025\/06\/%E6%B5%B7%E6%8A%A5%E6%A8%AA%E5%B9%85.jpg?resize=800%2C400&amp;ssl=1 800w\" sizes=\"auto, (max-width: 1020px) 100vw, 1020px\" \/><\/p>\n<h2>\ud83d\udd25 Uwin Crystal Twins 40k - Dubbel smak, massiva puffar<\/h2>\n<p>Den <strong>Uwin kristall tvillingar 40k<\/strong> tar eng\u00e5ngsvaping till n\u00e4sta niv\u00e5 med sin snygga kristallklara design, dubbla smakupps\u00e4ttning och avancerade teknik. Oavsett om du \u00e4r en molnj\u00e4gare eller en smak\u00e4lskare, levererar denna vape upp till <strong>40 000 bloss<\/strong>, en <strong>smart display<\/strong>och anpassningsbar <strong>nikotinstyrka<\/strong> som str\u00e4cker sig fr\u00e5n <strong>0% till 5%<\/strong>vilket g\u00f6r den perfekt f\u00f6r alla anv\u00e4ndare.<\/p>\n<p>Inget behov av att kompromissa<strong>f\u00e5 tv\u00e5 fantastiska smaker i en och samma enhet<\/strong>parat med en <strong>mesh-spole f\u00f6r fylliga, mjuka tr\u00e4ffar<\/strong> varje g\u00e5ng.<\/p>\n<h3>\ud83d\udd27 <strong>Specifikationer<\/strong><\/h3>\n<table>\n<thead>\n<tr>\n<th>Funktion<\/th>\n<th>Detaljer<\/th>\n<\/tr>\n<\/thead>\n<tbody>\n<tr>\n<td><strong>Puffkapacitet<\/strong><\/td>\n<td>Upp till 40.000 puffar<\/td>\n<\/tr>\n<tr>\n<td><strong>Kapacitet f\u00f6r e-v\u00e4tska<\/strong><\/td>\n<td>32 ml<\/td>\n<\/tr>\n<tr>\n<td><strong>Nikotinstyrka<\/strong><\/td>\n<td>0%, 2%, 3%, 5%<\/td>\n<\/tr>\n<tr>\n<td><strong>Batteri<\/strong><\/td>\n<td>850 mAh, typ C uppladdningsbar<\/td>\n<\/tr>\n<tr>\n<td><strong>Typ av spole<\/strong><\/td>\n<td>Avancerad 0,6\u03a9 n\u00e4tspole<\/td>\n<\/tr>\n<tr>\n<td><strong>Display<\/strong><\/td>\n<td>Smart sk\u00e4rm (batteri och e-v\u00e4tska)<\/td>\n<\/tr>\n<tr>\n<td><strong>Design<\/strong><\/td>\n<td>Snyggt kristalltransparent h\u00f6lje<\/td>\n<\/tr>\n<\/tbody>\n<\/table>\n<h3>\ud83c\udf08 <strong>Smakkombinationer - Dual-Chamber-variation<\/strong><\/h3>\n<table>\n<thead>\n<tr>\n<th>Kammare A<\/th>\n<th>Kammare B<\/th>\n<\/tr>\n<\/thead>\n<tbody>\n<tr>\n<td>Bl\u00e5b\u00e4r p\u00e5 is<\/td>\n<td>Sommarpersika-is<\/td>\n<\/tr>\n<tr>\n<td>Kiwi Passionsfrukt Guava<\/td>\n<td>Bl\u00e5b\u00e4r Hallon<\/td>\n<\/tr>\n<tr>\n<td>Jordgubb Kiwi<\/td>\n<td>Druvis<\/td>\n<\/tr>\n<tr>\n<td>Kiwi Passionsfrukt Guava<\/td>\n<td>Tv\u00e5 \u00e4pplen<\/td>\n<\/tr>\n<tr>\n<td>Jordgubbar Vattenmelon<\/td>\n<td>Citron Lime<\/td>\n<\/tr>\n<tr>\n<td>Bl\u00e5b\u00e4r Hallon<\/td>\n<td>K\u00f6rsb\u00e4rsis<\/td>\n<\/tr>\n<tr>\n<td>Jordgubbar Hallon K\u00f6rsb\u00e4r<\/td>\n<td>Herr Bl\u00e5<\/td>\n<\/tr>\n<tr>\n<td>Persika Mango Ananas<\/td>\n<td>Red Bull<\/td>\n<\/tr>\n<tr>\n<td>Vattenmelon-is<\/td>\n<td>Blandade b\u00e4r<\/td>\n<\/tr>\n<tr>\n<td>Jordgubbar Bananer<\/td>\n<td>K\u00e4rlek 66<\/td>\n<\/tr>\n<tr>\n<td>Drakfrukt Banan K\u00f6rsb\u00e4r<\/td>\n<td>Rosa lemonad<\/td>\n<\/tr>\n<tr>\n<td>Persika Mango<\/td>\n<td>Cherry Cola<\/td>\n<\/tr>\n<tr>\n<td>Jordgubbsis<\/td>\n<td>Mango p\u00e5 is<\/td>\n<\/tr>\n<tr>\n<td>Blue Razz Is<\/td>\n<td>Drakfrukt-is<\/td>\n<\/tr>\n<tr>\n<td>Red Bull med jordgubbar<\/td>\n<td>K\u00f6rsb\u00e4rsis<\/td>\n<\/tr>\n<\/tbody>\n<\/table>\n<h3>\ud83d\udca1 Varf\u00f6r v\u00e4lja Uwin Crystal Twins 40k?<\/h3>\n<ul>\n<li><strong>Kapslar med dubbla smaker<\/strong> l\u00e5ter dig byta smak utan anstr\u00e4ngning.<\/li>\n<li><strong>Noll-nic-alternativ<\/strong> tillg\u00e4nglig f\u00f6r nikotinfri njutning.<\/li>\n<li><strong>Typ-C snabbladdning<\/strong> inneb\u00e4r mindre stillest\u00e5ndstid, mer vaping.<\/li>\n<li><strong>Teknik f\u00f6r n\u00e4tspole<\/strong> ger ren, j\u00e4mn smak och \u00e5nga.<\/li>\n<li><strong>Smart display<\/strong> h\u00e5ller dig informerad - inga fler gissningar.<\/li>\n<li><strong>Kristallklar design<\/strong> ger din vape ett premium, modernt utseende.<\/li>\n<\/ul>\n<p>Uwin Crystal Twins 40k \u00e4r perfekt f\u00f6r tunga anv\u00e4ndare, smakutforskare och \u00e4gare av vape-butiker och \u00e4r ditt nya allt-i-ett-kraftpaket f\u00f6r eng\u00e5ngsbruk - perfekt f\u00f6r bulkbest\u00e4llningar av vape och grossistdistribution.<\/p>","protected":false},"excerpt":{"rendered":"<p data-start=\"212\" data-end=\"391\">Uwin Crystal Twins 40000 puffs vape erbjuder dubbla smaker, 0-5% nikotinalternativ, 32 ml e-v\u00e4tska, 850 mAh uppladdningsbart batteri, mesh-spole och smart display i en elegant kristalldesign.<\/p>","protected":false},"featured_media":39913,"comment_status":"open","ping_status":"closed","template":"","meta":[],"product_brand":[247],"product_cat":[224],"product_tag":[],"class_list":{"0":"post-39912","1":"product","2":"type-product","3":"status-publish","4":"has-post-thumbnail","6":"product_brand-uwin","7":"product_cat-uwin","9":"first","10":"instock","11":"shipping-taxable","12":"purchasable","13":"product-type-variable","14":"has-default-attributes"},"jetpack_sharing_enabled":true,"tiered_pricing_type":"fixed","tiered_pricing_fixed_rules":{"30":7.96999999999999975131004248396493494510650634765625,"50":6.519999999999999573674358543939888477325439453125,"100":6.2599999999999997868371792719699442386627197265625,"200":5.87000000000000010658141036401502788066864013671875,"400":5.29000000000000003552713678800500929355621337890625},"tiered_pricing_product_settings":{"layout":"default","base_unit_name":{"singular":null,"plural":null},"default_variation":null},"tiered_pricing_minimum_quantity":10,"tiered_pricing_roles_data":[],"tiered_pricing_percentage_rules":[],"tiered_pricing_maximum_quantity":null,"tiered_pricing_quantity_step":"10","_links":{"self":[{"href":"https:\/\/aiviouvapes.com\/sv\/wp-json\/wp\/v2\/product\/39912","targetHints":{"allow":["GET"]}}],"collection":[{"href":"https:\/\/aiviouvapes.com\/sv\/wp-json\/wp\/v2\/product"}],"about":[{"href":"https:\/\/aiviouvapes.com\/sv\/wp-json\/wp\/v2\/types\/product"}],"replies":[{"embeddable":true,"href":"https:\/\/aiviouvapes.com\/sv\/wp-json\/wp\/v2\/comments?post=39912"}],"wp:featuredmedia":[{"embeddable":true,"href":"https:\/\/aiviouvapes.com\/sv\/wp-json\/wp\/v2\/media\/39913"}],"wp:attachment":[{"href":"https:\/\/aiviouvapes.com\/sv\/wp-json\/wp\/v2\/media?parent=39912"}],"wp:term":[{"taxonomy":"product_brand","embeddable":true,"href":"https:\/\/aiviouvapes.com\/sv\/wp-json\/wp\/v2\/product_brand?post=39912"},{"taxonomy":"product_cat","embeddable":true,"href":"https:\/\/aiviouvapes.com\/sv\/wp-json\/wp\/v2\/product_cat?post=39912"},{"taxonomy":"product_tag","embeddable":true,"href":"https:\/\/aiviouvapes.com\/sv\/wp-json\/wp\/v2\/product_tag?post=39912"}],"curies":[{"name":"wp","href":"https:\/\/api.w.org\/{rel}","templated":true}]}}