{"id":37374,"date":"2025-06-12T22:50:24","date_gmt":"2025-06-12T14:50:24","guid":{"rendered":"https:\/\/aiviouvapes.com\/?post_type=product&#038;p=37374"},"modified":"2026-03-17T10:36:08","modified_gmt":"2026-03-17T02:36:08","slug":"bang-blaze-40k","status":"publish","type":"product","link":"https:\/\/aiviouvapes.com\/sv\/product\/bang-blaze-40k\/","title":{"rendered":"Bang Blaze 40K 40000 Puffs | dubbel smak, 40mL, 32 smaker, uppladdningsbar bulk eng\u00e5ngs vape"},"content":{"rendered":"<p><!-- SEO Meta Description (First 30 Words) --><\/p>\n<p><!-- Product Title --><\/p>\n<h2>Bang Blaze 40K eng\u00e5ngsvape - dubbel smak, 40 000 puffar, 32 smakalternativ<\/h2>\n<p><!-- Key Features Section --><\/p>\n<h2>\ud83d\udd11 Viktiga funktioner i Bang Blaze 40K eng\u00e5ngsvape<\/h2>\n<ul>\n<li><strong>Massiv puffkapacitet:<\/strong> Upp till 40 000 puffar - perfekt f\u00f6r flera veckors oavbruten vaping.<\/li>\n<li><strong>Dubbel smakomkopplare:<\/strong> Slide-to-switch-funktionen g\u00f6r att du kan v\u00e4xla mellan tv\u00e5 smaker direkt.<\/li>\n<li><strong>Gener\u00f6s kapacitet f\u00f6r e-v\u00e4tska:<\/strong> F\u00f6rfylld med 40 ml h\u00f6gkvalitativ e-juice f\u00f6r l\u00e5ngvarig njutning.<\/li>\n<li><strong>Flera nikotinstyrkor:<\/strong> V\u00e4lj mellan 0%, 2%, 3% eller 5% nikotin f\u00f6r att passa dina \u00f6nskem\u00e5l.<\/li>\n<li><strong>Uppladdningsbart batteri:<\/strong> Drivs av ett p\u00e5litligt 650 mAh-batteri f\u00f6r l\u00e5nga sessioner.<\/li>\n<li><strong>Spole med dubbla n\u00e4t (1,2\u03a9):<\/strong> Producerar j\u00e4mn \u00e5nga och rik, j\u00e4mn smak varje g\u00e5ng.<\/li>\n<li><strong>Snabb USB-C-laddning:<\/strong> Typ-C-porten garanterar snabb och effektiv laddning.<\/li>\n<\/ul>\n<p><!-- Why Choose Section --><\/p>\n<h2>\ud83d\udca1 Varf\u00f6r v\u00e4lja Bang Blaze 40K Vape?<\/h2>\n<ul>\n<li><strong>\u2705 O\u00f6vertr\u00e4ffad livsl\u00e4ngd:<\/strong> Livsl\u00e4ngd p\u00e5 40 000 puffar och en tank p\u00e5 40 ml inneb\u00e4r f\u00e4rre byten och st\u00f6rre tillfredsst\u00e4llelse.<\/li>\n<li><strong>\u2705 Bekv\u00e4mlighet med dubbla smaker:<\/strong> N\u00f6j dig inte med en smak - byt smak direkt med skjutmekanismen.<\/li>\n<li><strong>\u2705 Skr\u00e4ddarsydd nikotinupplevelse:<\/strong> Fr\u00e5n noll till stark - v\u00e4lj din styrka fr\u00e5n 0%, 2%, 3% eller 5%.<\/li>\n<li><strong>\u2705 Silky Vapor Quality:<\/strong> Dual mesh-coil ger j\u00e4mna, smakrika drag varje g\u00e5ng.<\/li>\n<li><strong>\u2705 Kompakt och uppladdningsbar:<\/strong> Ta med den \u00f6verallt - snabb typ C-laddning och en fickv\u00e4nlig design.<\/li>\n<\/ul>\n<p>Oavsett om du \u00e4r en smakj\u00e4gare, molnj\u00e4gare eller bulkk\u00f6pare, levererar Bang Blaze 40K eng\u00e5ngsvape premiumprestanda, oslagbar bekv\u00e4mlighet och en verkligt smakfull vapingresa.<\/p>\n<p><!-- Flavor List Section --><\/p>\n<h2>\ud83c\udf53 Smaklista - Utforska 32 unika dubbla smakkombinationer<\/h2>\n<ul>\n<li data-start=\"71\" data-end=\"108\">\n<p data-start=\"74\" data-end=\"108\">Vattenmelon\/smultronvattenmelon<\/p>\n<\/li>\n<li data-start=\"109\" data-end=\"147\">\n<p data-start=\"112\" data-end=\"147\">Bl\u00e5b\u00e4rsis\/bl\u00e5b\u00e4rshallon<\/p>\n<\/li>\n<li data-start=\"148\" data-end=\"179\">\n<p data-start=\"151\" data-end=\"179\">Mango Ice\/Strawberry Mango<\/p>\n<\/li>\n<li data-start=\"180\" data-end=\"216\">\n<p data-start=\"183\" data-end=\"216\">Vattenmelon\/Vattenmelon Bubblegum<\/p>\n<\/li>\n<li data-start=\"217\" data-end=\"253\">\n<p data-start=\"220\" data-end=\"253\">Ananas-is\/ananas-kokosn\u00f6t<\/p>\n<\/li>\n<li data-start=\"254\" data-end=\"283\">\n<p data-start=\"257\" data-end=\"283\">Blandad frukt\/Trippelb\u00e4r<\/p>\n<\/li>\n<li data-start=\"284\" data-end=\"310\">\n<p data-start=\"287\" data-end=\"310\">Persika Ice\/Mango Persika<\/p>\n<\/li>\n<li data-start=\"311\" data-end=\"334\">\n<p data-start=\"314\" data-end=\"334\">K\u00f6rsb\u00e4r\/Cherry Coke<\/p>\n<\/li>\n<li data-start=\"335\" data-end=\"361\">\n<p data-start=\"338\" data-end=\"361\">Druva\/Bl\u00e5b\u00e4r Druva<\/p>\n<\/li>\n<li data-start=\"362\" data-end=\"387\">\n<p data-start=\"366\" data-end=\"387\">Mint\/Bl\u00e5b\u00e4r Mint<\/p>\n<\/li>\n<li data-start=\"388\" data-end=\"419\">\n<p data-start=\"392\" data-end=\"419\">Black Dragon Ice\/Red Bull<\/p>\n<\/li>\n<li data-start=\"420\" data-end=\"456\">\n<p data-start=\"424\" data-end=\"456\">Strawberry Ice\/Strawberry Kiwi<\/p>\n<\/li>\n<li data-start=\"457\" data-end=\"496\">\n<p data-start=\"461\" data-end=\"496\">Tropiska frukter\/Trippel vattenmelon<\/p>\n<\/li>\n<li data-start=\"497\" data-end=\"534\">\n<p data-start=\"501\" data-end=\"534\">Sur Mango Ananas\/Lemon Lime<\/p>\n<\/li>\n<li data-start=\"535\" data-end=\"562\">\n<p data-start=\"539\" data-end=\"562\">Sommartid\/Apple Ice<\/p>\n<\/li>\n<li data-start=\"563\" data-end=\"598\">\n<p data-start=\"567\" data-end=\"598\">Rainbow Candy\/Arctic Freezing<\/p>\n<\/li>\n<li data-start=\"599\" data-end=\"635\">\n<p data-start=\"603\" data-end=\"635\">Hallon Vattenmelon\/Jieshuang<\/p>\n<\/li>\n<li data-start=\"636\" data-end=\"673\">\n<p data-start=\"640\" data-end=\"673\">Lemon Romance\/California Cherry<\/p>\n<\/li>\n<li data-start=\"674\" data-end=\"713\">\n<p data-start=\"678\" data-end=\"713\">Mango Persika Aprikos\/Vita gummier<\/p>\n<\/li>\n<li data-start=\"714\" data-end=\"753\">\n<p data-start=\"718\" data-end=\"753\">Mary's Dream\/Aloe Mango Melon Ice<\/p>\n<\/li>\n<li data-start=\"754\" data-end=\"804\">\n<p data-start=\"758\" data-end=\"804\">Bl\u00e5b\u00e4r Tranb\u00e4r K\u00f6rsb\u00e4r\/Vattenmelon K\u00f6rsb\u00e4r<\/p>\n<\/li>\n<li data-start=\"805\" data-end=\"848\">\n<p data-start=\"809\" data-end=\"848\">Ananas Mango\/Ananas Kokosn\u00f6tsis<\/p>\n<\/li>\n<li data-start=\"849\" data-end=\"891\">\n<p data-start=\"853\" data-end=\"891\">Hallon Vattenmelon\/Aloe Vera Druva<\/p>\n<\/li>\n<li data-start=\"892\" data-end=\"926\">\n<p data-start=\"896\" data-end=\"926\">Lychee Ice\/Strawberry Lychee<\/p>\n<\/li>\n<li data-start=\"927\" data-end=\"972\">\n<p data-start=\"931\" data-end=\"972\">Jordgubbsglass\/Sjordgubbsvanilj<\/p>\n<\/li>\n<li data-start=\"973\" data-end=\"1013\">\n<p data-start=\"977\" data-end=\"1013\">Gummibj\u00f6rn\/Raspberry Black Glitter<\/p>\n<\/li>\n<li data-start=\"1014\" data-end=\"1054\">\n<p data-start=\"1018\" data-end=\"1054\">B\u00e4r Cool\/Vattenmelon Syrlig persika<\/p>\n<\/li>\n<\/ul>","protected":false},"excerpt":{"rendered":"<p>Bang Blaze 40K eng\u00e5ngsvape erbjuder 40 000 puffar, dubbla smaker, 40 ml e-juice, 32 smakalternativ och upp till 5% nikotin. En uppladdningsbar, h\u00f6gpresterande eng\u00e5ngsvape f\u00f6r smak\u00e4lskare.<\/p>","protected":false},"featured_media":37387,"comment_status":"open","ping_status":"closed","template":"","meta":[],"product_brand":[239],"product_cat":[37,219,137,146,138,141,143],"product_tag":[],"class_list":{"0":"post-37374","1":"product","2":"type-product","3":"status-publish","4":"has-post-thumbnail","6":"product_brand-bang","7":"product_cat-bang","8":"product_cat-40000-puffs-disposable-vape","9":"product_cat-disposable-vapes-in-germany","10":"product_cat-disposable-vapes-in-hungary","11":"product_cat-disposable-vapes-in-ltaly","12":"product_cat-disposable-vapes-in-poland","13":"product_cat-disposable-vapes-in-spain","15":"first","16":"instock","17":"shipping-taxable","18":"purchasable","19":"product-type-variable","20":"has-default-attributes"},"jetpack_sharing_enabled":true,"tiered_pricing_type":"fixed","tiered_pricing_fixed_rules":{"30":7.78000000000000024868995751603506505489349365234375,"50":6.61000000000000031974423109204508364200592041015625,"100":5.70000000000000017763568394002504646778106689453125,"200":5.30999999999999960920149533194489777088165283203125,"400":4.730000000000000426325641456060111522674560546875},"tiered_pricing_product_settings":{"layout":"default","base_unit_name":{"singular":null,"plural":null},"default_variation":null},"tiered_pricing_minimum_quantity":10,"tiered_pricing_roles_data":[],"tiered_pricing_percentage_rules":[],"tiered_pricing_maximum_quantity":null,"tiered_pricing_quantity_step":"10","_links":{"self":[{"href":"https:\/\/aiviouvapes.com\/sv\/wp-json\/wp\/v2\/product\/37374","targetHints":{"allow":["GET"]}}],"collection":[{"href":"https:\/\/aiviouvapes.com\/sv\/wp-json\/wp\/v2\/product"}],"about":[{"href":"https:\/\/aiviouvapes.com\/sv\/wp-json\/wp\/v2\/types\/product"}],"replies":[{"embeddable":true,"href":"https:\/\/aiviouvapes.com\/sv\/wp-json\/wp\/v2\/comments?post=37374"}],"wp:featuredmedia":[{"embeddable":true,"href":"https:\/\/aiviouvapes.com\/sv\/wp-json\/wp\/v2\/media\/37387"}],"wp:attachment":[{"href":"https:\/\/aiviouvapes.com\/sv\/wp-json\/wp\/v2\/media?parent=37374"}],"wp:term":[{"taxonomy":"product_brand","embeddable":true,"href":"https:\/\/aiviouvapes.com\/sv\/wp-json\/wp\/v2\/product_brand?post=37374"},{"taxonomy":"product_cat","embeddable":true,"href":"https:\/\/aiviouvapes.com\/sv\/wp-json\/wp\/v2\/product_cat?post=37374"},{"taxonomy":"product_tag","embeddable":true,"href":"https:\/\/aiviouvapes.com\/sv\/wp-json\/wp\/v2\/product_tag?post=37374"}],"curies":[{"name":"wp","href":"https:\/\/api.w.org\/{rel}","templated":true}]}}