{"id":36827,"date":"2025-06-24T15:43:59","date_gmt":"2025-06-24T07:43:59","guid":{"rendered":"https:\/\/aiviouvapes.com\/?post_type=product&#038;p=36827"},"modified":"2026-03-17T23:57:15","modified_gmt":"2026-03-17T15:57:15","slug":"okso-crystal-bar-800","status":"publish","type":"product","link":"https:\/\/aiviouvapes.com\/sv\/product\/okso-crystal-bar-800\/","title":{"rendered":"OKSO Crystal Bar 800 Puffs | mesh coil, RGB LED, 0-5% nikotin bulk eng\u00e5ngs vape"},"content":{"rendered":"<h2>\ud83d\udd11 Viktiga funktioner i OKSO Crystal Bar 800 eng\u00e5ngsvape<\/h2>\n<ul>\n<li><strong>800 Puffs:<\/strong> Perfekt f\u00f6r tillf\u00e4lliga och m\u00e5ttliga anv\u00e4ndare, med l\u00e5ng livsl\u00e4ngd i ett litet paket.<\/li>\n<li><strong>Teknik f\u00f6r n\u00e4tspole:<\/strong> S\u00e4kerst\u00e4ller en j\u00e4mn och fyllig smak vid varje dragning.<\/li>\n<li><strong>2mL E-liquid kapacitet:<\/strong> F\u00f6rfylld f\u00f6r enkelhetens skull - inga p\u00e5fyllningar beh\u00f6vs.<\/li>\n<li><strong>Flera nikotinalternativ:<\/strong> V\u00e4lj mellan 0%, 2%, 3% eller 5% f\u00f6r att matcha dina \u00f6nskem\u00e5l.<\/li>\n<li><strong>400mAh Batteri:<\/strong> H\u00e5ller f\u00f6r alla 800 bloss med stabil produktion.<\/li>\n<li><strong>RGB LED-belysning:<\/strong> Ger en livfull visuell touch med varje bloss.<\/li>\n<li><strong>Ultra-l\u00e4ttviktsdesign:<\/strong> V\u00e4ger endast 36 g - elegant, diskret och l\u00e4tt att b\u00e4ra.<\/li>\n<\/ul>\n<h2>\ud83c\udf1f Varf\u00f6r v\u00e4lja OKSO Crystal Bar 800?<\/h2>\n<p>OKSO Crystal Bar 800 \u00e4r en kompakt, smakfull och livfull eng\u00e5ngsvape som \u00e4r gjord f\u00f6r enkelhet och tillfredsst\u00e4llelse. Oavsett om du \u00e4r ute efter intensiv smak eller nikotinflexibilitet, har den h\u00e4r enheten allt f\u00f6rpackat i en kristallklar kropp med RGB-flair. Perfekt f\u00f6r b\u00e5de nyb\u00f6rjare och erfarna vapers som v\u00e4rdes\u00e4tter b\u00e4rbarhet utan att offra kvaliteten.<\/p>\n<h2>\ud83c\udf53 Tillg\u00e4ngliga smaker<\/h2>\n<ul>\n<li>Mint<\/li>\n<li>Persika is<\/li>\n<li>Rosa citron<\/li>\n<li>Tigerblod<\/li>\n<li>Druvis<\/li>\n<li>Vattenmelon-is<\/li>\n<li>Blue Razz Is<\/li>\n<li>Persika Mango Vattenmelon<\/li>\n<li>K\u00f6rsb\u00e4rsis<\/li>\n<li>Jordgubbsis<\/li>\n<\/ul>\n<p>&nbsp;<\/p>\n<p>&nbsp;<\/p>\n<p>&nbsp;<\/p>","protected":false},"excerpt":{"rendered":"<p>OKSO Crystal Bar 800 eng\u00e5ngsvape ger 800 smidiga puffar, RGB LED-effekter och 10 dj\u00e4rva smaker i en kompakt, elegant design - perfekt f\u00f6r vardagsbruk och n\u00e4r du \u00e4r p\u00e5 spr\u00e5ng.<\/p>","protected":false},"featured_media":36832,"comment_status":"open","ping_status":"closed","template":"","meta":[],"product_brand":[244],"product_cat":[243,118],"product_tag":[],"class_list":{"0":"post-36827","1":"product","2":"type-product","3":"status-publish","4":"has-post-thumbnail","6":"product_brand-okso","7":"product_cat-okso","8":"product_cat-800-puffs-disposable-vape","10":"first","11":"instock","12":"shipping-taxable","13":"purchasable","14":"product-type-variable","15":"has-default-attributes"},"jetpack_sharing_enabled":true,"tiered_pricing_type":"fixed","tiered_pricing_fixed_rules":{"30":5.19000000000000039079850466805510222911834716796875,"50":3.62999999999999989341858963598497211933135986328125,"100":3.04999999999999982236431605997495353221893310546875,"200":2.850000000000000088817841970012523233890533447265625,"400":2.45999999999999996447286321199499070644378662109375},"tiered_pricing_product_settings":{"layout":"default","base_unit_name":{"singular":null,"plural":null},"default_variation":null},"tiered_pricing_minimum_quantity":10,"tiered_pricing_roles_data":[],"tiered_pricing_percentage_rules":[],"tiered_pricing_maximum_quantity":null,"tiered_pricing_quantity_step":"10","_links":{"self":[{"href":"https:\/\/aiviouvapes.com\/sv\/wp-json\/wp\/v2\/product\/36827","targetHints":{"allow":["GET"]}}],"collection":[{"href":"https:\/\/aiviouvapes.com\/sv\/wp-json\/wp\/v2\/product"}],"about":[{"href":"https:\/\/aiviouvapes.com\/sv\/wp-json\/wp\/v2\/types\/product"}],"replies":[{"embeddable":true,"href":"https:\/\/aiviouvapes.com\/sv\/wp-json\/wp\/v2\/comments?post=36827"}],"wp:featuredmedia":[{"embeddable":true,"href":"https:\/\/aiviouvapes.com\/sv\/wp-json\/wp\/v2\/media\/36832"}],"wp:attachment":[{"href":"https:\/\/aiviouvapes.com\/sv\/wp-json\/wp\/v2\/media?parent=36827"}],"wp:term":[{"taxonomy":"product_brand","embeddable":true,"href":"https:\/\/aiviouvapes.com\/sv\/wp-json\/wp\/v2\/product_brand?post=36827"},{"taxonomy":"product_cat","embeddable":true,"href":"https:\/\/aiviouvapes.com\/sv\/wp-json\/wp\/v2\/product_cat?post=36827"},{"taxonomy":"product_tag","embeddable":true,"href":"https:\/\/aiviouvapes.com\/sv\/wp-json\/wp\/v2\/product_tag?post=36827"}],"curies":[{"name":"wp","href":"https:\/\/api.w.org\/{rel}","templated":true}]}}