{"id":33282,"date":"2025-04-24T17:00:12","date_gmt":"2025-04-24T09:00:12","guid":{"rendered":"https:\/\/aiviouvapes.com\/?post_type=product&#038;p=33282"},"modified":"2026-03-17T23:58:55","modified_gmt":"2026-03-17T15:58:55","slug":"mrvi-df-40k-puff","status":"publish","type":"product","link":"https:\/\/aiviouvapes.com\/sv\/product\/mrvi-df-40k-puff\/","title":{"rendered":"MRVI DF 40000 Puffs | dubbel smak, 40 ml e-liquid eng\u00e5ngs vape bulk grossist"},"content":{"rendered":"<p><strong>MRVI DF 40000 Eng\u00e5ngsvape med dubbel smak<\/strong> - Dubbelt s\u00e5 mycket smak, dubbelt s\u00e5 mycket n\u00f6je.<\/p>\n<p>M\u00f6t <strong>MRVI DF 40000<\/strong>, eng\u00e5ngsvapnet som ger dig dubbel smak och dubbel njutning. Med upp till <strong>40 000 bloss<\/strong>, en massiv <strong>40 ml tank f\u00f6r e-juice<\/strong>och banbrytande <strong>spole med dubbla n\u00e4t<\/strong> teknik \u00e4r den h\u00e4r enheten konstruerad f\u00f6r j\u00e4mn, rik \u00e5nga som varar l\u00e4ngre \u00e4n du n\u00e5gonsin trodde var m\u00f6jligt. Oavsett om du \u00e4r en tillf\u00e4llig vaper eller en grossistk\u00f6pare, MRVI DF 40000 packar allt du beh\u00f6ver i en elegant, fickv\u00e4nlig enhet.<\/p>\n<p>Utrustad med en <strong>850mAh uppladdningsbart batteri<\/strong> och <strong>Typ C-laddning<\/strong> f\u00f6r snabb tankning \u00e4r den h\u00e4r enheten lika kraftfull som den \u00e4r bekv\u00e4m. V\u00e4lj mellan <strong>5% eller 2% nikotinstyrka<\/strong> f\u00f6r att skr\u00e4ddarsy din upplevelse. Plus, med <strong>10 unika kombinationer med dubbla smaker<\/strong>Det finns alltid n\u00e5got nytt att prova.<\/p>\n<p>MRVI DF 40000 \u00e4r perfekt f\u00f6r personligt bruk eller f\u00f6r att fylla p\u00e5 lagret f\u00f6r \u00e5terf\u00f6rs\u00e4ljning, och \u00e4r den vape du beh\u00f6ver f\u00f6r kvalitet och kvantitet.<\/p>\n<h3><strong>MRVI DF 40000 Funktioner:<\/strong><\/h3>\n<ul>\n<li><strong>Massivt antal puffar:<\/strong> Upp till 40.000 puffar per enhet<\/li>\n<li><strong>Stor kapacitet f\u00f6r e-v\u00e4tska:<\/strong> 40 ml premium e-juice<\/li>\n<li><strong>Kraftfullt batteri:<\/strong> 850mAh uppladdningsbart batteri<\/li>\n<li><strong>Snabbladdning:<\/strong> Typ-C-port (fulladdad p\u00e5 2 timmar)<\/li>\n<li><strong>Spole med dubbla n\u00e4t:<\/strong> Mjuk, fyllig \u00e5nga vid varje drag<\/li>\n<li><strong>Nikotinalternativ:<\/strong> 5% eller 2% tobaksfri nikotin<\/li>\n<li><strong>Smakvariation:<\/strong> 10 sp\u00e4nnande kombinationer med dubbla smaker<\/li>\n<li><strong>Enkel aktivering:<\/strong> Andas in f\u00f6r att aktivera - inga knappar kr\u00e4vs<\/li>\n<li><strong>Kompakt design:<\/strong> Fickv\u00e4nlig och ergonomisk (92*41*19 mm)<\/li>\n<li><strong>Grossistv\u00e4nlig:<\/strong> 10 st per displayl\u00e5da<\/li>\n<\/ul>","protected":false},"excerpt":{"rendered":"<p class=\"\" data-start=\"97\" data-end=\"366\">MRVI DF 40000 eng\u00e5ngsvape erbjuder upp till 40 000 puffar, dubbla n\u00e4tspolar, 40 ml e-juice och 10 dynamiska smakkombinationer. Perfekt f\u00f6r l\u00e5ngvarig, problemfri vaping, perfekt f\u00f6r personligt bruk eller grossistbruk.<\/p>","protected":false},"featured_media":33307,"comment_status":"open","ping_status":"closed","template":"","meta":[],"product_brand":[229],"product_cat":[33,219,80,79],"product_tag":[],"class_list":{"0":"post-33282","1":"product","2":"type-product","3":"status-publish","4":"has-post-thumbnail","6":"product_brand-mrvi","7":"product_cat-mrvi","8":"product_cat-40000-puffs-disposable-vape","9":"product_cat-dual-flavor-vapes","10":"product_cat-dual-mesh-vapes","12":"first","13":"instock","14":"shipping-taxable","15":"purchasable","16":"product-type-variable","17":"has-default-attributes"},"jetpack_sharing_enabled":true,"tiered_pricing_type":"fixed","tiered_pricing_fixed_rules":{"100":7.05999999999999960920149533194489777088165283203125,"200":6.4199999999999999289457264239899814128875732421875,"400":6.089999999999999857891452847979962825775146484375},"tiered_pricing_product_settings":{"layout":"default","base_unit_name":{"singular":null,"plural":null},"default_variation":null},"tiered_pricing_minimum_quantity":50,"tiered_pricing_roles_data":[],"tiered_pricing_percentage_rules":[],"tiered_pricing_maximum_quantity":null,"tiered_pricing_quantity_step":"10","_links":{"self":[{"href":"https:\/\/aiviouvapes.com\/sv\/wp-json\/wp\/v2\/product\/33282","targetHints":{"allow":["GET"]}}],"collection":[{"href":"https:\/\/aiviouvapes.com\/sv\/wp-json\/wp\/v2\/product"}],"about":[{"href":"https:\/\/aiviouvapes.com\/sv\/wp-json\/wp\/v2\/types\/product"}],"replies":[{"embeddable":true,"href":"https:\/\/aiviouvapes.com\/sv\/wp-json\/wp\/v2\/comments?post=33282"}],"wp:featuredmedia":[{"embeddable":true,"href":"https:\/\/aiviouvapes.com\/sv\/wp-json\/wp\/v2\/media\/33307"}],"wp:attachment":[{"href":"https:\/\/aiviouvapes.com\/sv\/wp-json\/wp\/v2\/media?parent=33282"}],"wp:term":[{"taxonomy":"product_brand","embeddable":true,"href":"https:\/\/aiviouvapes.com\/sv\/wp-json\/wp\/v2\/product_brand?post=33282"},{"taxonomy":"product_cat","embeddable":true,"href":"https:\/\/aiviouvapes.com\/sv\/wp-json\/wp\/v2\/product_cat?post=33282"},{"taxonomy":"product_tag","embeddable":true,"href":"https:\/\/aiviouvapes.com\/sv\/wp-json\/wp\/v2\/product_tag?post=33282"}],"curies":[{"name":"wp","href":"https:\/\/api.w.org\/{rel}","templated":true}]}}