{"id":30767,"date":"2025-03-21T12:56:55","date_gmt":"2025-03-21T04:56:55","guid":{"rendered":"https:\/\/aiviouvapes.com\/?post_type=product&#038;p=30767"},"modified":"2026-04-02T18:23:44","modified_gmt":"2026-04-02T10:23:44","slug":"waspe-60k-3-in-1-60000-puffs","status":"publish","type":"product","link":"https:\/\/aiviouvapes.com\/sv\/product\/waspe-60k-3-in-1-60000-puffs\/","title":{"rendered":"WASPE 60K | 3-in-1 60000 puffar, trippel smak, bulk eng\u00e5ngs vape"},"content":{"rendered":"<p><img data-recalc-dims=\"1\" loading=\"lazy\" decoding=\"async\" class=\"alignnone wp-image-33901\" src=\"https:\/\/i0.wp.com\/aiviouvapes.com\/wp-content\/uploads\/2025\/03\/%E5%BE%AE%E4%BF%A1%E5%9B%BE%E7%89%87_20250502143652-e1746694635211.jpg?resize=1000%2C591&#038;ssl=1\" alt=\",\" width=\"1000\" height=\"591\" title=\"\" srcset=\"https:\/\/i0.wp.com\/aiviouvapes.com\/wp-content\/uploads\/2025\/03\/%E5%BE%AE%E4%BF%A1%E5%9B%BE%E7%89%87_20250502143652-e1746694635211.jpg?w=1280&amp;ssl=1 1280w, https:\/\/i0.wp.com\/aiviouvapes.com\/wp-content\/uploads\/2025\/03\/%E5%BE%AE%E4%BF%A1%E5%9B%BE%E7%89%87_20250502143652-e1746694635211.jpg?resize=300%2C177&amp;ssl=1 300w, https:\/\/i0.wp.com\/aiviouvapes.com\/wp-content\/uploads\/2025\/03\/%E5%BE%AE%E4%BF%A1%E5%9B%BE%E7%89%87_20250502143652-e1746694635211.jpg?resize=1024%2C606&amp;ssl=1 1024w, https:\/\/i0.wp.com\/aiviouvapes.com\/wp-content\/uploads\/2025\/03\/%E5%BE%AE%E4%BF%A1%E5%9B%BE%E7%89%87_20250502143652-e1746694635211.jpg?resize=768%2C454&amp;ssl=1 768w, https:\/\/i0.wp.com\/aiviouvapes.com\/wp-content\/uploads\/2025\/03\/%E5%BE%AE%E4%BF%A1%E5%9B%BE%E7%89%87_20250502143652-e1746694635211.jpg?resize=18%2C12&amp;ssl=1 18w, https:\/\/i0.wp.com\/aiviouvapes.com\/wp-content\/uploads\/2025\/03\/%E5%BE%AE%E4%BF%A1%E5%9B%BE%E7%89%87_20250502143652-e1746694635211.jpg?resize=800%2C473&amp;ssl=1 800w\" sizes=\"auto, (max-width: 1000px) 100vw, 1000px\" \/> <img data-recalc-dims=\"1\" loading=\"lazy\" decoding=\"async\" class=\"alignnone wp-image-33902\" src=\"https:\/\/i0.wp.com\/aiviouvapes.com\/wp-content\/uploads\/2025\/03\/%E5%BE%AE%E4%BF%A1%E5%9B%BE%E7%89%87_20250502143744.jpg?resize=1000%2C750&#038;ssl=1\" alt=\",\" width=\"1000\" height=\"750\" title=\"\" srcset=\"https:\/\/i0.wp.com\/aiviouvapes.com\/wp-content\/uploads\/2025\/03\/%E5%BE%AE%E4%BF%A1%E5%9B%BE%E7%89%87_20250502143744.jpg?w=1707&amp;ssl=1 1707w, https:\/\/i0.wp.com\/aiviouvapes.com\/wp-content\/uploads\/2025\/03\/%E5%BE%AE%E4%BF%A1%E5%9B%BE%E7%89%87_20250502143744.jpg?resize=300%2C225&amp;ssl=1 300w, https:\/\/i0.wp.com\/aiviouvapes.com\/wp-content\/uploads\/2025\/03\/%E5%BE%AE%E4%BF%A1%E5%9B%BE%E7%89%87_20250502143744.jpg?resize=1024%2C768&amp;ssl=1 1024w, https:\/\/i0.wp.com\/aiviouvapes.com\/wp-content\/uploads\/2025\/03\/%E5%BE%AE%E4%BF%A1%E5%9B%BE%E7%89%87_20250502143744.jpg?resize=768%2C576&amp;ssl=1 768w, https:\/\/i0.wp.com\/aiviouvapes.com\/wp-content\/uploads\/2025\/03\/%E5%BE%AE%E4%BF%A1%E5%9B%BE%E7%89%87_20250502143744.jpg?resize=1536%2C1152&amp;ssl=1 1536w, https:\/\/i0.wp.com\/aiviouvapes.com\/wp-content\/uploads\/2025\/03\/%E5%BE%AE%E4%BF%A1%E5%9B%BE%E7%89%87_20250502143744.jpg?resize=16%2C12&amp;ssl=1 16w, https:\/\/i0.wp.com\/aiviouvapes.com\/wp-content\/uploads\/2025\/03\/%E5%BE%AE%E4%BF%A1%E5%9B%BE%E7%89%87_20250502143744.jpg?resize=1320%2C990&amp;ssl=1 1320w, https:\/\/i0.wp.com\/aiviouvapes.com\/wp-content\/uploads\/2025\/03\/%E5%BE%AE%E4%BF%A1%E5%9B%BE%E7%89%87_20250502143744.jpg?resize=800%2C600&amp;ssl=1 800w\" sizes=\"auto, (max-width: 1000px) 100vw, 1000px\" \/><\/p>\n<p><iframe title=\"VideoPress Videospelare\" aria-label='VideoPress Videospelare' width='1020' height='574' src='https:\/\/videopress.com\/embed\/ejPBp6IM?hd=0&amp;cover=1' frameborder='0' allowfullscreen allow='clipboard-write'><\/iframe><script src='https:\/\/v0.wordpress.com\/js\/next\/videopress-iframe.js?m=1770107250'><\/script><\/p>\n<h2>\ud83c\udf53 WASPE 60K Trippel smakkombinationer<\/h2>\n<p>Varje WASPE AIVIOU 60000 erbjuder <strong>3 unika smaker i 1 enhet<\/strong>s\u00e5 att du kan byta ut den utan att beh\u00f6va en ny vape.<\/p>\n<table class=\"w-fit min-w-(--thread-content-width)\">\n<thead>\n<tr>\n<th>Combo nr.<\/th>\n<th>Smak Trio<\/th>\n<\/tr>\n<\/thead>\n<tbody>\n<tr>\n<td>1<\/td>\n<td><strong>Vattenmelon-is<\/strong>, <strong>Jordgubb Kiwi<\/strong>, <strong>Citron Lime<\/strong><\/td>\n<\/tr>\n<tr>\n<td>2<\/td>\n<td><strong>Jordgubbar Vattenmelon<\/strong>, <strong>Godis jordgubb hallon<\/strong>, <strong>Druvis<\/strong><\/td>\n<\/tr>\n<tr>\n<td>3<\/td>\n<td><strong>Bl\u00e5b\u00e4rsis<\/strong>, <strong>Svart drake is<\/strong>, <strong>Fizzy Cherry Ice<\/strong><\/td>\n<\/tr>\n<tr>\n<td>4<\/td>\n<td><strong>Jordgubbar Hallon K\u00f6rsb\u00e4r<\/strong>, <strong>Love 666<\/strong>, <strong>K\u00f6rsb\u00e4r Candy Ice<\/strong><\/td>\n<\/tr>\n<tr>\n<td>5<\/td>\n<td><strong>Persika is<\/strong>, <strong>Ananas Mango Persika<\/strong>, <strong>Tranb\u00e4r Citron<\/strong><\/td>\n<\/tr>\n<tr>\n<td>6<\/td>\n<td><strong>Red Bull Is<\/strong>, <strong>Jordgubbe Mango<\/strong>, <strong>Jordgubb Vattenmelon Tuggummi<\/strong><\/td>\n<\/tr>\n<tr>\n<td>7<\/td>\n<td><strong>Blandade b\u00e4r<\/strong>, <strong>Gummibj\u00f6rn<\/strong>, <strong>Blandad frukt<\/strong><\/td>\n<\/tr>\n<tr>\n<td>8<\/td>\n<td><strong>Trippel melonis<\/strong>, <strong>Regnb\u00e5gsgodis<\/strong>, <strong>Bl\u00e5b\u00e4rsgodis<\/strong><\/td>\n<\/tr>\n<tr>\n<td>9<\/td>\n<td><strong>Druvis<\/strong>, <strong>Jordgubbsgodis<\/strong>, <strong>Jordgubbar Hallon K\u00f6rsb\u00e4r<\/strong><\/td>\n<\/tr>\n<tr>\n<td>10<\/td>\n<td><strong>Jordgubbar Bananer<\/strong>, <strong>Ananas kokosn\u00f6t is<\/strong>, <strong>Mango is<\/strong><\/td>\n<\/tr>\n<tr>\n<td>11<\/td>\n<td><strong>K\u00f6rsb\u00e4r cola is<\/strong>, <strong>Jordgubbscola<\/strong>, <strong>Cola is<\/strong><\/td>\n<\/tr>\n<tr>\n<td>12<\/td>\n<td><strong>Bl\u00e5b\u00e4r Hallon<\/strong>, <strong>Sockervadd med bl\u00e5b\u00e4r<\/strong>, <strong>Dubbel \u00e4ppelis<\/strong><\/td>\n<\/tr>\n<\/tbody>\n<\/table>\n<p>\ud83c\udf00 Oavsett om du gillar fruktiga, iskalla eller godisinspirerade vapes - det finns en kombination f\u00f6r varje smak.<\/p>\n<h2>\ud83d\udce6 WASPE AIVIOU 60000 Puffs - Viktiga specifikationer<\/h2>\n<table class=\"w-fit min-w-(--thread-content-width)\">\n<thead>\n<tr>\n<th>Funktion<\/th>\n<th>Beskrivning<\/th>\n<\/tr>\n<\/thead>\n<tbody>\n<tr>\n<td><strong>Totalt Puffs<\/strong><\/td>\n<td>Upp till <strong>60.000 puffar<\/strong> - l\u00e5ngvarig och perfekt f\u00f6r l\u00e5ngvarig anv\u00e4ndning<\/td>\n<\/tr>\n<tr>\n<td><strong>Smakalternativ<\/strong><\/td>\n<td><strong>3-i-1<\/strong> - v\u00e4xla mellan tre inbyggda smaker i en enda enhet<\/td>\n<\/tr>\n<tr>\n<td><strong>Nikotinstyrkor<\/strong><\/td>\n<td>Finns i <strong>0%, 2% eller 5% nikotin<\/strong> - v\u00e4lj \u00f6nskad styrka<\/td>\n<\/tr>\n<tr>\n<td><strong>Kapacitet f\u00f6r e-v\u00e4tska<\/strong><\/td>\n<td><strong>54 ml<\/strong> - gott om v\u00e4tska f\u00f6r hela dagen<\/td>\n<\/tr>\n<tr>\n<td><strong>Display<\/strong><\/td>\n<td><strong>LED-sk\u00e4rm<\/strong> visar tydligt batteriniv\u00e5 och status f\u00f6r e-v\u00e4tska<\/td>\n<\/tr>\n<tr>\n<td><strong>Spolar<\/strong><\/td>\n<td><strong>Spolar med tredubbla maskor<\/strong> - f\u00f6r b\u00e4ttre smak och j\u00e4mnare \u00e5ngproduktion<\/td>\n<\/tr>\n<tr>\n<td><strong>Laddning<\/strong><\/td>\n<td><strong>Typ-C uppladdningsbar<\/strong> - snabb och bekv\u00e4m laddning<\/td>\n<\/tr>\n<tr>\n<td><strong>B\u00e4rbarhet<\/strong><\/td>\n<td>Kompakt storlek: <strong>47 mm x 47 mm x 116 mm<\/strong> - ryms l\u00e4tt i handen eller fickan<\/td>\n<\/tr>\n<tr>\n<td><strong>Idealisk f\u00f6r<\/strong><\/td>\n<td><strong>Partihandel och \u00e5terf\u00f6rs\u00e4ljare<\/strong> i Nederl\u00e4nderna, Tyskland, Belgien och Spanien<\/td>\n<\/tr>\n<\/tbody>\n<\/table>\n<h3>\u2753 Vanliga fr\u00e5gor - WASPE AIVIOU 60000 Puffs Eng\u00e5ngs Vape<\/h3>\n<h4>\u2705 Vad g\u00f6r WASPE AIVIOU 60000 Puffs till ett bra val?<\/h4>\n<p>WASPE 60K utm\u00e4rker sig med sin <strong>60.000 puffars kapacitet<\/strong>, <strong>3-i-1-smaksystem<\/strong>, och <strong>LED-display<\/strong>. Den \u00e4r gjord f\u00f6r anv\u00e4ndare som vill ha en mer l\u00e5ngvarig och smakrik vape-upplevelse. Dessutom \u00e4r den nyb\u00f6rjarv\u00e4nlig och enkel att ladda med en Type-C-kabel.<\/p>\n<h4>\ud83c\udf53 Hur m\u00e5nga smaker ing\u00e5r i en WASPE 60K vape?<\/h4>\n<p>Varje WASPE AIVIOU 60000 Puffs-enhet levereras med <strong>tre olika inbyggda smaker<\/strong>. Du kan v\u00e4xla mellan dem f\u00f6r variation utan att \u00e4ndra din vape. Det finns <strong>12 olika smakkombinationer<\/strong> finns f\u00f6r att passa alla smaker.<\/p>\n<h4>\ud83d\udd0b \u00c4r WASPE 60K laddningsbar?<\/h4>\n<p>Ja, enheten levereras med en <strong>uppladdningsbart batteri<\/strong> och <strong>Typ C-laddningsport<\/strong>vilket ger snabbare laddning och l\u00e4ngre anv\u00e4ndningstid.<\/p>\n<h4>\ud83d\udce6 Hur \u00e4r WASPE 60K vape f\u00f6rpackad f\u00f6r grossistorder?<\/h4>\n<p>WASPE AIVIOU 60K finns tillg\u00e4nglig i tv\u00e5 f\u00f6rpackningsalternativ:<\/p>\n<ul>\n<li><strong>Box:<\/strong> 10 enheter per l\u00e5da<\/li>\n<li><strong>Kartong:<\/strong> 160 enheter per kartong (ca 21 kg)<br \/>\nB\u00e5da \u00e4r l\u00e4mpliga f\u00f6r <strong>bulkbest\u00e4llningar och snabb leverans<\/strong>.<\/li>\n<\/ul>\n<h4>\ud83c\udf0d Var kan jag s\u00e4lja WASPE AIVIOU 60000 Puffs vape?<\/h4>\n<p>Den \u00e4r idealisk f\u00f6r <strong>parti- och detaljhandel<\/strong> i <strong>Nederl\u00e4nderna<\/strong>, <strong>Tyskland<\/strong>, <strong>Belgien<\/strong>, och <strong>Spanien<\/strong>. Oavsett om du har en fysisk butik eller s\u00e4ljer online \u00e4r den h\u00e4r produkten optimerad f\u00f6r EU-marknaderna.<\/p>\n<h4>\ud83d\uded2 Varf\u00f6r k\u00f6pa fr\u00e5n AiviouVape?<\/h4>\n<p><strong>AiviouVape<\/strong> \u00e4r en betrodd <strong>vape grossist<\/strong> arbetar direkt med tillverkare f\u00f6r att erbjuda:<\/p>\n<ul>\n<li>\u2705 Konkurrenskraftiga priser<\/li>\n<li>\u2705 \u00c4kta, s\u00e4kra produkter<\/li>\n<li>\u2705 Snabb leverans, \u00e4ven f\u00f6r stora best\u00e4llningar<\/li>\n<li>\u2705 Utm\u00e4rkt st\u00f6d f\u00f6r butiks\u00e4gare och \u00e5terf\u00f6rs\u00e4ljare<\/li>\n<\/ul>\n<h4>\ud83d\udccf Vilka \u00e4r dimensionerna p\u00e5 WASPE 60K-enheten?<\/h4>\n<p>Varje vape m\u00e4ter <strong>47 mm x 47 mm x 116 mm<\/strong>vilket g\u00f6r den l\u00e4tt och fickv\u00e4nlig.<\/p>\n<p><img data-recalc-dims=\"1\" loading=\"lazy\" decoding=\"async\" class=\"alignnone size-full wp-image-33904\" src=\"https:\/\/i0.wp.com\/aiviouvapes.com\/wp-content\/uploads\/2025\/03\/%E5%8C%85%E8%A3%85%E5%9B%BE-140000.jpg?resize=1020%2C612&#038;ssl=1\" alt=\",\" width=\"1020\" height=\"612\" title=\"\" srcset=\"https:\/\/i0.wp.com\/aiviouvapes.com\/wp-content\/uploads\/2025\/03\/%E5%8C%85%E8%A3%85%E5%9B%BE-140000.jpg?w=1920&amp;ssl=1 1920w, https:\/\/i0.wp.com\/aiviouvapes.com\/wp-content\/uploads\/2025\/03\/%E5%8C%85%E8%A3%85%E5%9B%BE-140000.jpg?resize=300%2C180&amp;ssl=1 300w, https:\/\/i0.wp.com\/aiviouvapes.com\/wp-content\/uploads\/2025\/03\/%E5%8C%85%E8%A3%85%E5%9B%BE-140000.jpg?resize=1024%2C614&amp;ssl=1 1024w, https:\/\/i0.wp.com\/aiviouvapes.com\/wp-content\/uploads\/2025\/03\/%E5%8C%85%E8%A3%85%E5%9B%BE-140000.jpg?resize=768%2C461&amp;ssl=1 768w, https:\/\/i0.wp.com\/aiviouvapes.com\/wp-content\/uploads\/2025\/03\/%E5%8C%85%E8%A3%85%E5%9B%BE-140000.jpg?resize=1536%2C922&amp;ssl=1 1536w, https:\/\/i0.wp.com\/aiviouvapes.com\/wp-content\/uploads\/2025\/03\/%E5%8C%85%E8%A3%85%E5%9B%BE-140000.jpg?resize=18%2C12&amp;ssl=1 18w, https:\/\/i0.wp.com\/aiviouvapes.com\/wp-content\/uploads\/2025\/03\/%E5%8C%85%E8%A3%85%E5%9B%BE-140000.jpg?resize=1320%2C792&amp;ssl=1 1320w, https:\/\/i0.wp.com\/aiviouvapes.com\/wp-content\/uploads\/2025\/03\/%E5%8C%85%E8%A3%85%E5%9B%BE-140000.jpg?resize=800%2C480&amp;ssl=1 800w\" sizes=\"auto, (max-width: 1020px) 100vw, 1020px\" \/>\u00a0<img data-recalc-dims=\"1\" loading=\"lazy\" decoding=\"async\" class=\"alignnone wp-image-30768 size-full\" src=\"https:\/\/i0.wp.com\/aiviouvapes.com\/wp-content\/uploads\/2025\/03\/WASPE-60k-3-in-1-60000-Puffs-1.jpg?resize=1020%2C574&#038;ssl=1\" alt=\",\" width=\"1020\" height=\"574\" title=\"\" srcset=\"https:\/\/i0.wp.com\/aiviouvapes.com\/wp-content\/uploads\/2025\/03\/WASPE-60k-3-in-1-60000-Puffs-1.jpg?w=1920&amp;ssl=1 1920w, https:\/\/i0.wp.com\/aiviouvapes.com\/wp-content\/uploads\/2025\/03\/WASPE-60k-3-in-1-60000-Puffs-1.jpg?resize=300%2C169&amp;ssl=1 300w, https:\/\/i0.wp.com\/aiviouvapes.com\/wp-content\/uploads\/2025\/03\/WASPE-60k-3-in-1-60000-Puffs-1.jpg?resize=1024%2C576&amp;ssl=1 1024w, https:\/\/i0.wp.com\/aiviouvapes.com\/wp-content\/uploads\/2025\/03\/WASPE-60k-3-in-1-60000-Puffs-1.jpg?resize=768%2C432&amp;ssl=1 768w, https:\/\/i0.wp.com\/aiviouvapes.com\/wp-content\/uploads\/2025\/03\/WASPE-60k-3-in-1-60000-Puffs-1.jpg?resize=1536%2C864&amp;ssl=1 1536w, https:\/\/i0.wp.com\/aiviouvapes.com\/wp-content\/uploads\/2025\/03\/WASPE-60k-3-in-1-60000-Puffs-1.jpg?resize=18%2C10&amp;ssl=1 18w, https:\/\/i0.wp.com\/aiviouvapes.com\/wp-content\/uploads\/2025\/03\/WASPE-60k-3-in-1-60000-Puffs-1.jpg?resize=750%2C422&amp;ssl=1 750w\" sizes=\"auto, (max-width: 1020px) 100vw, 1020px\" \/><img data-recalc-dims=\"1\" loading=\"lazy\" decoding=\"async\" class=\"alignnone size-full wp-image-30772\" src=\"https:\/\/i0.wp.com\/aiviouvapes.com\/wp-content\/uploads\/2025\/03\/WASPE-60k-3-in-1-60000-Puffs-5.jpg?resize=1020%2C543&#038;ssl=1\" alt=\",\" width=\"1020\" height=\"543\" title=\"\" srcset=\"https:\/\/i0.wp.com\/aiviouvapes.com\/wp-content\/uploads\/2025\/03\/WASPE-60k-3-in-1-60000-Puffs-5.jpg?w=1920&amp;ssl=1 1920w, https:\/\/i0.wp.com\/aiviouvapes.com\/wp-content\/uploads\/2025\/03\/WASPE-60k-3-in-1-60000-Puffs-5.jpg?resize=300%2C160&amp;ssl=1 300w, https:\/\/i0.wp.com\/aiviouvapes.com\/wp-content\/uploads\/2025\/03\/WASPE-60k-3-in-1-60000-Puffs-5.jpg?resize=1024%2C546&amp;ssl=1 1024w, https:\/\/i0.wp.com\/aiviouvapes.com\/wp-content\/uploads\/2025\/03\/WASPE-60k-3-in-1-60000-Puffs-5.jpg?resize=768%2C409&amp;ssl=1 768w, https:\/\/i0.wp.com\/aiviouvapes.com\/wp-content\/uploads\/2025\/03\/WASPE-60k-3-in-1-60000-Puffs-5.jpg?resize=1536%2C818&amp;ssl=1 1536w, https:\/\/i0.wp.com\/aiviouvapes.com\/wp-content\/uploads\/2025\/03\/WASPE-60k-3-in-1-60000-Puffs-5.jpg?resize=18%2C10&amp;ssl=1 18w, https:\/\/i0.wp.com\/aiviouvapes.com\/wp-content\/uploads\/2025\/03\/WASPE-60k-3-in-1-60000-Puffs-5.jpg?resize=750%2C400&amp;ssl=1 750w\" sizes=\"auto, (max-width: 1020px) 100vw, 1020px\" \/><\/p>","protected":false},"excerpt":{"rendered":"<p class=\"translation-block\">G\u00f6r dig redo f\u00f6r trippel smaksensation! Uppgraderade WASPE 60K l\u00e5ter dig njuta av tre fantastiska smaker i en elegant vape. Baserad p\u00e5 fanfavoriten <span style=\"color: #000000\"><a style=\"color: #000000\" href=\"https:\/\/aiviouvapes.com\/sv\/produkt\/waspe-crystal-40k-double-flavor-40000-puffs-rechargeable-bulk-buy-disposable-vape-wholesale\/\" target=\"_self\">WASPE Crystal<\/a><\/span>.<\/p>","protected":false},"featured_media":30783,"comment_status":"open","ping_status":"closed","template":"","meta":[],"product_brand":[227],"product_cat":[19,219,242,320,280,505],"product_tag":[306,308,303,305,304,302],"class_list":{"0":"post-30767","1":"product","2":"type-product","3":"status-publish","4":"has-post-thumbnail","6":"product_brand-waspe","7":"product_cat-waspe","8":"product_cat-40000-puffs-disposable-vape","9":"product_cat-60000-puffs-disposable-vape","10":"product_cat-best-disposable-vapes","11":"product_cat-cheap-rechargeable-disposable-vapes","12":"product_cat-in-stock-at-eu-warehouse","13":"product_tag-best-disposable-vapes","14":"product_tag-disposable-vape-in-europe","15":"product_tag-screen-vape","16":"product_tag-vape-suppliers","17":"product_tag-wholesale-vapes","18":"product_tag-wholesale-vapor","20":"first","21":"instock","22":"shipping-taxable","23":"purchasable","24":"product-type-variable","25":"has-default-attributes"},"jetpack_sharing_enabled":true,"tiered_pricing_type":"fixed","tiered_pricing_fixed_rules":{"30":9.07000000000000028421709430404007434844970703125,"50":7.910000000000000142108547152020037174224853515625,"100":7.38999999999999968025576890795491635799407958984375,"200":6.7400000000000002131628207280300557613372802734375,"400":6.4199999999999999289457264239899814128875732421875},"tiered_pricing_product_settings":{"layout":"default","base_unit_name":{"singular":null,"plural":null},"default_variation":null},"tiered_pricing_minimum_quantity":10,"tiered_pricing_roles_data":[],"tiered_pricing_percentage_rules":[],"tiered_pricing_maximum_quantity":null,"tiered_pricing_quantity_step":"10","_links":{"self":[{"href":"https:\/\/aiviouvapes.com\/sv\/wp-json\/wp\/v2\/product\/30767","targetHints":{"allow":["GET"]}}],"collection":[{"href":"https:\/\/aiviouvapes.com\/sv\/wp-json\/wp\/v2\/product"}],"about":[{"href":"https:\/\/aiviouvapes.com\/sv\/wp-json\/wp\/v2\/types\/product"}],"replies":[{"embeddable":true,"href":"https:\/\/aiviouvapes.com\/sv\/wp-json\/wp\/v2\/comments?post=30767"}],"wp:featuredmedia":[{"embeddable":true,"href":"https:\/\/aiviouvapes.com\/sv\/wp-json\/wp\/v2\/media\/30783"}],"wp:attachment":[{"href":"https:\/\/aiviouvapes.com\/sv\/wp-json\/wp\/v2\/media?parent=30767"}],"wp:term":[{"taxonomy":"product_brand","embeddable":true,"href":"https:\/\/aiviouvapes.com\/sv\/wp-json\/wp\/v2\/product_brand?post=30767"},{"taxonomy":"product_cat","embeddable":true,"href":"https:\/\/aiviouvapes.com\/sv\/wp-json\/wp\/v2\/product_cat?post=30767"},{"taxonomy":"product_tag","embeddable":true,"href":"https:\/\/aiviouvapes.com\/sv\/wp-json\/wp\/v2\/product_tag?post=30767"}],"curies":[{"name":"wp","href":"https:\/\/api.w.org\/{rel}","templated":true}]}}