{"id":30165,"date":"2025-03-14T17:40:59","date_gmt":"2025-03-14T09:40:59","guid":{"rendered":"https:\/\/aiviouvapes.com\/?post_type=product&#038;p=30165"},"modified":"2026-04-15T09:05:04","modified_gmt":"2026-04-15T01:05:04","slug":"uwin-crystal-10000-puffs","status":"publish","type":"product","link":"https:\/\/aiviouvapes.com\/sv\/product\/uwin-crystal-10000-puffs\/","title":{"rendered":"Uwin Crystal 10K | 10000 puffar, 0-5% nikotin, partihandel bulk eng\u00e5ngs vape"},"content":{"rendered":"<h2>Uwin Crystal 10000 Puffs Uppladdningsbar eng\u00e5ngsvape: O\u00f6vertr\u00e4ffad smak och livsl\u00e4ngd<\/h2>\n<p>Uppt\u00e4ck den b\u00e4sta tekniken f\u00f6r eng\u00e5ngsvape med <strong>Uwin Crystal 10000 Puffs Uppladdningsbar eng\u00e5ngsvape<\/strong>, exklusivt tillg\u00e4nglig p\u00e5 AiviouVape. Denna h\u00f6gkapacitetsenhet \u00e4r designad f\u00f6r b\u00e5de avslappnade och seri\u00f6sa vapers och ger en exceptionell balans mellan smak, bekv\u00e4mlighet och livsl\u00e4ngd. Uwin Crystal \u00e4r idealisk f\u00f6r bulkk\u00f6p och \u00e4r ett m\u00e5ste f\u00f6r alla vape-butiker eller butiker.<\/p>\n<h2>O\u00f6vertr\u00e4ffat antal puffar och prestanda<\/h2>\n<p>Uwin Crystal \u00e4r konstruerad f\u00f6r att ge upp till <strong>10.000 puffar<\/strong>och s\u00e4tter en ny standard p\u00e5 marknaden f\u00f6r eng\u00e5ngsvape. Varje enhet \u00e4r f\u00f6rfylld med <strong>18 ml premium e-v\u00e4tska<\/strong> och drivs av en <strong>650mAh uppladdningsbart koboltbatteri<\/strong>vilket ger en j\u00e4mn prestanda fr\u00e5n b\u00f6rjan till slut. Den <strong>Typ C-laddningsport<\/strong> m\u00f6jligg\u00f6r snabb och effektiv laddning, vilket g\u00f6r den till ett milj\u00f6v\u00e4nligt val.<\/p>\n<h2>F\u00f6rdel f\u00f6r bulkpartihandel med AiviouVape<\/h2>\n<p>Som en ledande grossistplattform online erbjuder AiviouVape Uwin Crystal i bulkink\u00f6psalternativ, som riktar sig till \u00e4gare av vape-butiker och distribut\u00f6rer. Varje kartong inneh\u00e5ller <strong>200 stycken (10 stycken per l\u00e5da)<\/strong>som ger flexibla orderstorlekar och effektiviserad lagerhantering.<\/p>\n<h2>Viktiga egenskaper hos Uwin Crystal 10000 Puffs<\/h2>\n<ul>\n<li><strong>Alternativ f\u00f6r nikotinstyrka:<\/strong> 0%, 2%, 3%, 5%<\/li>\n<li><strong>Puffar:<\/strong> Upp till 10.000 puffar<\/li>\n<li><strong>E-v\u00e4tska Kapacitet:<\/strong> 18 ml<\/li>\n<li><strong>Batteri:<\/strong> 650mAh uppladdningsbart koboltbatteri<\/li>\n<li><strong>Laddning:<\/strong> Typ-C snabbladdning<\/li>\n<li><strong>Spole:<\/strong> 0,8\u03a9 mesh-spole f\u00f6r \u00f6verl\u00e4gsen smak<\/li>\n<li><strong>F\u00f6rpackning:<\/strong> 200 stycken per kartong (10 stycken per l\u00e5da)<\/li>\n<li><strong>Vikt:<\/strong> 17,3 kg per kartong<\/li>\n<li><strong>M\u00e5tt:<\/strong> 36,5 x 36,7 x 31,5 cm (kartong)<\/li>\n<li><strong>Funktioner:<\/strong> RGB-lampor f\u00f6r en elegant upplevelse<\/li>\n<\/ul>\n<p><iframe title=\"VideoPress Videospelare\" aria-label='VideoPress Videospelare' width='562' height='1000' src='https:\/\/videopress.com\/embed\/TT81Wr9Y?hd=0&amp;cover=1' frameborder='0' allowfullscreen allow='clipboard-write'><\/iframe><script src='https:\/\/v0.wordpress.com\/js\/next\/videopress-iframe.js?m=1770107250'><\/script><\/p>\n<h2>Utforska 15 uts\u00f6kta smaker<\/h2>\n<p>Uwin Crystal har 15 omsorgsfullt framtagna smaker, utformade f\u00f6r att tillfredsst\u00e4lla alla smakl\u00f6kar:<\/p>\n<ul>\n<li><strong>Blueberry Raspberry:<\/strong> En h\u00e4rlig dans av s\u00f6ta, solmogna bl\u00e5b\u00e4r och syrliga, saftiga hallon. Upplev en explosion av fruktig friskhet vid varje inandning.<\/li>\n<li><strong>Grape Ice:<\/strong> Njut av den rika, saftiga smaken av fylliga, lila druvor, perfekt kyld med en uppfriskande isig utandning. En s\u00f6t och frostig behandling.<\/li>\n<li><strong>Strawberry Watermelon:<\/strong> En sommarsymfoni av saftig vattenmelon och s\u00f6ta, mogna jordgubbar. En uppfriskande och \u00e5terfuktande vape-upplevelse.<\/li>\n<li><strong>Blueberry on Ice:<\/strong> Krispig, sval mentol m\u00f6ter den s\u00f6ta, livfulla smaken av nyplockade bl\u00e5b\u00e4r. En perfekt balanserad isig fruktsensation.<\/li>\n<li><strong>Watermelon Ice:<\/strong> Dyk in i den uppfriskande smaken av sval, krispig vattenmelon, f\u00f6rst\u00e4rkt med en uppfriskande isig mentolfinish. Perfekt f\u00f6r en varm sommardag.<\/li>\n<li><strong>Cherry Ice:<\/strong> Upplev den dj\u00e4rva, s\u00f6tsyrliga smaken av mogna k\u00f6rsb\u00e4r, kompletterad med en kylande mentolbl\u00e5sning. En vitaliserande och fruktig vape.<\/li>\n<li><strong>Strawberry Raspberry Cherry:<\/strong> En b\u00e4rbonanza! S\u00f6ta jordgubbar, syrliga hallon och saftiga k\u00f6rsb\u00e4r blandas harmoniskt f\u00f6r en komplex och tillfredsst\u00e4llande fruktblandning.<\/li>\n<li><strong>Kiwi Passion Fruit Guava:<\/strong> Fly till ett tropiskt paradis med denna exotiska blandning av syrlig kiwi, s\u00f6t passionsfrukt och l\u00e4cker guava. En verkligt livlig och uppfriskande vape.<\/li>\n<li><strong>Strawberry Ice:<\/strong> Den klassiska s\u00f6tman hos mogna jordgubbar, perfekt kyld med en sval mentolbris. En enkel men tillfredsst\u00e4llande isig fruktsmak.<\/li>\n<li><strong>Peach Ice:<\/strong> Saftiga, saftiga persikor m\u00f6ter en uppfriskande mentolkylning. En mjuk och s\u00f6t vape med en sval, uppfriskande finish.<\/li>\n<li><strong>Strawberry Kiwi:<\/strong> En harmonisk blandning av s\u00f6ta jordgubbar och syrlig kiwi. En perfekt balanserad fruktig vape som \u00e4r b\u00e5de s\u00f6t och uppfriskande.<\/li>\n<li><strong>Peach Berry:<\/strong> Den s\u00f6ta, sammetslena smaken av mogna persikor blandas med en blandning av saftiga blandade b\u00e4r. En mjuk och smakrik vape.<\/li>\n<li><strong>Cherry Cola:<\/strong> Den nostalgiska smaken av kolsyrad cola med en s\u00f6t, mogen k\u00f6rsb\u00e4rstwist. En s\u00f6t, bubblande och uppfriskande vape-upplevelse.<\/li>\n<li><strong>Mixed Berry:<\/strong> En livfull blandning av dina favoritb\u00e4r som skapar en komplex och m\u00e5ngfacetterad smakprofil. En rik och tillfredsst\u00e4llande vape.<\/li>\n<li><strong>Mr. Blue:<\/strong> En mystisk och sp\u00e4nnande blandning av s\u00f6ta och syrliga frukter. En unik och f\u00e4ngslande smakupplevelse.<\/li>\n<li><strong>Peach Mango Pineapple:<\/strong> En tropisk trifekta av saftiga persikor, mogna mango och s\u00f6t ananas. En uts\u00f6kt exotisk och solkysst vape.<\/li>\n<li><strong>Two Apple:<\/strong> En krispig och uppfriskande blandning av s\u00f6ta r\u00f6da och syrliga gr\u00f6na \u00e4pplen. En balanserad och uppfriskande fruktig vape.<\/li>\n<li><strong>Strawberry Cranberry Cherry:<\/strong> En livlig och syrlig blandning av s\u00f6ta jordgubbar, syrliga tranb\u00e4r och saftiga k\u00f6rsb\u00e4r. En komplex och uppfriskande b\u00e4rblandning.<\/li>\n<li><strong>Strawberry Banana:<\/strong> En klassisk, kr\u00e4mig blandning av s\u00f6ta jordgubbar och mogna bananer. En mjuk, s\u00f6t och tr\u00f6stande vape.<\/li>\n<li><strong>Lady Killa:<\/strong> En dj\u00e4rv och f\u00e4ngslande blandning av exotiska tropiska frukter med en s\u00f6t, oemotst\u00e5ndlig kick. En verkligt unik och of\u00f6rgl\u00f6mlig vape.<\/li>\n<li><strong>Blue Razz Lemonade:<\/strong> En s\u00f6t och syrlig blandning av bl\u00e5 hallon och uppfriskande lemonad. En perfekt balans mellan fruktiga och citrusaktiga toner.<\/li>\n<li><strong>Red Bull:<\/strong> Den ikoniska energidryckssmaken ger en s\u00f6t, syrlig och uppfriskande vape-upplevelse. En jolt av fruktig energi.<\/li>\n<li><strong>Strawberry Grape:<\/strong> En s\u00f6t och saftig blandning av mogna jordgubbar och fylliga vindruvor. En klassisk och tillfredsst\u00e4llande fruktig kombination.<\/li>\n<li><strong>Cherry Berry:<\/strong> En h\u00e4rlig blandning av s\u00f6ta k\u00f6rsb\u00e4r och syrliga blandade b\u00e4r. En smakrik och uppfriskande b\u00e4rblandning.<\/li>\n<li><strong>Love 66:<\/strong> En unik och komplex blandning av s\u00f6ta och syrliga frukter. En f\u00e4ngslande och sp\u00e4nnande smakupplevelse.<\/li>\n<li><strong>Passion Fruit Ice:<\/strong> Den exotiska och tropiska smaken av passionsfrukt, kyld med en uppfriskande mentolfinish. En livlig och isig vape.<\/li>\n<li><strong>Cola Ice:<\/strong> Den klassiska smaken av kolsyrad cola, f\u00f6rst\u00e4rkt med en svalkande mentolst\u00f6t. En s\u00f6t, bubblande och isande godbit.<\/li>\n<li><strong>Miami Mint:<\/strong> En krispig och uppfriskande mintsmak som p\u00e5minner om en sval havsbris. En ren och uppfriskande vape.<\/li>\n<li><strong>Vanilla Ice:<\/strong> Mjuk och kr\u00e4mig vanilj, kyld med en uppfriskande mentolfinish. En s\u00f6t, sval och tillfredsst\u00e4llande vape.<\/li>\n<li><strong>Lemon Lime:<\/strong> En fr\u00e4sch och uppfriskande blandning av syrlig citron och lime. En ljus och uppfriskande citrus vape.<\/li>\n<\/ul>\n<p><a href=\"https:\/\/i0.wp.com\/aiviouvapes.com\/wp-content\/uploads\/2025\/03\/Uwin-Crystal-10000-Puffs-10K-0-2-3-5-Low-Nicotine-p-8-scaled-1.jpg?ssl=1\"><img data-recalc-dims=\"1\" loading=\"lazy\" decoding=\"async\" class=\"alignnone size-full wp-image-30251\" src=\"https:\/\/i0.wp.com\/aiviouvapes.com\/wp-content\/uploads\/2025\/03\/Uwin-Crystal-10000-Puffs-10K-0-2-3-5-Low-Nicotine-p-8-scaled-1.jpg?resize=884%2C1920&#038;ssl=1\" alt=\",\" width=\"884\" height=\"1920\" title=\"\" srcset=\"https:\/\/i0.wp.com\/aiviouvapes.com\/wp-content\/uploads\/2025\/03\/Uwin-Crystal-10000-Puffs-10K-0-2-3-5-Low-Nicotine-p-8-scaled-1.jpg?w=884&amp;ssl=1 884w, https:\/\/i0.wp.com\/aiviouvapes.com\/wp-content\/uploads\/2025\/03\/Uwin-Crystal-10000-Puffs-10K-0-2-3-5-Low-Nicotine-p-8-scaled-1.jpg?resize=138%2C300&amp;ssl=1 138w, https:\/\/i0.wp.com\/aiviouvapes.com\/wp-content\/uploads\/2025\/03\/Uwin-Crystal-10000-Puffs-10K-0-2-3-5-Low-Nicotine-p-8-scaled-1.jpg?resize=471%2C1024&amp;ssl=1 471w, https:\/\/i0.wp.com\/aiviouvapes.com\/wp-content\/uploads\/2025\/03\/Uwin-Crystal-10000-Puffs-10K-0-2-3-5-Low-Nicotine-p-8-scaled-1.jpg?resize=768%2C1668&amp;ssl=1 768w, https:\/\/i0.wp.com\/aiviouvapes.com\/wp-content\/uploads\/2025\/03\/Uwin-Crystal-10000-Puffs-10K-0-2-3-5-Low-Nicotine-p-8-scaled-1.jpg?resize=707%2C1536&amp;ssl=1 707w, https:\/\/i0.wp.com\/aiviouvapes.com\/wp-content\/uploads\/2025\/03\/Uwin-Crystal-10000-Puffs-10K-0-2-3-5-Low-Nicotine-p-8-scaled-1.jpg?resize=6%2C12&amp;ssl=1 6w, https:\/\/i0.wp.com\/aiviouvapes.com\/wp-content\/uploads\/2025\/03\/Uwin-Crystal-10000-Puffs-10K-0-2-3-5-Low-Nicotine-p-8-scaled-1.jpg?resize=750%2C1629&amp;ssl=1 750w\" sizes=\"auto, (max-width: 884px) 100vw, 884px\" \/><\/a><\/p>\n<h2>Varf\u00f6r v\u00e4lja AiviouVape?<\/h2>\n<p>AiviouVape \u00e4r den st\u00f6rsta grossistplattformen online f\u00f6r eng\u00e5ngsvape i Nederl\u00e4nderna, Tyskland, Belgien och Spanien och erbjuder:<\/p>\n<ul>\n<li><strong>H\u00f6gkvalitativa produkter:<\/strong> S\u00e4kerst\u00e4lla tillf\u00f6rlitlighet och kundn\u00f6jdhet.<\/li>\n<li><strong>Konkurrenskraftig priss\u00e4ttning:<\/strong> Maximera dina vinstmarginaler.<\/li>\n<li><strong>Snabb och p\u00e5litlig leverans:<\/strong> S\u00e4kerst\u00e4lla leverans i r\u00e4tt tid.<\/li>\n<li><strong>Enast\u00e5ende kundsupport:<\/strong> Hj\u00e4lper dig varje steg p\u00e5 v\u00e4gen.<\/li>\n<\/ul>\n<p>F\u00f6rb\u00e4ttra ditt produktutbud med Uwin Crystal 10000 Puffs uppladdningsbar eng\u00e5ngsvape genom att l\u00e4gga en order p\u00e5 den h\u00e4r sidan.<\/p>\n<p>&nbsp;<\/p>","protected":false},"excerpt":{"rendered":"<p>Upplev 10 000 puffar av ren smak med Uwin Crystal uppladdningsbar eng\u00e5ngsvape. Finns i 0%, 2%, 3% och 5% nikotin, 15 premiumsmaker och som bulkvara. Perfekt f\u00f6r vape-butiker och distribut\u00f6rer.<\/p>","protected":false},"featured_media":30267,"comment_status":"open","ping_status":"closed","template":"","meta":[],"product_brand":[247],"product_cat":[122,320,224],"product_tag":[],"class_list":{"0":"post-30165","1":"product","2":"type-product","3":"status-publish","4":"has-post-thumbnail","6":"product_brand-uwin","7":"product_cat-10000-puffs-disposable-vape","8":"product_cat-best-disposable-vapes","9":"product_cat-uwin","11":"first","12":"instock","13":"featured","14":"shipping-taxable","15":"purchasable","16":"product-type-variable","17":"has-default-attributes"},"jetpack_sharing_enabled":true,"tiered_pricing_type":"fixed","tiered_pricing_fixed_rules":{"30":6.03000000000000024868995751603506505489349365234375,"50":4.9900000000000002131628207280300557613372802734375,"100":4.37000000000000010658141036401502788066864013671875,"200":4.17999999999999971578290569595992565155029296875,"400":3.7599999999999997868371792719699442386627197265625},"tiered_pricing_product_settings":{"layout":"default","base_unit_name":{"singular":null,"plural":null},"default_variation":null},"tiered_pricing_minimum_quantity":10,"tiered_pricing_roles_data":[],"tiered_pricing_percentage_rules":[],"tiered_pricing_maximum_quantity":null,"tiered_pricing_quantity_step":"10","_links":{"self":[{"href":"https:\/\/aiviouvapes.com\/sv\/wp-json\/wp\/v2\/product\/30165","targetHints":{"allow":["GET"]}}],"collection":[{"href":"https:\/\/aiviouvapes.com\/sv\/wp-json\/wp\/v2\/product"}],"about":[{"href":"https:\/\/aiviouvapes.com\/sv\/wp-json\/wp\/v2\/types\/product"}],"replies":[{"embeddable":true,"href":"https:\/\/aiviouvapes.com\/sv\/wp-json\/wp\/v2\/comments?post=30165"}],"wp:featuredmedia":[{"embeddable":true,"href":"https:\/\/aiviouvapes.com\/sv\/wp-json\/wp\/v2\/media\/30267"}],"wp:attachment":[{"href":"https:\/\/aiviouvapes.com\/sv\/wp-json\/wp\/v2\/media?parent=30165"}],"wp:term":[{"taxonomy":"product_brand","embeddable":true,"href":"https:\/\/aiviouvapes.com\/sv\/wp-json\/wp\/v2\/product_brand?post=30165"},{"taxonomy":"product_cat","embeddable":true,"href":"https:\/\/aiviouvapes.com\/sv\/wp-json\/wp\/v2\/product_cat?post=30165"},{"taxonomy":"product_tag","embeddable":true,"href":"https:\/\/aiviouvapes.com\/sv\/wp-json\/wp\/v2\/product_tag?post=30165"}],"curies":[{"name":"wp","href":"https:\/\/api.w.org\/{rel}","templated":true}]}}