{"id":29120,"date":"2025-02-21T15:04:17","date_gmt":"2025-02-21T07:04:17","guid":{"rendered":"https:\/\/aiviouvapes.com\/?post_type=product&#038;p=29120"},"modified":"2026-04-13T17:47:53","modified_gmt":"2026-04-13T09:47:53","slug":"mystery-vape-blind-box","status":"publish","type":"product","link":"https:\/\/aiviouvapes.com\/sv\/product\/mystery-vape-blind-box\/","title":{"rendered":"Mysterie Eng\u00e5ngsvape Box - ett \u00f6verraskningspaket f\u00f6r de dj\u00e4rva!"},"content":{"rendered":"<p>F\u00f6rbered dig f\u00f6r ett sp\u00e4nnande \u00e4ventyr med v\u00e5r <strong>Mystery Vape Box f\u00f6r eng\u00e5ngsbruk<\/strong>, d\u00e4r varje uppackning ger en h\u00e4rlig \u00f6verraskning. Inuti hittar du ett noggrant utvalt urval av e-cigarettsmaker som str\u00e4cker sig fr\u00e5n tidl\u00f6sa klassiker till dj\u00e4rva, exotiska blandningar. Oavsett om du l\u00e4ngtar efter uppfriskande, uppfriskande toner eller rik, tillfredsst\u00e4llande intensitet, erbjuder varje l\u00e5da en ny smakupplevelse som f\u00e5r dig att komma tillbaka f\u00f6r mer.<\/p>\n<p>Perfekt f\u00f6r den \u00e4ventyrslystna r\u00f6karen eller f\u00f6r alla som \u00e4lskar sp\u00e4nningen i \u00f6verraskande shopping, \u00e4r <strong>Mystery Vape Box f\u00f6r eng\u00e5ngsbruk<\/strong> handlar om sp\u00e4nningen i att uppt\u00e4cka nya, slumpm\u00e4ssigt utvalda smaker. Varje puff \u00e4r en ov\u00e4ntad resa!<\/p>\n<h3>Hur Mystery Box fungerar<\/h3>\n<p>G\u00f6r dig redo f\u00f6r det ultimata vape-\u00e4ventyret med v\u00e5r <strong>Mystery Vape Box f\u00f6r eng\u00e5ngsbruk<\/strong>! Varje l\u00e5da inneh\u00e5ller 10 premium eng\u00e5ngsvapor, fullpackade med en blandning av sp\u00e4nnande och varierande smaker. \u00c4ven om vi inte kan garantera specifika smaker, kan du f\u00f6rv\u00e4nta dig en sp\u00e4nnande \u00f6verraskning med varje l\u00e5da, inklusive popul\u00e4ra modeller som <strong>WASPE,UWIN,ELF-WORLD,VOPK,Randm,MRVI<\/strong>\u00a0- med \u00f6ver 100 unika smakprofiler att utforska!<\/p>\n<ul>\n<li><strong>Alla f\u00f6rs\u00e4ljningar \u00e4r slutgiltiga<\/strong>: P\u00e5 grund av produktens natur kan vi inte erbjuda \u00e5terbetalning eller byte om det inte finns ett kvalitetsproblem med produkten.<\/li>\n<li><strong>Kostnadsfri frakt<\/strong>: Njut av fri frakt p\u00e5 alla best\u00e4llningar av <strong>Mystery Vape Box f\u00f6r eng\u00e5ngsbruk<\/strong>.<\/li>\n<li><strong>\u00c5lderskrav<\/strong>: Kunder m\u00e5ste ha uppn\u00e5tt laglig \u00e5lder f\u00f6r r\u00f6kning i sin jurisdiktion f\u00f6r att k\u00f6pa och anv\u00e4nda denna produkt.<\/li>\n<li>Genom att k\u00f6pa <strong>Mystery Vape Box f\u00f6r eng\u00e5ngsbruk<\/strong>godk\u00e4nner du dessa villkor och best\u00e4mmelser.<\/li>\n<\/ul>\n<h3>Leveransmetoder<\/h3>\n<p>Vi samarbetar med p\u00e5litliga transport\u00f6rer som UPS, DHL, FedEx och DPD f\u00f6r att s\u00e4kerst\u00e4lla att din best\u00e4llning levereras snabbt. Fraktmetoden kommer att v\u00e4ljas baserat p\u00e5 din leveransplats f\u00f6r den snabbaste och mest tillf\u00f6rlitliga servicen.<\/p>\n<ul>\n<li><strong>Europeiska l\u00e4nder<\/strong>: Vanligtvis levereras inom 12-15 dagar.<\/li>\n<li><strong>F\u00f6renta staterna<\/strong>: Anl\u00e4nder vanligtvis inom 10 dagar.<\/li>\n<li><strong>Sp\u00e5rning i realtid<\/strong>: Vi h\u00e5ller dig uppdaterad med logistikinformation i realtid varje steg p\u00e5 v\u00e4gen.<\/li>\n<\/ul>\n<p>Du kan vara s\u00e4ker p\u00e5 att vi hanterar alla tullklareringsf\u00f6rfaranden f\u00f6r din r\u00e4kning, vilket garanterar en smidig och problemfri upplevelse. Dessutom tillkommer inga extra skatteavgifter och vi garanterar att <strong>100% av v\u00e5ra produkter kommer att passera tullklarering<\/strong>.<\/p>\n<style>.tier-pricing-summary-table {display:none !important}<br \/>.mysterybox1 {display:none}<br \/><\/style>","protected":false},"excerpt":{"rendered":"<p>Packa upp den ultimata vape-\u00f6verraskningen med v\u00e5r <strong>Mystery Vape Box f\u00f6r eng\u00e5ngsbruk<\/strong> - tillg\u00e4nglig nu till en oslagbar rabatt, ingen kupongkod beh\u00f6vs! F\u00f6rpackad med <strong>10 premium eng\u00e5ngsvapor<\/strong>inneh\u00e5ller varje l\u00e5da en blandning av sp\u00e4nnande smaker, inklusive favoriter som <strong>WASPE, UWIN, ELFWORLD, VOPK, Randm, MRVI<\/strong>. Varje puff ger ett nytt \u00e4ventyr med \u00f6ver 100 olika smakprofiler att uppt\u00e4cka!<\/p>","protected":false},"featured_media":29126,"comment_status":"open","ping_status":"closed","template":"","meta":[],"product_brand":[],"product_cat":[133,280],"product_tag":[306,308,303,305,304,302],"class_list":{"0":"post-29120","1":"product","2":"type-product","3":"status-publish","4":"has-post-thumbnail","6":"product_cat-disposable-vapes-in-europe","7":"product_cat-cheap-rechargeable-disposable-vapes","8":"product_tag-best-disposable-vapes","9":"product_tag-disposable-vape-in-europe","10":"product_tag-screen-vape","11":"product_tag-vape-suppliers","12":"product_tag-wholesale-vapes","13":"product_tag-wholesale-vapor","15":"first","16":"instock","17":"sale","18":"shipping-taxable","19":"purchasable","20":"product-type-simple"},"jetpack_sharing_enabled":true,"tiered_pricing_type":"fixed","tiered_pricing_fixed_rules":[],"tiered_pricing_product_settings":{"layout":"default","base_unit_name":{"singular":null,"plural":null},"default_variation":null},"tiered_pricing_minimum_quantity":null,"tiered_pricing_roles_data":[],"tiered_pricing_percentage_rules":[],"tiered_pricing_maximum_quantity":null,"tiered_pricing_quantity_step":null,"_links":{"self":[{"href":"https:\/\/aiviouvapes.com\/sv\/wp-json\/wp\/v2\/product\/29120","targetHints":{"allow":["GET"]}}],"collection":[{"href":"https:\/\/aiviouvapes.com\/sv\/wp-json\/wp\/v2\/product"}],"about":[{"href":"https:\/\/aiviouvapes.com\/sv\/wp-json\/wp\/v2\/types\/product"}],"replies":[{"embeddable":true,"href":"https:\/\/aiviouvapes.com\/sv\/wp-json\/wp\/v2\/comments?post=29120"}],"wp:featuredmedia":[{"embeddable":true,"href":"https:\/\/aiviouvapes.com\/sv\/wp-json\/wp\/v2\/media\/29126"}],"wp:attachment":[{"href":"https:\/\/aiviouvapes.com\/sv\/wp-json\/wp\/v2\/media?parent=29120"}],"wp:term":[{"taxonomy":"product_brand","embeddable":true,"href":"https:\/\/aiviouvapes.com\/sv\/wp-json\/wp\/v2\/product_brand?post=29120"},{"taxonomy":"product_cat","embeddable":true,"href":"https:\/\/aiviouvapes.com\/sv\/wp-json\/wp\/v2\/product_cat?post=29120"},{"taxonomy":"product_tag","embeddable":true,"href":"https:\/\/aiviouvapes.com\/sv\/wp-json\/wp\/v2\/product_tag?post=29120"}],"curies":[{"name":"wp","href":"https:\/\/api.w.org\/{rel}","templated":true}]}}