{"id":25533,"date":"2024-11-23T13:31:23","date_gmt":"2024-11-23T05:31:23","guid":{"rendered":"https:\/\/aiviouvapes.com\/?post_type=product&#038;p=25533"},"modified":"2026-04-17T13:01:03","modified_gmt":"2026-04-17T05:01:03","slug":"jnr-phone-vape-30000-30k-puffs-wholesale","status":"publish","type":"product","link":"https:\/\/aiviouvapes.com\/sv\/product\/jnr-phone-vape-30000-30k-puffs-wholesale\/","title":{"rendered":"JNR Phone Vape 30000 Puffs | 2% nikotin, 19 ml, peksk\u00e4rm, kontroll av luftfl\u00f6de, smart"},"content":{"rendered":"<p><iframe title=\"VideoPress Videospelare\" aria-label='VideoPress Videospelare' width='1020' height='574' src='https:\/\/videopress.com\/embed\/tgY6TILp?hd=0&amp;cover=1' frameborder='0' allowfullscreen allow='clipboard-write'><\/iframe><script src='https:\/\/v0.wordpress.com\/js\/next\/videopress-iframe.js?m=1739540970'><\/script><\/p>\n<p>JNR Phone Vape 30000 30K puffar | 2% nikotin, 19mL f\u00f6rfylld, peksk\u00e4rm, USB Type-C uppladdningsbar, justerbart luftfl\u00f6de, samtal och textmeddelanden, fj\u00e4rrkamera, hitta din telefon, bulkk\u00f6p eng\u00e5ngsvape i grossistledet<\/p>\n<p><strong>JNR Telefon Vape 30000 Puffar<\/strong>\u00a0\u2014\u2014 V\u00e4rldens f\u00f6rsta, en banbrytande fusion av vaping-teknik och smartphone-funktioner. Denna innovativa enhet ger o\u00f6vertr\u00e4ffad bekv\u00e4mlighet och h\u00f6gteknologiska funktioner till en v\u00e4rld av eng\u00e5ngsvapor.<\/p>\n<p>Skryta upp till\u00a0<strong>30 000 bloss<\/strong>\u00a0i vanligt l\u00e4ge och\u00a0<strong>18 000 bloss<\/strong>\u00a0i pulsl\u00e4ge, den\u00a0<strong>JNR Telefon Vape<\/strong>\u00a0s\u00e4kerst\u00e4ller l\u00e5ngvarig anv\u00e4ndning f\u00f6r en exceptionell vapingupplevelse. Med en kapacitet p\u00e5 19 ml f\u00f6rfylld e-v\u00e4tska och 2% (20 mg) nikotinstyrka, ger den j\u00e4mn och tillfredsst\u00e4llande \u00e5ngproduktion.<\/p>\n<p>Vad s\u00e4tter\u00a0<strong>JNR Telefon Vape<\/strong>\u00a0bortsett fr\u00e5n dess peksk\u00e4rm, s\u00e5 att anv\u00e4ndarna kan hantera olika funktioner utan anstr\u00e4ngning. Utrustat med en USB Type-C-laddningsport, 850mAh-batteriet driver b\u00e5de vaping och smarta funktioner, vilket s\u00e4kerst\u00e4ller att du f\u00f6rblir uppkopplad och laddad.<\/p>\n<p>Sk\u00e4rmen erbjuder en batteritid och e-liquid-niv\u00e5indikator som h\u00e5ller dig informerad. Unika smartphonefunktioner som samtalsfunktioner, textmeddelanden, en fj\u00e4rrkamera och m\u00f6jligheten att hitta din telefon g\u00f6r den till mer \u00e4n bara en vape \u2013 den \u00e4r din smarta f\u00f6ljeslagare. F\u00f6r \u00f6kad s\u00e4kerhet s\u00e4kerst\u00e4ller det privata l\u00e5set att din enhet f\u00f6rblir skyddad, och Smooth-appen erbjuder s\u00f6ml\u00f6s enhetskontroll.<\/p>\n<p>Med justerbart luftfl\u00f6de och en rad avancerade funktioner,\u00a0<strong>JNR Telefon Vape<\/strong>\u00a0kombinerar prestanda och anslutningsm\u00f6jligheter i en snygg, l\u00e4ttanv\u00e4nd enhet.<\/p>\n<h5><strong>JNR Telefon Vape 30000 30K Puffar<br \/>\n<\/strong><strong>Drag:<\/strong><\/h5>\n<ul>\n<li>F\u00f6rfylld kapacitet: 19mL<\/li>\n<li>Batterikapacitet: 850mAh<\/li>\n<li>Max bloss: 30K (vanligt l\u00e4ge) | 18K (pulsl\u00e4ge)<\/li>\n<li>Nikotinstyrka: 2% (20mg)<\/li>\n<li>Funktion: Draw-aktiverad<\/li>\n<li>Sk\u00e4rm: Peksk\u00e4rm<\/li>\n<li>Laddning: USB Type-C<\/li>\n<li>Indikator f\u00f6r batterilivsl\u00e4ngd<\/li>\n<li>E-v\u00e4tskeniv\u00e5indikator<\/li>\n<li>Samtalsfunktion<\/li>\n<li>Textmeddelande<\/li>\n<li>Fj\u00e4rrkamera<\/li>\n<li>Justerbart luftfl\u00f6de<\/li>\n<li>Hitta din telefon<\/li>\n<li>Privat l\u00e5s<\/li>\n<li>Smidig app<\/li>\n<li>10 smaker tillg\u00e4ngliga<br \/>\n<h5><strong>JNR Telefon Vape 30000 30K Puffar<br \/>\n<\/strong><strong>Smaklista:<\/strong><\/h5>\n<\/li>\n<\/ul>\n<ol>\n<li>Blue Razz Is<\/li>\n<li>Jordgubbsis<\/li>\n<li>Vattenmelon-is<\/li>\n<li>Miami Mint<\/li>\n<li>Banan is<\/li>\n<li>K\u00f6rsb\u00e4rsjordgubbshallon<\/li>\n<li>Sur \u00e4pple-is<\/li>\n<li>Bl\u00e5b\u00e4r Vattenmelon<\/li>\n<li>Persika Mango Vattenmelon<\/li>\n<li>Fcuking Fab<\/li>\n<\/ol>\n<h3>Varf\u00f6r v\u00e4lja AiviouVapes<\/h3>\n<p>V\u00e4lkommen till <a href=\"https:\/\/aiviouvapes.com\/sv\/\">AiviouVapes<\/a> - din p\u00e5litliga k\u00e4lla f\u00f6r premium, prisv\u00e4rda <a href=\"https:\/\/aiviouvapes.com\/sv\/shop\/\">eng\u00e5ngsvapor f\u00f6r grossist<\/a> till riktigt l\u00e5ga priser. Med \u00f6ver fem \u00e5rs expertis inom vape-industrin erbjuder vi stolt ett handplockat urval av ledande varum\u00e4rken, inklusive <a href=\"https:\/\/aiviouvapes.com\/sv\/produkt-kategori\/waspe\/\">WASPE<\/a>, <a href=\"https:\/\/aiviouvapes.com\/sv\/produkt-kategori\/bang\/\">Bang Vape<\/a>, <a href=\"https:\/\/aiviouvapes.com\/sv\/produkt-kategori\/vapme-vapes\/\">Vapme<\/a>, och <a href=\"https:\/\/aiviouvapes.com\/sv\/produkt-kategori\/mrvi\/\">MRVI<\/a>.<\/p>\n<p>Fr\u00e5n h\u00f6gpoppande enheter som <a href=\"https:\/\/aiviouvapes.com\/sv\/produkt\/waspe-4-in-1-100000-puffs\/\">WASPE 100K 4-i-1-smak<\/a> till dj\u00e4rva favoriter som t.ex. <a href=\"https:\/\/aiviouvapes.com\/sv\/produkt\/bang-king-triple-flavors-85000\/\">Bang 85.000 Triple Puff<\/a>och till och med den sp\u00e4nnande <a class=\"woocommerce-LoopProduct-link woocommerce-loop-product__link\" href=\"https:\/\/aiviouvapes.com\/sv\/produkt\/mystery-vape-blind-box\/\">Mystery Vape Box f\u00f6r eng\u00e5ngsbruk<\/a>Varje produkt \u00e4r utvald f\u00f6r h\u00f6gsta kvalitet och oslagbart v\u00e4rde. P\u00e5 AiviouVapes f\u00e5r du bra service, grossistbesparingar och en kollektion som \u00e4r utformad f\u00f6r att passa dina vapingbehov.<\/p>\n<div class=\"row row-large row-full-width align-middle\"  id=\"row-2138597449\">\n\n\n\t<div id=\"col-193306170\" class=\"col medium-3 small-6 large-3\"  >\n\t\t\t\t<div class=\"col-inner text-center\"  >\n\t\t\t\n\t\t\t\n\n\n\t\t<div class=\"icon-box featured-box icon-box-top text-left\"  >\n\t\t\t\t\t<div class=\"icon-box-img\" style=\"width: 90px\">\n\t\t\t\t<div class=\"icon\">\n\t\t\t\t\t<div class=\"icon-inner\" >\n\t\t\t\t\t\t<img loading=\"lazy\" decoding=\"async\" width=\"200\" height=\"200\" src=\"https:\/\/i0.wp.com\/aiviouvapes.com\/wp-content\/uploads\/2024\/08\/vape-1-1.png?fit=200%2C200&amp;ssl=1\" class=\"attachment-medium size-medium\" alt=\"Varf\u00f6r v\u00e4lja AIVIOUVAPES\" srcset=\"https:\/\/i0.wp.com\/aiviouvapes.com\/wp-content\/uploads\/2024\/08\/vape-1-1.png?w=200&amp;ssl=1 200w, https:\/\/i0.wp.com\/aiviouvapes.com\/wp-content\/uploads\/2024\/08\/vape-1-1.png?resize=150%2C150&amp;ssl=1 150w, https:\/\/i0.wp.com\/aiviouvapes.com\/wp-content\/uploads\/2024\/08\/vape-1-1.png?resize=12%2C12&amp;ssl=1 12w, https:\/\/i0.wp.com\/aiviouvapes.com\/wp-content\/uploads\/2024\/08\/vape-1-1.png?resize=100%2C100&amp;ssl=1 100w\" sizes=\"auto, (max-width: 200px) 100vw, 200px\" title=\"\">\t\t\t\t\t<\/div>\n\t\t\t\t<\/div>\n\t\t\t<\/div>\n\t\t\t\t<div class=\"icon-box-text last-reset\">\n\t\t\t\t\t\t\t\t\t\n\n\t<div id=\"text-1202133970\" class=\"text\">\n\t\t\n\n<h3 style=\"text-align: center;\">Omfattande Vape Variety<\/h3>\n<p style=\"text-align: center;\">Uppt\u00e4ck v\u00e5rt breda utbud av produkter, tillverkade f\u00f6r att passa alla \u00f6nskem\u00e5l.<\/p>\n\t\t\n<style>\n#text-1202133970 {\n  font-size: 0.9rem;\n}\n<\/style>\n\t<\/div>\n\t\n\n\t\t<\/div>\n\t<\/div>\n\t\n\t\n\n\t\t<\/div>\n\t\t\t\t\t<\/div>\n\n\t\n\n\t<div id=\"col-1327992235\" class=\"col medium-3 small-6 large-3\"  >\n\t\t\t\t<div class=\"col-inner text-center\"  >\n\t\t\t\n\t\t\t\n\n\n\t\t<div class=\"icon-box featured-box icon-box-top text-left\"  >\n\t\t\t\t\t<div class=\"icon-box-img\" style=\"width: 90px\">\n\t\t\t\t<div class=\"icon\">\n\t\t\t\t\t<div class=\"icon-inner\" >\n\t\t\t\t\t\t<img loading=\"lazy\" decoding=\"async\" width=\"200\" height=\"200\" src=\"https:\/\/i0.wp.com\/aiviouvapes.com\/wp-content\/uploads\/2024\/08\/save-money-1-1-1.png?fit=200%2C200&amp;ssl=1\" class=\"attachment-medium size-medium\" alt=\"Varf\u00f6r v\u00e4lja AIVIOUVAPES\" srcset=\"https:\/\/i0.wp.com\/aiviouvapes.com\/wp-content\/uploads\/2024\/08\/save-money-1-1-1.png?w=200&amp;ssl=1 200w, https:\/\/i0.wp.com\/aiviouvapes.com\/wp-content\/uploads\/2024\/08\/save-money-1-1-1.png?resize=150%2C150&amp;ssl=1 150w, https:\/\/i0.wp.com\/aiviouvapes.com\/wp-content\/uploads\/2024\/08\/save-money-1-1-1.png?resize=12%2C12&amp;ssl=1 12w, https:\/\/i0.wp.com\/aiviouvapes.com\/wp-content\/uploads\/2024\/08\/save-money-1-1-1.png?resize=100%2C100&amp;ssl=1 100w\" sizes=\"auto, (max-width: 200px) 100vw, 200px\" title=\"\">\t\t\t\t\t<\/div>\n\t\t\t\t<\/div>\n\t\t\t<\/div>\n\t\t\t\t<div class=\"icon-box-text last-reset\">\n\t\t\t\t\t\t\t\t\t\n\n\t<div id=\"text-2830546321\" class=\"text\">\n\t\t\n\n<h3 style=\"text-align: center;\">Oslagbart v\u00e4rde<\/h3>\n<p style=\"text-align: center;\">Njut av produkter av h\u00f6gsta kvalitet till priser som passar din budget.<\/p>\n\t\t\n<style>\n#text-2830546321 {\n  font-size: 0.9rem;\n}\n<\/style>\n\t<\/div>\n\t\n\n\t\t<\/div>\n\t<\/div>\n\t\n\t\n\n\t\t<\/div>\n\t\t\t\t\t<\/div>\n\n\t\n\n\t<div id=\"col-1889448193\" class=\"col medium-3 small-6 large-3\"  >\n\t\t\t\t<div class=\"col-inner text-center\"  >\n\t\t\t\n\t\t\t\n\n\n\t\t<div class=\"icon-box featured-box icon-box-top text-left\"  >\n\t\t\t\t\t<div class=\"icon-box-img\" style=\"width: 90px\">\n\t\t\t\t<div class=\"icon\">\n\t\t\t\t\t<div class=\"icon-inner\" >\n\t\t\t\t\t\t<img loading=\"lazy\" decoding=\"async\" width=\"200\" height=\"200\" src=\"https:\/\/i0.wp.com\/aiviouvapes.com\/wp-content\/uploads\/2024\/08\/delivery-truck-1-1.png?fit=200%2C200&amp;ssl=1\" class=\"attachment-medium size-medium\" alt=\"Varf\u00f6r v\u00e4lja AIVIOUVAPES\" srcset=\"https:\/\/i0.wp.com\/aiviouvapes.com\/wp-content\/uploads\/2024\/08\/delivery-truck-1-1.png?w=200&amp;ssl=1 200w, https:\/\/i0.wp.com\/aiviouvapes.com\/wp-content\/uploads\/2024\/08\/delivery-truck-1-1.png?resize=150%2C150&amp;ssl=1 150w, https:\/\/i0.wp.com\/aiviouvapes.com\/wp-content\/uploads\/2024\/08\/delivery-truck-1-1.png?resize=12%2C12&amp;ssl=1 12w, https:\/\/i0.wp.com\/aiviouvapes.com\/wp-content\/uploads\/2024\/08\/delivery-truck-1-1.png?resize=100%2C100&amp;ssl=1 100w\" sizes=\"auto, (max-width: 200px) 100vw, 200px\" title=\"\">\t\t\t\t\t<\/div>\n\t\t\t\t<\/div>\n\t\t\t<\/div>\n\t\t\t\t<div class=\"icon-box-text last-reset\">\n\t\t\t\t\t\t\t\t\t\n\n\t<div id=\"text-2056043453\" class=\"text\">\n\t\t\n\n<h3 style=\"text-align: center;\">Snabb Global Frakt<\/h3>\n<p style=\"text-align: center;\">Vi levererar \u00f6ver hela v\u00e4rlden med garanterad tullklarering f\u00f6r en s\u00f6ml\u00f6s upplevelse.<\/p>\n\t\t\n<style>\n#text-2056043453 {\n  font-size: 0.9rem;\n}\n<\/style>\n\t<\/div>\n\t\n\n\t\t<\/div>\n\t<\/div>\n\t\n\t\n\n\t\t<\/div>\n\t\t\t\t\t<\/div>\n\n\t\n\n\t<div id=\"col-187220006\" class=\"col medium-3 small-6 large-3\"  >\n\t\t\t\t<div class=\"col-inner text-center\"  >\n\t\t\t\n\t\t\t\n\n\n\t\t<div class=\"icon-box featured-box icon-box-top text-left\"  >\n\t\t\t\t\t<div class=\"icon-box-img\" style=\"width: 90px\">\n\t\t\t\t<div class=\"icon\">\n\t\t\t\t\t<div class=\"icon-inner\" >\n\t\t\t\t\t\t<img loading=\"lazy\" decoding=\"async\" width=\"200\" height=\"200\" src=\"https:\/\/i0.wp.com\/aiviouvapes.com\/wp-content\/uploads\/2024\/08\/support-1-1.png?fit=200%2C200&amp;ssl=1\" class=\"attachment-medium size-medium\" alt=\"Varf\u00f6r v\u00e4lja AIVIOUVAPES\" srcset=\"https:\/\/i0.wp.com\/aiviouvapes.com\/wp-content\/uploads\/2024\/08\/support-1-1.png?w=200&amp;ssl=1 200w, https:\/\/i0.wp.com\/aiviouvapes.com\/wp-content\/uploads\/2024\/08\/support-1-1.png?resize=150%2C150&amp;ssl=1 150w, https:\/\/i0.wp.com\/aiviouvapes.com\/wp-content\/uploads\/2024\/08\/support-1-1.png?resize=12%2C12&amp;ssl=1 12w, https:\/\/i0.wp.com\/aiviouvapes.com\/wp-content\/uploads\/2024\/08\/support-1-1.png?resize=100%2C100&amp;ssl=1 100w\" sizes=\"auto, (max-width: 200px) 100vw, 200px\" title=\"\">\t\t\t\t\t<\/div>\n\t\t\t\t<\/div>\n\t\t\t<\/div>\n\t\t\t\t<div class=\"icon-box-text last-reset\">\n\t\t\t\t\t\t\t\t\t\n\n\t<div id=\"text-3619034484\" class=\"text\">\n\t\t\n\n<h3 style=\"text-align: center;\">Assistans dygnet runt<\/h3>\n<p style=\"text-align: center;\">N\u00e5 v\u00e5rt supportteam n\u00e4r som helst, 24\/7, via WhatsApp eller e-post.<\/p>\n\t\t\n<style>\n#text-3619034484 {\n  font-size: 0.9rem;\n}\n<\/style>\n\t<\/div>\n\t\n\n\t\t<\/div>\n\t<\/div>\n\t\n\t\n\n\t\t<\/div>\n\t\t\t\t\t<\/div>\n\n\t\n\n<\/div>\n<div class=\"row row-full-width align-middle\"  id=\"row-38184759\">\n\n\n\t<div id=\"col-358074796\" class=\"col medium-6 small-12 large-6\"  >\n\t\t\t\t<div class=\"col-inner\"  >\n\t\t\t\n\t\t\t\n\n\t<div class=\"img has-hover x md-x lg-x y md-y lg-y\" id=\"image_1623570669\">\n\t\t\t\t\t\t\t\t<div class=\"img-inner dark\" >\n\t\t\t<img loading=\"lazy\" decoding=\"async\" width=\"930\" height=\"1024\" src=\"https:\/\/i0.wp.com\/aiviouvapes.com\/wp-content\/uploads\/2024\/08\/%E6%8B%BC%E5%9B%BE.jpg?fit=930%2C1024&amp;ssl=1\" class=\"attachment-large size-large\" alt=\"Varf\u00f6r v\u00e4lja AIVIOUVAPES\" title=\"\">\t\t\t\t\t\t\n\t\t\t\t\t<\/div>\n\t\t\t\t\t\t\t\t\n<style>\n#image_1623570669 {\n  width: 100%;\n}\n<\/style>\n\t<\/div>\n\t\n\n\n\t\t<\/div>\n\t\t\t\t\t<\/div>\n\n\t\n\n\t<div id=\"col-1540041818\" class=\"col medium-6 small-12 large-6\"  >\n\t\t\t\t<div class=\"col-inner\"  >\n\t\t\t\n\t\t\t\n\n<div class=\"container section-title-container\" ><h4 class=\"section-title section-title-normal\"><b aria-hidden=\"true\"><\/b><span class=\"section-title-main\" style=\"font-size:91%;\">V\u00e5ra f\u00f6rdelar<\/span><b aria-hidden=\"true\"><\/b><\/h4><\/div>\n\n<div class=\"accordion\">\n\n\t<div id=\"accordion-3965644504\" class=\"accordion-item\">\n\t\t<a id=\"accordion-3965644504-label\" class=\"accordion-title plain\" href=\"#accordion-item-commitment-to-quality\" aria-expanded=\"false\" aria-controls=\"accordion-3965644504-content\">\n\t\t\t<button class=\"toggle\" aria-label=\"Toggle\"><i class=\"icon-angle-down\" aria-hidden=\"true\"><\/i><\/button>\n\t\t\t<span>Engagemang f\u00f6r kvalitet<\/span>\n\t\t<\/a>\n\t\t<div id=\"accordion-3965644504-content\" class=\"accordion-inner\" aria-labelledby=\"accordion-3965644504-label\">\n\t\t\t\n\n<p>Vid <a href=\"https:\/\/aiviouvapes.com\/sv\/\">AiviouVape<\/a>, kvalitet driver allt vi g\u00f6r. V\u00e5ra eng\u00e5ngsvapor \u00e4r noggrant tillverkade och noggrant testade f\u00f6r att uppfylla de h\u00f6gsta standarderna, vilket s\u00e4kerst\u00e4ller en smidig, p\u00e5litlig vapingupplevelse varje g\u00e5ng. Med v\u00e5rt engagemang f\u00f6r noll defekter och noll klagom\u00e5l kan du lita p\u00e5 att du f\u00e5r det b\u00e4sta.<\/p>\n\n\t\t<\/div>\n\t<\/div>\n\t\n\t<div id=\"accordion-562560515\" class=\"accordion-item\">\n\t\t<a id=\"accordion-562560515-label\" class=\"accordion-title plain\" href=\"#accordion-item-diverse-range-of-products\" aria-expanded=\"false\" aria-controls=\"accordion-562560515-content\">\n\t\t\t<button class=\"toggle\" aria-label=\"Toggle\"><i class=\"icon-angle-down\" aria-hidden=\"true\"><\/i><\/button>\n\t\t\t<span>Brett utbud av produkter<\/span>\n\t\t<\/a>\n\t\t<div id=\"accordion-562560515-content\" class=\"accordion-inner\" aria-labelledby=\"accordion-562560515-label\">\n\t\t\t\n\n<p>Vi \u00e4r stolta \u00f6ver att kunna erbjuda ett brett utbud av premium eng\u00e5ngsvapor f\u00f6r att passa alla preferenser. Fr\u00e5n de senaste innovationerna till fansens l\u00e5ngvariga favoriter, v\u00e5rt urval inneh\u00e5ller p\u00e5litliga varum\u00e4rken som Waspe, Vapme, RandM Tornado, Bang Box, ELF Box och Bang King. Oavsett om du s\u00f6ker de dj\u00e4rva smakerna fr\u00e5n Vapme eller den snygga designen fr\u00e5n RandM Tornado, \u00e4r v\u00e5r kollektion utformad f\u00f6r att hj\u00e4lpa dig att uppt\u00e4cka den perfekta vape som matchar din smak och livsstil.<\/p>\n\n\n\t\t<\/div>\n\t<\/div>\n\t\n\t<div id=\"accordion-380941724\" class=\"accordion-item\">\n\t\t<a id=\"accordion-380941724-label\" class=\"accordion-title plain\" href=\"#accordion-item-wholesale-and-retail-solutions\" aria-expanded=\"false\" aria-controls=\"accordion-380941724-content\">\n\t\t\t<button class=\"toggle\" aria-label=\"Toggle\"><i class=\"icon-angle-down\" aria-hidden=\"true\"><\/i><\/button>\n\t\t\t<span>L\u00f6sningar f\u00f6r parti- och detaljhandel<\/span>\n\t\t<\/a>\n\t\t<div id=\"accordion-380941724-content\" class=\"accordion-inner\" aria-labelledby=\"accordion-380941724-label\">\n\t\t\t\n\n<p>AiviouVape uppfyller kraven fr\u00e5n b\u00e5de detaljhandels- och grossistkunder och levererar exceptionella produkter och tj\u00e4nster varje g\u00e5ng. Om du \u00e4r ny hos oss rekommenderar vi att du b\u00f6rjar med ett litet parti f\u00f6r att uppleva v\u00e5r kvalitet fr\u00e5n f\u00f6rsta hand. Med konkurrenskraftiga priser och premiumstandarder \u00e4r vi det p\u00e5litliga valet inom eng\u00e5ngsvapebranschen.\u00a0<\/p>\n\n\t\t<\/div>\n\t<\/div>\n\t\n\t<div id=\"accordion-2604583858\" class=\"accordion-item\">\n\t\t<a id=\"accordion-2604583858-label\" class=\"accordion-title plain\" href=\"#accordion-item-continuous-improvement\" aria-expanded=\"false\" aria-controls=\"accordion-2604583858-content\">\n\t\t\t<button class=\"toggle\" aria-label=\"Toggle\"><i class=\"icon-angle-down\" aria-hidden=\"true\"><\/i><\/button>\n\t\t\t<span>Kontinuerlig f\u00f6rb\u00e4ttring<\/span>\n\t\t<\/a>\n\t\t<div id=\"accordion-2604583858-content\" class=\"accordion-inner\" aria-labelledby=\"accordion-2604583858-label\">\n\t\t\t\n\n<p>Det som skiljer AiviouVape \u00e4r v\u00e5rt engagemang f\u00f6r exceptionell kundservice. Oavsett om du beh\u00f6ver r\u00e5d innan k\u00f6p eller hj\u00e4lp med en best\u00e4llning \u00e4r v\u00e5rt team alltid tillg\u00e4ngligt via WhatsApp eller e-post. Vi str\u00e4var efter att bygga varaktiga relationer med v\u00e5ra kunder, f\u00f6r att s\u00e4kerst\u00e4lla din tillfredsst\u00e4llelse varje steg p\u00e5 v\u00e4gen.<\/p>\n\n\t\t<\/div>\n\t<\/div>\n\t\n\t<div id=\"accordion-2031340452\" class=\"accordion-item\">\n\t\t<a id=\"accordion-2031340452-label\" class=\"accordion-title plain\" href=\"#accordion-item-quality-assurance\" aria-expanded=\"false\" aria-controls=\"accordion-2031340452-content\">\n\t\t\t<button class=\"toggle\" aria-label=\"Toggle\"><i class=\"icon-angle-down\" aria-hidden=\"true\"><\/i><\/button>\n\t\t\t<span>Kvalitetss\u00e4kring<\/span>\n\t\t<\/a>\n\t\t<div id=\"accordion-2031340452-content\" class=\"accordion-inner\" aria-labelledby=\"accordion-2031340452-label\">\n\t\t\t\n\n<p>I varje steg \u2013 produktutveckling, produktion, marknadsf\u00f6ring och distribution \u2013 viftar aldrig v\u00e5rt engagemang f\u00f6r kvalitet. V\u00e5ra eng\u00e5ngsvapor genomg\u00e5r rigor\u00f6sa tester f\u00f6r att s\u00e4kerst\u00e4lla att de \u00e4r giftfria, rena och ger exceptionell smak. Detta engagemang f\u00f6r excellens utg\u00f6r ryggraden i v\u00e5r f\u00f6retagskultur.<\/p>\n\n\t\t<\/div>\n\t<\/div>\n\t\n\t<div id=\"accordion-4003961615\" class=\"accordion-item\">\n\t\t<a id=\"accordion-4003961615-label\" class=\"accordion-title plain\" href=\"#accordion-item-efficient-logistics-and-delivery\" aria-expanded=\"false\" aria-controls=\"accordion-4003961615-content\">\n\t\t\t<button class=\"toggle\" aria-label=\"Toggle\"><i class=\"icon-angle-down\" aria-hidden=\"true\"><\/i><\/button>\n\t\t\t<span>Effektiv logistik och leverans<\/span>\n\t\t<\/a>\n\t\t<div id=\"accordion-4003961615-content\" class=\"accordion-inner\" aria-labelledby=\"accordion-4003961615-label\">\n\t\t\t\n\n<p>AiviouVape tillhandah\u00e5ller effektiv logistik och leverans, inklusive DDP (Delivered Duty Paid)-tj\u00e4nster, vilket s\u00e4kerst\u00e4ller s\u00f6ml\u00f6s tullklarering utan n\u00e5gra avgifter eller skatter. Med snabb leverans och exceptionell kundsupport erbjuder vi en smidig och p\u00e5litlig upplevelse, vilket g\u00f6r oss till en p\u00e5litlig partner i branschen.<\/p>\n\n\t\t<\/div>\n\t<\/div>\n\t\n\t<div id=\"accordion-231755601\" class=\"accordion-item\">\n\t\t<a id=\"accordion-231755601-label\" class=\"accordion-title plain\" href=\"#accordion-item-odm-and-oem-services\" aria-expanded=\"false\" aria-controls=\"accordion-231755601-content\">\n\t\t\t<button class=\"toggle\" aria-label=\"Toggle\"><i class=\"icon-angle-down\" aria-hidden=\"true\"><\/i><\/button>\n\t\t\t<span>ODM- och OEM-tj\u00e4nster<\/span>\n\t\t<\/a>\n\t\t<div id=\"accordion-231755601-content\" class=\"accordion-inner\" aria-labelledby=\"accordion-231755601-label\">\n\t\t\t\n\n<p>AiviouVapes erbjuder fullst\u00e4ndiga tj\u00e4nster f\u00f6r ODM (Original Design Manufacturing) och OEM (Original Equipment Manufacturing). Med tv\u00e5 stora anl\u00e4ggningar hj\u00e4lper vi kunder att designa unika produkter och i\u00f6gonfallande logotyper f\u00f6r f\u00f6rpackningar. Vi tillhandah\u00e5ller ocks\u00e5 gratis v\u00e4gledning f\u00f6r f\u00f6rpackningsdesign och st\u00f6djer kunder som packar sina egna produkter, vilket s\u00e4kerst\u00e4ller att deras varum\u00e4rke lyser p\u00e5 marknaden.<\/p>\n\n\t\t<\/div>\n\t<\/div>\n\t\n\n<\/div>\n\n\t\t<\/div>\n\t\t\t\t\t<\/div>\n\n\t\n\n<\/div>","protected":false},"excerpt":{"rendered":"<p>JNR Phone Vape 30000 Puffs, v\u00e4rldens f\u00f6rsta vape-smartphone-hybrid, erbjuder upp till 30 000 puffar i Regular Mode eller 18 000 i Pulse Mode. Med en e-v\u00e4tskekapacitet p\u00e5 19 ml och en nikotinstyrka p\u00e5 2% garanterar denna innovativa enhet l\u00e5ngvarig, j\u00e4mn och tillfredsst\u00e4llande \u00e5nga.<\/p>","protected":false},"featured_media":25535,"comment_status":"open","ping_status":"closed","template":"","meta":[],"product_brand":[237],"product_cat":[221,131,90,117,81,76,134,135,133,136,137,146,138,139,140,141,142,143,144,145,573,572,132,82],"product_tag":[],"class_list":{"0":"post-25533","1":"product","2":"type-product","3":"status-publish","4":"has-post-thumbnail","6":"product_brand-jnr","7":"product_cat-jnr","8":"product_cat-30000-puffs-disposable-vape","9":"product_cat-big-puffs-vapes","10":"product_cat-different-puffs-of-diposable-vapes","11":"product_cat-digital-box-vapes","12":"product_cat-disposable-vape-types","13":"product_cat-disposable-vapes-in-austria","14":"product_cat-disposable-vapes-in-belgium","15":"product_cat-disposable-vapes-in-europe","16":"product_cat-disposable-vapes-in-france","17":"product_cat-disposable-vapes-in-germany","18":"product_cat-disposable-vapes-in-hungary","19":"product_cat-disposable-vapes-in-ltaly","20":"product_cat-disposable-vapes-in-netherlands","21":"product_cat-disposable-vapes-in-norway","22":"product_cat-disposable-vapes-in-poland","23":"product_cat-disposable-vapes-in-portugal","24":"product_cat-disposable-vapes-in-spain","25":"product_cat-disposable-vapes-in-sweden","26":"product_cat-disposable-vapes-in-switzerland","27":"product_cat-new-3","28":"product_cat-new-2","29":"product_cat-rechargeable-vapes","30":"product_cat-smart-screen-vapes","32":"first","33":"instock","34":"shipping-taxable","35":"purchasable","36":"product-type-variable","37":"has-default-attributes"},"jetpack_sharing_enabled":true,"tiered_pricing_type":"fixed","tiered_pricing_fixed_rules":{"2000":12.9900000000000002131628207280300557613372802734375},"tiered_pricing_product_settings":{"layout":"default","base_unit_name":{"singular":null,"plural":null},"default_variation":null},"tiered_pricing_minimum_quantity":1000,"tiered_pricing_roles_data":[],"tiered_pricing_percentage_rules":[],"tiered_pricing_maximum_quantity":null,"tiered_pricing_quantity_step":"10","_links":{"self":[{"href":"https:\/\/aiviouvapes.com\/sv\/wp-json\/wp\/v2\/product\/25533","targetHints":{"allow":["GET"]}}],"collection":[{"href":"https:\/\/aiviouvapes.com\/sv\/wp-json\/wp\/v2\/product"}],"about":[{"href":"https:\/\/aiviouvapes.com\/sv\/wp-json\/wp\/v2\/types\/product"}],"replies":[{"embeddable":true,"href":"https:\/\/aiviouvapes.com\/sv\/wp-json\/wp\/v2\/comments?post=25533"}],"wp:featuredmedia":[{"embeddable":true,"href":"https:\/\/aiviouvapes.com\/sv\/wp-json\/wp\/v2\/media\/25535"}],"wp:attachment":[{"href":"https:\/\/aiviouvapes.com\/sv\/wp-json\/wp\/v2\/media?parent=25533"}],"wp:term":[{"taxonomy":"product_brand","embeddable":true,"href":"https:\/\/aiviouvapes.com\/sv\/wp-json\/wp\/v2\/product_brand?post=25533"},{"taxonomy":"product_cat","embeddable":true,"href":"https:\/\/aiviouvapes.com\/sv\/wp-json\/wp\/v2\/product_cat?post=25533"},{"taxonomy":"product_tag","embeddable":true,"href":"https:\/\/aiviouvapes.com\/sv\/wp-json\/wp\/v2\/product_tag?post=25533"}],"curies":[{"name":"wp","href":"https:\/\/api.w.org\/{rel}","templated":true}]}}