{"id":24616,"date":"2024-11-09T14:42:54","date_gmt":"2024-11-09T06:42:54","guid":{"rendered":"https:\/\/aiviouvapes.com\/?post_type=product&#038;p=24616"},"modified":"2025-12-30T17:14:46","modified_gmt":"2025-12-30T09:14:46","slug":"mrvi-winning-30k-puffs-2-5-nicotine-rechargeable-bulk-buy-disposable-vape-wholesale","status":"publish","type":"product","link":"https:\/\/aiviouvapes.com\/sv\/product\/mrvi-winning-30k-puffs-2-5-nicotine-rechargeable-bulk-buy-disposable-vape-wholesale\/","title":{"rendered":"MRVI WINNING 30000 Puffs | 2%-5% nikotin, 35mL, 800mAh, bulk eng\u00e5ngsvape"},"content":{"rendered":"<p><iframe title=\"VideoPress Videospelare\" aria-label='VideoPress Videospelare' width='1020' height='574' src='https:\/\/videopress.com\/embed\/13e6MPsk?hd=0&amp;cover=1' frameborder='0' allowfullscreen allow='clipboard-write'><\/iframe><script src='https:\/\/v0.wordpress.com\/js\/next\/videopress-iframe.js?m=1739540970'><\/script><\/p>\n<h2><strong>MRVI WINNING 30K - 30 000 puffar f\u00f6r eng\u00e5ngsbruk<\/strong><\/h2>\n<p>MRVI WINNING 30K eng\u00e5ngsvape \u00e4r konstruerad f\u00f6r en oslagbar vapingupplevelse och levererar upp till otroliga 30 000 puffar. Den avancerade tekniken garanterar l\u00e5ngvarig smakupplevelse, vilket g\u00f6r den perfekt f\u00f6r b\u00e5de h\u00e4ngivna vapers och nyb\u00f6rjare.<\/p>\n<p>MRVI WINNING 30K \u00e4r designad med en gener\u00f6s 35 ml e-v\u00e4tskekapacitet och ett 800 mAh-batteri och utlovar smidig, oavbruten vaping. Den h\u00e4r eleganta, b\u00e4rbara enheten ryms l\u00e4tt i fickan, vilket g\u00f6r den idealisk f\u00f6r hemmabruk eller n\u00e4r du \u00e4r p\u00e5 spr\u00e5ng.<\/p>\n<p>Med en premium mesh-coil ger MRVI WINNING 30K en intensiv och tillfredsst\u00e4llande smak f\u00f6r varje bloss. Anpassa din upplevelse med tv\u00e5 nikotinstyrkor - 2% och 5% - och njut av bekv\u00e4mligheten med en snabbladdande Type-C-port f\u00f6r minimal stillest\u00e5ndstid mellan sessionerna.<\/p>\n<h3>MRVI WINNING 30000 Puff Produktens h\u00f6jdpunkter:<\/h3>\n<ul>\n<li><strong>Antal puffar:<\/strong> Upp till 30.000 puffar f\u00f6r l\u00e4ngre vaping-sessioner<\/li>\n<li><strong>E-v\u00e4tska Kapacitet:<\/strong> 35 ml f\u00f6r f\u00e4rre p\u00e5fyllningar och mer tid f\u00f6r att r\u00f6ka<\/li>\n<li><strong>Batterikapacitet:<\/strong> 800 mAh f\u00f6r l\u00e5ngvarig prestanda<\/li>\n<li><strong>Nikotinstyrka:<\/strong> V\u00e4lj mellan 2% och 5% f\u00f6r att passa dina \u00f6nskem\u00e5l<\/li>\n<li><strong>Port f\u00f6r laddning:<\/strong> Typ C-snabbladdning f\u00f6r snabba laddningar<\/li>\n<li><strong>Teknik f\u00f6r n\u00e4tspole:<\/strong> Mjuk, j\u00e4mn \u00e5nga med f\u00f6rb\u00e4ttrad smakkvalitet<\/li>\n<\/ul>\n<h3>MRVI WINNING 30000 Puff Tillg\u00e4ngliga smaker:<\/h3>\n<p>Blueberry Watermelon, Cherry Lemon, Blue Razz Ice, Mixed Berries, Strawberry Ice, Watermelon Ice, Juicy Peach, Pineapple Mango, Grape Ice, Sour Apple.<\/p>\n<p>Utforska ett sp\u00e4nnande utbud av smaker som tillgodoser alla smaker, fr\u00e5n fruktiga favoriter som Blueberry Watermelon och Juicy Peach till iskalla alternativ som Strawberry Ice och Grape Ice. Varje smak \u00e4r noggrant utformad f\u00f6r att ge en rik och njutbar upplevelse.<\/p>\n<h3>MRVI WINNING 30000 Puff Bulk &amp; Individuell k\u00f6pm\u00f6jlighet:<\/h3>\n<p>MRVI WINNING 30000 Puff \u00e4r det perfekta valet f\u00f6r alla som s\u00f6ker l\u00e5ng livsl\u00e4ngd, kvalitet och ett brett urval av smaker. Med upp till 30 000 puffar, snabb Type-C-laddning och tillf\u00f6rlitlig prestanda ger denna premiumvape exceptionellt v\u00e4rde och en minnesv\u00e4rd upplevelse, oavsett om du k\u00f6per i bulk f\u00f6r f\u00f6retag eller k\u00f6per individuellt f\u00f6r personligt bruk.<\/p>\n<h4>MRVI VINNANDE 30K puffar | 2% 5% nikotin, 35mL e-v\u00e4tska, mesh-spole, 800mAh batteri, typ-C uppladdningsbart, upp till 30 000 bloss, bulkk\u00f6p eng\u00e5ngsvape i grossistledet<\/h4>\n<p><img data-recalc-dims=\"1\" loading=\"lazy\" decoding=\"async\" class=\"alignnone size-full wp-image-24620\" title=\"MRVI WINNING 30K Puffs 2% 5% Nicotine Rechargeable Bulk Buy Disposable Vape Wholesale\" src=\"https:\/\/i0.wp.com\/aiviouvapes.com\/wp-content\/uploads\/2024\/11\/%E5%BE%AE%E4%BF%A1%E5%9B%BE%E7%89%87_20240924171847.jpg?resize=1020%2C1020&#038;ssl=1\" alt=\"MRVI WINNING 30K Puffs 2% 5% Nicotine Rechargeable Bulk Buy Disposable Vape Wholesale\" width=\"1020\" height=\"1020\" srcset=\"https:\/\/i0.wp.com\/aiviouvapes.com\/wp-content\/uploads\/2024\/11\/%E5%BE%AE%E4%BF%A1%E5%9B%BE%E7%89%87_20240924171847.jpg?w=1600&amp;ssl=1 1600w, https:\/\/i0.wp.com\/aiviouvapes.com\/wp-content\/uploads\/2024\/11\/%E5%BE%AE%E4%BF%A1%E5%9B%BE%E7%89%87_20240924171847.jpg?resize=300%2C300&amp;ssl=1 300w, https:\/\/i0.wp.com\/aiviouvapes.com\/wp-content\/uploads\/2024\/11\/%E5%BE%AE%E4%BF%A1%E5%9B%BE%E7%89%87_20240924171847.jpg?resize=1024%2C1024&amp;ssl=1 1024w, https:\/\/i0.wp.com\/aiviouvapes.com\/wp-content\/uploads\/2024\/11\/%E5%BE%AE%E4%BF%A1%E5%9B%BE%E7%89%87_20240924171847.jpg?resize=150%2C150&amp;ssl=1 150w, https:\/\/i0.wp.com\/aiviouvapes.com\/wp-content\/uploads\/2024\/11\/%E5%BE%AE%E4%BF%A1%E5%9B%BE%E7%89%87_20240924171847.jpg?resize=768%2C768&amp;ssl=1 768w, https:\/\/i0.wp.com\/aiviouvapes.com\/wp-content\/uploads\/2024\/11\/%E5%BE%AE%E4%BF%A1%E5%9B%BE%E7%89%87_20240924171847.jpg?resize=1536%2C1536&amp;ssl=1 1536w, https:\/\/i0.wp.com\/aiviouvapes.com\/wp-content\/uploads\/2024\/11\/%E5%BE%AE%E4%BF%A1%E5%9B%BE%E7%89%87_20240924171847.jpg?resize=12%2C12&amp;ssl=1 12w, https:\/\/i0.wp.com\/aiviouvapes.com\/wp-content\/uploads\/2024\/11\/%E5%BE%AE%E4%BF%A1%E5%9B%BE%E7%89%87_20240924171847.jpg?resize=800%2C800&amp;ssl=1 800w, https:\/\/i0.wp.com\/aiviouvapes.com\/wp-content\/uploads\/2024\/11\/%E5%BE%AE%E4%BF%A1%E5%9B%BE%E7%89%87_20240924171847.jpg?resize=100%2C100&amp;ssl=1 100w\" sizes=\"auto, (max-width: 1020px) 100vw, 1020px\" \/><\/p>\n<p>&nbsp;<\/p>","protected":false},"excerpt":{"rendered":"<p>MRVI WINNING 30K Disposable Vape erbjuder upp till 30 000 bloss med en 35mL e-v\u00e4tskekapacitet och 800mAh batteri f\u00f6r ut\u00f6kad, smidig vaping. Med en mesh-spole, snabb Type-C-laddning och en m\u00e4ngd olika smaker \u00e4r den perfekt f\u00f6r b\u00e5de avslappnade och erfarna vapers.<\/p>","protected":false},"featured_media":24621,"comment_status":"open","ping_status":"closed","template":"","meta":[],"product_brand":[229],"product_cat":[33,131,320,90,117,81,76,134,135,133,136,137,146,138,139,140,141,142,143,144,145,79,132,82],"product_tag":[],"class_list":{"0":"post-24616","1":"product","2":"type-product","3":"status-publish","4":"has-post-thumbnail","6":"product_brand-mrvi","7":"product_cat-mrvi","8":"product_cat-30000-puffs-disposable-vape","9":"product_cat-best-disposable-vapes","10":"product_cat-big-puffs-vapes","11":"product_cat-different-puffs-of-diposable-vapes","12":"product_cat-digital-box-vapes","13":"product_cat-disposable-vape-types","14":"product_cat-disposable-vapes-in-austria","15":"product_cat-disposable-vapes-in-belgium","16":"product_cat-disposable-vapes-in-europe","17":"product_cat-disposable-vapes-in-france","18":"product_cat-disposable-vapes-in-germany","19":"product_cat-disposable-vapes-in-hungary","20":"product_cat-disposable-vapes-in-ltaly","21":"product_cat-disposable-vapes-in-netherlands","22":"product_cat-disposable-vapes-in-norway","23":"product_cat-disposable-vapes-in-poland","24":"product_cat-disposable-vapes-in-portugal","25":"product_cat-disposable-vapes-in-spain","26":"product_cat-disposable-vapes-in-sweden","27":"product_cat-disposable-vapes-in-switzerland","28":"product_cat-dual-mesh-vapes","29":"product_cat-rechargeable-vapes","30":"product_cat-smart-screen-vapes","32":"first","33":"instock","34":"shipping-taxable","35":"purchasable","36":"product-type-variable","37":"has-default-attributes"},"jetpack_sharing_enabled":true,"tiered_pricing_type":"fixed","tiered_pricing_fixed_rules":[],"tiered_pricing_product_settings":{"layout":"default","base_unit_name":{"singular":null,"plural":null},"default_variation":null},"tiered_pricing_minimum_quantity":1000,"tiered_pricing_roles_data":[],"tiered_pricing_percentage_rules":[],"tiered_pricing_maximum_quantity":null,"tiered_pricing_quantity_step":"10","_links":{"self":[{"href":"https:\/\/aiviouvapes.com\/sv\/wp-json\/wp\/v2\/product\/24616","targetHints":{"allow":["GET"]}}],"collection":[{"href":"https:\/\/aiviouvapes.com\/sv\/wp-json\/wp\/v2\/product"}],"about":[{"href":"https:\/\/aiviouvapes.com\/sv\/wp-json\/wp\/v2\/types\/product"}],"replies":[{"embeddable":true,"href":"https:\/\/aiviouvapes.com\/sv\/wp-json\/wp\/v2\/comments?post=24616"}],"wp:featuredmedia":[{"embeddable":true,"href":"https:\/\/aiviouvapes.com\/sv\/wp-json\/wp\/v2\/media\/24621"}],"wp:attachment":[{"href":"https:\/\/aiviouvapes.com\/sv\/wp-json\/wp\/v2\/media?parent=24616"}],"wp:term":[{"taxonomy":"product_brand","embeddable":true,"href":"https:\/\/aiviouvapes.com\/sv\/wp-json\/wp\/v2\/product_brand?post=24616"},{"taxonomy":"product_cat","embeddable":true,"href":"https:\/\/aiviouvapes.com\/sv\/wp-json\/wp\/v2\/product_cat?post=24616"},{"taxonomy":"product_tag","embeddable":true,"href":"https:\/\/aiviouvapes.com\/sv\/wp-json\/wp\/v2\/product_tag?post=24616"}],"curies":[{"name":"wp","href":"https:\/\/api.w.org\/{rel}","templated":true}]}}