{"id":2437,"date":"2024-08-16T16:01:47","date_gmt":"2024-08-16T16:01:47","guid":{"rendered":"https:\/\/aiviouvapes.com\/?post_type=product&#038;p=2437"},"modified":"2026-04-17T13:02:27","modified_gmt":"2026-04-17T05:02:27","slug":"mrvi-tornado-9000-puffs-disposable-wholesale","status":"publish","type":"product","link":"https:\/\/aiviouvapes.com\/sv\/product\/mrvi-tornado-9000-puffs-disposable-wholesale\/","title":{"rendered":"MRVI Tornado 9000 Puffs | 0%-5% nikotin, 18mL, bulk eng\u00e5ngsvape"},"content":{"rendered":"<h2>MRVI Tornado 9000 puffar | 0% 2% 3% 5% nikotin, 18 ml e-v\u00e4tska, mesh-spole, Type-C uppladdningsbar, upp till 9 000 bloss, bulkk\u00f6p eng\u00e5ngsvape i grossistledet<\/h2>\n<h3>MRVI Tornado 9000 Puff \u00d6versikt<\/h3>\n<ul>\n<li><strong>H\u00f6gt antal puffar<\/strong>: Ger upp till 9.000 puffar, vilket ger l\u00e5ngvarig anv\u00e4ndning och v\u00e4rde.<\/li>\n<li><strong>Gener\u00f6s kapacitet f\u00f6r e-v\u00e4tska<\/strong>: 18 ml beh\u00e5llare minimerar antalet p\u00e5fyllningar f\u00f6r kontinuerlig njutning.<\/li>\n<li><strong>Tillf\u00f6rlitligt batteri<\/strong>: 600mAh uppladdningsbart batteri garanterar j\u00e4mn prestanda och l\u00e5nga sessioner.<\/li>\n<li><strong>Alternativ f\u00f6r nikotinstyrka<\/strong>: Finns i 0%, 2%, 3% och 5% f\u00f6r att uppfylla olika \u00f6nskem\u00e5l.<\/li>\n<li><strong>Smidig \u00e5ngproduktion<\/strong>: Avancerad n\u00e4tspole ger smakrik, j\u00e4mn \u00e5nga vid varje bloss.<\/li>\n<li><strong>Snabbladdning<\/strong>: Utrustad med en typ C-laddningsport f\u00f6r snabb laddning.<\/li>\n<\/ul>\n<h3>MRVI Tornado 9000 Puff Nyckelfunktioner<\/h3>\n<ul>\n<li><strong>Exceptionellt l\u00e5ng livsl\u00e4ngd<\/strong>: Upp till 9.000 puffar per enhet f\u00f6r stort v\u00e4rde och l\u00e5ngvarig njutning.<\/li>\n<li><strong>B\u00e4rbarhet och bekv\u00e4mlighet<\/strong>: L\u00e4tt och uppladdningsbar, perfekt f\u00f6r vaping n\u00e4r du \u00e4r p\u00e5 spr\u00e5ng.<\/li>\n<li><strong>Smakvariation<\/strong>: Omfattande urval av smaker f\u00f6r att passa alla smakpreferenser.<\/li>\n<li><strong>Anv\u00e4ndarv\u00e4nlig<\/strong>: Underh\u00e5llsfri, uppladdningsbar och enkel att anv\u00e4nda.<\/li>\n<\/ul>\n<h3>MRVI Tornado 9000 Puff Flavor Selection<\/h3>\n<p>Syrligt \u00e4pple, k\u00e4gelgodis, k\u00f6rsb\u00e4rslitchi, granat\u00e4ppleis, k\u00f6rsb\u00e4r, jordgubbsis, bl\u00e5b\u00e4rssur hallon, jordgubbsvattenmelon, Blue Razz Ice, Lush Ice...<\/p>\n<h3>Varf\u00f6r v\u00e4lja MRVI Tornado 9000 Puffs?<\/h3>\n<p>MRVI Tornado 9000 Puffs kombinerar h\u00f6g puffkapacitet med j\u00e4mn, smakrik \u00e5nga, vilket g\u00f6r den perfekt f\u00f6r b\u00e5de erfarna vapers och nykomlingar. Med ett omfattande smakurval, ett uppladdningsbart batteri och en h\u00e5llbar design erbjuder den en exceptionell, l\u00e5ngvarig upplevelse. MRVI Tornado 9000 Puffs \u00e4r tillg\u00e4nglig f\u00f6r bulkgrossister och \u00e4r ett f\u00f6rstklassigt val f\u00f6r \u00e5terf\u00f6rs\u00e4ljare som vill erbjuda en h\u00f6gkvalitativ vape som f\u00e5r kunderna att komma tillbaka. Upplev p\u00e5litlig prestanda och rik smak med varje puff.<\/p>\n<h3>Varf\u00f6r v\u00e4lja AiviouVapes<\/h3>\n<p>V\u00e4lkommen till <a href=\"https:\/\/aiviouvapes.com\/sv\/\">AiviouVapes<\/a> - din p\u00e5litliga k\u00e4lla f\u00f6r premium, prisv\u00e4rda <a href=\"https:\/\/aiviouvapes.com\/sv\/shop\/\">eng\u00e5ngsvapor f\u00f6r grossist<\/a> till riktigt l\u00e5ga priser. Med \u00f6ver fem \u00e5rs expertis inom vape-industrin erbjuder vi stolt ett handplockat urval av ledande varum\u00e4rken, inklusive <a href=\"https:\/\/aiviouvapes.com\/sv\/produkt-kategori\/waspe\/\">WASPE<\/a>, <a href=\"https:\/\/aiviouvapes.com\/sv\/produkt-kategori\/bang\/\">Bang Vape<\/a>, <a href=\"https:\/\/aiviouvapes.com\/sv\/produkt-kategori\/vapme-vapes\/\">Vapme<\/a>, och <a href=\"https:\/\/aiviouvapes.com\/sv\/produkt-kategori\/mrvi\/\">MRVI<\/a>.<\/p>\n<p>Fr\u00e5n h\u00f6gpoppande enheter som <a href=\"https:\/\/aiviouvapes.com\/sv\/produkt\/waspe-4-in-1-100000-puffs\/\">WASPE 100K 4-i-1-smak<\/a> till dj\u00e4rva favoriter som t.ex. <a href=\"https:\/\/aiviouvapes.com\/sv\/produkt\/bang-king-triple-flavors-85000\/\">Bang 85.000 Triple Puff<\/a>och till och med den sp\u00e4nnande <a class=\"woocommerce-LoopProduct-link woocommerce-loop-product__link\" href=\"https:\/\/aiviouvapes.com\/sv\/produkt\/mystery-vape-blind-box\/\">Mystery Vape Box f\u00f6r eng\u00e5ngsbruk<\/a>Varje produkt \u00e4r utvald f\u00f6r h\u00f6gsta kvalitet och oslagbart v\u00e4rde. P\u00e5 AiviouVapes f\u00e5r du bra service, grossistbesparingar och en kollektion som \u00e4r utformad f\u00f6r att passa dina vapingbehov.<\/p>\n<div class=\"row row-large row-full-width align-middle\"  id=\"row-846198106\">\n\n\n\t<div id=\"col-205719512\" class=\"col medium-3 small-6 large-3\"  >\n\t\t\t\t<div class=\"col-inner text-center\"  >\n\t\t\t\n\t\t\t\n\n\n\t\t<div class=\"icon-box featured-box icon-box-top text-left\"  >\n\t\t\t\t\t<div class=\"icon-box-img\" style=\"width: 90px\">\n\t\t\t\t<div class=\"icon\">\n\t\t\t\t\t<div class=\"icon-inner\" >\n\t\t\t\t\t\t<img loading=\"lazy\" decoding=\"async\" width=\"200\" height=\"200\" src=\"https:\/\/i0.wp.com\/aiviouvapes.com\/wp-content\/uploads\/2024\/08\/vape-1-1.png?fit=200%2C200&amp;ssl=1\" class=\"attachment-medium size-medium\" alt=\"Varf\u00f6r v\u00e4lja AIVIOUVAPES\" srcset=\"https:\/\/i0.wp.com\/aiviouvapes.com\/wp-content\/uploads\/2024\/08\/vape-1-1.png?w=200&amp;ssl=1 200w, https:\/\/i0.wp.com\/aiviouvapes.com\/wp-content\/uploads\/2024\/08\/vape-1-1.png?resize=150%2C150&amp;ssl=1 150w, https:\/\/i0.wp.com\/aiviouvapes.com\/wp-content\/uploads\/2024\/08\/vape-1-1.png?resize=12%2C12&amp;ssl=1 12w, https:\/\/i0.wp.com\/aiviouvapes.com\/wp-content\/uploads\/2024\/08\/vape-1-1.png?resize=100%2C100&amp;ssl=1 100w\" sizes=\"auto, (max-width: 200px) 100vw, 200px\" title=\"\">\t\t\t\t\t<\/div>\n\t\t\t\t<\/div>\n\t\t\t<\/div>\n\t\t\t\t<div class=\"icon-box-text last-reset\">\n\t\t\t\t\t\t\t\t\t\n\n\t<div id=\"text-3924927778\" class=\"text\">\n\t\t\n\n<h3 style=\"text-align: center;\">Omfattande Vape Variety<\/h3>\n<p style=\"text-align: center;\">Uppt\u00e4ck v\u00e5rt breda utbud av produkter, tillverkade f\u00f6r att passa alla \u00f6nskem\u00e5l.<\/p>\n\t\t\n<style>\n#text-3924927778 {\n  font-size: 0.9rem;\n}\n<\/style>\n\t<\/div>\n\t\n\n\t\t<\/div>\n\t<\/div>\n\t\n\t\n\n\t\t<\/div>\n\t\t\t\t\t<\/div>\n\n\t\n\n\t<div id=\"col-129602280\" class=\"col medium-3 small-6 large-3\"  >\n\t\t\t\t<div class=\"col-inner text-center\"  >\n\t\t\t\n\t\t\t\n\n\n\t\t<div class=\"icon-box featured-box icon-box-top text-left\"  >\n\t\t\t\t\t<div class=\"icon-box-img\" style=\"width: 90px\">\n\t\t\t\t<div class=\"icon\">\n\t\t\t\t\t<div class=\"icon-inner\" >\n\t\t\t\t\t\t<img loading=\"lazy\" decoding=\"async\" width=\"200\" height=\"200\" src=\"https:\/\/i0.wp.com\/aiviouvapes.com\/wp-content\/uploads\/2024\/08\/save-money-1-1-1.png?fit=200%2C200&amp;ssl=1\" class=\"attachment-medium size-medium\" alt=\"Varf\u00f6r v\u00e4lja AIVIOUVAPES\" srcset=\"https:\/\/i0.wp.com\/aiviouvapes.com\/wp-content\/uploads\/2024\/08\/save-money-1-1-1.png?w=200&amp;ssl=1 200w, https:\/\/i0.wp.com\/aiviouvapes.com\/wp-content\/uploads\/2024\/08\/save-money-1-1-1.png?resize=150%2C150&amp;ssl=1 150w, https:\/\/i0.wp.com\/aiviouvapes.com\/wp-content\/uploads\/2024\/08\/save-money-1-1-1.png?resize=12%2C12&amp;ssl=1 12w, https:\/\/i0.wp.com\/aiviouvapes.com\/wp-content\/uploads\/2024\/08\/save-money-1-1-1.png?resize=100%2C100&amp;ssl=1 100w\" sizes=\"auto, (max-width: 200px) 100vw, 200px\" title=\"\">\t\t\t\t\t<\/div>\n\t\t\t\t<\/div>\n\t\t\t<\/div>\n\t\t\t\t<div class=\"icon-box-text last-reset\">\n\t\t\t\t\t\t\t\t\t\n\n\t<div id=\"text-2758659726\" class=\"text\">\n\t\t\n\n<h3 style=\"text-align: center;\">Oslagbart v\u00e4rde<\/h3>\n<p style=\"text-align: center;\">Njut av produkter av h\u00f6gsta kvalitet till priser som passar din budget.<\/p>\n\t\t\n<style>\n#text-2758659726 {\n  font-size: 0.9rem;\n}\n<\/style>\n\t<\/div>\n\t\n\n\t\t<\/div>\n\t<\/div>\n\t\n\t\n\n\t\t<\/div>\n\t\t\t\t\t<\/div>\n\n\t\n\n\t<div id=\"col-974116605\" class=\"col medium-3 small-6 large-3\"  >\n\t\t\t\t<div class=\"col-inner text-center\"  >\n\t\t\t\n\t\t\t\n\n\n\t\t<div class=\"icon-box featured-box icon-box-top text-left\"  >\n\t\t\t\t\t<div class=\"icon-box-img\" style=\"width: 90px\">\n\t\t\t\t<div class=\"icon\">\n\t\t\t\t\t<div class=\"icon-inner\" >\n\t\t\t\t\t\t<img loading=\"lazy\" decoding=\"async\" width=\"200\" height=\"200\" src=\"https:\/\/i0.wp.com\/aiviouvapes.com\/wp-content\/uploads\/2024\/08\/delivery-truck-1-1.png?fit=200%2C200&amp;ssl=1\" class=\"attachment-medium size-medium\" alt=\"Varf\u00f6r v\u00e4lja AIVIOUVAPES\" srcset=\"https:\/\/i0.wp.com\/aiviouvapes.com\/wp-content\/uploads\/2024\/08\/delivery-truck-1-1.png?w=200&amp;ssl=1 200w, https:\/\/i0.wp.com\/aiviouvapes.com\/wp-content\/uploads\/2024\/08\/delivery-truck-1-1.png?resize=150%2C150&amp;ssl=1 150w, https:\/\/i0.wp.com\/aiviouvapes.com\/wp-content\/uploads\/2024\/08\/delivery-truck-1-1.png?resize=12%2C12&amp;ssl=1 12w, https:\/\/i0.wp.com\/aiviouvapes.com\/wp-content\/uploads\/2024\/08\/delivery-truck-1-1.png?resize=100%2C100&amp;ssl=1 100w\" sizes=\"auto, (max-width: 200px) 100vw, 200px\" title=\"\">\t\t\t\t\t<\/div>\n\t\t\t\t<\/div>\n\t\t\t<\/div>\n\t\t\t\t<div class=\"icon-box-text last-reset\">\n\t\t\t\t\t\t\t\t\t\n\n\t<div id=\"text-3453937413\" class=\"text\">\n\t\t\n\n<h3 style=\"text-align: center;\">Snabb Global Frakt<\/h3>\n<p style=\"text-align: center;\">Vi levererar \u00f6ver hela v\u00e4rlden med garanterad tullklarering f\u00f6r en s\u00f6ml\u00f6s upplevelse.<\/p>\n\t\t\n<style>\n#text-3453937413 {\n  font-size: 0.9rem;\n}\n<\/style>\n\t<\/div>\n\t\n\n\t\t<\/div>\n\t<\/div>\n\t\n\t\n\n\t\t<\/div>\n\t\t\t\t\t<\/div>\n\n\t\n\n\t<div id=\"col-1493053481\" class=\"col medium-3 small-6 large-3\"  >\n\t\t\t\t<div class=\"col-inner text-center\"  >\n\t\t\t\n\t\t\t\n\n\n\t\t<div class=\"icon-box featured-box icon-box-top text-left\"  >\n\t\t\t\t\t<div class=\"icon-box-img\" style=\"width: 90px\">\n\t\t\t\t<div class=\"icon\">\n\t\t\t\t\t<div class=\"icon-inner\" >\n\t\t\t\t\t\t<img loading=\"lazy\" decoding=\"async\" width=\"200\" height=\"200\" src=\"https:\/\/i0.wp.com\/aiviouvapes.com\/wp-content\/uploads\/2024\/08\/support-1-1.png?fit=200%2C200&amp;ssl=1\" class=\"attachment-medium size-medium\" alt=\"Varf\u00f6r v\u00e4lja AIVIOUVAPES\" srcset=\"https:\/\/i0.wp.com\/aiviouvapes.com\/wp-content\/uploads\/2024\/08\/support-1-1.png?w=200&amp;ssl=1 200w, https:\/\/i0.wp.com\/aiviouvapes.com\/wp-content\/uploads\/2024\/08\/support-1-1.png?resize=150%2C150&amp;ssl=1 150w, https:\/\/i0.wp.com\/aiviouvapes.com\/wp-content\/uploads\/2024\/08\/support-1-1.png?resize=12%2C12&amp;ssl=1 12w, https:\/\/i0.wp.com\/aiviouvapes.com\/wp-content\/uploads\/2024\/08\/support-1-1.png?resize=100%2C100&amp;ssl=1 100w\" sizes=\"auto, (max-width: 200px) 100vw, 200px\" title=\"\">\t\t\t\t\t<\/div>\n\t\t\t\t<\/div>\n\t\t\t<\/div>\n\t\t\t\t<div class=\"icon-box-text last-reset\">\n\t\t\t\t\t\t\t\t\t\n\n\t<div id=\"text-2020418955\" class=\"text\">\n\t\t\n\n<h3 style=\"text-align: center;\">Assistans dygnet runt<\/h3>\n<p style=\"text-align: center;\">N\u00e5 v\u00e5rt supportteam n\u00e4r som helst, 24\/7, via WhatsApp eller e-post.<\/p>\n\t\t\n<style>\n#text-2020418955 {\n  font-size: 0.9rem;\n}\n<\/style>\n\t<\/div>\n\t\n\n\t\t<\/div>\n\t<\/div>\n\t\n\t\n\n\t\t<\/div>\n\t\t\t\t\t<\/div>\n\n\t\n\n<\/div>\n<div class=\"row row-full-width align-middle\"  id=\"row-1321057143\">\n\n\n\t<div id=\"col-1494222113\" class=\"col medium-6 small-12 large-6\"  >\n\t\t\t\t<div class=\"col-inner\"  >\n\t\t\t\n\t\t\t\n\n\t<div class=\"img has-hover x md-x lg-x y md-y lg-y\" id=\"image_1758997835\">\n\t\t\t\t\t\t\t\t<div class=\"img-inner dark\" >\n\t\t\t<img loading=\"lazy\" decoding=\"async\" width=\"930\" height=\"1024\" src=\"https:\/\/i0.wp.com\/aiviouvapes.com\/wp-content\/uploads\/2024\/08\/%E6%8B%BC%E5%9B%BE.jpg?fit=930%2C1024&amp;ssl=1\" class=\"attachment-large size-large\" alt=\"Varf\u00f6r v\u00e4lja AIVIOUVAPES\" title=\"\">\t\t\t\t\t\t\n\t\t\t\t\t<\/div>\n\t\t\t\t\t\t\t\t\n<style>\n#image_1758997835 {\n  width: 100%;\n}\n<\/style>\n\t<\/div>\n\t\n\n\n\t\t<\/div>\n\t\t\t\t\t<\/div>\n\n\t\n\n\t<div id=\"col-1519331959\" class=\"col medium-6 small-12 large-6\"  >\n\t\t\t\t<div class=\"col-inner\"  >\n\t\t\t\n\t\t\t\n\n<div class=\"container section-title-container\" ><h4 class=\"section-title section-title-normal\"><b aria-hidden=\"true\"><\/b><span class=\"section-title-main\" style=\"font-size:91%;\">V\u00e5ra f\u00f6rdelar<\/span><b aria-hidden=\"true\"><\/b><\/h4><\/div>\n\n<div class=\"accordion\">\n\n\t<div id=\"accordion-204003427\" class=\"accordion-item\">\n\t\t<a id=\"accordion-204003427-label\" class=\"accordion-title plain\" href=\"#accordion-item-commitment-to-quality\" aria-expanded=\"false\" aria-controls=\"accordion-204003427-content\">\n\t\t\t<button class=\"toggle\" aria-label=\"Toggle\"><i class=\"icon-angle-down\" aria-hidden=\"true\"><\/i><\/button>\n\t\t\t<span>Engagemang f\u00f6r kvalitet<\/span>\n\t\t<\/a>\n\t\t<div id=\"accordion-204003427-content\" class=\"accordion-inner\" aria-labelledby=\"accordion-204003427-label\">\n\t\t\t\n\n<p>Vid <a href=\"https:\/\/aiviouvapes.com\/sv\/\">AiviouVape<\/a>, kvalitet driver allt vi g\u00f6r. V\u00e5ra eng\u00e5ngsvapor \u00e4r noggrant tillverkade och noggrant testade f\u00f6r att uppfylla de h\u00f6gsta standarderna, vilket s\u00e4kerst\u00e4ller en smidig, p\u00e5litlig vapingupplevelse varje g\u00e5ng. Med v\u00e5rt engagemang f\u00f6r noll defekter och noll klagom\u00e5l kan du lita p\u00e5 att du f\u00e5r det b\u00e4sta.<\/p>\n\n\t\t<\/div>\n\t<\/div>\n\t\n\t<div id=\"accordion-779014074\" class=\"accordion-item\">\n\t\t<a id=\"accordion-779014074-label\" class=\"accordion-title plain\" href=\"#accordion-item-diverse-range-of-products\" aria-expanded=\"false\" aria-controls=\"accordion-779014074-content\">\n\t\t\t<button class=\"toggle\" aria-label=\"Toggle\"><i class=\"icon-angle-down\" aria-hidden=\"true\"><\/i><\/button>\n\t\t\t<span>Brett utbud av produkter<\/span>\n\t\t<\/a>\n\t\t<div id=\"accordion-779014074-content\" class=\"accordion-inner\" aria-labelledby=\"accordion-779014074-label\">\n\t\t\t\n\n<p>Vi \u00e4r stolta \u00f6ver att kunna erbjuda ett brett utbud av premium eng\u00e5ngsvapor f\u00f6r att passa alla preferenser. Fr\u00e5n de senaste innovationerna till fansens l\u00e5ngvariga favoriter, v\u00e5rt urval inneh\u00e5ller p\u00e5litliga varum\u00e4rken som Waspe, Vapme, RandM Tornado, Bang Box, ELF Box och Bang King. Oavsett om du s\u00f6ker de dj\u00e4rva smakerna fr\u00e5n Vapme eller den snygga designen fr\u00e5n RandM Tornado, \u00e4r v\u00e5r kollektion utformad f\u00f6r att hj\u00e4lpa dig att uppt\u00e4cka den perfekta vape som matchar din smak och livsstil.<\/p>\n\n\n\t\t<\/div>\n\t<\/div>\n\t\n\t<div id=\"accordion-2242167397\" class=\"accordion-item\">\n\t\t<a id=\"accordion-2242167397-label\" class=\"accordion-title plain\" href=\"#accordion-item-wholesale-and-retail-solutions\" aria-expanded=\"false\" aria-controls=\"accordion-2242167397-content\">\n\t\t\t<button class=\"toggle\" aria-label=\"Toggle\"><i class=\"icon-angle-down\" aria-hidden=\"true\"><\/i><\/button>\n\t\t\t<span>L\u00f6sningar f\u00f6r parti- och detaljhandel<\/span>\n\t\t<\/a>\n\t\t<div id=\"accordion-2242167397-content\" class=\"accordion-inner\" aria-labelledby=\"accordion-2242167397-label\">\n\t\t\t\n\n<p>AiviouVape uppfyller kraven fr\u00e5n b\u00e5de detaljhandels- och grossistkunder och levererar exceptionella produkter och tj\u00e4nster varje g\u00e5ng. Om du \u00e4r ny hos oss rekommenderar vi att du b\u00f6rjar med ett litet parti f\u00f6r att uppleva v\u00e5r kvalitet fr\u00e5n f\u00f6rsta hand. Med konkurrenskraftiga priser och premiumstandarder \u00e4r vi det p\u00e5litliga valet inom eng\u00e5ngsvapebranschen.\u00a0<\/p>\n\n\t\t<\/div>\n\t<\/div>\n\t\n\t<div id=\"accordion-1463969222\" class=\"accordion-item\">\n\t\t<a id=\"accordion-1463969222-label\" class=\"accordion-title plain\" href=\"#accordion-item-continuous-improvement\" aria-expanded=\"false\" aria-controls=\"accordion-1463969222-content\">\n\t\t\t<button class=\"toggle\" aria-label=\"Toggle\"><i class=\"icon-angle-down\" aria-hidden=\"true\"><\/i><\/button>\n\t\t\t<span>Kontinuerlig f\u00f6rb\u00e4ttring<\/span>\n\t\t<\/a>\n\t\t<div id=\"accordion-1463969222-content\" class=\"accordion-inner\" aria-labelledby=\"accordion-1463969222-label\">\n\t\t\t\n\n<p>Det som skiljer AiviouVape \u00e4r v\u00e5rt engagemang f\u00f6r exceptionell kundservice. Oavsett om du beh\u00f6ver r\u00e5d innan k\u00f6p eller hj\u00e4lp med en best\u00e4llning \u00e4r v\u00e5rt team alltid tillg\u00e4ngligt via WhatsApp eller e-post. Vi str\u00e4var efter att bygga varaktiga relationer med v\u00e5ra kunder, f\u00f6r att s\u00e4kerst\u00e4lla din tillfredsst\u00e4llelse varje steg p\u00e5 v\u00e4gen.<\/p>\n\n\t\t<\/div>\n\t<\/div>\n\t\n\t<div id=\"accordion-1293144221\" class=\"accordion-item\">\n\t\t<a id=\"accordion-1293144221-label\" class=\"accordion-title plain\" href=\"#accordion-item-quality-assurance\" aria-expanded=\"false\" aria-controls=\"accordion-1293144221-content\">\n\t\t\t<button class=\"toggle\" aria-label=\"Toggle\"><i class=\"icon-angle-down\" aria-hidden=\"true\"><\/i><\/button>\n\t\t\t<span>Kvalitetss\u00e4kring<\/span>\n\t\t<\/a>\n\t\t<div id=\"accordion-1293144221-content\" class=\"accordion-inner\" aria-labelledby=\"accordion-1293144221-label\">\n\t\t\t\n\n<p>I varje steg \u2013 produktutveckling, produktion, marknadsf\u00f6ring och distribution \u2013 viftar aldrig v\u00e5rt engagemang f\u00f6r kvalitet. V\u00e5ra eng\u00e5ngsvapor genomg\u00e5r rigor\u00f6sa tester f\u00f6r att s\u00e4kerst\u00e4lla att de \u00e4r giftfria, rena och ger exceptionell smak. Detta engagemang f\u00f6r excellens utg\u00f6r ryggraden i v\u00e5r f\u00f6retagskultur.<\/p>\n\n\t\t<\/div>\n\t<\/div>\n\t\n\t<div id=\"accordion-54846782\" class=\"accordion-item\">\n\t\t<a id=\"accordion-54846782-label\" class=\"accordion-title plain\" href=\"#accordion-item-efficient-logistics-and-delivery\" aria-expanded=\"false\" aria-controls=\"accordion-54846782-content\">\n\t\t\t<button class=\"toggle\" aria-label=\"Toggle\"><i class=\"icon-angle-down\" aria-hidden=\"true\"><\/i><\/button>\n\t\t\t<span>Effektiv logistik och leverans<\/span>\n\t\t<\/a>\n\t\t<div id=\"accordion-54846782-content\" class=\"accordion-inner\" aria-labelledby=\"accordion-54846782-label\">\n\t\t\t\n\n<p>AiviouVape tillhandah\u00e5ller effektiv logistik och leverans, inklusive DDP (Delivered Duty Paid)-tj\u00e4nster, vilket s\u00e4kerst\u00e4ller s\u00f6ml\u00f6s tullklarering utan n\u00e5gra avgifter eller skatter. Med snabb leverans och exceptionell kundsupport erbjuder vi en smidig och p\u00e5litlig upplevelse, vilket g\u00f6r oss till en p\u00e5litlig partner i branschen.<\/p>\n\n\t\t<\/div>\n\t<\/div>\n\t\n\t<div id=\"accordion-601331571\" class=\"accordion-item\">\n\t\t<a id=\"accordion-601331571-label\" class=\"accordion-title plain\" href=\"#accordion-item-odm-and-oem-services\" aria-expanded=\"false\" aria-controls=\"accordion-601331571-content\">\n\t\t\t<button class=\"toggle\" aria-label=\"Toggle\"><i class=\"icon-angle-down\" aria-hidden=\"true\"><\/i><\/button>\n\t\t\t<span>ODM- och OEM-tj\u00e4nster<\/span>\n\t\t<\/a>\n\t\t<div id=\"accordion-601331571-content\" class=\"accordion-inner\" aria-labelledby=\"accordion-601331571-label\">\n\t\t\t\n\n<p>AiviouVapes erbjuder fullst\u00e4ndiga tj\u00e4nster f\u00f6r ODM (Original Design Manufacturing) och OEM (Original Equipment Manufacturing). Med tv\u00e5 stora anl\u00e4ggningar hj\u00e4lper vi kunder att designa unika produkter och i\u00f6gonfallande logotyper f\u00f6r f\u00f6rpackningar. Vi tillhandah\u00e5ller ocks\u00e5 gratis v\u00e4gledning f\u00f6r f\u00f6rpackningsdesign och st\u00f6djer kunder som packar sina egna produkter, vilket s\u00e4kerst\u00e4ller att deras varum\u00e4rke lyser p\u00e5 marknaden.<\/p>\n\n\t\t<\/div>\n\t<\/div>\n\t\n\n<\/div>\n\n\t\t<\/div>\n\t\t\t\t\t<\/div>\n\n\t\n\n<\/div>","protected":false},"excerpt":{"rendered":"<p>MRVI Tornado 9K levererar 9 000 puffar med en 18 ml e-liquid-kapacitet och ett 600 mAh uppladdningsbart batteri. Med en avancerad mesh-spole, flera nikotinalternativ och olika smaker garanterar den rik, l\u00e5ngvarig och problemfri vaping.<\/p>","protected":false},"featured_media":2438,"comment_status":"open","ping_status":"closed","template":"","meta":[],"product_brand":[229],"product_cat":[33,121,90,117,76,134,135,133,136,137,146,138,139,140,141,142,143,144,145,573,572,132],"product_tag":[],"class_list":{"0":"post-2437","1":"product","2":"type-product","3":"status-publish","4":"has-post-thumbnail","6":"product_brand-mrvi","7":"product_cat-mrvi","8":"product_cat-9000-puffs-disposable-vape","9":"product_cat-big-puffs-vapes","10":"product_cat-different-puffs-of-diposable-vapes","11":"product_cat-disposable-vape-types","12":"product_cat-disposable-vapes-in-austria","13":"product_cat-disposable-vapes-in-belgium","14":"product_cat-disposable-vapes-in-europe","15":"product_cat-disposable-vapes-in-france","16":"product_cat-disposable-vapes-in-germany","17":"product_cat-disposable-vapes-in-hungary","18":"product_cat-disposable-vapes-in-ltaly","19":"product_cat-disposable-vapes-in-netherlands","20":"product_cat-disposable-vapes-in-norway","21":"product_cat-disposable-vapes-in-poland","22":"product_cat-disposable-vapes-in-portugal","23":"product_cat-disposable-vapes-in-spain","24":"product_cat-disposable-vapes-in-sweden","25":"product_cat-disposable-vapes-in-switzerland","26":"product_cat-new-3","27":"product_cat-new-2","28":"product_cat-rechargeable-vapes","30":"first","31":"instock","32":"shipping-taxable","33":"purchasable","34":"product-type-variable","35":"has-default-attributes"},"jetpack_sharing_enabled":true,"tiered_pricing_type":"fixed","tiered_pricing_fixed_rules":{"2000":5.589999999999999857891452847979962825775146484375},"tiered_pricing_product_settings":{"layout":"default","base_unit_name":{"singular":null,"plural":null},"default_variation":null},"tiered_pricing_minimum_quantity":1000,"tiered_pricing_roles_data":[],"tiered_pricing_percentage_rules":[],"tiered_pricing_maximum_quantity":null,"tiered_pricing_quantity_step":"10","_links":{"self":[{"href":"https:\/\/aiviouvapes.com\/sv\/wp-json\/wp\/v2\/product\/2437","targetHints":{"allow":["GET"]}}],"collection":[{"href":"https:\/\/aiviouvapes.com\/sv\/wp-json\/wp\/v2\/product"}],"about":[{"href":"https:\/\/aiviouvapes.com\/sv\/wp-json\/wp\/v2\/types\/product"}],"replies":[{"embeddable":true,"href":"https:\/\/aiviouvapes.com\/sv\/wp-json\/wp\/v2\/comments?post=2437"}],"wp:featuredmedia":[{"embeddable":true,"href":"https:\/\/aiviouvapes.com\/sv\/wp-json\/wp\/v2\/media\/2438"}],"wp:attachment":[{"href":"https:\/\/aiviouvapes.com\/sv\/wp-json\/wp\/v2\/media?parent=2437"}],"wp:term":[{"taxonomy":"product_brand","embeddable":true,"href":"https:\/\/aiviouvapes.com\/sv\/wp-json\/wp\/v2\/product_brand?post=2437"},{"taxonomy":"product_cat","embeddable":true,"href":"https:\/\/aiviouvapes.com\/sv\/wp-json\/wp\/v2\/product_cat?post=2437"},{"taxonomy":"product_tag","embeddable":true,"href":"https:\/\/aiviouvapes.com\/sv\/wp-json\/wp\/v2\/product_tag?post=2437"}],"curies":[{"name":"wp","href":"https:\/\/api.w.org\/{rel}","templated":true}]}}