{"id":115739,"date":"2026-03-17T09:45:58","date_gmt":"2026-03-17T01:45:58","guid":{"rendered":"https:\/\/aiviouvapes.com\/?post_type=product&#038;p=115739"},"modified":"2026-04-07T10:00:10","modified_gmt":"2026-04-07T02:00:10","slug":"happ-bar-gr100k-pro","status":"publish","type":"product","link":"https:\/\/aiviouvapes.com\/sv\/product\/happ-bar-gr100k-pro\/","title":{"rendered":"Happ Bar GR100K Pro | 100000 puffar, 56 ml, mesh coil, 15 smaker, bulk eng\u00e5ngs vape"},"content":{"rendered":"<h2>M\u00f6t Happ Bar GR100K Pro \ud83d\udd25<\/h2>\n<p>Letar du efter en eng\u00e5ngsvape som bara forts\u00e4tter att g\u00e5? Den <strong>Happ Bar GR100K Pro<\/strong> levererar upp till <strong>100 000 bloss<\/strong> med en enorm <strong>56 ml<\/strong> e-v\u00e4tskekapacitet, allt f\u00f6rpackat i en snygg, i\u00f6gonfallande design. Det \u00e4r den senaste och mest kraftfulla enheten i Happ Bar GR-serien - byggd f\u00f6r vapnare som inte vill byta ut sin enhet hela tiden, och ett smart tillskott f\u00f6r butiker och grossistk\u00f6pare som letar efter en efterfr\u00e5gad produkt.<\/p>\n<h2>Varf\u00f6r v\u00e4lja Happ Bar GR100K Pro? \u2705<\/h2>\n<ul>\n<li><strong>Upp till 100 000 bloss<\/strong> f\u00f6r ultral\u00e5ngvarig vaping - f\u00e4rre byten, mer njutning \ud83d\udd25<\/li>\n<li><strong>56 ml kapacitet f\u00f6r e-v\u00e4tska<\/strong> s\u00e5 att du kan vape i flera veckor utan att det tar slut<\/li>\n<li><strong>1,0\u03a9 n\u00e4tspole<\/strong> f\u00f6r j\u00e4mn, konsekvent och smakrik \u00e5nga varje g\u00e5ng \u2601\ufe0f<\/li>\n<li><strong>650mAh uppladdningsbart batteri<\/strong> med Type-C-laddning f\u00f6r snabb uppladdning \u26a1<\/li>\n<li><strong>15 l\u00e4ckra smaker<\/strong> allt fr\u00e5n fruktiga till isiga till klassiska blandningar \ud83c\udf53<\/li>\n<li><strong>Alternativ f\u00f6r nikotin: 2% och 5%<\/strong> f\u00f6r att passa olika marknader och preferenser<\/li>\n<li><strong>GR-seriens ikoniska design<\/strong>-uppgraderad fr\u00e5n de popul\u00e4ra modellerna GR30K och GR50K<\/li>\n<li><strong>Perfekt f\u00f6r butiker och grossister<\/strong>-H\u00f6g efterfr\u00e5gan 100K puffkategori som r\u00f6r sig snabbt \ud83d\udce6<\/li>\n<\/ul>\n<h2>Happ Bar GR100K Pro Specifikationer \ud83d\udccc<\/h2>\n<table>\n<tbody>\n<tr>\n<td><strong>Produktens namn<\/strong><\/td>\n<td>Happ Bar GR100K Pro eng\u00e5ngsvape<\/td>\n<\/tr>\n<tr>\n<td><strong>Max Puffs<\/strong><\/td>\n<td>Upp till 100 000 bloss<\/td>\n<\/tr>\n<tr>\n<td><strong>Kapacitet f\u00f6r e-v\u00e4tska<\/strong><\/td>\n<td>56 ml<\/td>\n<\/tr>\n<tr>\n<td><strong>Spole<\/strong><\/td>\n<td>Mesh Coil 1.0\u03a9<\/td>\n<\/tr>\n<tr>\n<td><strong>Nikotinstyrka<\/strong><\/td>\n<td>2% \/ 5%<\/td>\n<\/tr>\n<tr>\n<td><strong>Batteri<\/strong><\/td>\n<td>650 mAh<\/td>\n<\/tr>\n<tr>\n<td><strong>Laddning<\/strong><\/td>\n<td>USB typ C uppladdningsbar<\/td>\n<\/tr>\n<\/tbody>\n<\/table>\n<h2>Happ Bar GR100K Pro Smaklista \ud83c\udf53\ud83c\udf49\ud83e\uddca<\/h2>\n<p>GR100K Pro levereras i f\u00f6ljande utf\u00f6randen <strong>15 fantastiska smaker<\/strong>-fr\u00e5n uppfriskande iskalla frukter till s\u00f6ta godisinspirerade blandningar. Det finns n\u00e5got f\u00f6r alla smaker!<\/p>\n<ul>\n<li><strong>Is med kokos och melon<\/strong> - kr\u00e4mig kokosn\u00f6t m\u00f6ter s\u00f6t melon med en sval avslutning \ud83e\udd65\ud83c\udf48<\/li>\n<li><strong>Rosa lemonad<\/strong> - s\u00f6t och syrlig rosa lemonad, ljus och uppfriskande \ud83c\udf4b\ud83d\udc97<\/li>\n<li><strong>Citron hagel<\/strong> - kryddig citron med en isig st\u00e4nk \ud83c\udf4b\ud83e\uddca<\/li>\n<li><strong>San Francisco<\/strong> - en unik blandning av apelsin, citron och persika \ud83c\udf4a\ud83c\udf51<\/li>\n<li><strong>Is med tropisk frukt<\/strong> - exotiska tropiska frukter med en kylig kick \ud83c\udf34\u2744\ufe0f<\/li>\n<li><strong>Blue Mountain<\/strong> - sval mynta blandad med r\u00f6da b\u00e4r \ud83e\uded0\ud83e\uddca<\/li>\n<li><strong>K\u00e4rlek 66<\/strong> - en s\u00f6t, mystisk godisinspirerad smak \ud83d\udc9c<\/li>\n<li><strong>Jordgubb Kiwi<\/strong> - klassisk jordgubbs- och kiwikombination, fr\u00e4sch och fruktig \ud83c\udf53\ud83e\udd5d<\/li>\n<li><strong>Vattenmelon-is<\/strong> - saftig vattenmelon med en frostig finish \ud83c\udf49\u2744\ufe0f<\/li>\n<li><strong>Black Dragon Strawberry Ice<\/strong> - dj\u00e4rv drakfrukt m\u00f6ter s\u00f6t jordgubbe med is \ud83d\udc09\ud83c\udf53<\/li>\n<li><strong>Jordgubbar Vattenmelon<\/strong> - s\u00f6t jordgubbs- och vattenmelonduo \ud83c\udf53\ud83c\udf49<\/li>\n<li><strong>Herr Bl\u00e5<\/strong> - en sval, bl\u00e5 hallonklassiker \ud83d\udc99<\/li>\n<li><strong>Persika hagel<\/strong> - mogen persika med en iskall storm \ud83c\udf51\ud83e\uddca<\/li>\n<li><strong>Sommardr\u00f6m<\/strong> - en len, fruktig sommarblandning \ud83c\udf1e<\/li>\n<li><strong>Bl\u00e5 jordgubbsis<\/strong> - bl\u00e5b\u00e4r och jordgubbar med en cool twist \ud83e\uded0\ud83c\udf53\u2744\ufe0f<\/li>\n<\/ul>\n<h2>Skapad f\u00f6r framg\u00e5ng inom detaljhandel och partihandel \ud83c\udfea\ud83d\udce6<\/h2>\n<p>Den <strong>Happ Bar GR100K Pro<\/strong> \u00e4r en perfekt passform f\u00f6r <strong>tunga vapers<\/strong> som vill ha en enhet som h\u00e5ller, <strong>smak\u00e4lskare<\/strong> som gillar variation med 15 alternativ, och <strong>vape-butiker<\/strong> som vill vara attraktiva p\u00e5 hyllan med den ikoniska designen i GR-serien. F\u00f6r <strong>distribut\u00f6rer och grossister<\/strong>, 100K puff-kategorin \u00e4r ett av de snabbast v\u00e4xande segmenten - den h\u00e4r enheten kontrollerar alla rutor med sitt h\u00f6ga puffantal, gener\u00f6sa e-v\u00e4tskekapacitet och breda smakuppst\u00e4llning.<\/p>\n<h2>Happ Bar GR100K Pro FAQ \u2753<\/h2>\n<h3>Hur m\u00e5nga puffar ger Happ Bar GR100K Pro?<\/h3>\n<p>Den levererar upp till <strong>100 000 bloss<\/strong>, vilket g\u00f6r den till en av de mest l\u00e5ngvariga eng\u00e5ngsvaporna som finns tillg\u00e4ngliga. \ud83d\udd25<\/p>\n<h3>\u00c4r Happ Bar GR100K Pro laddningsbar?<\/h3>\n<p>Ja! Den har en <strong>650 mAh<\/strong> batteri med <strong>USB typ-C<\/strong> laddning f\u00f6r snabb och enkel laddning. \u26a1<\/p>\n<h3>Vilka nikotinstyrkor finns tillg\u00e4ngliga?<\/h3>\n<p>Den levereras i <strong>2%<\/strong> och <strong>5%<\/strong> nikotinstyrkor f\u00f6r att passa olika preferenser och marknadsregleringar.<\/p>\n<h3>Vilken spole anv\u00e4nder GR100K Pro?<\/h3>\n<p>Den anv\u00e4nder en <strong>1,0\u03a9 n\u00e4tspole<\/strong> f\u00f6r j\u00e4mn, konsekvent och smakrik \u00e5ngproduktion. \u2601\ufe0f<\/p>\n<h3>Hur mycket e-v\u00e4tska finns inuti?<\/h3>\n<p>Den \u00e4r f\u00f6rfylld med <strong>56 ml<\/strong> av premium e-v\u00e4tska f\u00f6r f\u00f6rl\u00e4ngd anv\u00e4ndningstid.<\/p>\n<h3>Hur m\u00e5nga smaker finns det?<\/h3>\n<p>Det finns <strong>15 smaker<\/strong> att v\u00e4lja mellan, inklusive fruktiga, isiga, godis och tropiska alternativ. \ud83c\udf53<\/p>\n<h3>\u00c4r det bra f\u00f6r vape-butiker och grossistorder?<\/h3>\n<p>Absolut. Puffkategorin 100 km \u00e4r enormt popul\u00e4r och GR-serien har en stark varum\u00e4rkesk\u00e4nnedom, vilket g\u00f6r den till ett utm\u00e4rkt val f\u00f6r <strong>butikshyllor<\/strong> och <strong>bulkdistribution<\/strong>. \ud83d\udce6<\/p>","protected":false},"excerpt":{"rendered":"<p>Happ Bar GR100K Pro eng\u00e5ngsvape med 100000 puffar, 56 ml e-juice, mesh-spole och Type-C-laddning. 15 dj\u00e4rva smaker att v\u00e4lja mellan - perfekt f\u00f6r detaljhandel och grossistk\u00f6pare. \u2728<\/p>","protected":false},"featured_media":115780,"comment_status":"open","ping_status":"closed","template":"","meta":[],"product_brand":[531],"product_cat":[336,320,90,280,133,522,521,132],"product_tag":[428,447,446,479,523,525,524,358],"class_list":{"0":"post-115739","1":"product","2":"type-product","3":"status-publish","4":"has-post-thumbnail","6":"product_brand-happ","7":"product_cat-100k-puffs-disposable-vape","8":"product_cat-best-disposable-vapes","9":"product_cat-big-puffs-vapes","10":"product_cat-cheap-rechargeable-disposable-vapes","11":"product_cat-disposable-vapes-in-europe","12":"product_cat-happ-bar","13":"product_cat-new","14":"product_cat-rechargeable-vapes","15":"product_tag-100000-puffs-disposable-vape","16":"product_tag-100000-puffs-vape-wholesale","17":"product_tag-100k-disposable-vape","18":"product_tag-100k-puffs-vape","19":"product_tag-happ-bar","20":"product_tag-happ-bar-disposable-vape","21":"product_tag-happ-bar-gr100k-pro","22":"product_tag-rechargeable-100000-puff-disposable-vape","24":"first","25":"instock","26":"shipping-taxable","27":"purchasable","28":"product-type-variable","29":"has-default-attributes"},"jetpack_sharing_enabled":true,"tiered_pricing_type":"fixed","tiered_pricing_fixed_rules":{"100":7.38999999999999968025576890795491635799407958984375,"200":6.87000000000000010658141036401502788066864013671875,"400":6.61000000000000031974423109204508364200592041015625},"tiered_pricing_product_settings":{"layout":"default","base_unit_name":{"singular":null,"plural":null},"default_variation":null},"tiered_pricing_minimum_quantity":50,"tiered_pricing_roles_data":[],"tiered_pricing_percentage_rules":[],"tiered_pricing_maximum_quantity":null,"tiered_pricing_quantity_step":"10","_links":{"self":[{"href":"https:\/\/aiviouvapes.com\/sv\/wp-json\/wp\/v2\/product\/115739","targetHints":{"allow":["GET"]}}],"collection":[{"href":"https:\/\/aiviouvapes.com\/sv\/wp-json\/wp\/v2\/product"}],"about":[{"href":"https:\/\/aiviouvapes.com\/sv\/wp-json\/wp\/v2\/types\/product"}],"replies":[{"embeddable":true,"href":"https:\/\/aiviouvapes.com\/sv\/wp-json\/wp\/v2\/comments?post=115739"}],"wp:featuredmedia":[{"embeddable":true,"href":"https:\/\/aiviouvapes.com\/sv\/wp-json\/wp\/v2\/media\/115780"}],"wp:attachment":[{"href":"https:\/\/aiviouvapes.com\/sv\/wp-json\/wp\/v2\/media?parent=115739"}],"wp:term":[{"taxonomy":"product_brand","embeddable":true,"href":"https:\/\/aiviouvapes.com\/sv\/wp-json\/wp\/v2\/product_brand?post=115739"},{"taxonomy":"product_cat","embeddable":true,"href":"https:\/\/aiviouvapes.com\/sv\/wp-json\/wp\/v2\/product_cat?post=115739"},{"taxonomy":"product_tag","embeddable":true,"href":"https:\/\/aiviouvapes.com\/sv\/wp-json\/wp\/v2\/product_tag?post=115739"}],"curies":[{"name":"wp","href":"https:\/\/api.w.org\/{rel}","templated":true}]}}