{"id":111052,"date":"2026-02-27T00:02:11","date_gmt":"2026-02-26T16:02:11","guid":{"rendered":"https:\/\/aiviouvapes.com\/?post_type=product&#038;p=111052"},"modified":"2026-03-17T11:19:06","modified_gmt":"2026-03-17T03:19:06","slug":"fihp-90k","status":"publish","type":"product","link":"https:\/\/aiviouvapes.com\/sv\/product\/fihp-90k\/","title":{"rendered":"FIHP 90K 3-i-1 | 90 000 puffar, 42 ml, trippel smak, LED-sk\u00e4rm, eng\u00e5ngsvape"},"content":{"rendered":"<p><!-- Short SEO Description --><\/p>\n<h2>FIHP 90000 3-i-1 90.000 puffar | trippel smak LED-sk\u00e4rm uppladdningsbar eng\u00e5ngs vape<\/h2>\n<p>\ud83d\udd25 <strong>Trippel smakkraft. Massiv 90K-prestanda. Smart LED-kontroll.<\/strong> \ud83d\udd25<\/p>\n<p><strong>FIHP 90000 90K puffar eng\u00e5ngs vape<\/strong> \u00e4r utvecklad f\u00f6r seri\u00f6sa vapers som kr\u00e4ver extrem livsl\u00e4ngd, dj\u00e4rv smakleverans och smart anv\u00e4ndbarhet. Med en innovativ <strong>3-i-1 trippel smak system<\/strong>, integrerar denna enhet tre premiumsmaker i en kraftfull enhet med en massiv <strong>42 ml kapacitet f\u00f6r e-v\u00e4tska<\/strong>.<\/p>\n<p>Den \u00e4r utformad f\u00f6r tunga anv\u00e4ndare och grossistmarknader och levererar upp till <strong>90.000 puffar<\/strong> samtidigt som den bibeh\u00e5ller j\u00e4mn och konsekvent \u00e5nga fr\u00e5n f\u00f6rsta till sista draget. Utrustad med en <strong>0,9\u03a9 dubbel mesh-spole<\/strong> och <strong>650mAh uppladdningsbart batteri<\/strong> med Type-C snabbladdning, garanterar denna avancerade eng\u00e5ngsapparat t\u00e4ta moln och \u00f6verl\u00e4gsen smakklarhet varje g\u00e5ng.<\/p>\n<h3>FIHP 90K \u00f6versikt och funktioner<\/h3>\n<p>- Upp till 90.000 puffar - extremt l\u00e5ng livsl\u00e4ngd<br \/>\n- 3-i-1 Triple Flavor System (42 ml total kapacitet)<br \/>\n- 0,9\u03a9 Dual Mesh Coil f\u00f6r \u00f6kad \u00e5ngdensitet<br \/>\n- 650mAh uppladdningsbart batteri<br \/>\n- St\u00f6d f\u00f6r snabbladdning av typ C<br \/>\n- Smart LED-sk\u00e4rm med batteriprocent i realtid<br \/>\n- Finns tillg\u00e4nglig i nikotinstyrkorna 2% &amp; 5%<br \/>\n- 10 f\u00f6rstklassiga smakkombinationer<br \/>\n- 10 st per l\u00e5da - grossistv\u00e4nlig f\u00f6rpackning<\/p>\n<h3>FIHP 90K specifikationer<\/h3>\n<table>\n<tbody>\n<tr>\n<th>Funktion<\/th>\n<th>Detaljer<\/th>\n<\/tr>\n<tr>\n<td>Antal puffar<\/td>\n<td>Upp till 90.000 puffar<\/td>\n<\/tr>\n<tr>\n<td>Kapacitet f\u00f6r e-v\u00e4tska<\/td>\n<td>42 ml (Triple Flavor System)<\/td>\n<\/tr>\n<tr>\n<td>Spole<\/td>\n<td>0,9\u03a9 Dual Mesh-spole<\/td>\n<\/tr>\n<tr>\n<td>Batteri<\/td>\n<td>650mAh uppladdningsbar<\/td>\n<\/tr>\n<tr>\n<td>Laddning<\/td>\n<td>Typ-C snabbladdning<\/td>\n<\/tr>\n<tr>\n<td>Display<\/td>\n<td>Smart LED (realtidsbatteri %)<\/td>\n<\/tr>\n<tr>\n<td>Nikotinstyrka<\/td>\n<td>2% \/ 5%<\/td>\n<\/tr>\n<tr>\n<td>F\u00f6rpackning<\/td>\n<td>10 st per l\u00e5da<\/td>\n<\/tr>\n<\/tbody>\n<\/table>\n<h3>FIHP 90K smakkombinationer (3-i-1-system)<\/h3>\n<table>\n<tbody>\n<tr>\n<th>Smakkombination<\/th>\n<th>Trippelblandning<\/th>\n<\/tr>\n<tr>\n<td>Kombination 1<\/td>\n<td>Fizzy Cherry | Lady Killer | Gummibj\u00f6rn<\/td>\n<\/tr>\n<tr>\n<td>Kombination 2<\/td>\n<td>Bl\u00e5b\u00e4r hallon | Love 666 | Persika is<\/td>\n<\/tr>\n<tr>\n<td>Kombination 3<\/td>\n<td>Hallon vattenmelon | Blandade b\u00e4r | Mango persika<\/td>\n<\/tr>\n<tr>\n<td>Kombination 4<\/td>\n<td>Blue Razz Lemonade | Strawberry Raspberry | Rainbow Candy<\/td>\n<\/tr>\n<tr>\n<td>Kombination 5<\/td>\n<td>Vattenmelon Bubblegum | Grape Ice | Black Dragon Ice<\/td>\n<\/tr>\n<tr>\n<td>Kombination 6<\/td>\n<td>Ananas kokosn\u00f6t | Blandad frukt | Citron persika<\/td>\n<\/tr>\n<tr>\n<td>Kombination 7<\/td>\n<td>Dubbel\u00e4pple | Jordgubbsbanan | Hallonvattenmelon<\/td>\n<\/tr>\n<tr>\n<td>Kombination 8<\/td>\n<td>Vattenmelon Ice | Red Bull | Strawberry Kiwi<\/td>\n<\/tr>\n<tr>\n<td>Kombination 9<\/td>\n<td>Bl\u00e5b\u00e4rsis | Jordgubb vattenmelon | Citron lime<\/td>\n<\/tr>\n<tr>\n<td>Kombination 10<\/td>\n<td>Persika b\u00e4r | Trippel melon | Vattenmelon is<\/td>\n<\/tr>\n<\/tbody>\n<\/table>\n<h3>FIHP 90K tillg\u00e4ngliga varianter<\/h3>\n<p>Fizzy Cherry &amp; Lady Killer &amp; Gummibj\u00f6rn<br \/>\nBl\u00e5b\u00e4r Hallon &amp; Love 666 &amp; Peach Ice<br \/>\nRaspberry Watermelon &amp; Mixed Berries &amp; Mango Peach<br \/>\nBlue Razz Lemonade &amp; Strawberry Raspberry &amp; Rainbow Candy<br \/>\nVattenmelon Bubblegum &amp; Grape Ice &amp; Black Dragon Ice<br \/>\nAnanas Kokosn\u00f6t &amp; Blandad frukt &amp; Citron Persika<br \/>\nDouble Apple &amp; Strawberry Banana &amp; Raspberry Watermelon<br \/>\nVattenmelon Ice &amp; Red Bull &amp; Strawberry Kiwi<br \/>\nBl\u00e5b\u00e4rsglass &amp; Jordgubb Vattenmelon &amp; Citron Lime<br \/>\nPeach Berry &amp; Triple Melon &amp; Watermelon Ice<\/p>\n<h3>Varf\u00f6r v\u00e4lja FIHP 90000 3-in-1 90K?<\/h3>\n<ul>\n<li>\ud83d\ude80 Extrem kapacitet p\u00e5 90.000 puffar minskar utbytesfrekvensen<\/li>\n<li>\ud83c\udf53 Trippel smakv\u00e4xling f\u00f6r \u00f6kad variation<\/li>\n<li>\ud83d\udca8 Dual mesh-spole f\u00f6r massiva moln och rik smak<\/li>\n<li>\ud83d\udd0b Uppladdningsbar med LED-batteri\u00f6vervakning<\/li>\n<li>\u26a1 Snabb laddning med typ C<\/li>\n<li>\ud83d\udce6 Partihandelsf\u00e4rdig f\u00f6rpackning 10 st\/l\u00e5da<\/li>\n<li>\ud83c\udfea Perfekt f\u00f6r vape-butiker, distribut\u00f6rer och bulkk\u00f6pare<\/li>\n<\/ul>\n<p><strong>FIHP 90000 3-i-1 eng\u00e5ngsvape<\/strong> \u00e4r byggd f\u00f6r tunga anv\u00e4ndare, smakj\u00e4gare och grossistdistribut\u00f6rer som s\u00f6ker h\u00f6gkapacitetsenheter med premiumprestanda. Med trippel smakinnovation, massivt puffuttag och smart LED-kontroll \u00e4r det ett kraftfullt tillskott till alla vape-butiker eller storskaliga distributionsportf\u00f6ljer.<\/p>\n<h3>FIHP 90K VANLIGA FR\u00c5GOR<\/h3>\n<p><strong>Q1: Hur l\u00e4nge h\u00e5ller FIHP 90000?<\/strong><br \/>\nA: Den ger upp till 90.000 puffar beroende p\u00e5 anv\u00e4ndningsvanor, vilket avsev\u00e4rt minskar bytesfrekvensen.<\/p>\n<p><strong>F2: \u00c4r enheten uppladdningsbar?<\/strong><br \/>\nA: Ja, den har ett uppladdningsbart batteri p\u00e5 650 mAh med snabbladdning av typ C.<\/p>\n<p><strong>F3: Kan anv\u00e4ndare byta mellan olika smaker?<\/strong><br \/>\nS: Ja, 3-i-1-systemet integrerar tre smaker i en enhet f\u00f6r en dynamisk vapingupplevelse.<\/p>\n<p><strong>Q4: Vilka nikotinstyrkor finns tillg\u00e4ngliga?<\/strong><br \/>\nS: Den finns tillg\u00e4nglig med 2% och 5% nikotinalternativ.<\/p>\n<p><strong>Q5: \u00c4r detta l\u00e4mpligt f\u00f6r grossistf\u00f6rs\u00e4ljning?<\/strong><br \/>\nA: Absolut. Den levereras i 10 st per l\u00e5da, vilket g\u00f6r den idealisk f\u00f6r vape-butiker och bulkdistribution.<\/p>","protected":false},"excerpt":{"rendered":"<p><strong>FIHP 90000 3-i-1 eng\u00e5ngsvape<\/strong> ger upp till 90 000 puffar med trippel smak, 42 ml e-v\u00e4tska, LED-sk\u00e4rm och uppladdningsbar str\u00f6m, dubbel mesh-spole, massiva moln, grossistklar f\u00f6rpackning.<\/p>","protected":false},"featured_media":111131,"comment_status":"open","ping_status":"closed","template":"","meta":[],"product_brand":[236],"product_cat":[18],"product_tag":[513,516,512,349,330,511,515,331,514,497],"class_list":{"0":"post-111052","1":"product","2":"type-product","3":"status-publish","4":"has-post-thumbnail","6":"product_brand-fihp","7":"product_cat-fihp","8":"product_tag-3-in-1-vape","9":"product_tag-90000-puffs-vape","10":"product_tag-90k-disposable-vape","11":"product_tag-bulk-disposable-vape","12":"product_tag-dual-mesh-coil-vape","13":"product_tag-fihp-90000","14":"product_tag-led-screen-disposable-vape","15":"product_tag-rechargeable-disposable-vape","16":"product_tag-triple-flavor-vape","17":"product_tag-wholesale-vape-supplier","19":"first","20":"instock","21":"shipping-taxable","22":"purchasable","23":"product-type-variable","24":"has-default-attributes"},"jetpack_sharing_enabled":true,"tiered_pricing_type":"fixed","tiered_pricing_fixed_rules":{"30":9.589999999999999857891452847979962825775146484375,"50":7.910000000000000142108547152020037174224853515625,"100":7.38999999999999968025576890795491635799407958984375,"200":6.7400000000000002131628207280300557613372802734375,"400":6.21999999999999975131004248396493494510650634765625},"tiered_pricing_product_settings":{"layout":"default","base_unit_name":{"singular":null,"plural":null},"default_variation":null},"tiered_pricing_minimum_quantity":10,"tiered_pricing_roles_data":[],"tiered_pricing_percentage_rules":[],"tiered_pricing_maximum_quantity":null,"tiered_pricing_quantity_step":"10","_links":{"self":[{"href":"https:\/\/aiviouvapes.com\/sv\/wp-json\/wp\/v2\/product\/111052","targetHints":{"allow":["GET"]}}],"collection":[{"href":"https:\/\/aiviouvapes.com\/sv\/wp-json\/wp\/v2\/product"}],"about":[{"href":"https:\/\/aiviouvapes.com\/sv\/wp-json\/wp\/v2\/types\/product"}],"replies":[{"embeddable":true,"href":"https:\/\/aiviouvapes.com\/sv\/wp-json\/wp\/v2\/comments?post=111052"}],"wp:featuredmedia":[{"embeddable":true,"href":"https:\/\/aiviouvapes.com\/sv\/wp-json\/wp\/v2\/media\/111131"}],"wp:attachment":[{"href":"https:\/\/aiviouvapes.com\/sv\/wp-json\/wp\/v2\/media?parent=111052"}],"wp:term":[{"taxonomy":"product_brand","embeddable":true,"href":"https:\/\/aiviouvapes.com\/sv\/wp-json\/wp\/v2\/product_brand?post=111052"},{"taxonomy":"product_cat","embeddable":true,"href":"https:\/\/aiviouvapes.com\/sv\/wp-json\/wp\/v2\/product_cat?post=111052"},{"taxonomy":"product_tag","embeddable":true,"href":"https:\/\/aiviouvapes.com\/sv\/wp-json\/wp\/v2\/product_tag?post=111052"}],"curies":[{"name":"wp","href":"https:\/\/api.w.org\/{rel}","templated":true}]}}