{"id":110979,"date":"2026-02-26T23:47:30","date_gmt":"2026-02-26T15:47:30","guid":{"rendered":"https:\/\/aiviouvapes.com\/?post_type=product&#038;p=110979"},"modified":"2026-04-07T09:59:54","modified_gmt":"2026-04-07T01:59:54","slug":"bang-box-50k","status":"publish","type":"product","link":"https:\/\/aiviouvapes.com\/sv\/product\/bang-box-50k\/","title":{"rendered":"Bang Box 50K | 50ml 50000 puffar, dubbel smak, LCD-sk\u00e4rm, 850mAh uppladdningsbar, bulk grossist eng\u00e5ngs vape"},"content":{"rendered":"<h3>\ud83d\udd25Bang Box 50K 50000 puffar | dual flavor bulk eng\u00e5ngs vape med LCD-sk\u00e4rm<\/h3>\n<p><strong>Bang Box 50K eng\u00e5ngs vape<\/strong> \u00e4r utvecklad f\u00f6r seri\u00f6sa vapers och stork\u00f6pare som kr\u00e4ver kraft, l\u00e5ng livsl\u00e4ngd och smakinnovation. Levererar upp till <strong>50.000 puffar<\/strong>, kombinerar denna h\u00f6gkapacitetsenhet med dubbla smaker prestanda och bekv\u00e4mlighet i en elegant enhet.<\/p>\n<p>Utrustad med en <strong>1,0\u03a9 n\u00e4tspole<\/strong>, <strong>50 ml premium e-juice<\/strong>och en <strong>laddningsbart 850mAh batteri<\/strong>, med en inbyggd \u00e5nggenerator garanterar Bang Box 50K j\u00e4mn \u00e5ngproduktion och j\u00e4mn smak fr\u00e5n f\u00f6rsta till sista blosset. Den inbyggda <strong>digital LCD-display<\/strong> visar tydligt batteri- och e-v\u00e4tskeniv\u00e5erna, vilket ger anv\u00e4ndaren full kontroll.<\/p>\n<p>Med <strong>justerbart luftfl\u00f6de<\/strong> och flera nikotinstyrkor (0%, 2%, 3%, 5%) tillfredsst\u00e4ller den b\u00e5de cloud chasers och nikotinanv\u00e4ndare. Perfekt f\u00f6r detaljhandelshyllor, vape-butiker och grossistdistributionskanaler.<\/p>\n<h3>\u2699 Bang Box 50K Specifikationer<\/h3>\n<table>\n<tbody>\n<tr>\n<th>Funktion<\/th>\n<th>Detaljer<\/th>\n<\/tr>\n<tr>\n<td>Antal puffar<\/td>\n<td>Upp till 50.000 puffar<\/td>\n<\/tr>\n<tr>\n<td>Kapacitet f\u00f6r e-v\u00e4tska<\/td>\n<td>50 ml<\/td>\n<\/tr>\n<tr>\n<td>Batteri<\/td>\n<td>850mAh uppladdningsbar<\/td>\n<\/tr>\n<tr>\n<td>Spole<\/td>\n<td>1,0\u03a9 Mesh Coil<\/td>\n<\/tr>\n<tr>\n<td>Nikotinstyrka<\/td>\n<td>0% \/ 2% \/ 3% \/ 5%<\/td>\n<\/tr>\n<tr>\n<td>Display<\/td>\n<td>LCD-sk\u00e4rm (batteri + v\u00e4tskeindikator)<\/td>\n<\/tr>\n<tr>\n<td>Luftfl\u00f6de<\/td>\n<td>Justerbar<\/td>\n<\/tr>\n<tr>\n<td>Smakalternativ<\/td>\n<td>12 dubbla smakkombinationer<\/td>\n<\/tr>\n<\/tbody>\n<\/table>\n<h3>\ud83c\udf53 Bang Box 50K smakkombinationer (dubbel smak)<\/h3>\n<table>\n<tbody>\n<tr>\n<th>Smak A<\/th>\n<th>Smak B<\/th>\n<\/tr>\n<tr>\n<td>Jordgubb Kiwi<\/td>\n<td>Dubbel druva<\/td>\n<\/tr>\n<tr>\n<td>Persikosaft<\/td>\n<td>Blue Razz Lemonad<\/td>\n<\/tr>\n<tr>\n<td>Ananas Mango Persika<\/td>\n<td>Jordgubbe K\u00f6rsb\u00e4r<\/td>\n<\/tr>\n<tr>\n<td>Bl\u00e5b\u00e4r Sour Raspberry Ice<\/td>\n<td>Blandad frukt<\/td>\n<\/tr>\n<tr>\n<td>Bl\u00e5b\u00e4rsis<\/td>\n<td>Lemon Cola Soda<\/td>\n<\/tr>\n<tr>\n<td>Godis jordgubb hallon<\/td>\n<td>Love 666<\/td>\n<\/tr>\n<tr>\n<td>Jordgubbsis<\/td>\n<td>Passionsfrukt<\/td>\n<\/tr>\n<tr>\n<td>Vattenmelon Bubblegum<\/td>\n<td>Jordgubbar Vattenmelon<\/td>\n<\/tr>\n<tr>\n<td>Svart drake is<\/td>\n<td>Mango Persika Vattenmelon<\/td>\n<\/tr>\n<tr>\n<td>\u00c4pple p\u00e4ron<\/td>\n<td>Kiwi Passionsfrukt Guava<\/td>\n<\/tr>\n<tr>\n<td>Blue Razz Is<\/td>\n<td>Citron Lime<\/td>\n<\/tr>\n<tr>\n<td>Red Bull<\/td>\n<td>Vattenmelon-is<\/td>\n<\/tr>\n<\/tbody>\n<\/table>\n<h3>\ud83c\udf08 Bang Box 50K tillg\u00e4ngliga smaker<\/h3>\n<p>Strawberry Kiwi &amp; Double Grape | Peach Juice &amp; Blue Razz Lemonade | Pineapple Mango Peach &amp; Strawberry Cherry | Blueberry Sour Raspberry Ice &amp; Mixed Fruit | Blueberry Ice &amp; Lemon Cola Soda | Strawberry Raspberry Candy &amp; Love 666 | Jordgubbsis &amp; Passionsfrukt | Vattenmelon Bubblegum &amp; Jordgubbsvattenmelon | Black Dragon Ice &amp; Mango Persika Vattenmelon | \u00c4ppelp\u00e4ron &amp; Kiwi Passionsfrukt Guava | Blue Razz Ice &amp; Citron Lime | Red Bull &amp; Vattenmelon Ice<\/p>\n<h3>\ud83d\ude80 Varf\u00f6r v\u00e4lja Bang Box 50K?<\/h3>\n<ul>\n<li>\u2714 Massiv kapacitet p\u00e5 50 000 puffar f\u00f6r l\u00e5ngvarig anv\u00e4ndning<\/li>\n<li>\u2714 Dubbel smakv\u00e4xling f\u00f6r en dynamisk vapingupplevelse<\/li>\n<li>\u2714 LCD-sk\u00e4rm f\u00f6r smart batteri- och v\u00e4tske\u00f6vervakning<\/li>\n<li>\u2714 Justerbart luftfl\u00f6de f\u00f6r anpassningsbart drag<\/li>\n<li>\u2714 N\u00e4tspole f\u00f6r j\u00e4mnare och rikare \u00e5nga<\/li>\n<li>\u2714 Flera nikotinstyrkor f\u00f6r olika marknader<\/li>\n<li>\u2714 Idealisk f\u00f6r grossister, distribut\u00f6rer och vape-butiker<\/li>\n<\/ul>\n<p>Oavsett om du \u00e4r en <strong>tung anv\u00e4ndare som vill ha ut\u00f6kad prestanda<\/strong>, en <strong>smakj\u00e4gare som vill ha variation<\/strong>eller en <strong>vape-butik som k\u00f6per b\u00e4sts\u00e4ljare med h\u00f6ga marginaler<\/strong>, Bang Box 50K levererar premiumkvalitet, stark hyllattraktion och tillf\u00f6rlitligt grossistv\u00e4rde. Den \u00e4r byggd f\u00f6r f\u00f6rs\u00e4ljning av stora volymer och \u00e5terkommande kunder.<\/p>\n<h3>\u2753 Bang Box 50K FAQ<\/h3>\n<p><strong>F1: \u00c4r Bang Box 50K uppladdningsbar?<\/strong><br \/>\nJa, den har ett uppladdningsbart batteri p\u00e5 850 mAh f\u00f6r att s\u00e4kerst\u00e4lla full anv\u00e4ndning av 50 ml e-juice.<\/p>\n<p><strong>Fr\u00e5ga 2: Hur vet anv\u00e4ndarna n\u00e4r de ska ladda?<\/strong><br \/>\nDen digitala LCD-sk\u00e4rmen visar tydligt batteriprocent och e-v\u00e4tskeniv\u00e5.<\/p>\n<p><strong>F3: Kan kunderna byta mellan olika smaker?<\/strong><br \/>\nJa, det h\u00e4r \u00e4r en eng\u00e5ngsvape med dubbla smaker, s\u00e5 att anv\u00e4ndarna kan njuta av tv\u00e5 smaker i en enhet.<\/p>\n<p><strong>Q4: Vilka nikotinstyrkor finns tillg\u00e4ngliga?<\/strong><br \/>\nNikotinalternativen 0%, 2%, 3% och 5% finns tillg\u00e4ngliga f\u00f6r olika marknadskrav.<\/p>\n<p><strong>Q5: \u00c4r den h\u00e4r produkten l\u00e4mplig f\u00f6r grossistorder?<\/strong><br \/>\nAbsolut. Det h\u00f6ga antalet puffar, den dubbla smakfunktionen och den starka detaljhandelsattraktionen g\u00f6r den idealisk f\u00f6r ink\u00f6p och distribution i bulk.<\/p>","protected":false},"excerpt":{"rendered":"<p>Bang Box 50000 puffs dual flavor eng\u00e5ngsvape med 50 ml e-juice, LCD-sk\u00e4rm, 850mAh uppladdningsbart batteri, justerbart luftfl\u00f6de, grossistklar.<\/p>","protected":false},"featured_media":110981,"comment_status":"open","ping_status":"closed","template":"","meta":[],"product_brand":[239],"product_cat":[37],"product_tag":[508,510,394,509],"class_list":{"0":"post-110979","1":"product","2":"type-product","3":"status-publish","4":"has-post-thumbnail","6":"product_brand-bang","7":"product_cat-bang","8":"product_tag-50ml-rechargeable-vape-850mah","9":"product_tag-bulk-wholesale-disposable-vape","10":"product_tag-dual-flavor-disposable-vape","11":"product_tag-lcd-screen-disposable-vape","13":"first","14":"instock","15":"shipping-taxable","16":"purchasable","17":"product-type-variable","18":"has-default-attributes"},"jetpack_sharing_enabled":true,"tiered_pricing_type":"fixed","tiered_pricing_fixed_rules":{"30":8.8100000000000004973799150320701301097869873046875,"50":7.2599999999999997868371792719699442386627197265625,"100":6.7400000000000002131628207280300557613372802734375,"200":6.089999999999999857891452847979962825775146484375,"400":5.57000000000000028421709430404007434844970703125},"tiered_pricing_product_settings":{"layout":"default","base_unit_name":{"singular":null,"plural":null},"default_variation":null},"tiered_pricing_minimum_quantity":10,"tiered_pricing_roles_data":[],"tiered_pricing_percentage_rules":[],"tiered_pricing_maximum_quantity":null,"tiered_pricing_quantity_step":"10","_links":{"self":[{"href":"https:\/\/aiviouvapes.com\/sv\/wp-json\/wp\/v2\/product\/110979","targetHints":{"allow":["GET"]}}],"collection":[{"href":"https:\/\/aiviouvapes.com\/sv\/wp-json\/wp\/v2\/product"}],"about":[{"href":"https:\/\/aiviouvapes.com\/sv\/wp-json\/wp\/v2\/types\/product"}],"replies":[{"embeddable":true,"href":"https:\/\/aiviouvapes.com\/sv\/wp-json\/wp\/v2\/comments?post=110979"}],"wp:featuredmedia":[{"embeddable":true,"href":"https:\/\/aiviouvapes.com\/sv\/wp-json\/wp\/v2\/media\/110981"}],"wp:attachment":[{"href":"https:\/\/aiviouvapes.com\/sv\/wp-json\/wp\/v2\/media?parent=110979"}],"wp:term":[{"taxonomy":"product_brand","embeddable":true,"href":"https:\/\/aiviouvapes.com\/sv\/wp-json\/wp\/v2\/product_brand?post=110979"},{"taxonomy":"product_cat","embeddable":true,"href":"https:\/\/aiviouvapes.com\/sv\/wp-json\/wp\/v2\/product_cat?post=110979"},{"taxonomy":"product_tag","embeddable":true,"href":"https:\/\/aiviouvapes.com\/sv\/wp-json\/wp\/v2\/product_tag?post=110979"}],"curies":[{"name":"wp","href":"https:\/\/api.w.org\/{rel}","templated":true}]}}