{"id":110883,"date":"2026-02-26T23:42:34","date_gmt":"2026-02-26T15:42:34","guid":{"rendered":"https:\/\/aiviouvapes.com\/?post_type=product&#038;p=110883"},"modified":"2026-03-17T11:12:02","modified_gmt":"2026-03-17T03:12:02","slug":"bang-box-160k","status":"publish","type":"product","link":"https:\/\/aiviouvapes.com\/sv\/product\/bang-box-160k\/","title":{"rendered":"Bang Box 160K | 4-i-1 160000 puffar, quad flavor, 1.0\u03a9 mesh spole, LCD display, 0%-5% nikotin, uppladdningsbar bulk eng\u00e5ngsvape"},"content":{"rendered":"<h3>\ud83d\udd25 Bang Box 160K 4-i-1 eng\u00e5ngsvape \u00d6versikt<\/h3>\n<p>M\u00f6t <strong>Bang Box 160K 4-i-1 eng\u00e5ngsvape<\/strong> - en kraftfull enhet konstruerad f\u00f6r extrem livsl\u00e4ngd, dj\u00e4rv smakprestanda och kommersiell attraktionskraft. Designad med <strong>fyra smaker i en enhet<\/strong>, levererar denna eng\u00e5ngsapparat med h\u00f6g kapacitet upp till <strong>160.000 puffar<\/strong> med j\u00e4mn utmatning och konsekvent \u00e5ngproduktion.<\/p>\n<p>Utrustad med en <strong>1,0\u03a9 n\u00e4tspole<\/strong>, <strong>LCD-display<\/strong>, och <strong>650mAh uppladdningsbart Type-C-batteri<\/strong>, Bang Box 160K kombinerar banbrytande teknik med m\u00e5ngsidiga smaker. Perfekt f\u00f6r tunga anv\u00e4ndare, vape-butiker, distribut\u00f6rer och bulkk\u00f6pare som letar efter en premiumprodukt med h\u00f6g marginal. \ud83d\udca8\u26a1<\/p>\n<h3>\u2699\ufe0f Bang Box 160K 4-in-1 Specifikationer<\/h3>\n<table>\n<tbody>\n<tr>\n<td><strong>Enhetens namn<\/strong><\/td>\n<td>Bang Box 160K 4-i-1 eng\u00e5ngsvape<\/td>\n<\/tr>\n<tr>\n<td><strong>Antal puffar<\/strong><\/td>\n<td>Upp till 160.000 puffar<\/td>\n<\/tr>\n<tr>\n<td><strong>Smaksystem<\/strong><\/td>\n<td>4 smaker i 1 enhet<\/td>\n<\/tr>\n<tr>\n<td><strong>Nikotinstyrka<\/strong><\/td>\n<td>0% \/ 2% \/ 3% \/ 5%<\/td>\n<\/tr>\n<tr>\n<td><strong>Batteriets kapacitet<\/strong><\/td>\n<td>650mAh uppladdningsbar<\/td>\n<\/tr>\n<tr>\n<td><strong>Port f\u00f6r laddning<\/strong><\/td>\n<td>Typ C<\/td>\n<\/tr>\n<tr>\n<td><strong>Typ av spole<\/strong><\/td>\n<td>1,0\u03a9 Mesh Coil<\/td>\n<\/tr>\n<tr>\n<td><strong>Display<\/strong><\/td>\n<td>LCD-sk\u00e4rm<\/td>\n<\/tr>\n<tr>\n<td><strong>Smakalternativ<\/strong><\/td>\n<td>10 utg\u00e5vor med fyra smaker<\/td>\n<\/tr>\n<\/tbody>\n<\/table>\n<h3>\ud83c\udf53 Bang Box 160K 4-i-1 Smakkombinationer (4-i-1-utg\u00e5vor)<\/h3>\n<table>\n<tbody>\n<tr>\n<td><strong>Utg\u00e5va<\/strong><\/td>\n<td><strong>Smak 1<\/strong><\/td>\n<td><strong>Smak 2<\/strong><\/td>\n<td><strong>Smak 3<\/strong><\/td>\n<td><strong>Smak 4<\/strong><\/td>\n<\/tr>\n<tr>\n<td>01<\/td>\n<td>K\u00f6rsb\u00e4r Tranb\u00e4r<\/td>\n<td>Trippelb\u00e4r<\/td>\n<td>Jordgubb Pitaya<\/td>\n<td>Vattenmelon Bubblegum<\/td>\n<\/tr>\n<tr>\n<td>02<\/td>\n<td>Druvis<\/td>\n<td>Lychee-is<\/td>\n<td>Persika B\u00e4r<\/td>\n<td>Kiwi Passionsfrukt Guava<\/td>\n<\/tr>\n<tr>\n<td>03<\/td>\n<td>Citron Lime<\/td>\n<td>Jordgubbsis<\/td>\n<td>Hallon Vattenmelon<\/td>\n<td>Mango Persika<\/td>\n<\/tr>\n<tr>\n<td>04<\/td>\n<td>Citron Lime<\/td>\n<td>Vattenmelon-is<\/td>\n<td>Black Ice Drakfrukt Jordgubb<\/td>\n<td>Love66<\/td>\n<\/tr>\n<tr>\n<td>05<\/td>\n<td>Jordgubbar Vattenmelon<\/td>\n<td>Rosa lemonad<\/td>\n<td>Triple Honeydew<\/td>\n<td>Svart drake is<\/td>\n<\/tr>\n<tr>\n<td>06<\/td>\n<td>Sur Mango Ananas<\/td>\n<td>Lemon Cola Soda<\/td>\n<td>Persika B\u00e4r<\/td>\n<td>Jordgubbar Bananer<\/td>\n<\/tr>\n<tr>\n<td>07<\/td>\n<td>Jordgubbe Mango<\/td>\n<td>Jordgubb Vanilj Cola<\/td>\n<td>Blue Razz Is<\/td>\n<td>Jordgubb Kiwi<\/td>\n<\/tr>\n<tr>\n<td>08<\/td>\n<td>Jordgubbar Vattenmelon<\/td>\n<td>Red Bull<\/td>\n<td>Juicy Peach Ice<\/td>\n<td>Uppfriskande grapefrukt<\/td>\n<\/tr>\n<tr>\n<td>09<\/td>\n<td>Vanilj Cola<\/td>\n<td>Citron Persika<\/td>\n<td>Jordgubbar Hallon K\u00f6rsb\u00e4r Is<\/td>\n<td>Druvis<\/td>\n<\/tr>\n<tr>\n<td>10<\/td>\n<td>Vattenmelon-is<\/td>\n<td>Jordgubbe Mango<\/td>\n<td>Bl\u00e5b\u00e4rsis<\/td>\n<td>Fizzy Cherry<\/td>\n<\/tr>\n<\/tbody>\n<\/table>\n<h3>\ud83d\udc8e Varf\u00f6r v\u00e4lja Bang Box 160K?<\/h3>\n<ul>\n<li>\ud83d\udd25 Massiv <strong>160.000 puffar<\/strong> kapacitet f\u00f6r l\u00e5ngvarig anv\u00e4ndning<\/li>\n<li>\ud83c\udfaf 4-i-1 multismakv\u00e4xling f\u00f6r maximal variation<\/li>\n<li>\u26a1 Uppladdningsbart 650 mAh-batteri med snabbladdning av typ C<\/li>\n<li>\ud83d\udcca Smart LCD-display f\u00f6r \u00f6vervakning av batteri och anv\u00e4ndning<\/li>\n<li>\ud83d\udca8 1,0\u03a9 mesh-spole f\u00f6r j\u00e4mn, t\u00e4t \u00e5ngproduktion<\/li>\n<li>\ud83d\udce6 Idealisk f\u00f6r grossistdistribution och detaljhandel med h\u00f6ga marginaler<\/li>\n<li>\ud83c\udf0d Flera nikotinalternativ f\u00f6r att m\u00f6ta efterfr\u00e5gan p\u00e5 marknaden<\/li>\n<\/ul>\n<h3>\ud83d\ude80 Perfekt f\u00f6r k\u00f6pare inom detaljhandel och partihandel<\/h3>\n<p>Bang Box 160K \u00e4r byggd f\u00f6r <strong>tunga anv\u00e4ndare<\/strong> som kr\u00e4ver uth\u00e5llighet, <strong>smakj\u00e4gare<\/strong> som vill ha variation, och <strong>vape-butiker &amp; distribut\u00f6rer<\/strong> s\u00f6ker en premiumenhet med h\u00f6g kapacitet som sticker ut p\u00e5 hyllorna. Dess quad-flavor-system, l\u00e5nga livsl\u00e4ngd och moderna LCD-display g\u00f6r den till ett kraftfullt tillskott till alla bulklager.<\/p>\n<p>Om du riktar dig till eng\u00e5ngskunder med h\u00f6ga volymer eller ut\u00f6kar din grossistkatalog med en enhet p\u00e5 n\u00e4sta niv\u00e5, \u00e4r Bang Box 160K 4-i-1 konstruerad f\u00f6r att driva upprepad f\u00f6rs\u00e4ljning och starka vinstmarginaler. \ud83d\udcbc\ud83d\udca8<\/p>\n<h3>\u2753 VANLIGA FR\u00c5GOR<\/h3>\n<p><strong>Q1: Hur l\u00e4nge h\u00e5ller Bang Box 160K?<\/strong><br \/>\nDen ger upp till 160.000 bloss beroende p\u00e5 anv\u00e4ndningsvanor och val av nikotinstyrka.<\/p>\n<p><strong>F2: \u00c4r enheten uppladdningsbar?<\/strong><br \/>\nJa, den har ett uppladdningsbart batteri p\u00e5 650 mAh med st\u00f6d f\u00f6r typ C-laddning.<\/p>\n<p><strong>F3: Kan anv\u00e4ndare byta mellan olika smaker?<\/strong><br \/>\nJa, det st\u00e4mmer. Varje enhet inneh\u00e5ller fyra integrerade smaker i en och samma enhet.<\/p>\n<p><strong>Q4: Vilka nikotinstyrkor finns tillg\u00e4ngliga?<\/strong><br \/>\nFinns i nikotinalternativen 0%, 2%, 3% och 5%.<\/p>\n<p><strong>Q5: \u00c4r detta l\u00e4mpligt f\u00f6r grossistorder?<\/strong><br \/>\nAbsolut. Bang Box 160K \u00e4r utformad f\u00f6r bulkk\u00f6pare, distribut\u00f6rer och vape-\u00e5terf\u00f6rs\u00e4ljare som letar efter eng\u00e5ngsenheter med h\u00f6g kapacitet och h\u00f6g efterfr\u00e5gan.<\/p>","protected":false},"excerpt":{"rendered":"<p>Bang Box 160K 4-i-1 eng\u00e5ngsvape levererar 160000 puffar, quad-smaker, mesh-spolekraft och uppladdningsbar bekv\u00e4mlighet f\u00f6r detaljhandel och grossistk\u00f6pare.<\/p>","protected":false},"featured_media":110978,"comment_status":"open","ping_status":"closed","template":"","meta":[],"product_brand":[239],"product_cat":[37,126,127],"product_tag":[506,351,507,468],"class_list":{"0":"post-110883","1":"product","2":"type-product","3":"status-publish","4":"has-post-thumbnail","6":"product_brand-bang","7":"product_cat-bang","8":"product_cat-15000-puffs-disposable-vape","9":"product_cat-16000-puffs-disposable-vape","10":"product_tag-160000-puffs-disposable-vape","11":"product_tag-4-in-1-flavor-vape","12":"product_tag-high-capacity-mesh-coil-vape","13":"product_tag-rechargeable-bulk-disposable-vape","15":"first","16":"instock","17":"shipping-taxable","18":"purchasable","19":"product-type-variable","20":"has-default-attributes"},"jetpack_sharing_enabled":true,"tiered_pricing_type":"fixed","tiered_pricing_fixed_rules":{"30":9.4000000000000003552713678800500929355621337890625,"50":7.839999999999999857891452847979962825775146484375,"100":7.32000000000000028421709430404007434844970703125,"200":6.79999999999999982236431605997495353221893310546875,"400":6.160000000000000142108547152020037174224853515625},"tiered_pricing_product_settings":{"layout":"default","base_unit_name":{"singular":null,"plural":null},"default_variation":null},"tiered_pricing_minimum_quantity":10,"tiered_pricing_roles_data":[],"tiered_pricing_percentage_rules":[],"tiered_pricing_maximum_quantity":null,"tiered_pricing_quantity_step":"10","_links":{"self":[{"href":"https:\/\/aiviouvapes.com\/sv\/wp-json\/wp\/v2\/product\/110883","targetHints":{"allow":["GET"]}}],"collection":[{"href":"https:\/\/aiviouvapes.com\/sv\/wp-json\/wp\/v2\/product"}],"about":[{"href":"https:\/\/aiviouvapes.com\/sv\/wp-json\/wp\/v2\/types\/product"}],"replies":[{"embeddable":true,"href":"https:\/\/aiviouvapes.com\/sv\/wp-json\/wp\/v2\/comments?post=110883"}],"wp:featuredmedia":[{"embeddable":true,"href":"https:\/\/aiviouvapes.com\/sv\/wp-json\/wp\/v2\/media\/110978"}],"wp:attachment":[{"href":"https:\/\/aiviouvapes.com\/sv\/wp-json\/wp\/v2\/media?parent=110883"}],"wp:term":[{"taxonomy":"product_brand","embeddable":true,"href":"https:\/\/aiviouvapes.com\/sv\/wp-json\/wp\/v2\/product_brand?post=110883"},{"taxonomy":"product_cat","embeddable":true,"href":"https:\/\/aiviouvapes.com\/sv\/wp-json\/wp\/v2\/product_cat?post=110883"},{"taxonomy":"product_tag","embeddable":true,"href":"https:\/\/aiviouvapes.com\/sv\/wp-json\/wp\/v2\/product_tag?post=110883"}],"curies":[{"name":"wp","href":"https:\/\/api.w.org\/{rel}","templated":true}]}}