{"id":9135,"date":"2024-08-21T10:54:29","date_gmt":"2024-08-21T10:54:29","guid":{"rendered":"https:\/\/aiviouvapes.com\/?page_id=9135"},"modified":"2024-12-02T02:32:31","modified_gmt":"2024-12-01T18:32:31","slug":"buy-vapes-in-belgium-with-bancontact","status":"publish","type":"page","link":"https:\/\/aiviouvapes.com\/sv\/buy-vapes-in-belgium-with-bancontact\/","title":{"rendered":"K\u00f6p Vapes i Belgien med Bancontact"},"content":{"rendered":"<p>Bancontact \u00e4r ett popul\u00e4rt elektroniskt betalningssystem i Belgien som erbjuder en s\u00e4ker, effektiv och anv\u00e4ndarv\u00e4nlig metod f\u00f6r att genomf\u00f6ra transaktioner b\u00e5de online och offline. Som ett nationellt erk\u00e4nt betalningsalternativ m\u00f6jligg\u00f6r Bancontact s\u00f6ml\u00f6sa och tillf\u00f6rlitliga transaktioner f\u00f6r b\u00e5de belgiska konsumenter och f\u00f6retag. Systemet st\u00f6der ett brett utbud av betalningsscenarier, fr\u00e5n kontaktl\u00f6sa och mobila betalningar till onlinek\u00f6p, vilket g\u00f6r det till ett m\u00e5ngsidigt och bekv\u00e4mt val f\u00f6r daglig anv\u00e4ndning.<\/p>\n<h3>Varf\u00f6r v\u00e4lja Bancontact?<\/h3>\n<p><strong>1. Enkla och flexibla betalningar f\u00f6r alla belopp<\/strong><br \/>\nBancontact \u00e4r utformat f\u00f6r att passa transaktioner av alla storlekar, oavsett om du g\u00f6r ett litet k\u00f6p eller en st\u00f6rre betalning. Med Bancontact kan anv\u00e4ndarna tryggt anv\u00e4nda sitt kort f\u00f6r alla belopp, vilket g\u00f6r det till ett bekv\u00e4mt alternativ f\u00f6r alla typer av utgifter, fr\u00e5n matvaror till stora varor.<\/p>\n<p><strong>2. Snabba kontaktl\u00f6sa betalningar<\/strong><br \/>\nF\u00f6r dem som v\u00e4rdes\u00e4tter snabbhet och bekv\u00e4mlighet erbjuder Bancontact kontaktl\u00f6sa betalningsm\u00f6jligheter. H\u00e5ll bara ditt Bancontact-kort n\u00e4ra en kontaktl\u00f6s terminal, s\u00e5 genomf\u00f6rs betalningen direkt. Den h\u00e4r funktionen \u00e4r perfekt f\u00f6r snabba ink\u00f6p och g\u00f6r kassak\u00f6erna snabbare och effektivare.<\/p>\n<p><strong>3. S\u00e4ker shopping p\u00e5 n\u00e4tet<\/strong><br \/>\nBancontact \u00e4r allm\u00e4nt accepterat av online-\u00e5terf\u00f6rs\u00e4ljare, vilket g\u00f6r att belgiska konsumenter enkelt kan handla fr\u00e5n olika webbutiker. Den s\u00f6ml\u00f6sa integrationen av Bancontact i e-handelsplattformar erbjuder en s\u00e4ker och effektiv betalningsmetod f\u00f6r online-shopping, vilket g\u00f6r att konsumenterna kan handla tryggt hemifr\u00e5n.<\/p>\n<p><strong>4. Mobila betalningar g\u00f6rs enkelt<\/strong><br \/>\nGenom Payconiq by Bancontact-appen kan anv\u00e4ndarna g\u00f6ra mobila betalningar i butiker, online och till och med p\u00e5 restauranger. Denna app ut\u00f6kar ytterligare Bancontacts anv\u00e4ndbarhet och g\u00f6r det m\u00f6jligt f\u00f6r konsumenter att g\u00f6ra betalningar p\u00e5 spr\u00e5ng med hj\u00e4lp av sina mobila enheter \u00f6verallt d\u00e4r Bancontact eller Payconiq accepteras.<\/p>\n<p><strong>5. Bekv\u00e4ma kontantuttag<\/strong><br \/>\nBancontact g\u00f6r det ocks\u00e5 m\u00f6jligt f\u00f6r anv\u00e4ndare att ta ut kontanter s\u00e4kert och enkelt, vilket ger dem tillg\u00e5ng till sina medel n\u00e4r som helst. Denna flexibilitet \u00e4r s\u00e4rskilt f\u00f6rdelaktig f\u00f6r dem som f\u00f6redrar att ha kontanter tillg\u00e4ngliga f\u00f6r vissa ink\u00f6p.<\/p>\n<hr \/>\n<h2>K\u00f6p eng\u00e5ngsvapor med Bancontact p\u00e5 AiviouVapes<\/h2>\n<p>AiviouVapes \u00e4r glada \u00f6ver att kunna meddela att vi nu accepterar Bancontact som betalningsmetod f\u00f6r k\u00f6p av eng\u00e5ngsvapor. Detta nya till\u00e4gg ligger i linje med v\u00e5rt \u00e5tagande att tillhandah\u00e5lla flexibla och bekv\u00e4ma betalningsalternativ f\u00f6r v\u00e5ra belgiska kunder. H\u00e4r \u00e4r varf\u00f6r Bancontact \u00e4r ett utm\u00e4rkt val f\u00f6r att k\u00f6pa eng\u00e5ngsvapor fr\u00e5n AiviouVapes:<\/p>\n<p><strong>1. Problemfria transaktioner<\/strong><br \/>\nAtt anv\u00e4nda Bancontact p\u00e5 AiviouVapes garanterar en smidig och effektiv k\u00f6pupplevelse. Oavsett om du k\u00f6per en enda vape eller fyller p\u00e5 med dina favoritsmaker, hanterar Bancontact betalningar s\u00e4kert och snabbt.<\/p>\n<p><strong>2. S\u00e4kra och tillf\u00f6rlitliga betalningar<\/strong><br \/>\nBancontact anv\u00e4nder avancerade s\u00e4kerhets\u00e5tg\u00e4rder f\u00f6r att skydda anv\u00e4ndarnas finansiella information och skydda transaktioner fr\u00e5n bedr\u00e4gerier. Denna sinnesfrid g\u00f6r det m\u00f6jligt f\u00f6r v\u00e5ra kunder att tryggt g\u00f6ra ink\u00f6p p\u00e5 v\u00e5r webbplats.<\/p>\n<p><strong>3. Omedelbar betalningsbekr\u00e4ftelse<\/strong><br \/>\nBancontact-transaktioner behandlas omedelbart, vilket s\u00e4kerst\u00e4ller att din best\u00e4llning bekr\u00e4ftas och f\u00f6rbereds f\u00f6r leverans utan dr\u00f6jsm\u00e5l. Denna omedelbara bekr\u00e4ftelse \u00e4r idealisk f\u00f6r kunder som vill ha sina vapes levererade snabbt.<\/p>\n<hr \/>\n<h3>Hur man anv\u00e4nder Bancontact hos AiviouVapes<\/h3>\n<p><strong>Steg-f\u00f6r-steg-guide till betalning med Bancontact:<\/strong><\/p>\n<ol>\n<li><strong>L\u00e4gg till produkter i varukorgen:<\/strong>\n<ul>\n<li>Bl\u00e4ddra igenom v\u00e5rt sortiment av eng\u00e5ngsvapor och v\u00e4lj de produkter du vill k\u00f6pa.<\/li>\n<\/ul>\n<\/li>\n<li><strong>Forts\u00e4tt till kassan:<\/strong>\n<ul>\n<li>N\u00e4r du har valt dina varor g\u00e5r du till kassasidan.<\/li>\n<\/ul>\n<\/li>\n<li><strong>V\u00e4lj Bancontact:<\/strong>\n<ul>\n<li>I betalningsalternativen v\u00e4ljer du Bancontact som \u00f6nskad metod.<\/li>\n<\/ul>\n<\/li>\n<li><strong>Ange betalningsinformation:<\/strong>\n<ul>\n<li>F\u00f6lj anvisningarna f\u00f6r att ange dina Bancontact-kortuppgifter eller anv\u00e4nd Payconiq by Bancontact-appen f\u00f6r en mobilbetalning.<\/li>\n<\/ul>\n<\/li>\n<li><strong>Bekr\u00e4fta din betalning:<\/strong>\n<ul>\n<li>Slutf\u00f6r din betalning f\u00f6r att slutf\u00f6ra transaktionen. Du f\u00e5r en omedelbar bekr\u00e4ftelse p\u00e5 din best\u00e4llning.<\/li>\n<\/ul>\n<\/li>\n<li><strong>Orderhantering:<\/strong>\n<ul>\n<li>Din best\u00e4llning kommer att behandlas och skickas till din valda adress. Njut av dina AiviouVapes eng\u00e5ngsvapor!<\/li>\n<\/ul>\n<\/li>\n<\/ol>\n<p>Se vapen h\u00e4r:<\/p>\n<p><a href=\"https:\/\/aiviouvapes.com\/sv\/shop\/\">https:\/\/aiviouvapes.com\/shop\/<\/a><\/p>","protected":false},"excerpt":{"rendered":"<p>Bancontact is a popular electronic payment system in Belgium, providing a secure, efficient, and user-friendly method for completing transactions both online and offline. As a nationally recognized payment option, Bancontact enables seamless and reliable transactions for Belgian consumers and businesses alike. The system supports a wide range of payment scenarios, from contactless and mobile payments [&#8230;]\n","protected":false},"author":1,"featured_media":0,"parent":0,"menu_order":0,"comment_status":"closed","ping_status":"closed","template":"page-blank-title-center.php","meta":{"footnotes":""},"class_list":["post-9135","page","type-page","status-publish","hentry"],"jetpack_sharing_enabled":true,"_links":{"self":[{"href":"https:\/\/aiviouvapes.com\/sv\/wp-json\/wp\/v2\/pages\/9135","targetHints":{"allow":["GET"]}}],"collection":[{"href":"https:\/\/aiviouvapes.com\/sv\/wp-json\/wp\/v2\/pages"}],"about":[{"href":"https:\/\/aiviouvapes.com\/sv\/wp-json\/wp\/v2\/types\/page"}],"author":[{"embeddable":true,"href":"https:\/\/aiviouvapes.com\/sv\/wp-json\/wp\/v2\/users\/1"}],"replies":[{"embeddable":true,"href":"https:\/\/aiviouvapes.com\/sv\/wp-json\/wp\/v2\/comments?post=9135"}],"version-history":[{"count":0,"href":"https:\/\/aiviouvapes.com\/sv\/wp-json\/wp\/v2\/pages\/9135\/revisions"}],"wp:attachment":[{"href":"https:\/\/aiviouvapes.com\/sv\/wp-json\/wp\/v2\/media?parent=9135"}],"curies":[{"name":"wp","href":"https:\/\/api.w.org\/{rel}","templated":true}]}}