{"id":9132,"date":"2024-08-21T10:53:56","date_gmt":"2024-08-21T10:53:56","guid":{"rendered":"https:\/\/aiviouvapes.com\/?page_id=9132"},"modified":"2024-12-03T13:01:14","modified_gmt":"2024-12-03T05:01:14","slug":"buy-vapes-in-netherlands-with-ideal","status":"publish","type":"page","link":"https:\/\/aiviouvapes.com\/sv\/buy-vapes-in-netherlands-with-ideal\/","title":{"rendered":"K\u00f6p Vapes i Nederl\u00e4nderna med iDEAL"},"content":{"rendered":"<p><strong>iDEAL: Den f\u00f6redragna betalningsmetoden i Nederl\u00e4nderna f\u00f6r s\u00e4kra och snabba transaktioner<\/strong><\/p>\n<p>iDEAL \u00e4r en mycket popul\u00e4r onlinebetalningsmetod i Nederl\u00e4nderna, som g\u00f6r det m\u00f6jligt f\u00f6r konsumenter att g\u00f6ra s\u00e4kra realtidsbetalningar direkt via sin egen bank. S\u00f6ml\u00f6st integrerat med holl\u00e4ndska bankers onlinebanksmilj\u00f6 erbjuder iDEAL en str\u00f6mlinjeformad upplevelse som enkelt \u00f6verf\u00f6r pengar fr\u00e5n konsumentens konto till handlarens. H\u00e4r \u00e4r en titt p\u00e5 vad som g\u00f6r iDEAL s\u00e5 effektivt:<\/p>\n<ol>\n<li><strong>Anv\u00e4ndarv\u00e4nlighet<\/strong>: Betalningar genomf\u00f6rs via mobilbankens app eller internetbankswebbplats f\u00f6r konsumentens bank, vilket g\u00f6r det till en v\u00e4lbekant och enkel process.<\/li>\n<li><strong>Bekr\u00e4ftelse i realtid<\/strong>: Konsumenter f\u00e5r omedelbar betalningsbekr\u00e4ftelse, vilket \u00f6kar f\u00f6rtroendet och snabbar upp transaktionstider.<\/li>\n<li><strong>O\u00e5terkalleliga betalningar<\/strong>: N\u00e4r en iDEAL-transaktion v\u00e4l har godk\u00e4nts kan den inte \u00e5ngras, vilket s\u00e4kerst\u00e4ller att pengar \u00f6verf\u00f6rs s\u00e4kert och behandlas omedelbart.<\/li>\n<li><strong>M\u00e5ngsidighet<\/strong>: iDEAL st\u00f6der olika betalningsscenarier, inklusive direkta onlinebetalningar, betalningar via l\u00e4nkar i e-post eller meddelanden, och \u00e4ven transaktioner genom iDEAL QR-koder f\u00f6r fysiska och digitala milj\u00f6er.<\/li>\n<\/ol>\n<p>Tack vare sin s\u00e4kra infrastruktur och bekv\u00e4mlighet har iDEAL blivit den mest p\u00e5litliga betalningsmetoden f\u00f6r holl\u00e4ndska konsumenter, uppbackad av landets ledande konsumentbanker.<\/p>\n<hr \/>\n<h2>F\u00f6rdelar med att anv\u00e4nda iDEAL f\u00f6r att k\u00f6pa eng\u00e5ngsvapes p\u00e5 AiviouVapes<\/h2>\n<p>Att k\u00f6pa eng\u00e5ngsvapes i Nederl\u00e4nderna med iDEAL kommer med flera f\u00f6rdelar, vilket \u00f6kar b\u00e5de s\u00e4kerheten och bekv\u00e4mligheten f\u00f6r v\u00e5ra kunder:<\/p>\n<ol>\n<li><strong>F\u00f6rb\u00e4ttrad s\u00e4kerhet<\/strong>: iDEAL anv\u00e4nder de h\u00f6ga s\u00e4kerhetsstandarderna f\u00f6r internet- och mobilbanker, vilket s\u00e4kerst\u00e4ller att din transaktion \u00e4r skyddad fr\u00e5n bedr\u00e4geri och obeh\u00f6rig \u00e5tkomst.<\/li>\n<li><strong>Bekv\u00e4mlighet<\/strong>: iDEAL m\u00f6jligg\u00f6r direkta bank\u00f6verf\u00f6ringar, vilket tar bort behovet av kreditkort eller tredjepartsbetalningstj\u00e4nster. Allt som beh\u00f6vs \u00e4r tillg\u00e5ng till din n\u00e4tbank.<\/li>\n<li><strong>Omedelbar bearbetning<\/strong>: Betalningar behandlas omedelbart, s\u00e5 det finns ingen v\u00e4ntetid p\u00e5 att pengarna ska rensas. Detta inneb\u00e4r att dina vape-produkter snabbt f\u00f6rbereds f\u00f6r leverans.<\/li>\n<li><strong>Utbredd acceptans<\/strong>: iDEAL accepteras av de flesta holl\u00e4ndska e-handelsplattformar, inklusive AiviouVapes, vilket g\u00f6r det till en allm\u00e4nt erk\u00e4nd betalningsmetod i Nederl\u00e4nderna.<\/li>\n<\/ol>\n<hr \/>\n<h3>Steg-f\u00f6r-steg-guide f\u00f6r att k\u00f6pa eng\u00e5ngsvapes med iDEAL<\/h3>\n<p><strong>S\u00e5 h\u00e4r slutf\u00f6r du ditt k\u00f6p med iDEAL:<\/strong><\/p>\n<ol>\n<li><strong>V\u00e4lj dina produkter<\/strong>: Bl\u00e4ddra i v\u00e5rt breda urval av eng\u00e5ngsvapor och v\u00e4lj de artiklar du vill k\u00f6pa.<\/li>\n<li><strong>G\u00e5 till kassan<\/strong>: N\u00e4r du har slutf\u00f6rt dina val, forts\u00e4tt till kassasidan.<\/li>\n<li><strong>V\u00e4lj iDEAL som betalningsmetod<\/strong>: V\u00e4lj iDEAL p\u00e5 sidan med betalningsalternativ.<\/li>\n<li><strong>V\u00e4lj din bank<\/strong>: Du kommer att dirigeras till iDEAL-betalningsportalen, d\u00e4r du kan v\u00e4lja din bank fr\u00e5n listan \u00f6ver deltagande holl\u00e4ndska banker.<\/li>\n<li><strong>Slutf\u00f6r betalningen<\/strong>: Du omdirigeras till din banks onlinebankmilj\u00f6. Logga in, bekr\u00e4fta betalningen och beloppet kommer att debiteras direkt fr\u00e5n ditt konto med omedelbar bekr\u00e4ftelse.<\/li>\n<li><strong>Orderbekr\u00e4ftelse<\/strong>: N\u00e4r betalningen \u00e4r klar f\u00e5r du en orderbekr\u00e4ftelse fr\u00e5n AiviouVapes, och dina eng\u00e5ngsvapor f\u00f6rbereds f\u00f6r leverans.<\/li>\n<\/ol>\n<p>Genom att v\u00e4lja iDEAL v\u00e4ljer du en s\u00e4ker, p\u00e5litlig och effektiv transaktionsupplevelse.<\/p>\n<hr \/>\n<h3>Varf\u00f6r k\u00f6pa dina vapes fr\u00e5n AiviouVapes?<\/h3>\n<p>P\u00e5 AiviouVapes \u00e4r vi dedikerade till att erbjuda h\u00f6gkvalitativa produkter och en s\u00f6ml\u00f6s shoppingupplevelse. H\u00e4r \u00e4r anledningen till att vi \u00e4r det b\u00e4sta valet f\u00f6r vapek\u00f6p i Nederl\u00e4nderna:<\/p>\n<ul>\n<li><strong>Omfattande urval<\/strong>: Vi har ett brett utbud av premium eng\u00e5ngsvapor f\u00f6r att passa alla smaker.<\/li>\n<li><strong>S\u00e4ker betalningshantering<\/strong>: V\u00e5r integration med iDEAL s\u00e4kerst\u00e4ller att din betalningsinformation \u00e4r s\u00e4ker och skyddad.<\/li>\n<li><strong>Exceptionell kundsupport<\/strong>: V\u00e5rt v\u00e4nliga supportteam \u00e4r h\u00e4r f\u00f6r att hj\u00e4lpa dig med alla fr\u00e5gor eller funderingar under hela din shoppingupplevelse.<\/li>\n<li><strong>Transparent information<\/strong>: Vi tillhandah\u00e5ller tydliga detaljer om betalningsmetoder, frakt och skatter, s\u00e5 att du har allt du beh\u00f6ver f\u00f6r ett v\u00e4lgrundat k\u00f6p.<\/li>\n<\/ul>\n<p>Utforska v\u00e5r samling och njut av bekv\u00e4mligheten med att k\u00f6pa dina favoritvapor f\u00f6r eng\u00e5ngsbruk med iDEAL, den p\u00e5litliga betalningsmetoden i hela Nederl\u00e4nderna.<\/p>\n<p>Se vapen h\u00e4r:<\/p>\n<p><a href=\"https:\/\/aiviouvapes.com\/sv\/shop\/\">https:\/\/aiviouvapes.com\/shop\/<\/a><\/p>","protected":false},"excerpt":{"rendered":"<p>iDEAL: The Preferred Payment Method in the Netherlands for Secure and Quick Transactions iDEAL is a highly popular online payment method in the Netherlands, allowing consumers to make secure, real-time payments directly through their own bank. Seamlessly integrated with the online banking environment of Dutch banks, iDEAL offers a streamlined experience, transferring funds from the [&#8230;]\n","protected":false},"author":1,"featured_media":0,"parent":0,"menu_order":0,"comment_status":"closed","ping_status":"closed","template":"page-blank-title-center.php","meta":{"footnotes":""},"class_list":["post-9132","page","type-page","status-publish","hentry"],"jetpack_sharing_enabled":true,"_links":{"self":[{"href":"https:\/\/aiviouvapes.com\/sv\/wp-json\/wp\/v2\/pages\/9132","targetHints":{"allow":["GET"]}}],"collection":[{"href":"https:\/\/aiviouvapes.com\/sv\/wp-json\/wp\/v2\/pages"}],"about":[{"href":"https:\/\/aiviouvapes.com\/sv\/wp-json\/wp\/v2\/types\/page"}],"author":[{"embeddable":true,"href":"https:\/\/aiviouvapes.com\/sv\/wp-json\/wp\/v2\/users\/1"}],"replies":[{"embeddable":true,"href":"https:\/\/aiviouvapes.com\/sv\/wp-json\/wp\/v2\/comments?post=9132"}],"version-history":[{"count":0,"href":"https:\/\/aiviouvapes.com\/sv\/wp-json\/wp\/v2\/pages\/9132\/revisions"}],"wp:attachment":[{"href":"https:\/\/aiviouvapes.com\/sv\/wp-json\/wp\/v2\/media?parent=9132"}],"curies":[{"name":"wp","href":"https:\/\/api.w.org\/{rel}","templated":true}]}}