{"id":9129,"date":"2024-08-21T10:53:20","date_gmt":"2024-08-21T10:53:20","guid":{"rendered":"https:\/\/aiviouvapes.com\/?page_id=9129"},"modified":"2024-12-18T18:35:29","modified_gmt":"2024-12-18T10:35:29","slug":"buy-vapes-with-credit-card","status":"publish","type":"page","link":"https:\/\/aiviouvapes.com\/sv\/buy-vapes-with-credit-card\/","title":{"rendered":"K\u00f6p vapes med kreditkort"},"content":{"rendered":"<p>V\u00e4lkommen till Aiviou Vape, din p\u00e5litliga destination f\u00f6r vapingprodukter av h\u00f6gsta kvalitet. Vi \u00e4r glada att kunna meddela att vi nu accepterar kreditkortsbetalningar, vilket g\u00f6r det enklare \u00e4n n\u00e5gonsin att handla alla dina vapingvaror!<\/p>\n<p><strong>S\u00e4kra transaktioner:<\/strong> Handla med sinnesfrid \u2013 v\u00e5r webbplats anv\u00e4nder avancerad 3D Secure-betalningsteknik f\u00f6r att skydda din information. Vi \u00e4r angel\u00e4gna om att skydda din integritet och se till att varje transaktion \u00e4r helt s\u00e4ker.<\/p>\n<p><strong>Betalningsalternativ:<\/strong> Vi accepterar ett brett utbud av stora kreditkort, inklusive Visa, MasterCard och Maestro, vilket g\u00f6r kassan snabb och enkel f\u00f6r v\u00e5ra kunder.<\/p>\n<p><strong>Viktig information:<\/strong> Observera att, p\u00e5 grund av EU:s momsregler, kommer kreditkortsbetalningar att inkludera en extra 20% momsavgift. Dessutom, f\u00f6r att f\u00f6lja dessa regler, f\u00e5r det totala v\u00e4rdet av en enskild best\u00e4llning som betalas med kreditkort inte \u00f6verstiga $600 USD eller \u20ac600 EUR.<\/p>\n<p><strong>Alternativa betalningsmetoder:<\/strong> Om du vill undvika momsdebitering eller orderbegr\u00e4nsningar f\u00f6r kreditkortsbetalningar rekommenderar vi att du \u00f6verv\u00e4ger SEPA-\u00f6verf\u00f6ringar, IBAN-\u00f6verf\u00f6ringar eller betalningar med kryptovaluta. Dessa alternativ erbjuder st\u00f6rre flexibilitet, s\u00e4rskilt f\u00f6r st\u00f6rre transaktioner.<\/p>\n<p>P\u00e5 AiviouVape \u00e4r vi dedikerade till att tillhandah\u00e5lla en smidig och s\u00e4ker shoppingupplevelse f\u00f6r alla v\u00e5ra kunder. Bl\u00e4ddra i v\u00e5rt omfattande utbud av vapingprodukter och shoppa med tillf\u00f6rsikt!<\/p>\n<p>Om du har n\u00e5gra fr\u00e5gor eller beh\u00f6ver support finns v\u00e5r kundtj\u00e4nst h\u00e4r f\u00f6r att hj\u00e4lpa dig. Tveka inte att h\u00f6ra av dig!<\/p>\n<p><img data-recalc-dims=\"1\" loading=\"lazy\" decoding=\"async\" title=\"K\u00f6p vapes med kreditkort\" class=\"alignnone wp-image-9208 size-full\" src=\"https:\/\/i0.wp.com\/aiviouvapes.com\/wp-content\/uploads\/2024\/08\/card.jpeg?resize=272%2C185&#038;ssl=1\" alt=\"K\u00f6p vapes med kreditkort\" width=\"272\" height=\"185\" srcset=\"https:\/\/i0.wp.com\/aiviouvapes.com\/wp-content\/uploads\/2024\/08\/card.jpeg?w=272&amp;ssl=1 272w, https:\/\/i0.wp.com\/aiviouvapes.com\/wp-content\/uploads\/2024\/08\/card.jpeg?resize=18%2C12&amp;ssl=1 18w\" sizes=\"auto, (max-width: 272px) 100vw, 272px\" \/><\/p>\n<div class=\"row align-middle\"  id=\"row-1056068653\">\n\n\t<div id=\"col-1174303847\" class=\"col small-12 large-12\"  >\n\t\t\t\t<div class=\"col-inner text-center\"  >\n\t\t\t\n\t\t\t\n<a href=\"https:\/\/aiviouvapes.com\/sv\/shop\/\" class=\"button primary is-shade is-larger box-shadow-4 box-shadow-5-hover\" style=\"border-radius:10px;\">\n\t\t<span>Handla nu<\/span>\n\t<\/a>\n\n\t\t<\/div>\n\t\t\t\t\n<style>\n#col-1174303847 > .col-inner {\n  padding: 20px 0px 0px 0px;\n}\n<\/style>\n\t<\/div>\n\n\t\n<\/div>","protected":false},"excerpt":{"rendered":"<p>Welcome to Aiviou Vape, your trusted destination for top-quality vaping products. We\u2019re pleased to announce that we now accept credit card payments, making it easier than ever to shop for all your vaping essentials! Secure Transactions: Shop with peace of mind\u2014our site uses advanced 3D Secure payment technology to protect your information. We are committed [&#8230;]\n","protected":false},"author":1,"featured_media":0,"parent":0,"menu_order":0,"comment_status":"closed","ping_status":"closed","template":"page-blank-title-center.php","meta":{"footnotes":""},"class_list":["post-9129","page","type-page","status-publish","hentry"],"jetpack_sharing_enabled":true,"_links":{"self":[{"href":"https:\/\/aiviouvapes.com\/sv\/wp-json\/wp\/v2\/pages\/9129","targetHints":{"allow":["GET"]}}],"collection":[{"href":"https:\/\/aiviouvapes.com\/sv\/wp-json\/wp\/v2\/pages"}],"about":[{"href":"https:\/\/aiviouvapes.com\/sv\/wp-json\/wp\/v2\/types\/page"}],"author":[{"embeddable":true,"href":"https:\/\/aiviouvapes.com\/sv\/wp-json\/wp\/v2\/users\/1"}],"replies":[{"embeddable":true,"href":"https:\/\/aiviouvapes.com\/sv\/wp-json\/wp\/v2\/comments?post=9129"}],"version-history":[{"count":0,"href":"https:\/\/aiviouvapes.com\/sv\/wp-json\/wp\/v2\/pages\/9129\/revisions"}],"wp:attachment":[{"href":"https:\/\/aiviouvapes.com\/sv\/wp-json\/wp\/v2\/media?parent=9129"}],"curies":[{"name":"wp","href":"https:\/\/api.w.org\/{rel}","templated":true}]}}