{"id":9127,"date":"2024-08-21T10:52:51","date_gmt":"2024-08-21T10:52:51","guid":{"rendered":"https:\/\/aiviouvapes.com\/?page_id=9127"},"modified":"2024-12-18T18:35:26","modified_gmt":"2024-12-18T10:35:26","slug":"buy-vapes-with-sepa-qr-code","status":"publish","type":"page","link":"https:\/\/aiviouvapes.com\/sv\/buy-vapes-with-sepa-qr-code\/","title":{"rendered":"K\u00f6p vapes med SEPA QR-kod"},"content":{"rendered":"<h2>S\u00e5 h\u00e4r anv\u00e4nder du en SEPA QR-kod f\u00f6r att betala med din bankapp f\u00f6r k\u00f6p av vape<\/h2>\n<p>Att betala med en SEPA QR-kod \u00e4r ett snabbt och smidigt s\u00e4tt att \u00f6verf\u00f6ra pengar inom Single Euro Payments Area (SEPA). H\u00e4r \u00e4r en steg-f\u00f6r-steg-guide som hj\u00e4lper dig att anv\u00e4nda din bankapp f\u00f6r att skanna och g\u00f6ra betalningar med en SEPA QR-kod.<\/p>\n<h3>Steg-f\u00f6r-steg-guide<\/h3>\n<ol>\n<li><strong>\u00d6ppna din bank-app<\/strong>\n<ul>\n<li>\u00d6ppna din mobilbanksapp p\u00e5 din smartphone och se till att du \u00e4r inloggad p\u00e5 ditt konto.<\/li>\n<\/ul>\n<\/li>\n<li><strong>G\u00e5 till avsnittet \u00d6verf\u00f6ring eller betalningar<\/strong>\n<ul>\n<li>Hitta avsnittet f\u00f6r betalningar eller \u00f6verf\u00f6ringar - det kan vara m\u00e4rkt som \"\u00d6verf\u00f6ring\", \"Betalningar\" eller liknande.<\/li>\n<\/ul>\n<\/li>\n<li><strong>Leta reda p\u00e5 QR-kodl\u00e4saren<\/strong>\n<ul>\n<li>I betalningsavsnittet hittar du alternativet f\u00f6r QR-kodl\u00e4sare, som ofta visas som en kamera eller QR-kodikon.<\/li>\n<li>Vissa bankappar har ocks\u00e5 en \"Scan\"-knapp som \u00e4r l\u00e4ttillg\u00e4nglig p\u00e5 startsk\u00e4rmen eller i betalningsavsnittet f\u00f6r snabb \u00e5tkomst.<\/li>\n<\/ul>\n<\/li>\n<li><strong>Skanna SEPA QR-koden<\/strong>\n<ul>\n<li>H\u00e5ll upp telefonens kamera mot SEPA QR-koden p\u00e5 fakturan eller betalningssidan.<\/li>\n<li>Rikta in QR-koden i ramen f\u00f6r att f\u00e5nga detaljerna exakt.<\/li>\n<\/ul>\n<\/li>\n<li><strong>Kontrollera betalningsinformation<\/strong>\n<ul>\n<li>Efter skanning fyller appen automatiskt i betalningsformul\u00e4ret med detaljer fr\u00e5n QR-koden.<\/li>\n<li>Detta inkluderar viktig information som mottagarens IBAN-nummer och namn, vilket minskar risken f\u00f6r fel.<\/li>\n<\/ul>\n<\/li>\n<li><strong>Bekr\u00e4fta betalningen<\/strong>\n<ul>\n<li>Granska detaljerna s\u00e5 att de \u00e4r korrekta.<\/li>\n<li>V\u00e4lj det konto eller kort som du vill anv\u00e4nda f\u00f6r den h\u00e4r transaktionen.<\/li>\n<li>Bekr\u00e4fta betalningen genom att f\u00f6lja appens autentiseringssteg, t.ex. genom att ange PIN-kod, fingeravtryck eller ansiktsigenk\u00e4nning.<\/li>\n<\/ul>\n<\/li>\n<\/ol>\n<p><img data-recalc-dims=\"1\" loading=\"lazy\" decoding=\"async\" title=\"K\u00f6p vapes med SEPA QR-kod\" class=\"alignnone wp-image-9198 size-full\" src=\"https:\/\/i0.wp.com\/aiviouvapes.com\/wp-content\/uploads\/2024\/08\/qr-code-payment-online-shopping-260nw-704697319-e1724305335194.webp?resize=390%2C260&#038;ssl=1\" alt=\"K\u00f6p vapes med SEPA QR-kod\" width=\"390\" height=\"260\" srcset=\"https:\/\/i0.wp.com\/aiviouvapes.com\/wp-content\/uploads\/2024\/08\/qr-code-payment-online-shopping-260nw-704697319-e1724305335194.webp?w=390&amp;ssl=1 390w, https:\/\/i0.wp.com\/aiviouvapes.com\/wp-content\/uploads\/2024\/08\/qr-code-payment-online-shopping-260nw-704697319-e1724305335194.webp?resize=300%2C200&amp;ssl=1 300w, https:\/\/i0.wp.com\/aiviouvapes.com\/wp-content\/uploads\/2024\/08\/qr-code-payment-online-shopping-260nw-704697319-e1724305335194.webp?resize=18%2C12&amp;ssl=1 18w\" sizes=\"auto, (max-width: 390px) 100vw, 390px\" \/><\/p>\n<h3>Ytterligare tips<\/h3>\n<ul>\n<li><strong>Anv\u00e4nda QR-kodbilder<\/strong>\n<ul>\n<li>Om du f\u00e5r en QR-kod som en bild (t.ex. via e-post) kan du i vissa bankappar ladda upp bilden i st\u00e4llet f\u00f6r att skanna den direkt. Kontrollera om det finns ett \"Ladda upp\"-alternativ i QR-skanningsfunktionen.<\/li>\n<\/ul>\n<\/li>\n<li><strong>S\u00e4kerhets\u00e5tg\u00e4rder<\/strong>\n<ul>\n<li>Se till att din bankapp \u00e4r uppdaterad och anv\u00e4nd en s\u00e4ker internetanslutning f\u00f6r att undvika potentiella bedr\u00e4gerier.<\/li>\n<\/ul>\n<\/li>\n<\/ul>\n<h3>F\u00f6rdelar med att anv\u00e4nda SEPA QR-koder<\/h3>\n<ul>\n<li><strong>Hastighet:<\/strong> QR-koder f\u00f6renklar betalningsprocessen och minimerar fel vid inmatning av data.<\/li>\n<li><strong>Anv\u00e4ndarv\u00e4nlighet:<\/strong> Genomf\u00f6r snabbt betalningar f\u00f6r varor, tj\u00e4nster, r\u00e4kningar eller andra \u00f6verf\u00f6ringar med bara en skanning.<\/li>\n<li><strong>Multi-funktionalitet:<\/strong> SEPA QR-koder st\u00f6der ett brett spektrum av transaktioner, fr\u00e5n att betala elr\u00e4kningar till administrativa avgifter.<\/li>\n<\/ul>\n<h3>Avslutning<\/h3>\n<p>Genom att f\u00f6lja dessa steg blir det enkelt och effektivt att anv\u00e4nda SEPA QR-koder med din bankapp. Den h\u00e4r betalningsmetoden sparar inte bara tid utan f\u00f6rb\u00e4ttrar ocks\u00e5 transaktionss\u00e4kerheten och noggrannheten. Njut av den s\u00f6ml\u00f6sa upplevelsen av att g\u00f6ra s\u00e4kra betalningar inom SEPA.<\/p>\n<p>En lista \u00f6ver europeiska banker som st\u00f6der SEPA-betalningar med QR-kod finns p\u00e5 European Payments Councils webbplats.<\/p>\n<p><strong>AiviouVapes erbjuder nu betalning med SEPA QR-kod, vilket inneb\u00e4r en ny niv\u00e5 av bekv\u00e4mlighet f\u00f6r kunder som k\u00f6per eng\u00e5ngsvapor.<\/strong><\/p>\n<div class=\"row align-middle\"  id=\"row-291241975\">\n\n\t<div id=\"col-1615967312\" class=\"col small-12 large-12\"  >\n\t\t\t\t<div class=\"col-inner text-center\"  >\n\t\t\t\n\t\t\t\n<a href=\"https:\/\/aiviouvapes.com\/sv\/shop\/\" class=\"button primary is-shade is-larger box-shadow-4 box-shadow-5-hover\" style=\"border-radius:10px;\">\n\t\t<span>Handla nu<\/span>\n\t<\/a>\n\n\t\t<\/div>\n\t\t\t\t\n<style>\n#col-1615967312 > .col-inner {\n  padding: 20px 0px 0px 0px;\n}\n<\/style>\n\t<\/div>\n\n\t\n<\/div>","protected":false},"excerpt":{"rendered":"<p>How to Use a SEPA QR Code to Pay with Your Banking App for Vape Purchases Paying with a SEPA QR code is a fast and convenient way to transfer funds within the Single Euro Payments Area (SEPA). Here\u2019s a step-by-step guide to help you use your bank app to scan and make payments via [&#8230;]\n","protected":false},"author":1,"featured_media":0,"parent":0,"menu_order":0,"comment_status":"closed","ping_status":"closed","template":"page-blank-title-center.php","meta":{"footnotes":""},"class_list":["post-9127","page","type-page","status-publish","hentry"],"jetpack_sharing_enabled":true,"_links":{"self":[{"href":"https:\/\/aiviouvapes.com\/sv\/wp-json\/wp\/v2\/pages\/9127","targetHints":{"allow":["GET"]}}],"collection":[{"href":"https:\/\/aiviouvapes.com\/sv\/wp-json\/wp\/v2\/pages"}],"about":[{"href":"https:\/\/aiviouvapes.com\/sv\/wp-json\/wp\/v2\/types\/page"}],"author":[{"embeddable":true,"href":"https:\/\/aiviouvapes.com\/sv\/wp-json\/wp\/v2\/users\/1"}],"replies":[{"embeddable":true,"href":"https:\/\/aiviouvapes.com\/sv\/wp-json\/wp\/v2\/comments?post=9127"}],"version-history":[{"count":0,"href":"https:\/\/aiviouvapes.com\/sv\/wp-json\/wp\/v2\/pages\/9127\/revisions"}],"wp:attachment":[{"href":"https:\/\/aiviouvapes.com\/sv\/wp-json\/wp\/v2\/media?parent=9127"}],"curies":[{"name":"wp","href":"https:\/\/api.w.org\/{rel}","templated":true}]}}