{"id":9124,"date":"2024-08-21T10:52:08","date_gmt":"2024-08-21T10:52:08","guid":{"rendered":"https:\/\/aiviouvapes.com\/?page_id=9124"},"modified":"2024-11-30T12:03:45","modified_gmt":"2024-11-30T04:03:45","slug":"buy-vapes-in-europe-with-paypal","status":"publish","type":"page","link":"https:\/\/aiviouvapes.com\/sv\/buy-vapes-in-europe-with-paypal\/","title":{"rendered":"K\u00f6p Vapes i Europa med Paypal"},"content":{"rendered":"<p>Att navigera i sk\u00e4rningspunkten mellan vaping och PayPal har inneburit unika utmaningar f\u00f6r b\u00e5de f\u00f6retag och konsumenter. P\u00e5 grund av PayPals policyer f\u00f6r e-cigaretter och relaterade produkter m\u00f6ter m\u00e5nga transaktioner i denna bransch samma restriktioner som tobak, vilket resulterar i kontobegr\u00e4nsningar och blockerade betalningar.<\/p>\n<p>P\u00e5 AiviouVapes har vi framg\u00e5ngsrikt hittat ett s\u00e4tt att arbeta inom dessa begr\u00e4nsningar. Till skillnad fr\u00e5n m\u00e5nga i branschen, <strong>vi har f\u00e5tt f\u00f6rhandsgodk\u00e4nnande fr\u00e5n PayPal f\u00f6r att hantera f\u00f6rs\u00e4ljning av e-cigaretter inom Europa<\/strong>vilket g\u00f6r att vi kan erbjuda en smidig och oavbruten shoppingupplevelse f\u00f6r v\u00e5ra kunder.<\/p>\n<p>PayPals f\u00f6rhandsgodk\u00e4nnande omfattar en rad olika produkter, inklusive e-cigaretter och vissa icke-tobaksalternativ. Detta godk\u00e4nnande g\u00f6r det m\u00f6jligt f\u00f6r oss att erbjuda PayPal som en bekv\u00e4m och s\u00e4ker betalningsmetod, vilket ger v\u00e5ra kunder den f\u00f6rtrogenhet och enkelhet som de kanske f\u00f6redrar.<\/p>\n<p>\u00c4ven om PayPals allm\u00e4nna restriktioner f\u00f6r transaktioner med e-cigaretter fortfarande \u00e4r en k\u00e4lla till debatt, kan v\u00e5ra kunder tryggt anv\u00e4nda PayPal p\u00e5 v\u00e5r webbplats utan st\u00f6rningar. Detta \u00e4r s\u00e4rskilt f\u00f6rdelaktigt f\u00f6r dem som v\u00e4rdes\u00e4tter den s\u00e4kerhet och enkelhet som PayPal erbjuder j\u00e4mf\u00f6rt med andra betalningsalternativ.<\/p>\n<p>Vi skulle dock vilja lyfta fram en ny aspekt. <strong>P\u00e5 grund av skatteregler<\/strong>PayPal-k\u00f6p av e-cigaretter fr\u00e5n AiviouVapes \u00e4r <strong>med ett tak p\u00e5 200 euro<\/strong> per best\u00e4llning och \u00e4r f\u00f6rem\u00e5l f\u00f6r en <strong>20% Moms Konsumtionsskatt<\/strong>. Dessa skattekrav kan p\u00e5verka ditt val av betalningsmetod. <strong>F\u00f6r att undvika denna gr\u00e4ns och skatteb\u00f6rda rekommenderar vi att du anv\u00e4nder dig av SEPA-\u00f6verf\u00f6ringar, IBAN-bank\u00f6verf\u00f6ringar eller betalningar med kryptovaluta<\/strong>som erbjuder st\u00f6rre flexibilitet f\u00f6r ink\u00f6p av h\u00f6gre v\u00e4rde.<\/p>\n<p>Denna utgiftsgr\u00e4ns och skatteh\u00e4nsyn \u00e4r viktiga faktorer n\u00e4r du v\u00e4ljer din f\u00f6redragna betalningsmetod. P\u00e5 AiviouVapes \u00e4r vi engagerade i \u00f6ppenhet och erbjuder flexibla betalningsalternativ s\u00e5 att du kan njuta av en informerad och bekv\u00e4m shoppingupplevelse.<\/p>\n<p>Utforska AiviouVapes breda urval av e-juice-smaker med tillf\u00f6rsikt, eftersom du vet att du kan v\u00e4lja mellan flera betalningsalternativ som passar dina \u00f6nskem\u00e5l och behov.<\/p>\n<p>Genom att inkludera dessa punkter vill vi ge dig en fullst\u00e4ndig f\u00f6rst\u00e5else f\u00f6r PayPals begr\u00e4nsningar och skatterelaterade faktorer n\u00e4r du k\u00f6per e-cigaretter fr\u00e5n AiviouVapes, och hj\u00e4lpa dig att g\u00f6ra det b\u00e4sta betalningsvalet f\u00f6r din situation.<\/p>\n<div class=\"row align-middle\"  id=\"row-626085555\">\n\n\t<div id=\"col-445217374\" class=\"col small-12 large-12\"  >\n\t\t\t\t<div class=\"col-inner text-center\"  >\n\t\t\t\n\t\t\t\n<a href=\"https:\/\/aiviouvapes.com\/sv\/shop\/\" class=\"button primary is-shade is-larger box-shadow-4 box-shadow-5-hover\" style=\"border-radius:10px;\">\n\t\t<span>Handla nu<\/span>\n\t<\/a>\n\n\t\t<\/div>\n\t\t\t\t\n<style>\n#col-445217374 > .col-inner {\n  padding: 20px 0px 0px 0px;\n}\n<\/style>\n\t<\/div>\n\n\t\n<\/div>","protected":false},"excerpt":{"rendered":"<p>Navigating the intersection between vaping and PayPal has presented unique challenges for businesses and consumers alike. Due to PayPal&#8217;s policies on e-cigarettes and related products, many transactions in this industry face the same restrictions as tobacco, resulting in account limitations and blocked payments. At AiviouVapes, we\u2019ve successfully found a way to operate within these constraints. [&#8230;]\n","protected":false},"author":1,"featured_media":0,"parent":0,"menu_order":0,"comment_status":"closed","ping_status":"closed","template":"page-blank-title-center.php","meta":{"footnotes":""},"class_list":["post-9124","page","type-page","status-publish","hentry"],"jetpack_sharing_enabled":true,"_links":{"self":[{"href":"https:\/\/aiviouvapes.com\/sv\/wp-json\/wp\/v2\/pages\/9124","targetHints":{"allow":["GET"]}}],"collection":[{"href":"https:\/\/aiviouvapes.com\/sv\/wp-json\/wp\/v2\/pages"}],"about":[{"href":"https:\/\/aiviouvapes.com\/sv\/wp-json\/wp\/v2\/types\/page"}],"author":[{"embeddable":true,"href":"https:\/\/aiviouvapes.com\/sv\/wp-json\/wp\/v2\/users\/1"}],"replies":[{"embeddable":true,"href":"https:\/\/aiviouvapes.com\/sv\/wp-json\/wp\/v2\/comments?post=9124"}],"version-history":[{"count":0,"href":"https:\/\/aiviouvapes.com\/sv\/wp-json\/wp\/v2\/pages\/9124\/revisions"}],"wp:attachment":[{"href":"https:\/\/aiviouvapes.com\/sv\/wp-json\/wp\/v2\/media?parent=9124"}],"curies":[{"name":"wp","href":"https:\/\/api.w.org\/{rel}","templated":true}]}}