{"id":9121,"date":"2024-08-21T10:51:22","date_gmt":"2024-08-21T10:51:22","guid":{"rendered":"https:\/\/aiviouvapes.com\/?page_id=9121"},"modified":"2024-12-02T07:55:27","modified_gmt":"2024-12-01T23:55:27","slug":"age-policy","status":"publish","type":"page","link":"https:\/\/aiviouvapes.com\/sv\/age-policy\/","title":{"rendered":"\u00c5lderspolicy"},"content":{"rendered":"<p>\u00c5ldersverifiering vid <a href=\"https:\/\/AiviouVapes.com\/\" rel=\"noopener\">AiviouVapes<\/a><\/p>\n<p>**Krav f\u00f6r laglig \u00e5lder f\u00f6r r\u00f6kning:** Alla kunder m\u00e5ste vara 21 \u00e5r eller \u00e4ldre f\u00f6r att k\u00f6pa produkter p\u00e5 v\u00e5r webbplats, i linje med USA:s lagliga \u00e5lder f\u00f6r r\u00f6kning f\u00f6r e-cigaretter och relaterade f\u00f6rem\u00e5l. Bes\u00f6k <a href=\"https:\/\/AiviouVapes.com\/\" rel=\"noopener\">AiviouVapes<\/a> f\u00f6r f\u00f6ljsamma och ansvarsfulla ink\u00f6p.<\/p>\n<p>**Vikten av korrekt \u00e5ldersrepresentation:** Att f\u00f6rfalska \u00e5ldersinformation f\u00f6r att k\u00f6pa v\u00e5ra produkter strider inte bara mot v\u00e5r policy utan \u00e4r ocks\u00e5 olagligt. S\u00e5dana \u00e5tg\u00e4rder kan leda till allvarliga juridiska konsekvenser.<\/p>\n<p>**F\u00f6rbud mot fullmaktsk\u00f6p f\u00f6r minder\u00e5riga:** K\u00f6p av ev <a href=\"https:\/\/AiviouVapes.com\/\" rel=\"noopener\">vapingprodukter<\/a> f\u00f6r minder\u00e5riga \u00e4r str\u00e4ngt f\u00f6rbjudet och medf\u00f6r potentiella r\u00e4ttsliga p\u00e5f\u00f6ljder. Vi har \u00e5tagit oss att f\u00f6rhindra obeh\u00f6rig \u00e5tkomst till v\u00e5ra produkter.<\/p>\n<p>**Robust \u00e5ldersverifieringsprocess:** F\u00f6r att uppfylla lagkrav och skydda ungdomar anv\u00e4nder vi ett strikt \u00e5ldersverifieringssystem. Kunder m\u00e5ste uppge personliga uppgifter \u2013 namn, adress, f\u00f6delsedatum och de fyra sista siffrorna i deras personnummer \u2013 som vi verifierar mot offentliga register. Om verifieringen misslyckas eller om du inte kan tillhandah\u00e5lla din socialf\u00f6rs\u00e4kringsinformation kan vi beg\u00e4ra ett myndighetsutf\u00e4rdat ID.<\/p>\n<p>**R\u00e4tten att neka tj\u00e4nster:** Vi f\u00f6rbeh\u00e5ller oss r\u00e4tten att annullera eller v\u00e4gra best\u00e4llningar om verifieringen inte slutf\u00f6rs framg\u00e5ngsrikt eller om korrekt identifiering inte tillhandah\u00e5lls i tid.<\/p>\n<p>**Dedikation till f\u00f6rebyggande av ungdomar:** Att f\u00f6rhindra f\u00f6rs\u00e4ljning till minder\u00e5riga \u00e4r en av v\u00e5ra h\u00f6gsta prioriteringar. V\u00e5rt \u00e5ldersverifieringssystem understryker v\u00e5rt engagemang f\u00f6r att uppr\u00e4tth\u00e5lla en ansvarsfull vapingmilj\u00f6.<\/p>\n<p>**Avvisning eller begr\u00e4nsning av tj\u00e4nst:** Som onlineleverant\u00f6r f\u00f6rbeh\u00e5ller vi oss r\u00e4tten att neka service i vissa fall. Om en kund anser att deras \u00e5tkomst var or\u00e4ttvist begr\u00e4nsad, uppmanas de att kontakta v\u00e5r kundsupport f\u00f6r hj\u00e4lp.<\/p>\n<p>**Meddelande om \u00e5ldersbegr\u00e4nsning:** Aiviou Vapes webbplats har en tydlig ansvarsfriskrivning, som framh\u00e4ver kravet p\u00e5 att amerikanska kunder ska vara minst 21 \u00e5r f\u00f6r att k\u00f6pa e-cigarettprodukter.<\/p>\n<p>Vid <a href=\"https:\/\/AiviouVapes.com\/\" rel=\"noopener\">AiviouVapes<\/a>prioriterar vi v\u00e5ra kunders s\u00e4kerhet och v\u00e4lbefinnande genom att genomdriva rigor\u00f6s \u00e5ldersverifiering. V\u00e5ra \u00e5tg\u00e4rder \u00e5terspeglar v\u00e5rt engagemang f\u00f6r en s\u00e4ker och f\u00f6ljsam vaping-gemenskap, vilket ger kunderna sinnesfrid n\u00e4r de handlar med oss.<\/p>\n<p>V\u00e5rt f\u00f6retags \u00e5tagande att s\u00e4kerst\u00e4lla att endast de som \u00e4r lagligt till\u00e5tna kan k\u00f6pa v\u00e5ra produkter f\u00f6rst\u00e4rker vikten av ansvarsfulla vapingmetoder. Vi inser att effektiv \u00e5ldersverifiering \u00e4r avg\u00f6rande f\u00f6r att f\u00f6rhindra minder\u00e5riga tilltr\u00e4de, och vi har etablerat ett omfattande system f\u00f6r att uppr\u00e4tth\u00e5lla detta ansvar.<\/p>\n<p>V\u00e5r process kr\u00e4ver specifik information \u2013 namn, adress, f\u00f6delsedatum och de fyra sista siffrorna i personnumret \u2013 som vi validerar mot betrodda register f\u00f6r att bekr\u00e4fta \u00e5lder. Om en kund inte kan tillhandah\u00e5lla sin socialf\u00f6rs\u00e4kringsinformation, erbjuder vi m\u00f6jligheten att ladda upp ett statligt ID som en ytterligare verifierings\u00e5tg\u00e4rd.<\/p>\n<p>**Konsekvenser f\u00f6r felaktig framst\u00e4llning av \u00e5lder:** Att felaktigt framst\u00e4lla \u00e5lder f\u00f6r att k\u00f6pa v\u00e5ra produkter \u00e4r olagligt och har allvarliga juridiska konsekvenser. Dessutom \u00e4r k\u00f6p f\u00f6r minder\u00e5riga str\u00e4ngt f\u00f6rbjudet och \u00e4r ocks\u00e5 straffbart enligt lagen. Vi tar dessa standarder p\u00e5 allvar och kan neka alla best\u00e4llningar om identifiering inte kan verifieras omg\u00e5ende.<\/p>\n<p>Aiviou Vape \u00e4r fortfarande engagerad i att f\u00f6rhindra f\u00f6rs\u00e4ljning av minder\u00e5riga. V\u00e5rt \u00e5ldersverifieringsprotokoll \u00e4r centralt f\u00f6r v\u00e5rt uppdrag att fr\u00e4mja ansvarsfulla och s\u00e4kra ink\u00f6p inom vaping-gemenskapen.<\/p>\n<p>Om en kund upplever en servicebegr\u00e4nsning som de tror \u00e4r felaktig \u00e4r de v\u00e4lkomna att kontakta v\u00e5rt kundsupportteam. Vi prioriterar transparent kommunikation och str\u00e4var efter att l\u00f6sa eventuella problem r\u00e4ttvist.<\/p>\n<p>V\u00e5r webbplats visar tydligt en varning om \u00e5lderskravet f\u00f6r k\u00f6p av elektroniska cigaretter, vilket p\u00e5minner alla anv\u00e4ndare om lagkravet att vara 21 \u00e5r gammal i USA<\/p>\n<p>Att v\u00e4lja Aiviou Vape inneb\u00e4r att v\u00e4lja ett f\u00f6retag som v\u00e4rdes\u00e4tter integritet, laglig efterlevnad och kunds\u00e4kerhet. V\u00e5rt engagemang f\u00f6r ansvarsfull \u00e5lderspolicy \u00e4r inte bara procedurm\u00e4ssigt; det \u00e4r en grundl\u00e4ggande \u00e5terspegling av v\u00e5ra v\u00e4rderingar och engagemang f\u00f6r att skapa en s\u00e4ker, p\u00e5litlig shoppingupplevelse. Lita p\u00e5 Aiviou Vape f\u00f6r s\u00e4ker och ansvarsfull tillg\u00e5ng till kvalitetsvapingprodukter.<\/p>\n<div class=\"row align-middle\"  id=\"row-771192724\">\n\n\t<div id=\"col-940244087\" class=\"col small-12 large-12\"  >\n\t\t\t\t<div class=\"col-inner text-center\"  >\n\t\t\t\n\t\t\t\n<a href=\"https:\/\/aiviouvapes.com\/sv\/shop\/\" class=\"button primary is-shade is-larger box-shadow-4 box-shadow-5-hover\" style=\"border-radius:10px;\">\n\t\t<span>Handla nu<\/span>\n\t<\/a>\n\n\t\t<\/div>\n\t\t\t\t\n<style>\n#col-940244087 > .col-inner {\n  padding: 20px 0px 0px 0px;\n}\n<\/style>\n\t<\/div>\n\n\t\n<\/div>","protected":false},"excerpt":{"rendered":"<p>Age Verification at AiviouVapes **Legal Smoking Age Requirement:** All customers must be 21 or older to purchase products on our site, aligning with the U.S. legal smoking age for e-cigarettes and related items. Visit AiviouVapes for compliant and responsible purchases. **Importance of Accurate Age Representation:** Falsifying age information to buy our products is not only [&#8230;]\n","protected":false},"author":1,"featured_media":0,"parent":0,"menu_order":0,"comment_status":"closed","ping_status":"closed","template":"page-blank-title-center.php","meta":{"footnotes":""},"class_list":["post-9121","page","type-page","status-publish","hentry"],"jetpack_sharing_enabled":true,"_links":{"self":[{"href":"https:\/\/aiviouvapes.com\/sv\/wp-json\/wp\/v2\/pages\/9121","targetHints":{"allow":["GET"]}}],"collection":[{"href":"https:\/\/aiviouvapes.com\/sv\/wp-json\/wp\/v2\/pages"}],"about":[{"href":"https:\/\/aiviouvapes.com\/sv\/wp-json\/wp\/v2\/types\/page"}],"author":[{"embeddable":true,"href":"https:\/\/aiviouvapes.com\/sv\/wp-json\/wp\/v2\/users\/1"}],"replies":[{"embeddable":true,"href":"https:\/\/aiviouvapes.com\/sv\/wp-json\/wp\/v2\/comments?post=9121"}],"version-history":[{"count":0,"href":"https:\/\/aiviouvapes.com\/sv\/wp-json\/wp\/v2\/pages\/9121\/revisions"}],"wp:attachment":[{"href":"https:\/\/aiviouvapes.com\/sv\/wp-json\/wp\/v2\/media?parent=9121"}],"curies":[{"name":"wp","href":"https:\/\/api.w.org\/{rel}","templated":true}]}}