{"id":9117,"date":"2024-08-21T10:50:31","date_gmt":"2024-08-21T10:50:31","guid":{"rendered":"https:\/\/aiviouvapes.com\/?page_id=9117"},"modified":"2024-11-24T00:13:56","modified_gmt":"2024-11-23T16:13:56","slug":"terms-conditions","status":"publish","type":"page","link":"https:\/\/aiviouvapes.com\/sv\/terms-conditions\/","title":{"rendered":"Villkor och anvisningar"},"content":{"rendered":"<p dir=\"auto\">V\u00e4lkommen till <strong>AiviouVape<\/strong>! L\u00e4s dessa villkor noggrant innan du anv\u00e4nder v\u00e5r webbplats. Genom att komma \u00e5t och anv\u00e4nda v\u00e5r webbplats samtycker du till att f\u00f6lja villkoren som beskrivs h\u00e4r, s\u00e5v\u00e4l som alla till\u00e4mpliga lagar. Om du inte godk\u00e4nner dessa villkor, v\u00e4nligen sluta anv\u00e4nda v\u00e5r webbplats. Genom att g\u00f6ra ett k\u00f6p accepterar du dessa villkor tillsammans med v\u00e5ra frakt-, retur- och garantipolicyer.<\/p>\n<p dir=\"auto\"><strong>Internationella best\u00e4llningar<\/strong><\/p>\n<p dir=\"auto\">AiviouVape verkar globalt fr\u00e5n v\u00e5rt huvudkontor i Hong Kong. Kunder utanf\u00f6r Hongkong betraktas som internationella kunder. Se till att du \u00e4r bekant med ditt lands best\u00e4mmelser om \u00e4gande, import och anv\u00e4ndning av vaporizerprodukter innan du g\u00f6r en best\u00e4llning. Vissa l\u00e4nder kan ha ytterligare policyer som anges i v\u00e5ra policyer f\u00f6r frakt, returer och garanti.<\/p>\n<p dir=\"auto\"><strong>Upphovsr\u00e4tt<\/strong><\/p>\n<p dir=\"auto\">Allt inneh\u00e5ll p\u00e5 denna webbplats \u2013 inklusive text, grafik och kod \u2013 \u00e4r skyddat enligt upphovsr\u00e4ttslagar som ett kollektivt verk som \u00e4gs av AiviouVape. Copyright 2022, AiviouVape. Alla r\u00e4ttigheter reserverade. Du kan elektroniskt kopiera och skriva ut delar av webbplatsen f\u00f6r att g\u00f6ra en best\u00e4llning eller k\u00f6pa AiviouVape-produkter. All annan anv\u00e4ndning, inklusive reproduktion, distribution eller \u00f6verf\u00f6ring av webbplatsinneh\u00e5ll, \u00e4r f\u00f6rbjuden om inte godk\u00e4nts av AiviouVape Inc.<\/p>\n<p dir=\"auto\"><strong>Varum\u00e4rken<\/strong><\/p>\n<p dir=\"auto\">Alla varum\u00e4rken, servicem\u00e4rken och handelsnamn som visas p\u00e5 v\u00e5r webbplats \u00e4gs av AiviouVape.<\/p>\n<p dir=\"auto\"><strong>Ansvarsfriskrivning f\u00f6r garanti<\/strong><\/p>\n<p dir=\"auto\">V\u00e5r webbplats och allt material och produkter tillhandah\u00e5lls &quot;i befintligt skick&quot; utan garantier av n\u00e5got slag, varken uttryckliga eller underf\u00f6rst\u00e5dda. AiviouVape fr\u00e5ns\u00e4ger sig alla garantier, inklusive men inte begr\u00e4nsat till s\u00e4ljbarhet, l\u00e4mplighet f\u00f6r ett visst \u00e4ndam\u00e5l och icke-intr\u00e5ng. Vi garanterar inte att webbplatsens funktioner kommer att vara oavbrutna eller felfria, inte heller att defekter kommer att r\u00e4ttas till, eller att webbplatsen \u00e4r fri fr\u00e5n virus eller andra skadliga komponenter. Vi garanterar inte riktigheten, fullst\u00e4ndigheten eller tillf\u00f6rlitligheten av inneh\u00e5llet som tillhandah\u00e5lls.<\/p>\n<p dir=\"auto\"><strong>Begr\u00e4nsning av ansvar<\/strong><\/p>\n<p dir=\"auto\">AiviouVape \u00e4r inte ansvarigt f\u00f6r n\u00e5gra speciella skador eller f\u00f6ljdskador som \u00e4r ett resultat av anv\u00e4ndningen av, eller of\u00f6rm\u00e5gan att anv\u00e4nda, materialen p\u00e5 denna webbplats eller produkternas prestanda, \u00e4ven om de informeras om m\u00f6jligheten till s\u00e5dana skador. Vissa jurisdiktioner till\u00e5ter inte uteslutning eller begr\u00e4nsning av ansvar f\u00f6r f\u00f6ljdskador eller of\u00f6rutsedda skador, s\u00e5 dessa begr\u00e4nsningar kanske inte g\u00e4ller dig.<\/p>\n<p dir=\"auto\"><strong>Upps\u00e4gning<\/strong><\/p>\n<p dir=\"auto\">Dessa villkor g\u00e4ller f\u00f6r alla anv\u00e4ndare n\u00e4r de g\u00e5r in p\u00e5 webbplatsen, registrerar sig eller g\u00f6r ett k\u00f6p. AiviouVape f\u00f6rbeh\u00e5ller sig r\u00e4tten att s\u00e4ga upp dessa villkor, helt eller delvis, n\u00e4r som helst utan f\u00f6reg\u00e5ende meddelande. Best\u00e4mmelser relaterade till upphovsr\u00e4tt, varum\u00e4rken, ansvarsfriskrivning, ansvarsbegr\u00e4nsning, gottg\u00f6relse och \u00f6vrigt ska forts\u00e4tta att g\u00e4lla efter upps\u00e4gning.<\/p>\n<p dir=\"auto\"><strong>Meddelande<\/strong><\/p>\n<p dir=\"auto\">AiviouVape kan tillhandah\u00e5lla meddelanden till dig via e-post, allm\u00e4nna meddelanden p\u00e5 webbplatsen eller andra p\u00e5litliga metoder med hj\u00e4lp av kontaktinformationen du angav.<\/p>\n<p dir=\"auto\"><strong>\u00d6vrigt<\/strong><\/p>\n<p dir=\"auto\">Dessa villkor styrs av lagarna i Hongkong, utan h\u00e4nsyn till dess lagkonfliktprinciper. Eventuella tvister som uppst\u00e5r fr\u00e5n dessa villkor kommer att l\u00f6sas av domstolarna i Hong Kong. Anspr\u00e5k m\u00e5ste l\u00e4mnas in inom ett \u00e5r fr\u00e5n det att det uppkom. AiviouVapes beslut att inte genomdriva n\u00e5gon del av dessa villkor avs\u00e4ger sig inte dess r\u00e4ttigheter. Vi kan \u00f6verl\u00e5ta v\u00e5ra r\u00e4ttigheter och skyldigheter enligt dessa villkor utan f\u00f6reg\u00e5ende meddelande.<\/p>\n<p dir=\"auto\"><strong>Anv\u00e4ndning av webbplatsen<\/strong><\/p>\n<p dir=\"auto\">Trakasserier eller ol\u00e4mpligt beteende p\u00e5 sajten \u00e4r f\u00f6rbjudet. Anv\u00e4ndare f\u00e5r inte ladda upp st\u00f6tande inneh\u00e5ll eller be andra om kommersiella tj\u00e4nster. AiviouVape f\u00f6rbeh\u00e5ller sig r\u00e4tten att blockera eller ta bort allt inneh\u00e5ll som bryter mot dessa villkor.<\/p>\n<p dir=\"auto\"><strong>Ansvarsfriskrivning f\u00f6r deltagande<\/strong><\/p>\n<p dir=\"auto\">AiviouVape ansvarar inte f\u00f6r anv\u00e4ndargenererat inneh\u00e5ll p\u00e5 webbplatsen. Vi agerar enbart som en distributionsplattform och f\u00f6rbeh\u00e5ller oss r\u00e4tten att ta bort st\u00f6tande inneh\u00e5ll om det anses n\u00f6dv\u00e4ndigt.<\/p>\n<p dir=\"auto\"><strong>Anv\u00e4ndning av produkter<\/strong><\/p>\n<p dir=\"auto\">AiviouVape g\u00f6r inga anspr\u00e5k p\u00e5 produktens effektivitet f\u00f6r n\u00e5got specifikt \u00e4ndam\u00e5l. Alla produkter anv\u00e4nds p\u00e5 k\u00f6parens risk. Nikotinprodukter \u00e4r strikt avsedda f\u00f6r vuxenbruk. R\u00e5dfr\u00e5ga en l\u00e4kare innan du anv\u00e4nder nikotinprodukter.<\/p>\n<p dir=\"auto\"><strong>Skadeers\u00e4ttning<\/strong><\/p>\n<p dir=\"auto\">Genom att anv\u00e4nda v\u00e5r webbplats samtycker du till att h\u00e5lla AiviouVape och dess tj\u00e4nsteleverant\u00f6rer skadesl\u00f6sa mot f\u00f6rluster, skador, kostnader och utgifter som uppst\u00e5r till f\u00f6ljd av eventuella brott mot dessa villkor eller relaterade aktiviteter p\u00e5 ditt konto.<\/p>\n<p dir=\"auto\"><strong>L\u00e4nkar till tredje part<\/strong><\/p>\n<p dir=\"auto\">AiviouVape kan tillhandah\u00e5lla l\u00e4nkar till externa webbplatser f\u00f6r anv\u00e4ndarens bekv\u00e4mlighet. Vi kontrollerar inte dessa webbplatser och \u00e4r inte ansvariga f\u00f6r deras inneh\u00e5ll eller praxis.<\/p>\n<p dir=\"auto\"><strong>Ansvarsfriskrivning f\u00f6r produkter<\/strong><\/p>\n<p dir=\"auto\">Vissa produkter kan ha specifika friskrivningar ang\u00e5ende returer eller ber\u00e4ttigande till utbyte. V\u00e4nligen granska alla produktspecifika ansvarsfriskrivningar innan du k\u00f6per. Genom att acceptera v\u00e5ra villkor i kassan, erk\u00e4nner du f\u00f6rst\u00e5else f\u00f6r alla till\u00e4mpliga ansvarsfriskrivningar.<\/p>\n<p dir=\"auto\">Tack f\u00f6r att du valde <strong>AiviouVape<\/strong>!<\/p>\n<div class=\"row align-middle\"  id=\"row-1850963179\">\n\n\t<div id=\"col-293484334\" class=\"col small-12 large-12\"  >\n\t\t\t\t<div class=\"col-inner text-center\"  >\n\t\t\t\n\t\t\t\n<a href=\"https:\/\/aiviouvapes.com\/sv\/shop\/\" class=\"button primary is-shade is-larger box-shadow-4 box-shadow-5-hover\" style=\"border-radius:10px;\">\n\t\t<span>Handla nu<\/span>\n\t<\/a>\n\n\t\t<\/div>\n\t\t\t\t\n<style>\n#col-293484334 > .col-inner {\n  padding: 20px 0px 0px 0px;\n}\n<\/style>\n\t<\/div>\n\n\t\n<\/div>","protected":false},"excerpt":{"rendered":"<p>Welcome to AiviouVape! Please read these terms and conditions carefully before using our website. By accessing and using our site, you agree to comply with the terms outlined here, as well as all applicable laws. If you do not agree with these terms, please discontinue using our website. By making a purchase, you accept these [&#8230;]\n","protected":false},"author":1,"featured_media":0,"parent":0,"menu_order":0,"comment_status":"closed","ping_status":"closed","template":"page-blank-title-center.php","meta":{"footnotes":""},"class_list":["post-9117","page","type-page","status-publish","hentry"],"jetpack_sharing_enabled":true,"_links":{"self":[{"href":"https:\/\/aiviouvapes.com\/sv\/wp-json\/wp\/v2\/pages\/9117","targetHints":{"allow":["GET"]}}],"collection":[{"href":"https:\/\/aiviouvapes.com\/sv\/wp-json\/wp\/v2\/pages"}],"about":[{"href":"https:\/\/aiviouvapes.com\/sv\/wp-json\/wp\/v2\/types\/page"}],"author":[{"embeddable":true,"href":"https:\/\/aiviouvapes.com\/sv\/wp-json\/wp\/v2\/users\/1"}],"replies":[{"embeddable":true,"href":"https:\/\/aiviouvapes.com\/sv\/wp-json\/wp\/v2\/comments?post=9117"}],"version-history":[{"count":0,"href":"https:\/\/aiviouvapes.com\/sv\/wp-json\/wp\/v2\/pages\/9117\/revisions"}],"wp:attachment":[{"href":"https:\/\/aiviouvapes.com\/sv\/wp-json\/wp\/v2\/media?parent=9117"}],"curies":[{"name":"wp","href":"https:\/\/api.w.org\/{rel}","templated":true}]}}