{"id":9111,"date":"2024-08-21T10:48:05","date_gmt":"2024-08-21T10:48:05","guid":{"rendered":"https:\/\/aiviouvapes.com\/?page_id=9111"},"modified":"2024-11-30T20:28:47","modified_gmt":"2024-11-30T12:28:47","slug":"shipping-policy","status":"publish","type":"page","link":"https:\/\/aiviouvapes.com\/sv\/shipping-policy\/","title":{"rendered":"Fraktpolicy"},"content":{"rendered":"<div id=\"text-1542538275\" class=\"text\">\n\t\t\n<header class=\"entry-header text-center\"><\/header>\n<p><strong>Fraktpolicy<\/strong><\/p>\n<p>1. Best\u00e4llningar kommer att behandlas och skickas inom 1-3 arbetsdagar. Leveranstiderna varierar vanligtvis fr\u00e5n 7-15 arbetsdagar f\u00f6r leverans. V\u00e4nligen notera att vi inte skickar best\u00e4llningar p\u00e5 helger.<\/p>\n<p>2. N\u00e4r din best\u00e4llning har skickats skickar vi dig sp\u00e5rningsinformationen via e-post. Du kan sp\u00e5ra din f\u00f6rs\u00e4ndelse med hj\u00e4lp av det angivna sp\u00e5rningsnumret p\u00e5 f\u00f6ljande webbplats:<\/p>\n<p><a href=\"https:\/\/www.17track.net\/en\" target=\"_blank\" rel=\"nofollow noopener\">https:\/\/www.17track.net\/en<\/a><\/p>\n<p>V\u00e4nligen v\u00e4nta 1-2 dagar efter leverans f\u00f6r att sp\u00e5rningsuppdateringar ska visas p\u00e5 webbplatsen.<\/p>\n<p>3. Du har m\u00f6jlighet att annullera en best\u00e4llning eller uppdatera leveransadressen n\u00e4r som helst innan produkterna skickas. N\u00e4r best\u00e4llningen har skickats kan vi dock inte behandla \u00e5terbetalningar eller adress\u00e4ndringar.<\/p>\n<p>4. l\u00e4nder som vi kan leverera till\u00a0<strong>DDP<\/strong>\u00a0(<strong>Leveransavgift betald<\/strong>) Metod, det beg\u00e4r inte att du g\u00f6r tullklarering och inga tullar f\u00f6r dig.<\/p>\n<ul>\n<li>USA - UPS Express (utom Alaska och Hawaii)<\/li>\n<li>Storbritannien - Lokalt DPD Express<\/li>\n<li>Europa - UPS Express\/ DPD Express\/ DHL Express<\/li>\n<\/ul>\n<p>Landlistor f\u00f6r Europa DDP-metoden: Tyskland, Belgien, Luxemburg, Nederl\u00e4nderna, Tjeckien, Polen, Kroatien, Slovakien, Slovenien, Finland, Danmark, Sverige, \u00d6sterrike, Frankrike, Italien, Ungern, Bulgarien, Litauen, Estland, Lettland, Grekland, Irland, Portugal, Spanien.<\/p>\n<p><strong>Leveranstider f\u00f6r specifika l\u00e4nder:<\/strong><\/p>\n<table style=\"height: 810px;\" width=\"518\">\n<thead>\n<tr>\n<th>LAND<\/th>\n<th>FRAKTMETOD<\/th>\n<th>LEVERANSTID<\/th>\n<\/tr>\n<\/thead>\n<tbody>\n<tr>\n<td>USA<\/td>\n<td>Lokalt UPS Ground<\/td>\n<td>10-15 dagar<\/td>\n<\/tr>\n<tr>\n<td>STORBRITANNIEN<\/td>\n<td>Lokal DPD Express<\/td>\n<td>7-12 dagar<\/td>\n<\/tr>\n<tr>\n<td>Tyskland<\/td>\n<td>UPS\/DPD\/DHL Tyskland<\/td>\n<td>8-13 dagar<\/td>\n<\/tr>\n<tr>\n<td>Frankrike<\/td>\n<td>UPS\/DPD\/DHL Tyskland<\/td>\n<td>8-13 dagar<\/td>\n<\/tr>\n<tr>\n<td>Belgien<\/td>\n<td>UPS\/DPD\/DHL Tyskland<\/td>\n<td>8-13 dagar<\/td>\n<\/tr>\n<tr>\n<td>Luxemburg<\/td>\n<td>UPS\/DPD\/DHL Tyskland<\/td>\n<td>8-13 dagar<\/td>\n<\/tr>\n<tr>\n<td>Nederl\u00e4nderna<\/td>\n<td>UPS\/DPD\/DHL Tyskland<\/td>\n<td>8-13 dagar<\/td>\n<\/tr>\n<tr>\n<td>Tjeckien<\/td>\n<td>UPS\/DPD\/DHL Tyskland<\/td>\n<td>8-13 dagar<\/td>\n<\/tr>\n<tr>\n<td>Polen<\/td>\n<td>UPS\/DPD\/DHL Tyskland<\/td>\n<td>8-13 dagar<\/td>\n<\/tr>\n<tr>\n<td>Kroatien<\/td>\n<td>UPS\/DPD\/DHL Tyskland<\/td>\n<td>8-13 dagar<\/td>\n<\/tr>\n<tr>\n<td>Slovakien<\/td>\n<td>UPS\/DPD\/DHL Tyskland<\/td>\n<td>8-13 dagar<\/td>\n<\/tr>\n<tr>\n<td>Slovenien<\/td>\n<td>UPS\/DPD\/DHL Tyskland<\/td>\n<td>8-13 dagar<\/td>\n<\/tr>\n<tr>\n<td>Finland<\/td>\n<td>UPS\/DPD\/DHL Tyskland<\/td>\n<td>8-13 dagar<\/td>\n<\/tr>\n<tr>\n<td>Danmark<\/td>\n<td>UPS\/DPD\/DHL Tyskland<\/td>\n<td>8-13 dagar<\/td>\n<\/tr>\n<tr>\n<td>Sverige<\/td>\n<td>UPS\/DPD\/DHL Tyskland<\/td>\n<td>8-13 dagar<\/td>\n<\/tr>\n<tr>\n<td>\u00d6sterrike<\/td>\n<td>UPS\/DPD\/DHL Tyskland<\/td>\n<td>8-13 dagar<\/td>\n<\/tr>\n<tr>\n<td>Italien<\/td>\n<td>UPS\/DPD\/DHL Tyskland<\/td>\n<td>8-13 dagar<\/td>\n<\/tr>\n<tr>\n<td>Ungern<\/td>\n<td>UPS\/DPD\/DHL Tyskland<\/td>\n<td>8-13 dagar<\/td>\n<\/tr>\n<tr>\n<td>Litauen<\/td>\n<td>UPS\/DPD\/DHL Tyskland<\/td>\n<td>8-13 dagar<\/td>\n<\/tr>\n<tr>\n<td>Estland<\/td>\n<td>UPS\/DPD\/DHL Tyskland<\/td>\n<td>8-13 dagar<\/td>\n<\/tr>\n<tr>\n<td>Lettland<\/td>\n<td>UPS\/DPD\/DHL Tyskland<\/td>\n<td>8-13 dagar<\/td>\n<\/tr>\n<tr>\n<td>Grekland<\/td>\n<td>UPS\/DPD\/DHL Tyskland<\/td>\n<td>8-13 dagar<\/td>\n<\/tr>\n<tr>\n<td>Irland<\/td>\n<td>UPS\/DPD\/DHL Tyskland<\/td>\n<td>8-13 dagar<\/td>\n<\/tr>\n<tr>\n<td>Portugal<\/td>\n<td>UPS\/DPD\/DHL Tyskland<\/td>\n<td>8-13 dagar<\/td>\n<\/tr>\n<tr>\n<td>Spanien<\/td>\n<td>UPS\/DPD\/DHL Tyskland<\/td>\n<td>8-13 dagar<\/td>\n<\/tr>\n<tr>\n<td>F\u00f6renade Arabemiraten (Dubai)<\/td>\n<td>S\u00e4rskild linje till Dubai<\/td>\n<td>12-18 dagar<\/td>\n<\/tr>\n<tr>\n<td>Sydafrika<\/td>\n<td>Sydafrika dedikerad linje<\/td>\n<td>15-25 dagar<\/td>\n<\/tr>\n<tr>\n<td>Vietnam<\/td>\n<td>Vietnam dedikerad linje<\/td>\n<td>3-5 dagar<\/td>\n<\/tr>\n<tr>\n<td>V\u00e4stra Malaysia<\/td>\n<td>Malaysia dedikerad linje<\/td>\n<td>4-8 dagar<\/td>\n<\/tr>\n<\/tbody>\n<\/table>\n<\/div>\n<\/div>\n<\/div>\n<\/div>\n<div id=\"col-429512057\" class=\"col medium-6 small-12 large-6\"><\/div>\n<\/div>\n<\/div>\n\t\t\n<style>\n#text-1542538275 {\n  text-align: left;\n}\n<\/style>\n\t<\/div>\n\t\n<div class=\"row align-middle\"  id=\"row-1269015383\">\n\n\t<div id=\"col-2118501664\" class=\"col small-12 large-12\"  >\n\t\t\t\t<div class=\"col-inner text-center\"  >\n\t\t\t\n\t\t\t\n<a href=\"https:\/\/aiviouvapes.com\/sv\/shop\/\" class=\"button primary is-shade is-larger box-shadow-4 box-shadow-5-hover\" style=\"border-radius:10px;\">\n\t\t<span>Handla nu<\/span>\n\t<\/a>\n\n\t\t<\/div>\n\t\t\t\t\n<style>\n#col-2118501664 > .col-inner {\n  padding: 20px 0px 0px 0px;\n}\n<\/style>\n\t<\/div>\n\n\t\n<\/div>","protected":false},"excerpt":{"rendered":"","protected":false},"author":1,"featured_media":0,"parent":0,"menu_order":0,"comment_status":"closed","ping_status":"closed","template":"page-blank-title-center.php","meta":{"footnotes":""},"class_list":["post-9111","page","type-page","status-publish","hentry"],"jetpack_sharing_enabled":true,"_links":{"self":[{"href":"https:\/\/aiviouvapes.com\/sv\/wp-json\/wp\/v2\/pages\/9111","targetHints":{"allow":["GET"]}}],"collection":[{"href":"https:\/\/aiviouvapes.com\/sv\/wp-json\/wp\/v2\/pages"}],"about":[{"href":"https:\/\/aiviouvapes.com\/sv\/wp-json\/wp\/v2\/types\/page"}],"author":[{"embeddable":true,"href":"https:\/\/aiviouvapes.com\/sv\/wp-json\/wp\/v2\/users\/1"}],"replies":[{"embeddable":true,"href":"https:\/\/aiviouvapes.com\/sv\/wp-json\/wp\/v2\/comments?post=9111"}],"version-history":[{"count":0,"href":"https:\/\/aiviouvapes.com\/sv\/wp-json\/wp\/v2\/pages\/9111\/revisions"}],"wp:attachment":[{"href":"https:\/\/aiviouvapes.com\/sv\/wp-json\/wp\/v2\/media?parent=9111"}],"curies":[{"name":"wp","href":"https:\/\/api.w.org\/{rel}","templated":true}]}}