{"id":80783,"date":"2025-11-05T12:53:51","date_gmt":"2025-11-05T04:53:51","guid":{"rendered":"https:\/\/aiviouvapes.com\/?page_id=80783"},"modified":"2025-11-05T13:10:35","modified_gmt":"2025-11-05T05:10:35","slug":"why-waspe-100k-4-in-1-outshines-vapsolo-triple-30k","status":"publish","type":"page","link":"https:\/\/aiviouvapes.com\/sv\/why-waspe-100k-4-in-1-outshines-vapsolo-triple-30k\/","title":{"rendered":"Varf\u00f6r WASPE 100K 4-in-1 \u00f6vertr\u00e4ffar VapSolo Triple 30K"},"content":{"rendered":"<div id=\"tab-description\" class=\"woocommerce-Tabs-panel woocommerce-Tabs-panel--description panel entry-content active\" style=\"font-family: Arial, sans-serif; line-height: 1.6; color: #333;\" role=\"tabpanel\" aria-labelledby=\"tab-title-description\">\n<h2 style=\"color: #2c3e50; border-bottom: 2px solid #3498db; padding-bottom: 10px; margin-bottom: 20px;\">Funderar du p\u00e5 att k\u00f6pa VapSolo Triple 30K? Uppt\u00e4ck varf\u00f6r WASPE 100K 4-in-1 \u00e4r det b\u00e4ttre valet!<\/h2>\n<p style=\"margin-bottom: 20px;\">Vi f\u00f6rst\u00e5r att VapSolo Triple 30K \u00e4r tilltalande - det \u00e4r en p\u00e5litlig vape med bra funktioner. Men om du letar efter fler puffar, extra smakalternativ och b\u00e4ttre v\u00e4rde, \u00e4r vi glada att kunna rekommendera WASPE 100K 4-i-1 som det \u00f6verl\u00e4gsna alternativet. Det \u00e4r som att uppgradera till en enhet som h\u00e5ller l\u00e4ngre och erbjuder mer utan att kompromissa med kvaliteten. L\u00e5t oss utforska varf\u00f6r denna switch kan f\u00f6rh\u00f6ja din vapingupplevelse!<\/p>\n<h3 style=\"color: #2980b9; margin-bottom: 15px;\">Vi introducerar Superior Option: WASPE 100K 4-i-1<\/h3>\n<p style=\"margin-bottom: 20px;\">WASPE 100K 4-i-1 \u00e4r konstruerad f\u00f6r ultimat bekv\u00e4mlighet och prestanda, och ger rika smaker och en f\u00f6rl\u00e4ngd livsl\u00e4ngd. Den h\u00e4r enheten \u00e4r perfekt f\u00f6r vapnare som kr\u00e4ver variation och tillf\u00f6rlitlighet och garanterar att du f\u00e5r ut mesta m\u00f6jliga av varje bloss. S\u00e4g hej till din nya favorit!<\/p>\n<div style=\"display: flex; justify-content: space-around; flex-wrap: wrap; margin: 30px 0;\">\n<div style=\"border: 1px solid #ddd; border-radius: 10px; padding: 20px; text-align: center; width: 45%; box-shadow: 0 4px 8px rgba(0,0,0,0.1); margin-bottom: 20px;\">\n<h4 style=\"color: #e74c3c; margin-top: 0; margin-bottom: 10px;\">Konkurrenten<\/h4>\n<p style=\"font-size: 1.5em; font-weight: bold; color: #34495e; margin-bottom: 10px;\"><a href=\"https:\/\/aiviouvapes.com\/sv\/produkt\/vapsolo-triple-30000-puffs\/\">VapSolo Trippel 30K<\/a><\/p>\n<p><img loading=\"lazy\" decoding=\"async\" class=\"alignnone\" src=\"https:\/\/i0.wp.com\/aiviouvapes.com\/wp-content\/uploads\/2025\/06\/vapsolo-triple-30000-flavors1.jpg?fit=800%2C800&amp;ssl=1\" alt=\"vapsolo trippel 30000 smaker1\" width=\"353\" height=\"353\" title=\"\"><\/p>\n<p>En anst\u00e4ndig vape med tredubbla smaker och ett bra antal puffar, men den skulle beh\u00f6va en uppgradering f\u00f6r l\u00e4ngre tillfredsst\u00e4llelse!<\/p>\n<\/div>\n<div style=\"border: 1px solid #2ecc71; border-radius: 10px; padding: 20px; text-align: center; width: 45%; box-shadow: 0 4px 8px rgba(0,0,0,0.1); margin-bottom: 20px; background-color: #f0fff4;\">\n<h4 style=\"color: #27ae60; margin-top: 0; margin-bottom: 10px;\">Det b\u00e4ttre alternativet<\/h4>\n<p style=\"font-size: 1.5em; font-weight: bold; color: #34495e; margin-bottom: 10px;\"><a style=\"color: #2980b9; text-decoration: none;\" href=\"https:\/\/aiviouvapes.com\/sv\/produkt\/waspe-4-in-1-100000-puffs\/\">WASPE 100K 4-i-1<\/a><\/p>\n<p><img loading=\"lazy\" decoding=\"async\" class=\"alignnone\" src=\"https:\/\/i0.wp.com\/aiviouvapes.com\/wp-content\/uploads\/2025\/07\/ce9ab875bcc8e8bad463b9393eb003fb.jpg?fit=800%2C800&amp;ssl=1\" alt=\"https:\/\/aiviouvapes.com\/product\/waspe-4-in-1-100000-puffs\/\" width=\"343\" height=\"343\" title=\"\"><\/p>\n<p>Har fyrdubbla smaker, massiv kapacitet och avancerad teknik f\u00f6r en f\u00f6rstklassig, problemfri vapingresa!<\/p>\n<\/div>\n<\/div>\n<p style=\"text-align: center;\"><a href=\"https:\/\/aiviouvapes.com\/sv\/produkt\/waspe-4-in-1-100000-puffs\/\" target=\"_blank\" class=\"button primary is-primary is-medium\" rel=\"noopener\" >\n\t\t<span>\ud83d\udd25 K\u00f6p WASPE 100K nu<\/span>\n\t<\/a>\n\n<h3 style=\"color: #2980b9; margin-bottom: 15px;\">Sida vid sida: En tydlig j\u00e4mf\u00f6relse<\/h3>\n<p style=\"margin-bottom: 20px;\">L\u00e5t oss j\u00e4mf\u00f6ra specifikationerna f\u00f6r att se varf\u00f6r WASPE \u00f6vergl\u00e4nser VapSolo. Vi har markerat de viktigaste skillnaderna f\u00f6r enkel referens.<\/p>\n<table style=\"width: 100%; border-collapse: collapse; margin: 30px 0; box-shadow: 0 4px 8px rgba(0,0,0,0.1);\">\n<thead style=\"background-color: #3498db; color: white;\">\n<tr>\n<th style=\"padding: 12px; border: 1px solid #ddd; text-align: left;\">Funktion<\/th>\n<th style=\"padding: 12px; border: 1px solid #ddd; text-align: left;\">VapSolo Trippel 30K<\/th>\n<th style=\"padding: 12px; border: 1px solid #ddd; text-align: left; background-color: #2ecc71;\">WASPE 100K 4-i-1 (det \u00f6verl\u00e4gsna valet!)<\/th>\n<\/tr>\n<\/thead>\n<tbody>\n<tr style=\"background-color: #f9f9f9;\">\n<td style=\"padding: 12px; border: 1px solid #ddd;\">Antal puffar<\/td>\n<td style=\"padding: 12px; border: 1px solid #ddd;\">Upp till 30 000<\/td>\n<td style=\"padding: 12px; border: 1px solid #ddd;\">Upp till 100 000 (\u00f6ver 3x mer f\u00f6r l\u00e4ngre njutning!)<\/td>\n<\/tr>\n<tr>\n<td style=\"padding: 12px; border: 1px solid #ddd;\">Kapacitet f\u00f6r e-v\u00e4tska<\/td>\n<td style=\"padding: 12px; border: 1px solid #ddd;\">40 mL (3 x ~13,3 mL tankar)<\/td>\n<td style=\"padding: 12px; border: 1px solid #ddd;\">56 mL (4 tankar f\u00f6r l\u00e4ngre sessioner)<\/td>\n<\/tr>\n<tr style=\"background-color: #f9f9f9;\">\n<td style=\"padding: 12px; border: 1px solid #ddd;\">Smaksystem<\/td>\n<td style=\"padding: 12px; border: 1px solid #ddd;\">Trippel smak med twist switch<\/td>\n<td style=\"padding: 12px; border: 1px solid #ddd;\">Fyrfaldiga smaker (en extra f\u00f6r mer variation!)<\/td>\n<\/tr>\n<tr>\n<td style=\"padding: 12px; border: 1px solid #ddd;\">Typ av spole<\/td>\n<td style=\"padding: 12px; border: 1px solid #ddd;\">1,0\u03a9 spole med tredubbla maskor<\/td>\n<td style=\"padding: 12px; border: 1px solid #ddd;\">4 x 1,0\u03a9 mesh-spolar (j\u00e4mn, rik \u00e5nga)<\/td>\n<\/tr>\n<tr style=\"background-color: #f9f9f9;\">\n<td style=\"padding: 12px; border: 1px solid #ddd;\">Batteri<\/td>\n<td style=\"padding: 12px; border: 1px solid #ddd;\">650mAh uppladdningsbar (Typ-C)<\/td>\n<td style=\"padding: 12px; border: 1px solid #ddd;\">650mAh uppladdningsbar (Typ-C)<\/td>\n<\/tr>\n<tr>\n<td style=\"padding: 12px; border: 1px solid #ddd;\">Display<\/td>\n<td style=\"padding: 12px; border: 1px solid #ddd;\">Smart LCD (antal puffar, batteri, smak)<\/td>\n<td style=\"padding: 12px; border: 1px solid #ddd;\">LED-display (\u00f6vervakning av batteri och e-v\u00e4tska)<\/td>\n<\/tr>\n<tr style=\"background-color: #f9f9f9;\">\n<td style=\"padding: 12px; border: 1px solid #ddd;\">Alternativ f\u00f6r nikotin<\/td>\n<td style=\"padding: 12px; border: 1px solid #ddd;\">2%, 5%<\/td>\n<td style=\"padding: 12px; border: 1px solid #ddd;\">0%, 2%, 5%<\/td>\n<\/tr>\n<tr>\n<td style=\"padding: 12px; border: 1px solid #ddd;\">Bulkpriser (per enhet, 400+)<\/td>\n<td style=\"padding: 12px; border: 1px solid #ddd;\">~\u20ac7.65<\/td>\n<td style=\"padding: 12px; border: 1px solid #ddd;\">~6,54 \u20ac (Mer pengar att spara!)<\/td>\n<\/tr>\n<tr style=\"background-color: #f9f9f9;\">\n<td style=\"padding: 12px; border: 1px solid #ddd;\">Varf\u00f6r v\u00e4lja det?<\/td>\n<td style=\"padding: 12px; border: 1px solid #ddd;\">Bra f\u00f6r m\u00e5ttlig anv\u00e4ndning med ergonomisk design.<\/td>\n<td style=\"padding: 12px; border: 1px solid #ddd;\">O\u00f6vertr\u00e4ffad livsl\u00e4ngd och v\u00e4rde f\u00f6r tunga vapers.<\/td>\n<\/tr>\n<\/tbody>\n<\/table>\n<h3 style=\"color: #2980b9; margin-bottom: 15px;\">Vad g\u00f6r att WASPE 100K sticker ut<\/h3>\n<div style=\"background-color: #eafaf1; border-left: 5px solid #2ecc71; padding: 20px; margin: 20px 0; border-radius: 5px;\">\n<h4 style=\"color: #27ae60; margin-top: 0; margin-bottom: 15px;\">F\u00f6rdelen med WASPE: Mer av allt!<\/h4>\n<ul style=\"list-style-type: none; padding: 0; margin: 0;\">\n<li style=\"margin-bottom: 10px;\">\u2705 Tre g\u00e5nger s\u00e5 m\u00e5nga puffar: Med 100 000 puffar h\u00e5ller WASPE mycket l\u00e4ngre \u00e4n VapSolos 30 000, vilket minimerar byten och maximerar bekv\u00e4mligheten.<\/li>\n<li style=\"margin-bottom: 10px;\">\u2705 Extra smakvariation: Fyra smaker inneb\u00e4r fler alternativ att v\u00e4xla mellan, vilket f\u00f6rhindrar tristess och \u00f6kar tillfredsst\u00e4llelsen - ingen smakbl\u00f6dning tack vare separata tankar.<\/li>\n<li style=\"margin-bottom: 10px;\">\u2705 St\u00f6rre kapacitet f\u00f6r mindre kr\u00e5ngel: 56 ml e-v\u00e4tska garanterar l\u00e4ngre sessioner, i kombination med quad mesh-spolar f\u00f6r j\u00e4mna, intensiva tr\u00e4ffar varje g\u00e5ng.<\/li>\n<li style=\"margin-bottom: 10px;\">\u2705 Anv\u00e4ndarv\u00e4nliga funktioner: Uppladdningsbar design, LED-display och ergonomisk konstruktion g\u00f6r den tillg\u00e4nglig f\u00f6r alla vapers, med positiva recensioner om smakrenhet och \u00e5ngkvalitet.<\/li>\n<li>\n<p dir=\"auto\">\u2705 Kostnadseffektiva bulkalternativ: WASPE erbjuder flexibel priss\u00e4ttning som b\u00f6rjar fr\u00e5n en l\u00e5g MOQ p\u00e5 bara 10 stycken, vilket g\u00f6r den tillg\u00e4nglig f\u00f6r sm\u00e5 best\u00e4llningar eller testning - till skillnad fr\u00e5n VapSolo, som kr\u00e4ver minst 1 000 stycken till h\u00f6gre kostnader per enhet f\u00f6r mindre k\u00f6pare. Detta \u00e4r en spelv\u00e4xlare f\u00f6r vapers eller butiker som vill best\u00e4lla n\u00e5gra enheter utan att f\u00f6rbinda sig till stora m\u00e4ngder, \u00e4ven om VapSolos \u00f6vergripande upplevelse inte matchar WASPEs \u00f6verl\u00e4gsna livsl\u00e4ngd och funktioner. Samtidigt g\u00f6r l\u00e4gre priss\u00e4ttning i st\u00f6rre kvantiteter WASPE idealisk f\u00f6r grossister eller ivriga anv\u00e4ndare som vill spara. H\u00e4r \u00e4r en snabb prisuppdelning:<\/p>\n<p dir=\"auto\"><strong>WASPE Priss\u00e4ttning:<\/strong><\/p>\n<ul dir=\"auto\">\n<li>10-29: \u20ac12,10 per styck<\/li>\n<li>30-49: 9,63 euro vardera<\/li>\n<li>50-99: 7,90 euro per styck<\/li>\n<li>100-199: 7,65 euro per styck<\/li>\n<li>200-399: 6,99 euro per styck<\/li>\n<li>400+: 6,54 euro per styck<\/li>\n<\/ul>\n<p dir=\"auto\"><strong>VapSolo Priss\u00e4ttning:<\/strong><\/p>\n<ul dir=\"auto\">\n<li>1.000-1.999: 8,52 euro per styck<\/li>\n<li>2 000+: 7,65 euro per styck<\/li>\n<\/ul>\n<\/li>\n<\/ul>\n<\/div>\n<p style=\"text-align: center;\"><a href=\"https:\/\/aiviouvapes.com\/sv\/produkt\/waspe-4-in-1-100000-puffs\/\" target=\"_blank\" class=\"button secondary is-secondary is-medium\" rel=\"noopener\" >\n\t\t<span>\ud83d\udca8 F\u00e5 WASPE 100K grossist<\/span>\n\t<\/a>\n\n<h3 style=\"color: #2980b9; margin-bottom: 15px;\">Hantering av vanliga problem<\/h3>\n<div style=\"background-color: #f4f6f7; border-radius: 8px; padding: 20px; margin-bottom: 20px;\">\n<div style=\"margin-bottom: 15px;\">\n<h4 style=\"font-weight: bold; color: #34495e; margin: 0;\">\ud83e\udd14 \u201cVapSolo har en snygg LCD - kan WASPE matcha det?\u201d<\/h4>\n<p style=\"margin-top: 5px; margin-bottom: 0;\">WASPE:s LED-display \u00e4r intuitiv och visar viktig information som batteri- och e-v\u00e4tskeniv\u00e5er. Medan VapSolos sk\u00e4rm \u00e4r detaljerad, prioriterar WASPE tillf\u00f6rlitlighet och livsl\u00e4ngd framf\u00f6r extrafunktioner.<\/p>\n<\/div>\n<div style=\"margin-bottom: 15px;\">\n<h4 style=\"font-weight: bold; color: #34495e; margin: 0;\">\ud83e\udd14 \u201c\u00c4r WASPE lika b\u00e4rbar och l\u00e4tt att anv\u00e4nda?\u201d<\/h4>\n<p style=\"margin-top: 5px; margin-bottom: 0;\">Ja! Den \u00e4r kompakt, l\u00e4tt och har en enkel omkopplare f\u00f6r smaker. Precis som VapSolo \u00e4r den uppladdningsbar via Type-C och redo f\u00f6r vaping n\u00e4r du \u00e4r p\u00e5 spr\u00e5ng.<\/p>\n<\/div>\n<div>\n<h4 style=\"font-weight: bold; color: #34495e; margin: 0;\">\ud83e\udd14 \u201cHur \u00e4r det med smaker och nikotin - liknande kvalitet?\u201d<\/h4>\n<p style=\"margin-top: 5px; margin-bottom: 0;\">WASPE erbjuder olika kombinationer, t.ex. Watermelon Ice &amp; Strawberry Kiwi, med 0-5% nikotin. Anv\u00e4ndarna lovordar de rena, intensiva smakerna och noterar ofta b\u00e4ttre konsistens \u00e4n konkurrenterna.<\/p>\n<\/div>\n<\/div>\n<h3 style=\"color: #2980b9; margin-top: 40px; text-align: left; margin-bottom: 15px;\">\u00c4r du redo att uppgradera din vape?<\/h3>\n<p style=\"font-size: 1.1em; text-align: left; margin-bottom: 0;\">Att byta till WASPE 100K 4-in-1 inneb\u00e4r fler puffar, fler smaker och mer besparingar. Det \u00e4r inte bara en ers\u00e4ttning - det \u00e4r en f\u00f6rb\u00e4ttring av din vaping-rutin. Kolla in den idag och upplev skillnaden!<\/p>\n<p style=\"text-align: center;\"><a href=\"https:\/\/aiviouvapes.com\/sv\/produkt\/waspe-4-in-1-100000-puffs\/\" target=\"_blank\" class=\"button primary is-primary is-medium\" rel=\"noopener\" >\n\t\t<span>\ud83c\udf1f Handla WASPE 100K h\u00e4r<\/span>\n\t<\/a>\n\n<div id=\"row-210236194\" class=\"row row-collapse\" style=\"margin-top: 20px;\">\n<div id=\"col-1507800244\" class=\"col small-12 large-12\"><\/div>\n<\/div>\n<\/div>","protected":false},"excerpt":{"rendered":"<p>Considering the VapSolo Triple 30K? Discover Why WASPE 100K 4-in-1 is the Better Choice! We understand the appeal of the VapSolo Triple 30K\u2014it&#8217;s a reliable vape with good features. However, if you&#8217;re looking for more puffs, extra flavor options, and better value, we&#8217;re excited to recommend the WASPE 100K 4-in-1 as the superior alternative. It&#8217;s [&#8230;]\n","protected":false},"author":2170,"featured_media":0,"parent":0,"menu_order":0,"comment_status":"closed","ping_status":"closed","template":"","meta":{"footnotes":""},"class_list":["post-80783","page","type-page","status-publish","hentry"],"jetpack_sharing_enabled":true,"_links":{"self":[{"href":"https:\/\/aiviouvapes.com\/sv\/wp-json\/wp\/v2\/pages\/80783","targetHints":{"allow":["GET"]}}],"collection":[{"href":"https:\/\/aiviouvapes.com\/sv\/wp-json\/wp\/v2\/pages"}],"about":[{"href":"https:\/\/aiviouvapes.com\/sv\/wp-json\/wp\/v2\/types\/page"}],"author":[{"embeddable":true,"href":"https:\/\/aiviouvapes.com\/sv\/wp-json\/wp\/v2\/users\/2170"}],"replies":[{"embeddable":true,"href":"https:\/\/aiviouvapes.com\/sv\/wp-json\/wp\/v2\/comments?post=80783"}],"version-history":[{"count":6,"href":"https:\/\/aiviouvapes.com\/sv\/wp-json\/wp\/v2\/pages\/80783\/revisions"}],"predecessor-version":[{"id":80792,"href":"https:\/\/aiviouvapes.com\/sv\/wp-json\/wp\/v2\/pages\/80783\/revisions\/80792"}],"wp:attachment":[{"href":"https:\/\/aiviouvapes.com\/sv\/wp-json\/wp\/v2\/media?parent=80783"}],"curies":[{"name":"wp","href":"https:\/\/api.w.org\/{rel}","templated":true}]}}