{"id":5173,"date":"2024-08-21T10:42:43","date_gmt":"2024-08-21T10:42:43","guid":{"rendered":"https:\/\/aiviouvapes.com\/?page_id=5173"},"modified":"2026-02-02T10:25:50","modified_gmt":"2026-02-02T02:25:50","slug":"coupons-offer","status":"publish","type":"page","link":"https:\/\/aiviouvapes.com\/sv\/coupons-offer\/","title":{"rendered":"Kuponger &amp; erbjudanden"},"content":{"rendered":"<div class=\"row\"  id=\"row-1266110326\">\n\n\t<div id=\"col-717168872\" class=\"col medium-6 small-12 large-6\"  >\n\t\t\t\t<div class=\"col-inner text-center\"  >\n\t\t\t\n\t\t\t\n\t<div id=\"text-3809095214\" class=\"text\">\n\t\t\n<h2>2026 Exklusiv kupongkod tillg\u00e4nglig!<\/h2>\n<p>Logga in p\u00e5 ditt konto och g\u00e5 till sidan Kupongkod f\u00f6r att l\u00e5sa upp din personliga rabatt och b\u00f6rja spara idag.<\/p>\n\t\t\n<style>\n#text-3809095214 {\n  text-align: center;\n}\n<\/style>\n\t<\/div>\n\t\n<a href=\"https:\/\/aiviouvapes.com\/sv\/my-account\/smart-coupons\/\" class=\"button primary box-shadow-3 box-shadow-1-hover\" >\n\t\t<span>Visa kuponger<\/span>\n\t<\/a>\n\n\t\t<\/div>\n\t\t\t\t\t<\/div>\n\n\t\n\n\t<div id=\"col-1847446221\" class=\"col medium-6 small-12 large-6\"  >\n\t\t\t\t<div class=\"col-inner text-center\"  >\n\t\t\t\n\t\t\t\n<div id=\"text-3360396666\" class=\"text\">\n<h2 style=\"text-align: left;\">Eng\u00e5ngs Vape Kuponger &amp; erbjudanden av AIVIOU VAPES<\/h2>\n<\/div>\n<p style=\"text-align: left;\">V\u00e4lkommen till aiviouvapes.com, din ultimata online-destination f\u00f6r h\u00f6gkvalitativa eng\u00e5ngs vape-produkter. Uppt\u00e4ck v\u00e5r omfattande samling av k\u00e4nda varum\u00e4rken, inklusive Doloda, Elf Box, Bang King, Al Fakher Vape, Vapeme, Waspe, RandM Tornado, Bang Box och mer. Se till att kolla v\u00e5r webbplats ofta f\u00f6r exklusiva erbjudanden och specialerbjudanden, s\u00e5 att v\u00e5ra exceptionella vape-produkter f\u00f6rblir tillg\u00e4ngliga f\u00f6r alla.<\/p>\n<p style=\"text-align: left;\">Vi \u00e4r professionella grossistdistribut\u00f6rer av eng\u00e5ngsvapes. V\u00e5ra vinstmarginaler \u00e4r minimala, och vi ut\u00f6kar v\u00e5ra uppriktiga anstr\u00e4ngningar genom att erbjuda rabattkuponger och str\u00e4var efter ett l\u00e5ngsiktigt och stabilt partnerskap med v\u00e5ra kunder.<\/p>\n<a href=\"https:\/\/aiviouvapes.com\/sv\/shop\/\" class=\"button primary box-shadow-3 box-shadow-1-hover\" >\n\t\t<span>Best\u00e4ll nu<\/span>\n\t<\/a>\n\n\t\t<\/div>\n\t\t\t\t\t<\/div>\n\n\t\n<\/div>\n\t<div id=\"gap-1983111715\" class=\"gap-element clearfix\" style=\"display:block; height:auto;\">\n\t\t\n<style>\n#gap-1983111715 {\n  padding-top: 30px;\n}\n<\/style>\n\t<\/div>\n\t\n<div class=\"container section-title-container\" ><h3 class=\"section-title section-title-normal\"><b aria-hidden=\"true\"><\/b><span class=\"section-title-main\" >Bibliotek med affiliate-kuponger (allm\u00e4n anv\u00e4ndning)<\/span><b aria-hidden=\"true\"><\/b><\/h3><\/div>\n<table style=\"width:100%; border-collapse:collapse; font-family:Arial, sans-serif; text-align:left; border:1px solid #ddd;\">\n<thead style=\"background:#f7f7f7;\">\n<tr>\n<th style=\"padding:10px; border:1px solid #ddd;\">\ud83c\udf9f\ufe0f Kupongkod<\/th>\n<th style=\"padding:10px; border:1px solid #ddd;\">\ud83d\udcb0 Rabatt<\/th>\n<th style=\"padding:10px; border:1px solid #ddd;\">\ud83d\uded2 Minsta best\u00e4llning<\/th>\n<th style=\"padding:10px; border:1px solid #ddd;\">\ud83d\udcc5 G\u00e4ller fram till<\/th>\n<th style=\"padding:10px; border:1px solid #ddd;\">\ud83e\udded Beskrivning<\/th>\n<th style=\"padding:10px; border:1px solid #ddd;\">\ud83d\udce2 F\u00f6reslagen annonsrad<\/th>\n<\/tr>\n<\/thead>\n<tbody>\n<tr>\n<td style=\"padding:10px; border:1px solid #ddd;\"><b>BULKSAVE300<\/b><\/td>\n<td style=\"padding:10px; border:1px solid #ddd;\">2% OFF<\/td>\n<td style=\"padding:10px; border:1px solid #ddd;\">\u20ac300+<\/td>\n<td style=\"padding:10px; border:1px solid #ddd;\">31 december 2026<\/td>\n<td style=\"padding:10px; border:1px solid #ddd;\">Spara stort n\u00e4r du best\u00e4ller \u00f6ver \u20ac 300!<\/td>\n<td style=\"padding:10px; border:1px solid #ddd;\">\ud83d\udcb8 Spendera smart, spara mer! F\u00e5 <b>2% OFF<\/b> best\u00e4llningar \u00f6ver 300 euro.<\/td>\n<\/tr>\n<tr>\n<td style=\"padding:10px; border:1px solid #ddd;\"><b>BULKSAVE<\/b><\/td>\n<td style=\"padding:10px; border:1px solid #ddd;\">3% OFF<\/td>\n<td style=\"padding:10px; border:1px solid #ddd;\">\u20ac500+<\/td>\n<td style=\"padding:10px; border:1px solid #ddd;\">31 december 2026<\/td>\n<td style=\"padding:10px; border:1px solid #ddd;\">Njut av st\u00f6rre besparingar f\u00f6r best\u00e4llningar \u00f6ver \u20ac 500!<\/td>\n<td style=\"padding:10px; border:1px solid #ddd;\">\ud83d\ude9b Stora best\u00e4llningar = Stora bel\u00f6ningar! <b>3% OFF<\/b> \u00f6ver 500 euro.<\/td>\n<\/tr>\n<tr>\n<td style=\"padding:10px; border:1px solid #ddd;\"><b>BULKSAVE1500<\/b><\/td>\n<td style=\"padding:10px; border:1px solid #ddd;\">3,01% OFF<\/td>\n<td style=\"padding:10px; border:1px solid #ddd;\">\u20ac1500+<\/td>\n<td style=\"padding:10px; border:1px solid #ddd;\">31 december 2026<\/td>\n<td style=\"padding:10px; border:1px solid #ddd;\">S\u00e4rskild rabatt f\u00f6r k\u00f6pare av stora volymer.<\/td>\n<td style=\"padding:10px; border:1px solid #ddd;\">\ud83c\udff7\ufe0f Mega Saver! Spendera \u20ac1500+ &amp; f\u00e5 <b>3,01% OFF<\/b>.<\/td>\n<\/tr>\n<tr>\n<td style=\"padding:10px; border:1px solid #ddd;\"><b>NOV2026<\/b><\/td>\n<td style=\"padding:10px; border:1px solid #ddd;\">5 \u20ac RABATT<\/td>\n<td style=\"padding:10px; border:1px solid #ddd;\">\u20ac90+<\/td>\n<td style=\"padding:10px; border:1px solid #ddd;\">30 november 2026<\/td>\n<td style=\"padding:10px; border:1px solid #ddd;\">\ud83c\udf41 November Special - \u20ac5 rabatt p\u00e5 din kundvagn!<\/td>\n<td style=\"padding:10px; border:1px solid #ddd;\">\ud83c\udf42 Spara 5 \u20ac direkt med <b>NOV2026<\/b> hela november l\u00e5ng!<\/td>\n<\/tr>\n<tr>\n<td style=\"padding:10px; border:1px solid #ddd;\"><b>BlackFriday<\/b><\/td>\n<td style=\"padding:10px; border:1px solid #ddd;\">10 \u20ac RABATT<\/td>\n<td style=\"padding:10px; border:1px solid #ddd;\">\u20ac90+<\/td>\n<td style=\"padding:10px; border:1px solid #ddd;\">27 november 2026<\/td>\n<td style=\"padding:10px; border:1px solid #ddd;\">Black Friday specialbesparingar p\u00e5 kvalificerade best\u00e4llningar.<\/td>\n<td style=\"padding:10px; border:1px solid #ddd;\">\ud83d\udda4 Svart fredag stj\u00e4l: F\u00e5 en <b>10 \u20ac RABATT<\/b> n\u00e4r du spenderar \u20ac90+!<\/td>\n<\/tr>\n<tr>\n<td style=\"padding:10px; border:1px solid #ddd;\"><b>CyberMonday<\/b><\/td>\n<td style=\"padding:10px; border:1px solid #ddd;\">10 \u20ac RABATT<\/td>\n<td style=\"padding:10px; border:1px solid #ddd;\">\u20ac90+<\/td>\n<td style=\"padding:10px; border:1px solid #ddd;\">30 november 2026<\/td>\n<td style=\"padding:10px; border:1px solid #ddd;\">Cyber Monday f\u00f6rl\u00e4ngning - extra tid att spara!<\/td>\n<td style=\"padding:10px; border:1px solid #ddd;\">\ud83d\udcbb Klick, kundvagn, spara: <b>10 \u20ac RABATT<\/b> best\u00e4llningar \u20ac90+!<\/td>\n<\/tr>\n<tr>\n<td style=\"padding:10px; border:1px solid #ddd;\"><b>ChristmasDay<\/b><\/td>\n<td style=\"padding:10px; border:1px solid #ddd;\">10 \u20ac RABATT<\/td>\n<td style=\"padding:10px; border:1px solid #ddd;\">\u20ac90+<\/td>\n<td style=\"padding:10px; border:1px solid #ddd;\">26 december 2026<\/td>\n<td style=\"padding:10px; border:1px solid #ddd;\">Festliga besparingar f\u00f6r julshoppare.<\/td>\n<td style=\"padding:10px; border:1px solid #ddd;\">\ud83c\udf84 Packa upp <b>10 \u20ac RABATT<\/b> p\u00e5 \u20ac90+ denna jul!<\/td>\n<\/tr>\n<tr>\n<td style=\"padding:10px; border:1px solid #ddd;\"><b>BoxingDay<\/b><\/td>\n<td style=\"padding:10px; border:1px solid #ddd;\">10 \u20ac RABATT<\/td>\n<td style=\"padding:10px; border:1px solid #ddd;\">\u20ac90+<\/td>\n<td style=\"padding:10px; border:1px solid #ddd;\">27 december 2026<\/td>\n<td style=\"padding:10px; border:1px solid #ddd;\">Boxing Day-erbjudande p\u00e5 kvalificerade korgar.<\/td>\n<td style=\"padding:10px; border:1px solid #ddd;\">\ud83c\udf81 Day-After Deal: <b>10 \u20ac RABATT<\/b> n\u00e4r du handlar f\u00f6r mer \u00e4n 90 euro.<\/td>\n<\/tr>\n<tr>\n<td style=\"padding:10px; border:1px solid #ddd;\"><b>NewYearDay<\/b><\/td>\n<td style=\"padding:10px; border:1px solid #ddd;\">10 \u20ac RABATT<\/td>\n<td style=\"padding:10px; border:1px solid #ddd;\">\u20ac90+<\/td>\n<td style=\"padding:10px; border:1px solid #ddd;\">2 januari 2027<\/td>\n<td style=\"padding:10px; border:1px solid #ddd;\">Ring in det nya \u00e5ret med omedelbara besparingar.<\/td>\n<td style=\"padding:10px; border:1px solid #ddd;\">\ud83c\udf86 Nytt \u00e5r, nya besparingar: <b>10 \u20ac RABATT<\/b> \u20ac90+!<\/td>\n<\/tr>\n<p><!-- 2026 Monthly Coupons --><\/p>\n<tr>\n<td style=\"padding:10px; border:1px solid #ddd;\"><b>FEB2026<\/b><\/td>\n<td style=\"padding:10px; border:1px solid #ddd;\">5 \u20ac RABATT<\/td>\n<td style=\"padding:10px; border:1px solid #ddd;\">\u20ac90+<\/td>\n<td style=\"padding:10px; border:1px solid #ddd;\">28 februari 2026<\/td>\n<td style=\"padding:10px; border:1px solid #ddd;\">Februariavtal - enkla besparingar.<\/td>\n<td style=\"padding:10px; border:1px solid #ddd;\">\u2764\ufe0f \u00c4lskar priset! <b>5 \u20ac RABATT<\/b> med FEB2026.<\/td>\n<\/tr>\n<tr>\n<td style=\"padding:10px; border:1px solid #ddd;\"><b>MAR2026<\/b><\/td>\n<td style=\"padding:10px; border:1px solid #ddd;\">5 \u20ac RABATT<\/td>\n<td style=\"padding:10px; border:1px solid #ddd;\">\u20ac90+<\/td>\n<td style=\"padding:10px; border:1px solid #ddd;\">31 mars 2026<\/td>\n<td style=\"padding:10px; border:1px solid #ddd;\">Sparande i mars p\u00e5 ett enkelt s\u00e4tt.<\/td>\n<td style=\"padding:10px; border:1px solid #ddd;\">\ud83c\udf31 V\u00e5rstart: <b>5 \u20ac RABATT<\/b> med MAR2026.<\/td>\n<\/tr>\n<tr>\n<td style=\"padding:10px; border:1px solid #ddd;\"><b>APR2026<\/b><\/td>\n<td style=\"padding:10px; border:1px solid #ddd;\">5 \u20ac RABATT<\/td>\n<td style=\"padding:10px; border:1px solid #ddd;\">\u20ac90+<\/td>\n<td style=\"padding:10px; border:1px solid #ddd;\">30 april 2026<\/td>\n<td style=\"padding:10px; border:1px solid #ddd;\">Bonus f\u00f6r aprilvagn.<\/td>\n<td style=\"padding:10px; border:1px solid #ddd;\">\ud83c\udf38 Nya erbjudanden: <b>5 \u20ac RABATT<\/b> APR2026.<\/td>\n<\/tr>\n<tr>\n<td style=\"padding:10px; border:1px solid #ddd;\"><b>MAY2026<\/b><\/td>\n<td style=\"padding:10px; border:1px solid #ddd;\">5 \u20ac RABATT<\/td>\n<td style=\"padding:10px; border:1px solid #ddd;\">\u20ac90+<\/td>\n<td style=\"padding:10px; border:1px solid #ddd;\">31 maj 2026<\/td>\n<td style=\"padding:10px; border:1px solid #ddd;\">S\u00e4rskilda besparingar i maj.<\/td>\n<td style=\"padding:10px; border:1px solid #ddd;\">\ud83c\udf3c Ljusa besparingar med <b>MAY2026<\/b>.<\/td>\n<\/tr>\n<tr>\n<td style=\"padding:10px; border:1px solid #ddd;\"><b>JUN2026<\/b><\/td>\n<td style=\"padding:10px; border:1px solid #ddd;\">5 \u20ac RABATT<\/td>\n<td style=\"padding:10px; border:1px solid #ddd;\">\u20ac90+<\/td>\n<td style=\"padding:10px; border:1px solid #ddd;\">30 juni 2026<\/td>\n<td style=\"padding:10px; border:1px solid #ddd;\">Juni checkout bonus.<\/td>\n<td style=\"padding:10px; border:1px solid #ddd;\">\u2600\ufe0f Sommarbesparing: <b>5 \u20ac RABATT<\/b> JUN2026.<\/td>\n<\/tr>\n<tr>\n<td style=\"padding:10px; border:1px solid #ddd;\"><b>JUL2026<\/b><\/td>\n<td style=\"padding:10px; border:1px solid #ddd;\">5 \u20ac RABATT<\/td>\n<td style=\"padding:10px; border:1px solid #ddd;\">\u20ac90+<\/td>\n<td style=\"padding:10px; border:1px solid #ddd;\">31 juli 2026<\/td>\n<td style=\"padding:10px; border:1px solid #ddd;\">Juli m\u00e5nads b\u00e4sta erbjudande.<\/td>\n<td style=\"padding:10px; border:1px solid #ddd;\">\ud83d\udd25 V\u00e4rm upp besparingarna med JUL2026.<\/td>\n<\/tr>\n<tr>\n<td style=\"padding:10px; border:1px solid #ddd;\"><b>AUG2026<\/b><\/td>\n<td style=\"padding:10px; border:1px solid #ddd;\">5 \u20ac RABATT<\/td>\n<td style=\"padding:10px; border:1px solid #ddd;\">\u20ac90+<\/td>\n<td style=\"padding:10px; border:1px solid #ddd;\">31 augusti 2026<\/td>\n<td style=\"padding:10px; border:1px solid #ddd;\">Augusti l\u00e4tt rabatt.<\/td>\n<td style=\"padding:10px; border:1px solid #ddd;\">\ud83c\udf1e Spara med ett klick: AUG2026.<\/td>\n<\/tr>\n<tr>\n<td style=\"padding:10px; border:1px solid #ddd;\"><b>SEP2026<\/b><\/td>\n<td style=\"padding:10px; border:1px solid #ddd;\">5 \u20ac RABATT<\/td>\n<td style=\"padding:10px; border:1px solid #ddd;\">\u20ac90+<\/td>\n<td style=\"padding:10px; border:1px solid #ddd;\">30 september 2026<\/td>\n<td style=\"padding:10px; border:1px solid #ddd;\">Septemberbonus.<\/td>\n<td style=\"padding:10px; border:1px solid #ddd;\">\ud83c\udf41 H\u00f6stbesparingar med SEP2026.<\/td>\n<\/tr>\n<tr>\n<td style=\"padding:10px; border:1px solid #ddd;\"><b>OCT2026<\/b><\/td>\n<td style=\"padding:10px; border:1px solid #ddd;\">5 \u20ac RABATT<\/td>\n<td style=\"padding:10px; border:1px solid #ddd;\">\u20ac90+<\/td>\n<td style=\"padding:10px; border:1px solid #ddd;\">31 oktober 2026<\/td>\n<td style=\"padding:10px; border:1px solid #ddd;\">Oktober bjuder.<\/td>\n<td style=\"padding:10px; border:1px solid #ddd;\">\ud83c\udf83 Sp\u00f6klik bra aff\u00e4r: OCT2026.<\/td>\n<\/tr>\n<tr>\n<td style=\"padding:10px; border:1px solid #ddd;\"><b>DEC2026<\/b><\/td>\n<td style=\"padding:10px; border:1px solid #ddd;\">5 \u20ac RABATT<\/td>\n<td style=\"padding:10px; border:1px solid #ddd;\">\u20ac90+<\/td>\n<td style=\"padding:10px; border:1px solid #ddd;\">31 december 2026<\/td>\n<td style=\"padding:10px; border:1px solid #ddd;\">\u00c5rsbonus i december.<\/td>\n<td style=\"padding:10px; border:1px solid #ddd;\">\ud83c\udf84 Avsluta starkt: <b>5 \u20ac RABATT<\/b> DEC2026.<\/td>\n<\/tr>\n<\/tbody>\n<\/table>\n\t<div id=\"gap-1642456143\" class=\"gap-element clearfix\" style=\"display:block; height:auto;\">\n\t\t\n<style>\n#gap-1642456143 {\n  padding-top: 30px;\n}\n<\/style>\n\t<\/div>\n\t\n<div class=\"container section-title-container\" ><h3 class=\"section-title section-title-normal\"><b aria-hidden=\"true\"><\/b><span class=\"section-title-main\" >Tj\u00e4na med AIVIOU Vapes<\/span><b aria-hidden=\"true\"><\/b><\/h3><\/div>\n<p>G\u00e5 med i ett av de snabbast v\u00e4xande vape-varum\u00e4rkena och b\u00f6rja tj\u00e4na pengar <strong>15%<\/strong> provision p\u00e5 varje f\u00f6rs\u00e4ljning! AIVIOU Vapes erbjuder ett premiumutbud av b\u00e4sts\u00e4ljande eng\u00e5ngsvapor, e-v\u00e4tskor och tillbeh\u00f6r som kunderna \u00e4lskar - vilket g\u00f6r det superenkelt f\u00f6r affiliates att vinna provision. Med hett s\u00e4ljande produkter, h\u00f6ga konverteringsfrekvenser och nya kampanjer varje m\u00e5nad inneb\u00e4r partnerskap med AIVIOU Vapes att dina int\u00e4kter kan \u00f6ka snabbt. \ud83d\udca8<\/p>\n<p><strong>\ud83d\udc49 G\u00e5 med idag och b\u00f6rja tj\u00e4na pengar med AIVIOU Vapes - d\u00e4r smak m\u00f6ter vinst!<\/strong><\/p>\n<a href=\"https:\/\/ui.awin.com\/express-signup\/us\/awin\/121568\/d01af3da-9031-45f4-bc25-92d66ffdc756?t=VVP9UbjOfvjddyNyvkNBB71Pni2G_dqZqpIZPRdRWII\" target=\"_blank\" class=\"button primary\" rel=\"noopener\">\n\t\t<span>Bli medlem i Aiviou Vapes Affiliate<\/span>\n\t<\/a>","protected":false},"excerpt":{"rendered":"<p>\ud83c\udf9f\ufe0f Coupon Code \ud83d\udcb0 Discount \ud83d\uded2 Minimum Order \ud83d\udcc5 Valid Until \ud83e\udded Description \ud83d\udce2 Suggested Ad Line BULKSAVE300 2% OFF \u20ac300+ Dec 31, 2026 Save big when you order over \u20ac300! \ud83d\udcb8 Spend Smart, Save More! Get 2% OFF orders above \u20ac300. BULKSAVE 3% OFF \u20ac500+ Dec 31, 2026 Enjoy bigger savings for orders over [&#8230;]\n","protected":false},"author":1,"featured_media":0,"parent":0,"menu_order":0,"comment_status":"closed","ping_status":"closed","template":"page-blank-title-center.php","meta":{"footnotes":""},"class_list":["post-5173","page","type-page","status-publish","hentry"],"jetpack_sharing_enabled":true,"_links":{"self":[{"href":"https:\/\/aiviouvapes.com\/sv\/wp-json\/wp\/v2\/pages\/5173","targetHints":{"allow":["GET"]}}],"collection":[{"href":"https:\/\/aiviouvapes.com\/sv\/wp-json\/wp\/v2\/pages"}],"about":[{"href":"https:\/\/aiviouvapes.com\/sv\/wp-json\/wp\/v2\/types\/page"}],"author":[{"embeddable":true,"href":"https:\/\/aiviouvapes.com\/sv\/wp-json\/wp\/v2\/users\/1"}],"replies":[{"embeddable":true,"href":"https:\/\/aiviouvapes.com\/sv\/wp-json\/wp\/v2\/comments?post=5173"}],"version-history":[{"count":8,"href":"https:\/\/aiviouvapes.com\/sv\/wp-json\/wp\/v2\/pages\/5173\/revisions"}],"predecessor-version":[{"id":105685,"href":"https:\/\/aiviouvapes.com\/sv\/wp-json\/wp\/v2\/pages\/5173\/revisions\/105685"}],"wp:attachment":[{"href":"https:\/\/aiviouvapes.com\/sv\/wp-json\/wp\/v2\/media?parent=5173"}],"curies":[{"name":"wp","href":"https:\/\/api.w.org\/{rel}","templated":true}]}}