{"id":4558,"date":"2024-08-21T10:35:58","date_gmt":"2024-08-21T10:35:58","guid":{"rendered":"https:\/\/aiviouvapes.com\/?page_id=4558"},"modified":"2024-11-29T02:58:48","modified_gmt":"2024-11-28T18:58:48","slug":"payment-method","status":"publish","type":"page","link":"https:\/\/aiviouvapes.com\/sv\/payment-method\/","title":{"rendered":"Betalningsmetod"},"content":{"rendered":"<div class=\"row\"  id=\"row-1575923760\">\n\n\t<div id=\"col-2116263713\" class=\"col medium-6 small-12 large-6\"  >\n\t\t\t\t<div class=\"col-inner\"  >\n\t\t\t\n\t\t\t\n<p>V\u00e4lkommen till <strong>AiviouVape<\/strong> \u2013 din p\u00e5litliga globala destination f\u00f6r h\u00f6gkvalitativa vapeprodukter f\u00f6r eng\u00e5ngsbruk. Med v\u00e4rldsomsp\u00e4nnande frakt har vi \u00e5tagit oss att betj\u00e4na kunder \u00f6ver hela v\u00e4rlden.<\/p>\n<p><strong>P\u00e5 AiviouVape prioriterar vi bekv\u00e4mlighet och s\u00e4kerhet f\u00f6r att f\u00f6rb\u00e4ttra din shoppingresa. Vi erbjuder en m\u00e4ngd olika betalningsalternativ f\u00f6r att m\u00f6ta dina behov:<\/strong><\/p>\n<p>1. **PayPal**: Njut av s\u00e4kra och enkla betalningar med PayPal p\u00e5 v\u00e5r plattform. <strong>(20% MOMS)<\/strong><\/p>\n<p>2. **Kreditkort**: Vi accepterar alla vanliga kreditkort, vilket s\u00e4kerst\u00e4ller en enkel och p\u00e5litlig betalningsupplevelse. <strong>(20% MOMS)<\/strong><\/p>\n<p>3. **Bank\u00f6verf\u00f6ring**: F\u00f6r dem som f\u00f6redrar traditionella metoder st\u00f6der vi bank\u00f6verf\u00f6ringar som ett s\u00e4kert alternativ. <strong>(INGEN MOMS)<\/strong><\/p>\n<p>4. **Kryptovaluta**: Omfamna modern ekonomi med v\u00e5rt betalningsalternativ f\u00f6r kryptovaluta. <strong>(INGEN MOMS)<\/strong><\/p>\n<p>5. **Klok \u00f6verf\u00f6ring**: Dra nytta av kostnadseffektiva och effektiva betalningar med Wise Transfer. <strong>(INGEN MOMS)<\/strong><\/p>\n<p>Om du har n\u00e5gra fr\u00e5gor eller specifika betalningsf\u00f6rfr\u00e5gningar, v\u00e4nligen kontakta v\u00e5r kundtj\u00e4nst. Vi \u00e4r h\u00e4r f\u00f6r att s\u00e4kerst\u00e4lla din upplevelse med <strong>AiviouVape<\/strong> \u00e4r smidig, s\u00e4ker och tillfredsst\u00e4llande.<\/p>\n<p><strong>Tack f\u00f6r att du litar p\u00e5 AiviouVape som din k\u00e4lla f\u00f6r kvalitetsprodukter f\u00f6r eng\u00e5ngsvape.<\/strong><\/p>\n\t\t<\/div>\n\t\t\t\t\t<\/div>\n\n\t\n\n\t<div id=\"col-783847938\" class=\"col medium-6 small-12 large-6\"  >\n\t\t\t\t<div class=\"col-inner\"  >\n\t\t\t\n\t\t\t\n\t<div class=\"img has-hover x md-x lg-x y md-y lg-y\" id=\"image_2112483201\">\n\t\t\t\t\t\t\t\t<div class=\"img-inner dark\" >\n\t\t\t<img loading=\"lazy\" decoding=\"async\" width=\"1020\" height=\"797\" src=\"https:\/\/i0.wp.com\/aiviouvapes.com\/wp-content\/uploads\/2024\/08\/%E5%AE%A3%E4%BC%A0%E5%9B%BE2-2.jpg?fit=1020%2C797&amp;ssl=1\" class=\"attachment-large size-large\" alt=\"Betalningsmetod\" title=\"\">\t\t\t\t\t\t\n\t\t\t\t\t<\/div>\n\t\t\t\t\t\t\t\t\n<style>\n#image_2112483201 {\n  width: 100%;\n}\n<\/style>\n\t<\/div>\n\t\n\t\t<\/div>\n\t\t\t\t\t<\/div>\n\n\t\n<\/div>\n<div class=\"row align-middle\"  id=\"row-839025436\">\n\n\t<div id=\"col-1503120866\" class=\"col small-12 large-12\"  >\n\t\t\t\t<div class=\"col-inner text-center\"  >\n\t\t\t\n\t\t\t\n<a href=\"https:\/\/aiviouvapes.com\/sv\/shop\/\" class=\"button primary is-shade is-larger box-shadow-4 box-shadow-5-hover\" style=\"border-radius:10px;\">\n\t\t<span>Handla nu<\/span>\n\t<\/a>\n\n\t\t<\/div>\n\t\t\t\t\n<style>\n#col-1503120866 > .col-inner {\n  padding: 20px 0px 0px 0px;\n}\n<\/style>\n\t<\/div>\n\n\t\n<\/div>","protected":false},"excerpt":{"rendered":"","protected":false},"author":1,"featured_media":0,"parent":0,"menu_order":0,"comment_status":"closed","ping_status":"closed","template":"page-blank-title-center.php","meta":{"footnotes":""},"class_list":["post-4558","page","type-page","status-publish","hentry"],"jetpack_sharing_enabled":true,"_links":{"self":[{"href":"https:\/\/aiviouvapes.com\/sv\/wp-json\/wp\/v2\/pages\/4558","targetHints":{"allow":["GET"]}}],"collection":[{"href":"https:\/\/aiviouvapes.com\/sv\/wp-json\/wp\/v2\/pages"}],"about":[{"href":"https:\/\/aiviouvapes.com\/sv\/wp-json\/wp\/v2\/types\/page"}],"author":[{"embeddable":true,"href":"https:\/\/aiviouvapes.com\/sv\/wp-json\/wp\/v2\/users\/1"}],"replies":[{"embeddable":true,"href":"https:\/\/aiviouvapes.com\/sv\/wp-json\/wp\/v2\/comments?post=4558"}],"version-history":[{"count":0,"href":"https:\/\/aiviouvapes.com\/sv\/wp-json\/wp\/v2\/pages\/4558\/revisions"}],"wp:attachment":[{"href":"https:\/\/aiviouvapes.com\/sv\/wp-json\/wp\/v2\/media?parent=4558"}],"curies":[{"name":"wp","href":"https:\/\/api.w.org\/{rel}","templated":true}]}}