{"id":10,"date":"2024-08-12T12:49:21","date_gmt":"2024-08-12T12:49:21","guid":{"rendered":"https:\/\/aiviouvapes.com\/?page_id=10"},"modified":"2024-12-26T09:53:11","modified_gmt":"2024-12-26T01:53:11","slug":"refund_returns","status":"publish","type":"page","link":"https:\/\/aiviouvapes.com\/sv\/refund_returns\/","title":{"rendered":"Policy f\u00f6r \u00e5terbetalning och returer"},"content":{"rendered":"<h2 class=\"wp-block-heading\">AiviouVape \u00c5terbetalningspolicy<\/h2>\r\n<p><strong>7 dagars returr\u00e4tt<\/strong><\/p>\r\n<p>Vi p\u00e5 AiviouVape \u00e4r glada att kunna erbjuda en 7-dagars returpolicy. Det inneb\u00e4r att fr\u00e5n och med den dag du f\u00e5r din vara har du sju dagar p\u00e5 dig att beg\u00e4ra en retur om du inte \u00e4r n\u00f6jd med ditt k\u00f6p.<\/p>\r\n<p><strong>\u00c5terg\u00e5ngsber\u00e4ttigande<\/strong><\/p>\r\n<p>F\u00f6r att du ska kunna returnera en vara m\u00e5ste den vara i samma skick som n\u00e4r du fick den - oanv\u00e4nd, med taggarna kvar och i originalf\u00f6rpackningen. Se till att du har kvittot eller ink\u00f6psbeviset f\u00f6r att underl\u00e4tta returprocessen.<\/p>\r\n<p><strong>Hur man p\u00e5b\u00f6rjar en retur<\/strong><\/p>\r\n<p>Om du vill p\u00e5b\u00f6rja en retur kan du kontakta oss p\u00e5 support@aiviouvape.com. N\u00e4r din retur \u00e4r godk\u00e4nd kommer vi att tillhandah\u00e5lla en f\u00f6rbetald returfraktsedel och instruktioner om hur du skickar ditt paket. Returer som skickas utan f\u00f6reg\u00e5ende tillst\u00e5nd kommer inte att accepteras, s\u00e5 kontakta oss f\u00f6rst.<\/p>\r\n<p><strong>Rapportering av skador och problem<\/strong><\/p>\r\n<p>Vi uppmuntrar dig att inspektera din best\u00e4llning s\u00e5 snart den anl\u00e4nder. Om du uppt\u00e4cker att din vara \u00e4r skadad, defekt eller felaktig, v\u00e4nligen kontakta oss omedelbart s\u00e5 att vi snabbt kan l\u00f6sa problemet.<\/p>\r\n<p><strong>Artiklar som inte \u00e4r ber\u00e4ttigade till retur<\/strong><\/p>\r\n<p>Vissa produkter \u00e4r inte ber\u00e4ttigade till retur, bland annat f\u00e4rskvaror, specialtillverkade varor, personliga hygienartiklar, farliga material och brandfarliga v\u00e4tskor eller gaser. Om du \u00e4r os\u00e4ker p\u00e5 om en viss vara \u00e4r ber\u00e4ttigad till retur, kontakta oss f\u00f6r att f\u00e5 klarhet i detta.<\/p>\r\n<p><strong>Utbytesprocess<\/strong><\/p>\r\n<p>F\u00f6r byten rekommenderar vi att du f\u00f6rst returnerar originalartikeln. N\u00e4r returen har godk\u00e4nts kan du g\u00f6ra en separat best\u00e4llning av den nya varan f\u00f6r att s\u00e4kerst\u00e4lla snabb behandling.<\/p>\r\n<p><strong>14 dagars bet\u00e4nketid f\u00f6r EU-kunder<\/strong><\/p>\r\n<p>F\u00f6r kunder i Europeiska unionen erbjuder vi en \u00e5ngerr\u00e4tt p\u00e5 14 dagar. Det inneb\u00e4r att du kan avbest\u00e4lla eller returnera din best\u00e4llning inom 14 dagar efter att du har mottagit den, utan att ange n\u00e5gon anledning. Varorna m\u00e5ste vara i originalskick, oanv\u00e4nda, med taggarna kvar och i originalf\u00f6rpackningen. Ett kvitto eller ink\u00f6psbevis kommer ocks\u00e5 att kr\u00e4vas.<\/p>\r\n<p><strong>\u00c5terbetalningsprocess<\/strong><\/p>\r\n<p>N\u00e4r vi har mottagit och inspekterat din retur kommer vi att informera dig om statusen f\u00f6r godk\u00e4nnande av \u00e5terbetalningen. Om \u00e5terbetalningen godk\u00e4nns kommer vi att behandla den till din ursprungliga betalningsmetod inom 10 arbetsdagar. Observera att din bank eller kreditkortsleverant\u00f6r kan beh\u00f6va ytterligare tid f\u00f6r att slutf\u00f6ra \u00e5terbetalningen. Om du inte har f\u00e5tt din \u00e5terbetalning inom 15 arbetsdagar efter godk\u00e4nnandet, v\u00e4nligen kontakta oss p\u00e5 support@aiviouvape.com.<\/p>\r\n<p><strong>Tack f\u00f6r att du valde AiviouVape. Din tillfredsst\u00e4llelse f\u00f6rblir v\u00e5r h\u00f6gsta prioritet.<\/strong><\/p>\r\n\r\n<div class=\"row align-middle\"  id=\"row-86839294\"> \n\t<div id=\"col-1406218265\" class=\"col small-12 large-12\"  >\n\t\t\t\t<div class=\"col-inner text-center\"  >\n\t\t\t\n\t\t\t <a href=\"https:\/\/aiviouvapes.com\/sv\/shop\/\" class=\"button primary is-shade is-larger box-shadow-4 box-shadow-5-hover\" style=\"border-radius:10px;\">\n\t\t<span>Handla nu<\/span>\n\t<\/a>\n \t\t<\/div>\n\t\t\t\t\n<style>\n#col-1406218265 > .col-inner {\n  padding: 20px 0px 0px 0px;\n}\n<\/style>\n\t<\/div>\n\n\t <\/div>","protected":false},"excerpt":{"rendered":"<p>AiviouVape Refund Policy 7-Day Return Policy We at AiviouVape are pleased to offer a 7-day return policy. This means that from the day you receive your item, you have seven days to initiate a return request if you are unsatisfied with your purchase. Return Eligibility To qualify for a return, your item must remain in [&#8230;]\n","protected":false},"author":1,"featured_media":0,"parent":0,"menu_order":0,"comment_status":"closed","ping_status":"closed","template":"page-blank-title-center.php","meta":{"footnotes":""},"class_list":["post-10","page","type-page","status-publish","hentry"],"jetpack_sharing_enabled":true,"_links":{"self":[{"href":"https:\/\/aiviouvapes.com\/sv\/wp-json\/wp\/v2\/pages\/10","targetHints":{"allow":["GET"]}}],"collection":[{"href":"https:\/\/aiviouvapes.com\/sv\/wp-json\/wp\/v2\/pages"}],"about":[{"href":"https:\/\/aiviouvapes.com\/sv\/wp-json\/wp\/v2\/types\/page"}],"author":[{"embeddable":true,"href":"https:\/\/aiviouvapes.com\/sv\/wp-json\/wp\/v2\/users\/1"}],"replies":[{"embeddable":true,"href":"https:\/\/aiviouvapes.com\/sv\/wp-json\/wp\/v2\/comments?post=10"}],"version-history":[{"count":0,"href":"https:\/\/aiviouvapes.com\/sv\/wp-json\/wp\/v2\/pages\/10\/revisions"}],"wp:attachment":[{"href":"https:\/\/aiviouvapes.com\/sv\/wp-json\/wp\/v2\/media?parent=10"}],"curies":[{"name":"wp","href":"https:\/\/api.w.org\/{rel}","templated":true}]}}