{"id":96529,"date":"2025-12-30T15:24:17","date_gmt":"2025-12-30T07:24:17","guid":{"rendered":"https:\/\/aiviouvapes.com\/?post_type=product&#038;p=96529"},"modified":"2026-04-17T13:00:33","modified_gmt":"2026-04-17T05:00:33","slug":"vopk-btc-35k","status":"publish","type":"product","link":"https:\/\/aiviouvapes.com\/sl\/product\/vopk-btc-35k\/","title":{"rendered":"VOPK BTC 35K | pametni zaslon, 35000 izpuhov, dvojna mre\u017ea, nastavljiv pretok zraka, vape za enkratno uporabo"},"content":{"rendered":"<p><strong>VOPK BTC 35000 puffov za enkratno uporabo<\/strong> je zasnovan za uporabnike, ki \u017eelijo mo\u010d, slog in nadzor v eni napredni napravi. Ta naprava za enkratno polnjenje, ki jo je navdihnila drzna zasnova v slogu Bitcoin, ima velik interaktivni zaslon, sistem dvojne mre\u017easte spirale in nastavljiv pretok zraka. Izdelan je za zahtevne uporabnike in profesionalne distributerje vapinga ter zagotavlja dosleden okus, velike oblake in odli\u010dno privla\u010dnost na prodajnih policah v maloprodaji.<\/p>\n<h2>Zakaj izbrati VOPK BTC 35000 Puffs?<\/h2>\n<ul>\n<li>\ud83d\udca8 Do <strong>35.000 izpuhov<\/strong> za dalj\u0161o uporabo in ve\u010dje zadovoljstvo strank<\/li>\n<li>\ud83d\udcf1 <strong>Celoten pametni zaslon<\/strong> jasno prikazuje stanje baterije in e-teko\u010dine<\/li>\n<li>\ud83c\udf2c\ufe0f <strong>Sistem dvojne mre\u017easte tuljave<\/strong> za mo\u010dnej\u0161i okus in bolj gladko paro<\/li>\n<li>\ud83c\udf9b\ufe0f <strong>Nastavljivi na\u010dini pretoka zraka in mo\u010di<\/strong> za prilagojeno uparjanje<\/li>\n<li>\ud83d\udd0b <strong>850 mAh akumulatorska baterija<\/strong> s hitrim polnjenjem Type-C<\/li>\n<li>\ud83d\udc41\ufe0f Viden rezervoar za e-teko\u010dino - brez ugibanj, vape z zaupanjem<\/li>\n<li>\ud83d\udce6 Idealno za <strong>velika naro\u010dila, prodajalne vape in distribucija na debelo<\/strong><\/li>\n<\/ul>\n<figure class=\"wp-block-videopress-video wp-block-jetpack-videopress jetpack-videopress-player\"><div class=\"jetpack-videopress-player__wrapper\"><iframe title=\"VideoPress Video predvajalnik\" aria-label=\"VideoPress Video predvajalnik\" src=\"https:\/\/videopress.com\/embed\/uWXiLczv?at=0&#038;controls=1&#038;preloadContent=metadata\" width=\"640\"height=\"360\" frameborder=\"0\" allowfullscreen data-resize-to-parent=\"true\" allow=\"clipboard-write\"><\/iframe><\/div><\/figure>\n<h3>VOPK BTC 35K Specifikacije<\/h3>\n<table>\n<tbody>\n<tr>\n<th>Funkcija<\/th>\n<th>Podrobnosti<\/th>\n<\/tr>\n<tr>\n<td>Najve\u010dje \u0161tevilo puffov<\/td>\n<td>35.000 izpuhov<\/td>\n<\/tr>\n<tr>\n<td>Kapaciteta e-teko\u010dine<\/td>\n<td>22 ml (vidni rezervoar)<\/td>\n<\/tr>\n<tr>\n<td>Baterija<\/td>\n<td>850 mAh za polnjenje<\/td>\n<\/tr>\n<tr>\n<td>Polnjenje<\/td>\n<td>Hitro polnjenje tipa C<\/td>\n<\/tr>\n<tr>\n<td>Vrsta tuljave<\/td>\n<td>0,8\u03a9 dvojna mre\u017ena tuljava<\/td>\n<\/tr>\n<tr>\n<td>Pretok zraka<\/td>\n<td>Nastavljiv<\/td>\n<\/tr>\n<tr>\n<td>Prikaz<\/td>\n<td>3D pametni zaslon (baterija in zmogljivost)<\/td>\n<\/tr>\n<tr>\n<td>Pakiranje<\/td>\n<td>150 kosov v \u0161katli (pribli\u017eno 17,5 kg)<\/td>\n<\/tr>\n<\/tbody>\n<\/table>\n<h3>VOPK BTC 35K Razpolo\u017eljivi okusi<\/h3>\n<ul>\n<li>\ud83c\udf49 <strong>Led iz lubenice<\/strong> - so\u010dna lubenica s hladnim ledenim zaklju\u010dkom<\/li>\n<li>\ud83e\uded0 <strong>Blue Razz Led<\/strong> - sladka modra malina z osve\u017eujo\u010dim hladom<\/li>\n<li>\ud83c\udf53 <strong>Jagodni izbruh<\/strong> - mo\u010dan in sladek okus jagode<\/li>\n<li>\ud83c\udf51 <strong>Georgia Peach<\/strong> - gladek okus po zrelih breskvah<\/li>\n<li>\ud83e\udd5d <strong>Passion Kiwi<\/strong> - tropska pasijonka, pome\u0161ana s kivijem<\/li>\n<li>\ud83c\udf4a <strong>Pomaran\u010dni brusni\u010dni apnen\u010dasti led<\/strong> - me\u0161anica citrusov z ledeno sve\u017eino<\/li>\n<li>\ud83c\udf3f <strong>Hladna meta<\/strong> - \u010disti in osve\u017eilni hlapi mete<\/li>\n<li>\ud83e\udd6d <strong>Kisli mango ananas<\/strong> - pikanten mango s sladkim ananasom<\/li>\n<li>\ud83c\udf51 <strong>Bela breskev malina<\/strong> - ne\u017ena breskev, uravnote\u017eena z malino<\/li>\n<li>\ud83c\udf4c <strong>Banana Taffy Freeze<\/strong> - kremni bananin bonbon z ledenim pridihom<\/li>\n<\/ul>\n<h3>VOPK BTC 35K Pro Tip \ud83d\udca1<\/h3>\n<p>Preklapljajte med na\u010dini z eno in dvema tuljavama ter tako uravnavajte svojo izku\u0161njo. Dvojni na\u010din zagotavlja mo\u010dnej\u0161e oblake in okus, medtem ko enojni na\u010din pomaga podalj\u0161ati \u017eivljenjsko dobo baterije in porabo e-teko\u010dine.<\/p>\n<h3>Pogosto zastavljena vpra\u0161anja (FAQ) o VOPK BTC 35K<\/h3>\n<p><strong>V: Kako ugotovim, da je vape na koncu?<\/strong><br \/>\nPametni 3D zaslon prikazuje odstotek baterije in e-teko\u010dine, v prozornem rezervoarju pa lahko enostavno vidite preostali sok.<\/p>\n<p><strong>V: Ali je ta naprava primerna za naro\u010dila na debelo in v razsutem stanju?<\/strong><br \/>\nDa. VOPK BTC 35K je zasnovan za trgovine z vapeji, distributerje in kupce v velikih koli\u010dinah, ki i\u0161\u010dejo vapeji za enkratno uporabo z velikim povpra\u0161evanjem.<\/p>\n<p><strong>V: Kako dolgo traja polnjenje?<\/strong><br \/>\nZaradi hitrega polnilnega priklju\u010dka Type-C se naprava hitro napolni, tako da lahko uporabniki ponovno vapirajo z minimalnim izostankom.<\/p>\n<p><strong>V: Za koga je ta vape najprimernej\u0161i?<\/strong><br \/>\nIdealen je za intenzivne uporabnike, ljubitelje okusov, prodajalce na drobno in trgovce na debelo, ki \u017eelijo vrhunski vape za enkratno uporabo z dolgo \u017eivljenjsko dobo.<\/p>\n<hr \/>\n<p><strong>VOPK BTC 35000 puffov za enkratno uporabo<\/strong> zdru\u017euje napredno tehnologijo, drzno obliko in veliko zmogljivost puhanja v eni zmogljivi napravi. Ne glede na to, ali oskrbujete svojo trgovino z izdelki za vape ali izdelke za veleprodajo, je ta model narejen tako, da navdu\u0161uje stranke in spodbuja ponovno prodajo \ud83d\ude80.<\/p>\n<p><img data-recalc-dims=\"1\" loading=\"lazy\" decoding=\"async\" class=\"alignnone size-full wp-image-96547\" src=\"https:\/\/i0.wp.com\/aiviouvapes.com\/wp-content\/uploads\/2025\/12\/VOPK-BTC-35K-16.jpg?resize=1020%2C1549&#038;ssl=1\" alt=\"VOPK BTC 35K\" width=\"1020\" height=\"1549\" title=\"\" srcset=\"https:\/\/i0.wp.com\/aiviouvapes.com\/wp-content\/uploads\/2025\/12\/VOPK-BTC-35K-16.jpg?w=1200&amp;ssl=1 1200w, https:\/\/i0.wp.com\/aiviouvapes.com\/wp-content\/uploads\/2025\/12\/VOPK-BTC-35K-16.jpg?resize=198%2C300&amp;ssl=1 198w, https:\/\/i0.wp.com\/aiviouvapes.com\/wp-content\/uploads\/2025\/12\/VOPK-BTC-35K-16.jpg?resize=674%2C1024&amp;ssl=1 674w, https:\/\/i0.wp.com\/aiviouvapes.com\/wp-content\/uploads\/2025\/12\/VOPK-BTC-35K-16.jpg?resize=768%2C1166&amp;ssl=1 768w, https:\/\/i0.wp.com\/aiviouvapes.com\/wp-content\/uploads\/2025\/12\/VOPK-BTC-35K-16.jpg?resize=1012%2C1536&amp;ssl=1 1012w, https:\/\/i0.wp.com\/aiviouvapes.com\/wp-content\/uploads\/2025\/12\/VOPK-BTC-35K-16.jpg?resize=8%2C12&amp;ssl=1 8w, https:\/\/i0.wp.com\/aiviouvapes.com\/wp-content\/uploads\/2025\/12\/VOPK-BTC-35K-16.jpg?resize=800%2C1215&amp;ssl=1 800w\" sizes=\"auto, (max-width: 1020px) 100vw, 1020px\" \/><\/p>","protected":false},"excerpt":{"rendered":"<p>Visokotehnolo\u0161ki 35.000 puff VOPK BTC 35K vape za enkratno uporabo s pametnim zaslonom, dvojno mre\u017easto tuljavo in nastavljivim pretokom zraka. Odli\u010dno za trgovine z vape opremo in veleprodajne kupce, ki i\u0161\u010dejo vrhunske naprave z dolgo \u017eivljenjsko dobo.<\/p>","protected":false},"featured_media":96534,"comment_status":"open","ping_status":"closed","template":"","meta":[],"product_brand":[245],"product_cat":[131,219,572,39],"product_tag":[462,463,456,331,464],"class_list":{"0":"post-96529","1":"product","2":"type-product","3":"status-publish","4":"has-post-thumbnail","6":"product_brand-vopk","7":"product_cat-30000-puffs-disposable-vape","8":"product_cat-40000-puffs-disposable-vape","9":"product_cat-new-2","10":"product_cat-vopk","11":"product_tag-35000-puffs-vape","12":"product_tag-bulk-disposable-vape-wholesale","13":"product_tag-disposable-vape","14":"product_tag-rechargeable-disposable-vape","15":"product_tag-smart-screen-vape","17":"first","18":"instock","19":"shipping-taxable","20":"purchasable","21":"product-type-variable","22":"has-default-attributes"},"jetpack_sharing_enabled":true,"tiered_pricing_type":"fixed","tiered_pricing_fixed_rules":[],"tiered_pricing_product_settings":{"layout":"default","base_unit_name":{"singular":null,"plural":null},"default_variation":null},"tiered_pricing_minimum_quantity":1000,"tiered_pricing_roles_data":[],"tiered_pricing_percentage_rules":[],"tiered_pricing_maximum_quantity":null,"tiered_pricing_quantity_step":"10","_links":{"self":[{"href":"https:\/\/aiviouvapes.com\/sl\/wp-json\/wp\/v2\/product\/96529","targetHints":{"allow":["GET"]}}],"collection":[{"href":"https:\/\/aiviouvapes.com\/sl\/wp-json\/wp\/v2\/product"}],"about":[{"href":"https:\/\/aiviouvapes.com\/sl\/wp-json\/wp\/v2\/types\/product"}],"replies":[{"embeddable":true,"href":"https:\/\/aiviouvapes.com\/sl\/wp-json\/wp\/v2\/comments?post=96529"}],"wp:featuredmedia":[{"embeddable":true,"href":"https:\/\/aiviouvapes.com\/sl\/wp-json\/wp\/v2\/media\/96534"}],"wp:attachment":[{"href":"https:\/\/aiviouvapes.com\/sl\/wp-json\/wp\/v2\/media?parent=96529"}],"wp:term":[{"taxonomy":"product_brand","embeddable":true,"href":"https:\/\/aiviouvapes.com\/sl\/wp-json\/wp\/v2\/product_brand?post=96529"},{"taxonomy":"product_cat","embeddable":true,"href":"https:\/\/aiviouvapes.com\/sl\/wp-json\/wp\/v2\/product_cat?post=96529"},{"taxonomy":"product_tag","embeddable":true,"href":"https:\/\/aiviouvapes.com\/sl\/wp-json\/wp\/v2\/product_tag?post=96529"}],"curies":[{"name":"wp","href":"https:\/\/api.w.org\/{rel}","templated":true}]}}