{"id":91142,"date":"2025-12-08T22:21:08","date_gmt":"2025-12-08T14:21:08","guid":{"rendered":"https:\/\/aiviouvapes.com\/?post_type=product&#038;p=91142"},"modified":"2026-04-04T04:04:14","modified_gmt":"2026-04-03T20:04:14","slug":"bang-leader-120k","status":"publish","type":"product","link":"https:\/\/aiviouvapes.com\/sl\/product\/bang-leader-120k\/","title":{"rendered":"Bang Leader 120K | 2-v-1 120000 izpuhov, 60 ml, magnetni, dvojni okus, vape za enkratno uporabo, trgovina na debelo"},"content":{"rendered":"<h2>Zakaj izbrati Bang Leader 120K? \ud83e\udd29<\/h2>\n<ul>\n<li>\ud83d\udd04 <strong>2-v-1 magnetni stikalo z dvojnim okusom<\/strong> \u2014 Z drsenjem lahko takoj in brez zamude preklopite med okusi.<\/li>\n<li>\ud83d\udca8 <strong>120.000 potegov<\/strong> \u2014 Velika zmogljivost, zasnovana za dolgotrajno vsakodnevno uporabo.<\/li>\n<li>\ud83d\udd25 <strong>Mre\u017easta tuljava naslednje generacije<\/strong> \u2014 Gosta para, bogatej\u0161i okus, bolj gladki vdihi.<\/li>\n<li>\ud83d\udd0b <strong>Visoko u\u010dinkovita baterija<\/strong> \u2014 Stabilna mo\u010d za enakomeren okus.<\/li>\n<li>\ud83e\uddca <strong>Neprepustna oljna komora<\/strong> \u2014 \u010cisto, varno in prijazno za potovanje.<\/li>\n<li>\u26a1 <strong>Tip C za polnjenje<\/strong> \u2014 Hitro polnjenje za minimalno izpadno \u010das.<\/li>\n<li>\ud83d\udc4c <strong>Uporabniku prijazno oblikovanje<\/strong> \u2014 Odli\u010den oprijem, svetel zaslon in preprosta uporaba.<\/li>\n<\/ul>\n<h2>Bang Leader 120K Specifikacije \ud83d\udcca<\/h2>\n<table>\n<tbody>\n<tr>\n<td>\u0160tevilo puffov<\/td>\n<td>120.000 izpuhov<\/td>\n<\/tr>\n<tr>\n<td>Zmogljivost baterije<\/td>\n<td>650 mAh (visoka u\u010dinkovitost)<\/td>\n<\/tr>\n<tr>\n<td>Grelna tuljava<\/td>\n<td>Mre\u017easta tuljava, 1,0 \u03a9<\/td>\n<\/tr>\n<tr>\n<td>Sistem okusov<\/td>\n<td>2-v-1 magnetni drsni stikalo<\/td>\n<\/tr>\n<tr>\n<td>Polnilna vrata<\/td>\n<td>Hitro polnjenje tipa C<\/td>\n<\/tr>\n<tr>\n<td>Mo\u010d nikotina<\/td>\n<td>0% \/ 2% \/ 3% \/ 5%<\/td>\n<\/tr>\n<\/tbody>\n<\/table>\n<h2>Bang Vodnik po okusih Leader 120K \ud83d\ude0b<\/h2>\n<p data-start=\"120\" data-end=\"246\"><strong data-start=\"120\" data-end=\"145\">1. Modri Razz &amp; Love66<\/strong><br data-start=\"145\" data-end=\"148\" \/>\ud83c\udf6c <strong data-start=\"151\" data-end=\"165\">Modri Razz:<\/strong> Sladka in pikantna malina<br data-start=\"195\" data-end=\"198\" \/>\ud83c\udf34 <strong data-start=\"201\" data-end=\"212\">Ljubezen66:<\/strong> Tropski, osve\u017eujo\u010d, rahlo leden<\/p>\n<p data-start=\"248\" data-end=\"394\"><strong data-start=\"248\" data-end=\"299\">2. Jagoda, \u010de\u0161nja, kivij in pasijonka<\/strong><br data-start=\"299\" data-end=\"302\" \/>\ud83c\udf53\ud83c\udf52 <strong data-start=\"307\" data-end=\"329\">Jagoda \u010de\u0161nja:<\/strong> So\u010dna me\u0161anica rde\u010dega sadja<br data-start=\"349\" data-end=\"352\" \/>\ud83e\udd5d\ud83e\udd6d <strong data-start=\"357\" data-end=\"365\">KPG:<\/strong> Oster, tropski, kremast trio<\/p>\n<p data-start=\"396\" data-end=\"542\"><strong data-start=\"396\" data-end=\"438\">3. Lubenica Bubble Gum &amp; Me\u0161ana sadna<\/strong><br data-start=\"438\" data-end=\"441\" \/>\ud83c\udf49\ud83c\udf6c <strong data-start=\"446\" data-end=\"472\">Bubble Gum z okusom lubenice:<\/strong> Sladki gumij + melona<br data-start=\"490\" data-end=\"493\" \/>\ud83c\udf47\ud83c\udf51 <strong data-start=\"498\" data-end=\"514\">Me\u0161ano sadje:<\/strong> Barvita, so\u010dna me\u0161anica sadja<\/p>\n<p data-start=\"544\" data-end=\"697\"><strong data-start=\"544\" data-end=\"584\">4. Jagodna banana in \u010de\u0161njev piesta<\/strong><br data-start=\"584\" data-end=\"587\" \/>\ud83c\udf53\ud83c\udf4c <strong data-start=\"592\" data-end=\"614\">Strawberry Banana:<\/strong> Gladka, kremasta sladica<br data-start=\"642\" data-end=\"645\" \/>\ud83c\udf52\u2728 <strong data-start=\"649\" data-end=\"667\">\u010ce\u0161nja Piesta:<\/strong> Sladka \u010de\u0161nja z osve\u017eujo\u010dim pridihom<\/p>\n<p data-start=\"699\" data-end=\"830\"><strong data-start=\"699\" data-end=\"734\">5. Lubenica in breskev mango<\/strong><br data-start=\"734\" data-end=\"737\" \/>\u2744\ufe0f\ud83c\udf49 <strong data-start=\"742\" data-end=\"761\">Watermelon Ice:<\/strong> Hrustljava, sve\u017ea melona<br data-start=\"779\" data-end=\"782\" \/>\ud83c\udf51\ud83e\udd6d <strong data-start=\"787\" data-end=\"803\">Breskev Mango:<\/strong> Tropski, gladek, aromati\u010den<\/p>\n<p data-start=\"832\" data-end=\"978\"><strong data-start=\"832\" data-end=\"870\">6. Borovni\u010dev sladoled in malinovo-limonina<\/strong><br data-start=\"870\" data-end=\"873\" \/>\ud83e\uded0\u2744\ufe0f <strong data-start=\"878\" data-end=\"896\">Borovni\u010dev led:<\/strong> Sladke jagode z ledenim zaklju\u010dkom<br data-start=\"926\" data-end=\"929\" \/>\ud83c\udf4b\ud83c\udf53 <strong data-start=\"934\" data-end=\"954\">Malina in limona:<\/strong> Pikanten, kiselkast, sadni pop<\/p>\n<p data-start=\"980\" data-end=\"1111\"><strong data-start=\"980\" data-end=\"1013\">7. Rde\u010da energija Ice &amp; Grape Ice<\/strong><br data-start=\"1013\" data-end=\"1016\" \/>\u26a1\u2744\ufe0f <strong data-start=\"1020\" data-end=\"1035\">Rde\u010da energija:<\/strong> Sladke, pene\u010de energijske vibracije<br data-start=\"1061\" data-end=\"1064\" \/>\ud83c\udf47\u2744\ufe0f <strong data-start=\"1069\" data-end=\"1083\">Grape Ice:<\/strong> Drzno grozdje s hladnim izdihom<\/p>\n<p data-start=\"1113\" data-end=\"1254\"><strong data-start=\"1113\" data-end=\"1155\">8. Jagodna lubenica in pomaran\u010dna soda<\/strong><br data-start=\"1155\" data-end=\"1158\" \/>\ud83c\udf53\ud83c\udf49 <strong data-start=\"1163\" data-end=\"1189\">Strawberry Watermelon:<\/strong> Mehka, so\u010dna klasika<br data-start=\"1209\" data-end=\"1212\" \/>\ud83c\udf4a\ud83e\udd64 <strong data-start=\"1217\" data-end=\"1233\">Pomaran\u010dna soda:<\/strong> Fizzy citrusov lesk<\/p>\n<p data-start=\"1256\" data-end=\"1383\"><strong data-start=\"1256\" data-end=\"1290\">9. Cola Ice &amp; \u010de\u0161nja-brusnica<\/strong><br data-start=\"1290\" data-end=\"1293\" \/>\ud83e\udd64\u2744\ufe0f <strong data-start=\"1298\" data-end=\"1311\">Cola Ice:<\/strong> Hladna, osve\u017eujo\u010da kola<br data-start=\"1333\" data-end=\"1336\" \/>\ud83c\udf52\ud83e\uded0 <strong data-start=\"1341\" data-end=\"1362\">\u010ce\u0161nja in brusnica:<\/strong> Sladko-kisla me\u0161anica jagod<\/p>\n<p data-start=\"1385\" data-end=\"1524\"><strong data-start=\"1385\" data-end=\"1422\">10. Borovni\u010dev sladoled in \u010drni ribez<\/strong><br data-start=\"1422\" data-end=\"1425\" \/>\ud83e\uded0\u2744\ufe0f <strong data-start=\"1430\" data-end=\"1448\">Borovni\u010dev led:<\/strong> Sladka ohlajena borovnica<br data-start=\"1472\" data-end=\"1475\" \/>\ud83c\udf47\ud83c\udf11 <strong data-start=\"1480\" data-end=\"1498\">\u010crni ribez:<\/strong> Globok, bogat, rahlo kiselkast<\/p>\n<p data-start=\"1526\" data-end=\"1693\"><strong data-start=\"1526\" data-end=\"1574\">11. Malina Mojito Peach Ice &amp; Lady Killer<\/strong><br data-start=\"1574\" data-end=\"1577\" \/>\ud83c\udf51\ud83c\udf43 <strong data-start=\"1582\" data-end=\"1613\">Malina Mojito Breskov led:<\/strong> Minty, sadni, ohlajeni<br data-start=\"1636\" data-end=\"1639\" \/>\ud83d\udc9b\ud83c\udf38 <strong data-start=\"1644\" data-end=\"1660\">Lady Killer:<\/strong> Gladka, vrhunska me\u0161anica v slogu \u0161i\u0161a<\/p>\n<p data-start=\"1695\" data-end=\"1844\"><strong data-start=\"1695\" data-end=\"1736\">12. Lubenica Ice &amp; Jagoda Mamba<\/strong><br data-start=\"1736\" data-end=\"1739\" \/>\ud83c\udf49\u2744\ufe0f <strong data-start=\"1744\" data-end=\"1763\">Watermelon Ice:<\/strong> Sve\u017ea, ledeno hladna melona<br data-start=\"1780\" data-end=\"1783\" \/>\ud83c\udf53\ud83d\udc0d <strong data-start=\"1788\" data-end=\"1809\">Jagodna mamba:<\/strong> Sladka, izrazita, bonbonasta jagoda<\/p>\n<h2>POGOSTA VPRA\u0160ANJA \u2753<\/h2>\n<h3>1. Kako deluje stikalo za dvojni okus?<\/h3>\n<p>Naprava uporablja magnetni drsni mehanizem. Preprosto potisnite in potegnite, da takoj preklopite med okusi \u2013 brez gumbov, brez zamude.<\/p>\n<h3>2. Koliko \u010dasa traja 120.000 potegov?<\/h3>\n<p>To se razlikuje glede na uporabnika, vendar ve\u010dina pogostih uporabnikov elektronskih cigaret u\u017eiva ve\u010d tednov uporabe na eno napravo.<\/p>\n<h3>3. Ali menjavanje okusov po\u0161koduje tuljavo?<\/h3>\n<p>\u0160t. Bang Leader 120K ima neodvisne oljne poti za stabilno delovanje tuljave.<\/p>\n<h3>4. Ali je polnilna?<\/h3>\n<p>Da, za hitro polnjenje uporablja hitri polnilni priklju\u010dek tipa C.<\/p>\n<h3>5. Katere ravni nikotina so na voljo?<\/h3>\n<p>Izbirate lahko med 0%, 2%, 3% ali 5%, odvisno od va\u0161ega obmo\u010dja in preferenc.<\/p>\n<h3>6. Ali je to primerno za za\u010detnike?<\/h3>\n<p>Da! Deluje na principu vleka, je enostaven za uporabo in ne potrebuje vzdr\u017eevanja.<\/p>\n<h3>7. Kako preverim stanje baterije in e-teko\u010dine?<\/h3>\n<p>Vgrajeni zaslon prikazuje stanje baterije, koli\u010dino e-teko\u010dine, \u0161tevilo potegov in aktivni kanal okusa.<\/p>\n<h3>8. Kaj naj naredim, \u010de ima okus po za\u017eganem?<\/h3>\n<p>Pustite napravo nekaj sekund v mirovanju ali prilagodite pretok zraka. \u010ce te\u017eava \u0161e vedno obstaja, se obrnite na podporo uporabnikom.<\/p>\n<h2>Idealno za\u2026 \ud83d\udcbc<\/h2>\n<p>Bang Leader 120K je idealen za intenzivne uporabnike, ljubitelje okusov, potujo\u010de uporabnike elektronskih cigaret, police trgovin z elektronskimi cigaretami in veleprodajno distribucijo. Z ogromnim \u0161tevilom potegov, dvojnimi okusi in vrhunsko izdelavo je to najbolj\u0161a izbira za B2B kupce, ki i\u0161\u010dejo izdelke z visokim povpra\u0161evanjem.<\/p>\n<p>Ne glede na to, ali \u017eelite zalo\u017eiti svojo trgovino ali i\u0161\u010dete trajni osebni vape, ta 120K mo\u010dan izdelek vas bo zagotovo navdu\u0161il. \ud83d\ude80<\/p>","protected":false},"excerpt":{"rendered":"<p>Bang Leader 120K 2-v-1 enkratni vape z 120.000 potegi, gladkim preklapljanjem med dvema okusoma in bogatimi oblaki. Idealno za distributerje B2B, trgovine z vape izdelki in ve\u010dja naro\u010dila.<\/p>","protected":false},"featured_media":91143,"comment_status":"open","ping_status":"closed","template":"","meta":[],"product_brand":[239],"product_cat":[336,37],"product_tag":[328,431,434,432,433],"class_list":{"0":"post-91142","1":"product","2":"type-product","3":"status-publish","4":"has-post-thumbnail","6":"product_brand-bang","7":"product_cat-100k-puffs-disposable-vape","8":"product_cat-bang","9":"product_tag-120000-puffs-vape","10":"product_tag-bang-leader-120k","11":"product_tag-bang-vape","12":"product_tag-dual-flavor-disposable","13":"product_tag-rechargeable-vape","15":"first","16":"instock","17":"shipping-taxable","18":"purchasable","19":"product-type-variable","20":"has-default-attributes"},"jetpack_sharing_enabled":true,"tiered_pricing_type":"fixed","tiered_pricing_fixed_rules":{"30":8.8100000000000004973799150320701301097869873046875,"50":7,"100":6.480000000000000426325641456060111522674560546875,"200":5.9900000000000002131628207280300557613372802734375,"400":5.769999999999999573674358543939888477325439453125},"tiered_pricing_product_settings":{"layout":"default","base_unit_name":{"singular":null,"plural":null},"default_variation":null},"tiered_pricing_minimum_quantity":10,"tiered_pricing_roles_data":[],"tiered_pricing_percentage_rules":[],"tiered_pricing_maximum_quantity":null,"tiered_pricing_quantity_step":"10","_links":{"self":[{"href":"https:\/\/aiviouvapes.com\/sl\/wp-json\/wp\/v2\/product\/91142","targetHints":{"allow":["GET"]}}],"collection":[{"href":"https:\/\/aiviouvapes.com\/sl\/wp-json\/wp\/v2\/product"}],"about":[{"href":"https:\/\/aiviouvapes.com\/sl\/wp-json\/wp\/v2\/types\/product"}],"replies":[{"embeddable":true,"href":"https:\/\/aiviouvapes.com\/sl\/wp-json\/wp\/v2\/comments?post=91142"}],"wp:featuredmedia":[{"embeddable":true,"href":"https:\/\/aiviouvapes.com\/sl\/wp-json\/wp\/v2\/media\/91143"}],"wp:attachment":[{"href":"https:\/\/aiviouvapes.com\/sl\/wp-json\/wp\/v2\/media?parent=91142"}],"wp:term":[{"taxonomy":"product_brand","embeddable":true,"href":"https:\/\/aiviouvapes.com\/sl\/wp-json\/wp\/v2\/product_brand?post=91142"},{"taxonomy":"product_cat","embeddable":true,"href":"https:\/\/aiviouvapes.com\/sl\/wp-json\/wp\/v2\/product_cat?post=91142"},{"taxonomy":"product_tag","embeddable":true,"href":"https:\/\/aiviouvapes.com\/sl\/wp-json\/wp\/v2\/product_tag?post=91142"}],"curies":[{"name":"wp","href":"https:\/\/api.w.org\/{rel}","templated":true}]}}