{"id":91105,"date":"2025-12-08T23:17:17","date_gmt":"2025-12-08T15:17:17","guid":{"rendered":"https:\/\/aiviouvapes.com\/?post_type=product&#038;p=91105"},"modified":"2026-03-17T11:24:22","modified_gmt":"2026-03-17T03:24:22","slug":"bang-leader-85k","status":"publish","type":"product","link":"https:\/\/aiviouvapes.com\/sl\/product\/bang-leader-85k\/","title":{"rendered":"Bang Leader 85K | 3-v-1 trojni okus, 85000 puffov, 70ml, vape za enkratno uporabo"},"content":{"rendered":"<p>Predstavitev <strong>Bang Leader 85000 potegov<\/strong>, revolucionarni vape za enkratno uporabo, zasnovan za tiste, ki zahtevajo ve\u010d. To ni le standardni vape; to je zmogljiva naprava z veliko zmogljivostjo, zasnovana za dolgo \u017eivljenjsko dobo in zadovoljstvo. Z osupljivo <strong>70 ml rezervoar za e-teko\u010dino<\/strong> in robusten <strong>850 mAh akumulatorska baterija<\/strong>, Ta naprava vam omogo\u010da, da ve\u010d \u010dasa pre\u017eivite z vapingom in manj \u010dasa skrbite, da vam bo zmanjkalo. \ud83d\udd0b\u2728<\/p>\n<p>Izstopajo\u010da zna\u010dilnost je inovativna <strong>3-v-1 sistem okusov<\/strong>. Ste naveli\u010dani istega okusa? Preprosto spremenite nastavitve in u\u017eivajte v treh razli\u010dnih vrhunskih okusih v enem samem napravi! Zasnovano z <strong>1.0\u03a9 mre\u017ena tuljava<\/strong>, zagotavlja enakomerno, gladko in bogato paro od prvega do zadnjega vdiha. Idealno za <strong>lastniki trgovin z elektronskimi cigaretami<\/strong> I\u0161\u010dete najbolje prodajani izdelek ali ste strastni uporabnik elektronskih cigaret, ki i\u0161\u010de najbolj\u0161o vrednost? \ud83c\udfc6\ud83d\udce6<\/p>\n<h3>\ud83c\udf1f Zakaj izbrati Bang Leader 85000?<\/h3>\n<ul>\n<li><strong>\ud83d\udd04 Tehnologija 3-v-1 za okus:<\/strong> U\u017eivajte v treh razli\u010dnih okusih v enem kompaktnem napravi. Takoj preklopite glede na svoje razpolo\u017eenje!<\/li>\n<li><strong>\ud83d\udca7 Velika kapaciteta 70 ml:<\/strong> Ena najve\u010djih zmogljivosti na trgu, ki podpira neverjetnih 85.000 potegov.<\/li>\n<li><strong>\u26a1 Tip C, polnilna:<\/strong> Hitro polnjenje prek vrata Type-C zagotavlja, da je va\u0161a baterija s kapaciteto 850 mAh vedno pripravljena za uporabo.<\/li>\n<li><strong>\u2601\ufe0f Napredna mre\u017easta tuljava:<\/strong> Mre\u017easta tuljava z upornostjo 1,0 \u03a9 zagotavlja izbolj\u0161ano \u010distost okusa in gost oblak.<\/li>\n<li><strong>\ud83c\udf9a\ufe0f Prilagodljive mo\u017enosti nikotina:<\/strong> Na voljo v razli\u010dicah 0%, 2%, 3% in 5%, da zadovoljijo \u017eelje vseh strank.<\/li>\n<\/ul>\n<h3>\ud83d\udcca Bang Leader 85K Specifikacije<\/h3>\n<table>\n<thead>\n<tr>\n<th align=\"left\">Funkcija<\/th>\n<th align=\"left\">Podrobnosti<\/th>\n<\/tr>\n<\/thead>\n<tbody>\n<tr>\n<td><strong>\u0160tevilo puffov<\/strong><\/td>\n<td>Do 85.000 potegov<\/td>\n<\/tr>\n<tr>\n<td><strong>Kapaciteta e-teko\u010dine<\/strong><\/td>\n<td>70 ml<\/td>\n<\/tr>\n<tr>\n<td><strong>Sistem okusov<\/strong><\/td>\n<td>3-v-1 trojni preklopnik okusov<\/td>\n<\/tr>\n<tr>\n<td><strong>Baterija<\/strong><\/td>\n<td>850 mAh (polnilna)<\/td>\n<\/tr>\n<tr>\n<td><strong>Polnjenje<\/strong><\/td>\n<td>Vrata tipa C<\/td>\n<\/tr>\n<tr>\n<td><strong>Tuljava<\/strong><\/td>\n<td>1.0\u03a9 mre\u017ena tuljava<\/td>\n<\/tr>\n<tr>\n<td><strong>Mo\u010d nikotina<\/strong><\/td>\n<td>0% (0 mg), 2% (20 mg), 3% (30 mg), 5% (50 mg)<\/td>\n<\/tr>\n<\/tbody>\n<\/table>\n<h3>\ud83c\udf6d Bang Leader 85K kombinacij okusov (3 okusi na napravo)<\/h3>\n<p>Vsaka naprava Bang Leader je opremljena s tremi slastnimi okusi. Izberite svojo najljub\u0161o kombinacijo:<\/p>\n<ul>\n<li>\ud83c\udf4c <strong>Me\u0161anica 1:<\/strong> Banana Ice \/ Jagoda Lubenica \/ Medvedek Gummy<\/li>\n<li>\ud83d\udc09 <strong>Me\u0161anica 2:<\/strong> \u010crni zmajski led \/ Marshmallow \/ Poletne sanje<\/li>\n<li>\ud83e\uded0 <strong>Me\u0161anica 3:<\/strong> Borovni\u010deva ledena sladoled \/ Modra razen \/ Di\u0161e\u010da hru\u0161ka<\/li>\n<li>\ud83c\udf4d <strong>Me\u0161anica 4:<\/strong> \u010ce\u0161nja in brusnica \/ Breskev in mango \/ Ananas<\/li>\n<li>\ud83e\udd64 <strong>Me\u0161anica 5:<\/strong> Koka Ice \/ Jabolko-breskev \/ Roza limonada<\/li>\n<li>\ud83e\udd5d <strong>Me\u0161anica 6:<\/strong> Grozdni led \/ Jagoda kivija \/ Pasijonka guava<\/li>\n<li>\ud83d\udc9c <strong>Me\u0161anica 7:<\/strong> Ljubezen 666 \/ Borovnica Malina \/ Vimto<\/li>\n<li>\ud83c\udf79 <strong>Me\u0161anica 8:<\/strong> Me\u0161ano sadje \/ Mojito breskev \/ Borovnica malina<\/li>\n<li>\ud83c\udf53 <strong>Me\u0161anica 9:<\/strong> Ananasov led \/ Jagodni Red Bull \/ Me\u0161ane jagode<\/li>\n<li>\ud83c\udf4e <strong>Me\u0161anica 10:<\/strong> Rde\u010de jabolko z ledom \/ Malina in lubenica \/ Aloe in grozdje<\/li>\n<li>\ud83c\udf66 <strong>Me\u0161anica 11:<\/strong> Red Bull \/ Borovnica Lubenica \/ Jagodni sladoled<\/li>\n<li>\ud83c\udf4a <strong>Me\u0161anica 12:<\/strong> Jagodni sladoled \/ Limonina pomaran\u010da \/ Lubenica Bubble Gum<\/li>\n<li>\ud83c\udf4c <strong>Me\u0161anica 13:<\/strong> Jagoda Malina \/ \u010crni ribez \/ Jagoda Banana<\/li>\n<li>\ud83c\udf52 <strong>Me\u0161anica 14:<\/strong> Jagodna lubenica \/ \u010de\u0161njev kokakola \/ jagodna krema<\/li>\n<li>\ud83e\udd6d <strong>Me\u0161anica 15:<\/strong> Ledeni lubenica \/ Mango breskev \/ Pomaran\u010dna soda<\/li>\n<\/ul>\n<p><strong>Bang Leader 85000 potegov<\/strong> postavlja nov standard za enkratne vape. Je popolnoma primeren za <strong>pogosti uporabniki<\/strong> ki \u017eelijo udobje brez kompromisov in <strong>lovci okusov<\/strong> ki imajo radi raznolikost. Za <strong>trgovci na drobno in debelo<\/strong>, Ta visoko zmogljiva naprava z ve\u010d okusi je izdelek, ki ga morate imeti na zalogi, saj privablja stranke, ki i\u0161\u010dejo najbolj\u0161o vrednost in najnovej\u0161o tehnologijo. Posodobite svojo zalogo \u0161e danes! \ud83d\ude80\ud83d\uded2<\/p>\n<h3>\u2753 Pogosta vpra\u0161anja (FAQ)<\/h3>\n<p><strong>V: Kako lahko zamenjam okuse na modelu Bang Leader 85K?<\/strong><br \/>\nO: Naprava ima preprost preklopni mehanizem, ki omogo\u010da preklapljanje med tremi lo\u010denimi rezervoarji za teko\u010dino v notranjosti. \ud83d\udd00<\/p>\n<p><strong>V: Ali je baterija polnilna?<\/strong><br \/>\nO: Da! Opremljen je z baterijo zmogljivosti 850 mAh, ki jo lahko enostavno napolnite s standardnim polnilnim kablom tipa C. \ud83d\udd0c<\/p>\n<p><strong>V: Ali je ta izdelek primeren za veleprodajno distribucijo?<\/strong><br \/>\nO: Seveda. Edinstvena prodajna to\u010dka 3 v 1 in visoko \u0161tevilo puhov ga naredijo zelo privla\u010den izdelek za B2B kupce in trgovine z elektronskimi cigaretami. \ud83c\udfed<\/p>\n<p><strong>V: Koliko \u010dasa traja 85.000 potegov?<\/strong><br \/>\nO: S 70 ml teko\u010dine lahko ta naprava deluje ve\u010d tednov, odvisno od va\u0161ih navad uporabe, kar jo naredi izjemno stro\u0161kovno u\u010dinkovito. \ud83d\uddd3\ufe0f<\/p>","protected":false},"excerpt":{"rendered":"<p>Kar 85.000 potegov, 3-v-1 menjavanje okusov in 70 ml kapaciteta! Bang Leader 85K je najbolj\u0161i dolgotrajni polnilni vape za trgovce na debelo in ljubitelje okusov. \ud83c\udf2c\ufe0f\ud83d\udca8<\/p>","protected":false},"featured_media":91116,"comment_status":"open","ping_status":"closed","template":"","meta":[],"product_brand":[239],"product_cat":[336,242,37],"product_tag":[443,444,442,445,433],"class_list":{"0":"post-91105","1":"product","2":"type-product","3":"status-publish","4":"has-post-thumbnail","6":"product_brand-bang","7":"product_cat-100k-puffs-disposable-vape","8":"product_cat-60000-puffs-disposable-vape","9":"product_cat-bang","10":"product_tag-3-in-1-flavor-vape","11":"product_tag-85000-puffs-disposable","12":"product_tag-bang-leader-85000-puffs","13":"product_tag-bang-vape-wholesale","14":"product_tag-rechargeable-vape","16":"first","17":"instock","18":"shipping-taxable","19":"purchasable","20":"product-type-variable","21":"has-default-attributes"},"jetpack_sharing_enabled":true,"tiered_pricing_type":"fixed","tiered_pricing_fixed_rules":{"30":9.07000000000000028421709430404007434844970703125,"50":7.519999999999999573674358543939888477325439453125,"100":7,"200":6.61000000000000031974423109204508364200592041015625,"400":5.8300000000000000710542735760100185871124267578125},"tiered_pricing_product_settings":{"layout":"default","base_unit_name":{"singular":null,"plural":null},"default_variation":null},"tiered_pricing_minimum_quantity":10,"tiered_pricing_roles_data":[],"tiered_pricing_percentage_rules":[],"tiered_pricing_maximum_quantity":null,"tiered_pricing_quantity_step":"10","_links":{"self":[{"href":"https:\/\/aiviouvapes.com\/sl\/wp-json\/wp\/v2\/product\/91105","targetHints":{"allow":["GET"]}}],"collection":[{"href":"https:\/\/aiviouvapes.com\/sl\/wp-json\/wp\/v2\/product"}],"about":[{"href":"https:\/\/aiviouvapes.com\/sl\/wp-json\/wp\/v2\/types\/product"}],"replies":[{"embeddable":true,"href":"https:\/\/aiviouvapes.com\/sl\/wp-json\/wp\/v2\/comments?post=91105"}],"wp:featuredmedia":[{"embeddable":true,"href":"https:\/\/aiviouvapes.com\/sl\/wp-json\/wp\/v2\/media\/91116"}],"wp:attachment":[{"href":"https:\/\/aiviouvapes.com\/sl\/wp-json\/wp\/v2\/media?parent=91105"}],"wp:term":[{"taxonomy":"product_brand","embeddable":true,"href":"https:\/\/aiviouvapes.com\/sl\/wp-json\/wp\/v2\/product_brand?post=91105"},{"taxonomy":"product_cat","embeddable":true,"href":"https:\/\/aiviouvapes.com\/sl\/wp-json\/wp\/v2\/product_cat?post=91105"},{"taxonomy":"product_tag","embeddable":true,"href":"https:\/\/aiviouvapes.com\/sl\/wp-json\/wp\/v2\/product_tag?post=91105"}],"curies":[{"name":"wp","href":"https:\/\/api.w.org\/{rel}","templated":true}]}}