{"id":8881,"date":"2024-08-21T12:44:38","date_gmt":"2024-08-21T04:44:38","guid":{"rendered":"https:\/\/aiviouvapes.com\/?post_type=product&#038;p=8881"},"modified":"2025-08-06T15:31:49","modified_gmt":"2025-08-06T07:31:49","slug":"lost-mary-mo10000-10k-5-nicotine-led-screen-disposable-vape-wholesale","status":"publish","type":"product","link":"https:\/\/aiviouvapes.com\/sl\/product\/lost-mary-mo10000-10k-5-nicotine-led-screen-disposable-vape-wholesale\/","title":{"rendered":"Lost Mary MO10000 10K Puffs | 5% nikotin, 18ml, pametno prepre\u010devanje suhega udarca, vape za enkratno uporabo"},"content":{"rendered":"<h2>Lost Mary MO10000 10K puffov | 5% nikotina, 18ml e-teko\u010dine, mre\u017ena tuljava, pametno prepre\u010devanje suhega udarca, polnilna naprava tipa C, veleprodaja vape za enkratno uporabo<\/h2>\n<h3>Lost Mary MO10000 Pregled in funkcije<\/h3>\n<p>Lost Mary MO10000 z impresivno zmogljivostjo 10.000 izpuhov in rezervoarjem za 18 ml e-teko\u010dine na novo opredeljuje izku\u0161njo vapinga za enkratno uporabo, kar omogo\u010da dalj\u0161e u\u017eivanje brez stalnega polnjenja. Naprava, ki jo poganja 600 mAh akumulatorska baterija s polnilnim priklju\u010dkom Type-C, zagotavlja u\u010dinkovito polnjenje in zanesljivo uporabo. Opremljena je s prefinjeno tehnologijo mre\u017easte tuljave, ki izbolj\u0161a okus in proizvodnjo pare, medtem ko pametna funkcija za prepre\u010devanje suhega zadetka zagotavlja gladko in zadovoljivo kajenje vsaki\u010d znova. Elegantna zasnova naprave s svetlikajo\u010dimi se valovi in intuitivnim zaslonom za spremljanje e-teko\u010dine in baterije zagotavlja slog in udobje.<\/p>\n<ul>\n<li><strong>Do 10.000 vdihov<\/strong>: Zagotavlja dalj\u0161e u\u017eivanje in zmanj\u0161uje \u0161tevilo prekinitev.<\/li>\n<li><strong>18ml E-teko\u010dina Kapaciteta<\/strong>: Zmanj\u0161uje \u0161tevilo polnjenj in zagotavlja brezhibno izku\u0161njo.<\/li>\n<li><strong>Baterija za polnjenje 600 mAh<\/strong>: Zagotavlja zanesljivo napajanje s hitrim polnjenjem tipa C.<\/li>\n<li><strong>Pametno prepre\u010devanje suhih udarcev<\/strong>: Za\u0161\u010dita pred peko\u010dimi okusi za vedno prijetne pokuhe.<\/li>\n<li><strong>Rafinirana mre\u017easta tuljava<\/strong>: Zagotavlja vrhunski okus in gladko paro.<\/li>\n<li><strong>Ble\u0161\u010de\u010de valovanje Design<\/strong>: Ima eleganten in privla\u010den zaklju\u010dek.<\/li>\n<\/ul>\n<h3>Lost Mary MO10000 Okusi na zalogi:<\/h3>\n<p>Blue Dragon Fruit Breskev, Rose Grape, Granny Cherry, Green Mango, Mango Berry, Matcha Mint Ice, Mixed Prunus, Mountain Mint, Orange Pine Nana Mango, Orange Watermelon, Pineapple Lemon Watermelon, Blue Razz P&amp;B, Strawberry Cherry Lemon, Strawberry Grapefruit, Apple Guava.<\/p>\n<h3>Zakaj izbrati Lost Mary MO10000?<\/h3>\n<p>Lost Mary MO10000 zdru\u017euje visoko zmogljivost puhanja, raznolik izbor okusov in napredne funkcije, kot sta pametno prepre\u010devanje suhih udarcev in mre\u017ena tuljava, zato je idealna izbira za vaperje, ki dajejo prednost kakovosti, okusu in udobju. Njegova kompaktna zasnova za polnjenje je idealna za uporabo na poti, oblika za enkratno uporabo pa zagotavlja u\u017eivanje brez vzdr\u017eevanja. Ta naprava, ki je na voljo za prodajo na debelo, je vrhunska izbira za trgovce na drobno, ki \u017eelijo ponuditi vrhunski vape z veliko zmogljivostjo. Naprava Lost Mary MO10000 zagotavlja izjemno, zadovoljivo izku\u0161njo z vsakim potegom in izpolnjuje potrebe tako izku\u0161enih vaperjev kot tudi novincev.<\/p>\n<h3>Zakaj izbrati AiviouVapes<\/h3>\n<p>Dobrodo\u0161li v <a href=\"https:\/\/aiviouvapes.com\/sl\/\">AiviouVapes<\/a> - va\u0161 zaupanja vreden vir za vrhunske, cenovno ugodne <a href=\"https:\/\/aiviouvapes.com\/sl\/shop\/\">veleprodaja vapes za enkratno uporabo<\/a> po resni\u010dno nizkih cenah. Z ve\u010d kot petimi leti izku\u0161enj v industriji vape ponujamo ro\u010dno izbran izbor vodilnih blagovnih znamk, kot so <a href=\"https:\/\/aiviouvapes.com\/sl\/kategorija-izdelka\/waspe\/\">WASPE<\/a>, <a href=\"https:\/\/aiviouvapes.com\/sl\/kategorija-izdelka\/bang\/\">Bang Vape<\/a>, <a href=\"https:\/\/aiviouvapes.com\/sl\/kategorija-izdelka\/vapme-vapes\/\">Vapme<\/a>in <a href=\"https:\/\/aiviouvapes.com\/sl\/kategorija-izdelka\/mrvi\/\">MRVI<\/a>.<\/p>\n<p>Od naprav z visokim izpihom, kot je <a href=\"https:\/\/aiviouvapes.com\/sl\/izdelek\/waspe-4-in-1-100000-puffs\/\">WASPE 100K okus 4 v 1<\/a> do krepkih priljubljenih izdelkov, kot je <a href=\"https:\/\/aiviouvapes.com\/sl\/izdelek\/bang-king-triple-flavors-85000\/\">Bang 85.000 Trojni puh<\/a>in celo vznemirljivo <a class=\"woocommerce-LoopProduct-link woocommerce-loop-product__link\" href=\"https:\/\/aiviouvapes.com\/sl\/izdelek\/mystery-vape-blind-box\/\">Skrivnostna \u0161katla Vape za enkratno uporabo<\/a>, vsak izdelek je izbran zaradi vrhunske kakovosti in neprekosljive vrednosti. Pri AiviouVapes boste u\u017eivali v odli\u010dnih storitvah, veleprodajnih prihrankih in zbirki, ki je zasnovana tako, da ustreza va\u0161im potrebam po vapingu.<\/p>\n<div class=\"row row-large row-full-width align-middle\"  id=\"row-2107777541\">\n\n\n\t<div id=\"col-545847417\" class=\"col medium-3 small-6 large-3\"  >\n\t\t\t\t<div class=\"col-inner text-center\"  >\n\t\t\t\n\t\t\t\n\n\n\t\t<div class=\"icon-box featured-box icon-box-top text-left\"  >\n\t\t\t\t\t<div class=\"icon-box-img\" style=\"width: 90px\">\n\t\t\t\t<div class=\"icon\">\n\t\t\t\t\t<div class=\"icon-inner\" >\n\t\t\t\t\t\t<img loading=\"lazy\" decoding=\"async\" width=\"200\" height=\"200\" src=\"https:\/\/i0.wp.com\/aiviouvapes.com\/wp-content\/uploads\/2024\/08\/vape-1-1.png?fit=200%2C200&amp;ssl=1\" class=\"attachment-medium size-medium\" alt=\"Zakaj izbrati AIVIOUVAPES\" srcset=\"https:\/\/i0.wp.com\/aiviouvapes.com\/wp-content\/uploads\/2024\/08\/vape-1-1.png?w=200&amp;ssl=1 200w, https:\/\/i0.wp.com\/aiviouvapes.com\/wp-content\/uploads\/2024\/08\/vape-1-1.png?resize=150%2C150&amp;ssl=1 150w, https:\/\/i0.wp.com\/aiviouvapes.com\/wp-content\/uploads\/2024\/08\/vape-1-1.png?resize=12%2C12&amp;ssl=1 12w, https:\/\/i0.wp.com\/aiviouvapes.com\/wp-content\/uploads\/2024\/08\/vape-1-1.png?resize=100%2C100&amp;ssl=1 100w\" sizes=\"auto, (max-width: 200px) 100vw, 200px\" title=\"\">\t\t\t\t\t<\/div>\n\t\t\t\t<\/div>\n\t\t\t<\/div>\n\t\t\t\t<div class=\"icon-box-text last-reset\">\n\t\t\t\t\t\t\t\t\t\n\n\t<div id=\"text-59125603\" class=\"text\">\n\t\t\n\n<h3 style=\"text-align: center;\">Obse\u017ena raznolikost izdelkov Vape<\/h3>\n<p style=\"text-align: center;\">Odkrijte na\u0161o \u0161iroko paleto izdelkov, izdelanih za vse \u017eelje.<\/p>\n\t\t\n<style>\n#text-59125603 {\n  font-size: 0.9rem;\n}\n<\/style>\n\t<\/div>\n\t\n\n\t\t<\/div>\n\t<\/div>\n\t\n\t\n\n\t\t<\/div>\n\t\t\t\t\t<\/div>\n\n\t\n\n\t<div id=\"col-1955220059\" class=\"col medium-3 small-6 large-3\"  >\n\t\t\t\t<div class=\"col-inner text-center\"  >\n\t\t\t\n\t\t\t\n\n\n\t\t<div class=\"icon-box featured-box icon-box-top text-left\"  >\n\t\t\t\t\t<div class=\"icon-box-img\" style=\"width: 90px\">\n\t\t\t\t<div class=\"icon\">\n\t\t\t\t\t<div class=\"icon-inner\" >\n\t\t\t\t\t\t<img loading=\"lazy\" decoding=\"async\" width=\"200\" height=\"200\" src=\"https:\/\/i0.wp.com\/aiviouvapes.com\/wp-content\/uploads\/2024\/08\/save-money-1-1-1.png?fit=200%2C200&amp;ssl=1\" class=\"attachment-medium size-medium\" alt=\"Zakaj izbrati AIVIOUVAPES\" srcset=\"https:\/\/i0.wp.com\/aiviouvapes.com\/wp-content\/uploads\/2024\/08\/save-money-1-1-1.png?w=200&amp;ssl=1 200w, https:\/\/i0.wp.com\/aiviouvapes.com\/wp-content\/uploads\/2024\/08\/save-money-1-1-1.png?resize=150%2C150&amp;ssl=1 150w, https:\/\/i0.wp.com\/aiviouvapes.com\/wp-content\/uploads\/2024\/08\/save-money-1-1-1.png?resize=12%2C12&amp;ssl=1 12w, https:\/\/i0.wp.com\/aiviouvapes.com\/wp-content\/uploads\/2024\/08\/save-money-1-1-1.png?resize=100%2C100&amp;ssl=1 100w\" sizes=\"auto, (max-width: 200px) 100vw, 200px\" title=\"\">\t\t\t\t\t<\/div>\n\t\t\t\t<\/div>\n\t\t\t<\/div>\n\t\t\t\t<div class=\"icon-box-text last-reset\">\n\t\t\t\t\t\t\t\t\t\n\n\t<div id=\"text-3372160020\" class=\"text\">\n\t\t\n\n<h3 style=\"text-align: center;\">Nepremagljiva vrednost<\/h3>\n<p style=\"text-align: center;\">U\u017eivajte v vrhunskih izdelkih po cenah, ki ustrezajo va\u0161emu prora\u010dunu.<\/p>\n\t\t\n<style>\n#text-3372160020 {\n  font-size: 0.9rem;\n}\n<\/style>\n\t<\/div>\n\t\n\n\t\t<\/div>\n\t<\/div>\n\t\n\t\n\n\t\t<\/div>\n\t\t\t\t\t<\/div>\n\n\t\n\n\t<div id=\"col-210598153\" class=\"col medium-3 small-6 large-3\"  >\n\t\t\t\t<div class=\"col-inner text-center\"  >\n\t\t\t\n\t\t\t\n\n\n\t\t<div class=\"icon-box featured-box icon-box-top text-left\"  >\n\t\t\t\t\t<div class=\"icon-box-img\" style=\"width: 90px\">\n\t\t\t\t<div class=\"icon\">\n\t\t\t\t\t<div class=\"icon-inner\" >\n\t\t\t\t\t\t<img loading=\"lazy\" decoding=\"async\" width=\"200\" height=\"200\" src=\"https:\/\/i0.wp.com\/aiviouvapes.com\/wp-content\/uploads\/2024\/08\/delivery-truck-1-1.png?fit=200%2C200&amp;ssl=1\" class=\"attachment-medium size-medium\" alt=\"Zakaj izbrati AIVIOUVAPES\" srcset=\"https:\/\/i0.wp.com\/aiviouvapes.com\/wp-content\/uploads\/2024\/08\/delivery-truck-1-1.png?w=200&amp;ssl=1 200w, https:\/\/i0.wp.com\/aiviouvapes.com\/wp-content\/uploads\/2024\/08\/delivery-truck-1-1.png?resize=150%2C150&amp;ssl=1 150w, https:\/\/i0.wp.com\/aiviouvapes.com\/wp-content\/uploads\/2024\/08\/delivery-truck-1-1.png?resize=12%2C12&amp;ssl=1 12w, https:\/\/i0.wp.com\/aiviouvapes.com\/wp-content\/uploads\/2024\/08\/delivery-truck-1-1.png?resize=100%2C100&amp;ssl=1 100w\" sizes=\"auto, (max-width: 200px) 100vw, 200px\" title=\"\">\t\t\t\t\t<\/div>\n\t\t\t\t<\/div>\n\t\t\t<\/div>\n\t\t\t\t<div class=\"icon-box-text last-reset\">\n\t\t\t\t\t\t\t\t\t\n\n\t<div id=\"text-1307599686\" class=\"text\">\n\t\t\n\n<h3 style=\"text-align: center;\">Hitra Globalna Dostava<\/h3>\n<p style=\"text-align: center;\">Dostavo po vsem svetu zagotavljamo z zagotovljenim carinjenjem, kar zagotavlja brezhibno izku\u0161njo.<\/p>\n\t\t\n<style>\n#text-1307599686 {\n  font-size: 0.9rem;\n}\n<\/style>\n\t<\/div>\n\t\n\n\t\t<\/div>\n\t<\/div>\n\t\n\t\n\n\t\t<\/div>\n\t\t\t\t\t<\/div>\n\n\t\n\n\t<div id=\"col-7395685\" class=\"col medium-3 small-6 large-3\"  >\n\t\t\t\t<div class=\"col-inner text-center\"  >\n\t\t\t\n\t\t\t\n\n\n\t\t<div class=\"icon-box featured-box icon-box-top text-left\"  >\n\t\t\t\t\t<div class=\"icon-box-img\" style=\"width: 90px\">\n\t\t\t\t<div class=\"icon\">\n\t\t\t\t\t<div class=\"icon-inner\" >\n\t\t\t\t\t\t<img loading=\"lazy\" decoding=\"async\" width=\"200\" height=\"200\" src=\"https:\/\/i0.wp.com\/aiviouvapes.com\/wp-content\/uploads\/2024\/08\/support-1-1.png?fit=200%2C200&amp;ssl=1\" class=\"attachment-medium size-medium\" alt=\"Zakaj izbrati AIVIOUVAPES\" srcset=\"https:\/\/i0.wp.com\/aiviouvapes.com\/wp-content\/uploads\/2024\/08\/support-1-1.png?w=200&amp;ssl=1 200w, https:\/\/i0.wp.com\/aiviouvapes.com\/wp-content\/uploads\/2024\/08\/support-1-1.png?resize=150%2C150&amp;ssl=1 150w, https:\/\/i0.wp.com\/aiviouvapes.com\/wp-content\/uploads\/2024\/08\/support-1-1.png?resize=12%2C12&amp;ssl=1 12w, https:\/\/i0.wp.com\/aiviouvapes.com\/wp-content\/uploads\/2024\/08\/support-1-1.png?resize=100%2C100&amp;ssl=1 100w\" sizes=\"auto, (max-width: 200px) 100vw, 200px\" title=\"\">\t\t\t\t\t<\/div>\n\t\t\t\t<\/div>\n\t\t\t<\/div>\n\t\t\t\t<div class=\"icon-box-text last-reset\">\n\t\t\t\t\t\t\t\t\t\n\n\t<div id=\"text-445708270\" class=\"text\">\n\t\t\n\n<h3 style=\"text-align: center;\">Pomo\u010d po celodnevni uri<\/h3>\n<p style=\"text-align: center;\">Na\u0161o ekipo za podporo lahko kadar koli, 24 ur na dan, 7 dni v tednu, prek aplikacije WhatsApp ali e-po\u0161te.<\/p>\n\t\t\n<style>\n#text-445708270 {\n  font-size: 0.9rem;\n}\n<\/style>\n\t<\/div>\n\t\n\n\t\t<\/div>\n\t<\/div>\n\t\n\t\n\n\t\t<\/div>\n\t\t\t\t\t<\/div>\n\n\t\n\n<\/div>\n<div class=\"row row-full-width align-middle\"  id=\"row-2117564661\">\n\n\n\t<div id=\"col-275304755\" class=\"col medium-6 small-12 large-6\"  >\n\t\t\t\t<div class=\"col-inner\"  >\n\t\t\t\n\t\t\t\n\n\t<div class=\"img has-hover x md-x lg-x y md-y lg-y\" id=\"image_1253166830\">\n\t\t\t\t\t\t\t\t<div class=\"img-inner dark\" >\n\t\t\t<img loading=\"lazy\" decoding=\"async\" width=\"930\" height=\"1024\" src=\"https:\/\/i0.wp.com\/aiviouvapes.com\/wp-content\/uploads\/2024\/08\/%E6%8B%BC%E5%9B%BE.jpg?fit=930%2C1024&amp;ssl=1\" class=\"attachment-large size-large\" alt=\"Zakaj izbrati AIVIOUVAPES\" title=\"\">\t\t\t\t\t\t\n\t\t\t\t\t<\/div>\n\t\t\t\t\t\t\t\t\n<style>\n#image_1253166830 {\n  width: 100%;\n}\n<\/style>\n\t<\/div>\n\t\n\n\n\t\t<\/div>\n\t\t\t\t\t<\/div>\n\n\t\n\n\t<div id=\"col-820082273\" class=\"col medium-6 small-12 large-6\"  >\n\t\t\t\t<div class=\"col-inner\"  >\n\t\t\t\n\t\t\t\n\n<div class=\"container section-title-container\" ><h4 class=\"section-title section-title-normal\"><b aria-hidden=\"true\"><\/b><span class=\"section-title-main\" style=\"font-size:91%;\">Na\u0161e prednosti<\/span><b aria-hidden=\"true\"><\/b><\/h4><\/div>\n\n<div class=\"accordion\">\n\n\t<div id=\"accordion-534845876\" class=\"accordion-item\">\n\t\t<a id=\"accordion-534845876-label\" class=\"accordion-title plain\" href=\"#accordion-item-commitment-to-quality\" aria-expanded=\"false\" aria-controls=\"accordion-534845876-content\">\n\t\t\t<button class=\"toggle\" aria-label=\"Toggle\"><i class=\"icon-angle-down\" aria-hidden=\"true\"><\/i><\/button>\n\t\t\t<span>Zavezanost kakovosti<\/span>\n\t\t<\/a>\n\t\t<div id=\"accordion-534845876-content\" class=\"accordion-inner\" aria-labelledby=\"accordion-534845876-label\">\n\t\t\t\n\n<p>Pri <a href=\"https:\/\/aiviouvapes.com\/sl\/\">AiviouVape<\/a>kakovost je gonilo vsega, kar po\u010dnemo. Na\u0161i vapeji za enkratno uporabo so skrbno izdelani in strogo preizku\u0161eni, da izpolnjujejo najvi\u0161je standarde, kar zagotavlja nemoteno in zanesljivo izku\u0161njo vapljanja vsaki\u010d znova. Z na\u0161o zavezanostjo k ni\u010d napakam in ni\u010d prito\u017ebam lahko zaupate, da ste dobili najbolj\u0161e.<\/p>\n\n\t\t<\/div>\n\t<\/div>\n\t\n\t<div id=\"accordion-1479697660\" class=\"accordion-item\">\n\t\t<a id=\"accordion-1479697660-label\" class=\"accordion-title plain\" href=\"#accordion-item-diverse-range-of-products\" aria-expanded=\"false\" aria-controls=\"accordion-1479697660-content\">\n\t\t\t<button class=\"toggle\" aria-label=\"Toggle\"><i class=\"icon-angle-down\" aria-hidden=\"true\"><\/i><\/button>\n\t\t\t<span>Raznovrstni izdelki<\/span>\n\t\t<\/a>\n\t\t<div id=\"accordion-1479697660-content\" class=\"accordion-inner\" aria-labelledby=\"accordion-1479697660-label\">\n\t\t\t\n\n<p>Ponosni smo, da ponujamo \u0161iroko paleto vrhunskih vapes za enkratno uporabo, ki ustrezajo vsem \u017eeljam. V na\u0161i ponudbi so zaupanja vredne blagovne znamke, kot so Waspe, Vapme, RandM Tornado, Bang Box, ELF Box in Bang King, od najnovej\u0161ih inovacij do dolgoletnih priljubljenih izdelkov. Ne glede na to, ali i\u0161\u010dete drzne okuse Vapme ali elegantno obliko RandM Tornado, je na\u0161a zbirka oblikovana tako, da vam pomaga odkriti popoln vape, ki ustreza va\u0161emu okusu in \u017eivljenjskemu slogu.<\/p>\n\n\n\t\t<\/div>\n\t<\/div>\n\t\n\t<div id=\"accordion-1420899038\" class=\"accordion-item\">\n\t\t<a id=\"accordion-1420899038-label\" class=\"accordion-title plain\" href=\"#accordion-item-wholesale-and-retail-solutions\" aria-expanded=\"false\" aria-controls=\"accordion-1420899038-content\">\n\t\t\t<button class=\"toggle\" aria-label=\"Toggle\"><i class=\"icon-angle-down\" aria-hidden=\"true\"><\/i><\/button>\n\t\t\t<span>Veleprodajne in maloprodajne re\u0161itve<\/span>\n\t\t<\/a>\n\t\t<div id=\"accordion-1420899038-content\" class=\"accordion-inner\" aria-labelledby=\"accordion-1420899038-label\">\n\t\t\t\n\n<p>AiviouVape izpolnjuje zahteve maloprodajnih in veleprodajnih strank ter vsaki\u010d zagotavlja izjemne izdelke in storitve. \u010ce ste novinec, vam priporo\u010damo, da za\u010dnete z majhno serijo in izkusite na\u0161o kakovost iz prve roke. S konkuren\u010dnimi cenami in vrhunskimi standardi smo zaupanja vredna izbira v industriji vape za enkratno uporabo.\u00a0<\/p>\n\n\t\t<\/div>\n\t<\/div>\n\t\n\t<div id=\"accordion-447711965\" class=\"accordion-item\">\n\t\t<a id=\"accordion-447711965-label\" class=\"accordion-title plain\" href=\"#accordion-item-continuous-improvement\" aria-expanded=\"false\" aria-controls=\"accordion-447711965-content\">\n\t\t\t<button class=\"toggle\" aria-label=\"Toggle\"><i class=\"icon-angle-down\" aria-hidden=\"true\"><\/i><\/button>\n\t\t\t<span>Nenehno izbolj\u0161evanje<\/span>\n\t\t<\/a>\n\t\t<div id=\"accordion-447711965-content\" class=\"accordion-inner\" aria-labelledby=\"accordion-447711965-label\">\n\t\t\t\n\n<p>Podjetje AiviouVape odlikuje na\u0161a predanost izjemnim storitvam za stranke. \u010ce potrebujete nasvet pred nakupom ali pomo\u010d pri naro\u010dilu, je na\u0161a ekipa vedno na voljo prek aplikacije WhatsApp ali e-po\u0161te. Prizadevamo si vzpostaviti trajne odnose s strankami in zagotavljamo va\u0161e zadovoljstvo na vsakem koraku.<\/p>\n\n\t\t<\/div>\n\t<\/div>\n\t\n\t<div id=\"accordion-2414984797\" class=\"accordion-item\">\n\t\t<a id=\"accordion-2414984797-label\" class=\"accordion-title plain\" href=\"#accordion-item-quality-assurance\" aria-expanded=\"false\" aria-controls=\"accordion-2414984797-content\">\n\t\t\t<button class=\"toggle\" aria-label=\"Toggle\"><i class=\"icon-angle-down\" aria-hidden=\"true\"><\/i><\/button>\n\t\t\t<span>Zagotavljanje kakovosti<\/span>\n\t\t<\/a>\n\t\t<div id=\"accordion-2414984797-content\" class=\"accordion-inner\" aria-labelledby=\"accordion-2414984797-label\">\n\t\t\t\n\n<p>Na vseh stopnjah razvoja, proizvodnje, tr\u017eenja in distribucije izdelkov na\u0161a zavezanost kakovosti nikoli ne popusti. Na\u0161i izdelki za enkratno uporabo so podvr\u017eeni strogim testom, ki zagotavljajo, da so nestrupeni, \u010disti in zagotavljajo izjemen okus. Ta predanost odli\u010dnosti je temelj na\u0161e korporativne kulture.<\/p>\n\n\t\t<\/div>\n\t<\/div>\n\t\n\t<div id=\"accordion-2517400311\" class=\"accordion-item\">\n\t\t<a id=\"accordion-2517400311-label\" class=\"accordion-title plain\" href=\"#accordion-item-efficient-logistics-and-delivery\" aria-expanded=\"false\" aria-controls=\"accordion-2517400311-content\">\n\t\t\t<button class=\"toggle\" aria-label=\"Toggle\"><i class=\"icon-angle-down\" aria-hidden=\"true\"><\/i><\/button>\n\t\t\t<span>U\u010dinkovita logistika in dostava<\/span>\n\t\t<\/a>\n\t\t<div id=\"accordion-2517400311-content\" class=\"accordion-inner\" aria-labelledby=\"accordion-2517400311-label\">\n\t\t\t\n\n<p>AiviouVape zagotavlja u\u010dinkovito logistiko in dostavo, vklju\u010dno s storitvami DDP (Delivered Duty Paid), ki zagotavljajo nemoteno carinjenje brez kakr\u0161nih koli pristojbin ali davkov. S hitro dostavo in izjemno podporo strankam ponujamo nemoteno in zanesljivo izku\u0161njo, zaradi \u010desar smo zaupanja vreden partner v industriji.<\/p>\n\n\t\t<\/div>\n\t<\/div>\n\t\n\t<div id=\"accordion-1373398255\" class=\"accordion-item\">\n\t\t<a id=\"accordion-1373398255-label\" class=\"accordion-title plain\" href=\"#accordion-item-odm-and-oem-services\" aria-expanded=\"false\" aria-controls=\"accordion-1373398255-content\">\n\t\t\t<button class=\"toggle\" aria-label=\"Toggle\"><i class=\"icon-angle-down\" aria-hidden=\"true\"><\/i><\/button>\n\t\t\t<span>Storitve ODM in OEM<\/span>\n\t\t<\/a>\n\t\t<div id=\"accordion-1373398255-content\" class=\"accordion-inner\" aria-labelledby=\"accordion-1373398255-label\">\n\t\t\t\n\n<p>AiviouVapes ponuja popolne storitve ODM (Original Design Manufacturing) in OEM (Original Equipment Manufacturing). Z dvema velikima obratoma strankam pomagamo oblikovati edinstvene izdelke in privla\u010dne logotipe za embala\u017eo. Zagotavljamo tudi brezpla\u010dne smernice za oblikovanje embala\u017ee in podpiramo stranke, ki same pakirajo svoje izdelke, s \u010dimer zagotavljamo, da njihova blagovna znamka zasije na trgu.<\/p>\n\n\t\t<\/div>\n\t<\/div>\n\t\n\n<\/div>\n\n\t\t<\/div>\n\t\t\t\t\t<\/div>\n\n\t\n\n<\/div>\n<style>\n.tier-pricing-summary-table--hidden {display:none !important}<br \/>\n<\/style>","protected":false},"excerpt":{"rendered":"<p>Lost Mary MO10000 Vape za enkratno uporabo ponuja do 10.000 vdihov z 18 ml e-teko\u010dine in polnilno baterijo 600 mAh. S prefinjeno mre\u017easto tuljavo, pametnim prepre\u010devanjem suhega udara in elegantno obliko zagotavlja gladko paro z okusom za izjemno izku\u0161njo uparjanja.<\/p>","protected":false},"featured_media":8883,"comment_status":"open","ping_status":"closed","template":"","meta":[],"product_brand":[],"product_cat":[49,122,90,117,76,134,135,133,136,137,146,138,139,140,141,142,143,144,145,132],"product_tag":[],"class_list":{"0":"post-8881","1":"product","2":"type-product","3":"status-publish","4":"has-post-thumbnail","6":"product_cat-lost-mary","7":"product_cat-10000-puffs-disposable-vape","8":"product_cat-big-puffs-vapes","9":"product_cat-different-puffs-of-diposable-vapes","10":"product_cat-disposable-vape-types","11":"product_cat-disposable-vapes-in-austria","12":"product_cat-disposable-vapes-in-belgium","13":"product_cat-disposable-vapes-in-europe","14":"product_cat-disposable-vapes-in-france","15":"product_cat-disposable-vapes-in-germany","16":"product_cat-disposable-vapes-in-hungary","17":"product_cat-disposable-vapes-in-ltaly","18":"product_cat-disposable-vapes-in-netherlands","19":"product_cat-disposable-vapes-in-norway","20":"product_cat-disposable-vapes-in-poland","21":"product_cat-disposable-vapes-in-portugal","22":"product_cat-disposable-vapes-in-spain","23":"product_cat-disposable-vapes-in-sweden","24":"product_cat-disposable-vapes-in-switzerland","25":"product_cat-rechargeable-vapes","27":"first","28":"instock","29":"shipping-taxable","30":"purchasable","31":"product-type-variable","32":"has-default-attributes"},"jetpack_sharing_enabled":true,"tiered_pricing_type":"fixed","tiered_pricing_fixed_rules":{"2000":4},"tiered_pricing_product_settings":{"layout":"default","base_unit_name":{"singular":null,"plural":null},"default_variation":null},"tiered_pricing_minimum_quantity":1000,"tiered_pricing_roles_data":[],"tiered_pricing_percentage_rules":[],"tiered_pricing_maximum_quantity":null,"tiered_pricing_quantity_step":"100","_links":{"self":[{"href":"https:\/\/aiviouvapes.com\/sl\/wp-json\/wp\/v2\/product\/8881","targetHints":{"allow":["GET"]}}],"collection":[{"href":"https:\/\/aiviouvapes.com\/sl\/wp-json\/wp\/v2\/product"}],"about":[{"href":"https:\/\/aiviouvapes.com\/sl\/wp-json\/wp\/v2\/types\/product"}],"replies":[{"embeddable":true,"href":"https:\/\/aiviouvapes.com\/sl\/wp-json\/wp\/v2\/comments?post=8881"}],"wp:featuredmedia":[{"embeddable":true,"href":"https:\/\/aiviouvapes.com\/sl\/wp-json\/wp\/v2\/media\/8883"}],"wp:attachment":[{"href":"https:\/\/aiviouvapes.com\/sl\/wp-json\/wp\/v2\/media?parent=8881"}],"wp:term":[{"taxonomy":"product_brand","embeddable":true,"href":"https:\/\/aiviouvapes.com\/sl\/wp-json\/wp\/v2\/product_brand?post=8881"},{"taxonomy":"product_cat","embeddable":true,"href":"https:\/\/aiviouvapes.com\/sl\/wp-json\/wp\/v2\/product_cat?post=8881"},{"taxonomy":"product_tag","embeddable":true,"href":"https:\/\/aiviouvapes.com\/sl\/wp-json\/wp\/v2\/product_tag?post=8881"}],"curies":[{"name":"wp","href":"https:\/\/api.w.org\/{rel}","templated":true}]}}