{"id":87549,"date":"2025-11-26T18:54:33","date_gmt":"2025-11-26T10:54:33","guid":{"rendered":"https:\/\/aiviouvapes.com\/?post_type=product&#038;p=87549"},"modified":"2026-03-17T23:53:00","modified_gmt":"2026-03-17T15:53:00","slug":"uzy-crystal-twin-50k","status":"publish","type":"product","link":"https:\/\/aiviouvapes.com\/sl\/product\/uzy-crystal-twin-50k\/","title":{"rendered":"UZY Crystal Twin 50K | 2-v-1 z dvojnim okusom 50000 puffov pametni LED zaslon 40ml mega zmogljivost na debelo"},"content":{"rendered":"<p><strong>UZY Crystal Twin 50000 puffov za enkratno uporabo<\/strong> je zasnovan za vaperje, ki \u017eelijo ve\u010d okusa, ve\u010d mo\u010di in ve\u010d udobja. S spletno stranjo . <strong>dva rezervoarja po 20 ml<\/strong>, <strong>dve 0,9\u03a9 mre\u017eni tuljavi<\/strong>in <strong>pametni zaslon LED<\/strong>, ta naprava vam z vsakim izpihom zagotavlja vrhunsko izku\u0161njo. Kadarkoli lahko preklapljate med dvema okusoma in ve\u010d tednov u\u017eivate v izjemno gladkem okusu. \ud83d\ude80<\/p>\n<h2>Zakaj izbrati UZY Crystal Twin 50K?<\/h2>\n<ul>\n<li>\ud83d\udca8 <strong>Masivnih 50.000 vdihov<\/strong> za izjemno dolgo uporabo<\/li>\n<li>\ud83c\udf53 <strong>Dvojni sistem za okus 2 v 1<\/strong> - takoj preklopite med dvema okusoma<\/li>\n<li>\ud83d\udd25 <strong>Dvojne 0,9\u03a9 mre\u017easte tuljave<\/strong> za mo\u010dnej\u0161i okus in bolj gladko paro<\/li>\n<li>\ud83d\udcfa <strong>Pametni zaslon LED<\/strong> jasno prikazuje stanje baterije in e-teko\u010dine<\/li>\n<li>\ud83d\udd0b <strong>850 mAh akumulatorska baterija<\/strong> s hitrim polnjenjem Type-C<\/li>\n<li>\ud83e\uddca <strong>40 ml velika zmogljivost e-sijaja<\/strong> (20 ml + 20 ml)<\/li>\n<li>\ud83c\udf2c Na voljo v <strong>2%, 3% in 5% nikotin<\/strong> mo\u017enosti<\/li>\n<li>\ud83d\udc8e Oblika v kristalnem slogu, ki je videti vrhunsko in se udobno dr\u017ei v roki<\/li>\n<li>\ud83d\uded2 Kot nala\u0161\u010d za <strong>maloprodajna, veleprodajna in velika naro\u010dila.<\/strong><\/li>\n<\/ul>\n<h3>UZY Crystal Twin 50K Specifikacije<\/h3>\n<table>\n<tbody>\n<tr>\n<td><strong>\u0160tevilo puffov<\/strong><\/td>\n<td>Do 50.000 vdihov<\/td>\n<\/tr>\n<tr>\n<td><strong>Okusi<\/strong><\/td>\n<td>Stikalo z dvema okusoma (2 okusa v eni napravi)<\/td>\n<\/tr>\n<tr>\n<td><strong>Kapaciteta e-teko\u010dine<\/strong><\/td>\n<td>40 ml (20 ml + 20 ml)<\/td>\n<\/tr>\n<tr>\n<td><strong>Tuljava<\/strong><\/td>\n<td>0,9\u03a9 mre\u017ena tuljava \u00d7 2<\/td>\n<\/tr>\n<tr>\n<td><strong>Mo\u010d nikotina<\/strong><\/td>\n<td>2% \/ 3% \/ 5%<\/td>\n<\/tr>\n<tr>\n<td><strong>Baterija<\/strong><\/td>\n<td>850 mAh za polnjenje<\/td>\n<\/tr>\n<tr>\n<td><strong>Polnjenje<\/strong><\/td>\n<td>Hitro polnjenje tipa C<\/td>\n<\/tr>\n<tr>\n<td><strong>Prikaz<\/strong><\/td>\n<td>Pametni zaslon LED<\/td>\n<\/tr>\n<tr>\n<td><strong>Vrsta uporabe<\/strong><\/td>\n<td>Za enkratno uporabo<\/td>\n<\/tr>\n<\/tbody>\n<\/table>\n<h3>UZY Crystal Twin 50K Razpolo\u017eljivi okusi<\/h3>\n<ul>\n<li><strong>Borovnice na ledu in poletni breskov led<\/strong> - Ledena borovnica in sladka breskev sta osve\u017eilna kombinacija.<\/li>\n<li><strong>Kivi Pasijonka Guava in borovnica Malina<\/strong> - Tropska eksplozija v kombinaciji s sladkostjo jagodi\u010devja.<\/li>\n<li><strong>Jagodni kivi in grozdni led<\/strong> - Sadna sve\u017eina s hladnim grozdnim pridihom.<\/li>\n<li><strong>Kivi Pasijonka Guava in dve jabolki<\/strong> - Eksoti\u010dne tropske me\u0161anice s hrustljavim dvojnim jabolkom.<\/li>\n<li><strong>Jagodna lubenica in limonina limeta<\/strong> - Sladka, so\u010dna me\u0161anica, uravnote\u017eena z okusnimi agrumi.<\/li>\n<li><strong>Borovnice, maline in \u010de\u0161njev led<\/strong> - Gladko jagodi\u010devje s hladnim \u010de\u0161njevim zaklju\u010dkom.<\/li>\n<li><strong>Jagoda malina \u010de\u0161nja in gospod Blue<\/strong> - Trojni jagodni zasuk se sre\u010da s hladno, skrivnostno me\u0161anico.<\/li>\n<li><strong>Breskev Mango Ananas in Red Bull<\/strong> - Tropski koktajl in energizirajo\u010di okus sode.<\/li>\n<li><strong>Led z lubenico in me\u0161ano jagodi\u010devje<\/strong> - Hladilna lubenica v kombinaciji s sve\u017eino gozdnih sade\u017eev.<\/li>\n<li><strong>Jagoda Banana in ljubezen 66<\/strong> - Gladka kremasta banana + eksoti\u010den okus v slogu \u0161i\u0161e.<\/li>\n<\/ul>\n<h3>Kot nala\u0161\u010d za<\/h3>\n<p>Ta naprava je idealna za <strong>te\u017eki vaperji, ljubitelji okusov, lastniki prodajaln vape in distributerji na debelo<\/strong> ki \u017eelijo vrhunsko, dolgotrajno vapiranje za enkratno uporabo. UZY Crystal Twin 50K z velikim okusom, veliko zmogljivostjo in veliko zmogljivostjo zagotavlja zadovoljstvo od prvega do zadnjega izdiha. \ud83d\udca8\ud83d\udd25<\/p>\n<h3>Pogosta vpra\u0161anja o UZY Crystal Twin 50K<\/h3>\n<p><strong>V: Kako dolgo zdr\u017ei UZY Crystal Twin 50K?<\/strong><br \/>\nO: Z do 50.000 vdihi lahko zdr\u017ei tedne do mesece, odvisno od va\u0161ih navad vapanja.<\/p>\n<p><strong>V: Ali lahko napravo ponovno napolnim?<\/strong><br \/>\nO: Da! Vklju\u010duje 850 mAh akumulatorsko baterijo s polnjenjem tipa C.<\/p>\n<p><strong>V: Ali ima res dva okusa?<\/strong><br \/>\nO: Da. Naprava ima dve lo\u010deni 20-mililitrski posodi in dve mre\u017eni tuljavi, kar vam omogo\u010da, da kadar koli zamenjate okus.<\/p>\n<p><strong>V: Ali je primeren za prodajo na debelo?<\/strong><br \/>\nO: Vsekakor. Je zelo povpra\u0161evan, dolgotrajen in idealen za vape trgovine, distribucijo in velika naro\u010dila.<\/p>\n<p><strong>V: Katere jakosti nikotina so na voljo?<\/strong><br \/>\nO: Glede na potrebe trga lahko izberete 2%, 3% ali 5%.<\/p>","protected":false},"excerpt":{"rendered":"<p>U\u017eivajte v dveh neverjetnih okusih v eni napravi z UZY Crystal Twin 50K! \ud83d\udca8 Dolgotrajna naprava za enkratno uporabo za 50.000 izpuhov s pametnim LED-zaslonom, dvojnimi mre\u017eastimi tuljavami in ogromno prostornino 40 ml e-teko\u010dine - idealna za vsakdanje vaperje in kupce na debelo.<\/p>","protected":false},"featured_media":87550,"comment_status":"open","ping_status":"closed","template":"","meta":[],"product_brand":[254],"product_cat":[253,219,242,137,146,138,141,143],"product_tag":[389,391,392,388,390],"class_list":{"0":"post-87549","1":"product","2":"type-product","3":"status-publish","4":"has-post-thumbnail","6":"product_brand-uzy","7":"product_cat-uzy","8":"product_cat-40000-puffs-disposable-vape","9":"product_cat-60000-puffs-disposable-vape","10":"product_cat-disposable-vapes-in-germany","11":"product_cat-disposable-vapes-in-hungary","12":"product_cat-disposable-vapes-in-ltaly","13":"product_cat-disposable-vapes-in-poland","14":"product_cat-disposable-vapes-in-spain","15":"product_tag-dual-flavor-50k-puffs-vape","16":"product_tag-led-display-high-puff-vape","17":"product_tag-long-lasting-2-in-1-vape-device","18":"product_tag-uzy-crystal-twin-50000-disposable-vape","19":"product_tag-wholesale-disposable-vape-bulk","21":"first","22":"instock","23":"shipping-taxable","24":"purchasable","25":"product-type-variable","26":"has-default-attributes"},"jetpack_sharing_enabled":true,"tiered_pricing_type":"fixed","tiered_pricing_fixed_rules":{"30":7.589999999999999857891452847979962825775146484375,"50":6.20999999999999996447286321199499070644378662109375,"100":5.95999999999999996447286321199499070644378662109375,"200":5.589999999999999857891452847979962825775146484375,"400":5.04000000000000003552713678800500929355621337890625},"tiered_pricing_product_settings":{"layout":"default","base_unit_name":{"singular":null,"plural":null},"default_variation":null},"tiered_pricing_minimum_quantity":10,"tiered_pricing_roles_data":[],"tiered_pricing_percentage_rules":[],"tiered_pricing_maximum_quantity":null,"tiered_pricing_quantity_step":"10","_links":{"self":[{"href":"https:\/\/aiviouvapes.com\/sl\/wp-json\/wp\/v2\/product\/87549","targetHints":{"allow":["GET"]}}],"collection":[{"href":"https:\/\/aiviouvapes.com\/sl\/wp-json\/wp\/v2\/product"}],"about":[{"href":"https:\/\/aiviouvapes.com\/sl\/wp-json\/wp\/v2\/types\/product"}],"replies":[{"embeddable":true,"href":"https:\/\/aiviouvapes.com\/sl\/wp-json\/wp\/v2\/comments?post=87549"}],"wp:featuredmedia":[{"embeddable":true,"href":"https:\/\/aiviouvapes.com\/sl\/wp-json\/wp\/v2\/media\/87550"}],"wp:attachment":[{"href":"https:\/\/aiviouvapes.com\/sl\/wp-json\/wp\/v2\/media?parent=87549"}],"wp:term":[{"taxonomy":"product_brand","embeddable":true,"href":"https:\/\/aiviouvapes.com\/sl\/wp-json\/wp\/v2\/product_brand?post=87549"},{"taxonomy":"product_cat","embeddable":true,"href":"https:\/\/aiviouvapes.com\/sl\/wp-json\/wp\/v2\/product_cat?post=87549"},{"taxonomy":"product_tag","embeddable":true,"href":"https:\/\/aiviouvapes.com\/sl\/wp-json\/wp\/v2\/product_tag?post=87549"}],"curies":[{"name":"wp","href":"https:\/\/api.w.org\/{rel}","templated":true}]}}