{"id":7951,"date":"2024-08-20T07:29:30","date_gmt":"2024-08-19T23:29:30","guid":{"rendered":"https:\/\/aiviouvapes.com\/?post_type=product&#038;p=7951"},"modified":"2025-07-05T10:35:57","modified_gmt":"2025-07-05T02:35:57","slug":"hzkd-supernova-25000-puffs-disposable","status":"publish","type":"product","link":"https:\/\/aiviouvapes.com\/sl\/product\/hzkd-supernova-25000-puffs-disposable\/","title":{"rendered":"HZKO Supernova 25000 Puffs | 0%-5% nikotin, vape za enkratno uporabo"},"content":{"rendered":"<h2>HZKO Supernova 25000 puffs | polnilna enkratno vape 0% 2% 3% 5% nikotin debelo kupiti na debelo<\/h2>\n<h3>HZKO Supernova 25000 Puffs Pregled in lastnosti<\/h3>\n<p>HZKO Supernova 25000 Puffs je zasnovan tako, da zagotavlja vrhunsko izku\u0161njo vapinga, saj ponuja do 25.000 puffov in veliko kapaciteto 25 ml e-teko\u010dine za dalj\u0161e seanse brez pogostega polnjenja. Baterija za polnjenje s kapaciteto 850 mAh in polnjenje tipa C zagotavljata u\u010dinkovito upravljanje energije, kar omogo\u010da hitro polnjenje. Ta naprava je na voljo z nikotinskimi stopnjami 0%, 2%, 3% in 5%, zato ustreza razli\u010dnim \u017eeljam po vapingu. Mre\u017easta tuljava izbolj\u0161a okus in proizvodnjo pare, digitalni zaslon in nastavljiv pretok zraka pa zagotavljata prilagojeno izku\u0161njo.<\/p>\n<ul>\n<li><strong>Do 25.000 vdihov<\/strong>: Ponuja dolgotrajno u\u017eivanje in odli\u010dno vrednost.<\/li>\n<li><strong>25ml E-teko\u010dina Kapaciteta<\/strong>: Zmanj\u0161a potrebo po polnjenju, kar je idealno za dalj\u0161o uporabo.<\/li>\n<li><strong>Baterija z zmogljivostjo 850 mAh<\/strong>: Zagotavlja stalno napajanje s hitrim polnjenjem tipa C.<\/li>\n<li><strong>Digitalni zaslon in nastavljiv pretok zraka<\/strong>: Omogo\u010da spremljanje in prilagajanje za prilagojeno izku\u0161njo.<\/li>\n<li><strong>Mre\u017easta tuljava<\/strong>: Z vsakim vdihom zagotavlja gladko paro z okusom.<\/li>\n<\/ul>\n<h3>HZKO Supernova 25000 Puffs Okusi na zalogi:<\/h3>\n<p>Peach Blue Slushy, Grapefruit Refresher, Sour Mango Ananas, Lime Berry Orange, Watermelon Ice, Miami Mint, Blue Razz Ice, Blackberry B-pop, Sour Apple Ice, Mixed Berries, Strawberry B-pop, Raspberry Peach Lime.<\/p>\n<h3>Zakaj izbrati HZKO Supernova 25000 Puffs?<\/h3>\n<p>HZKO Supernova 25000 Puffs zdru\u017euje dolgo \u017eivljenjsko dobo, napredno tehnologijo in raznolik izbor okusov, zato je najbolj\u0161a izbira za tiste, ki i\u0161\u010dejo vrhunsko izku\u0161njo vapinga. Njegova kompaktna, uporabniku prijazna zasnova je kot nala\u0161\u010d za uporabo na poti, digitalni zaslon in nastavljiv pretok zraka pa zagotavljata ve\u010dje udobje. Ta naprava je idealna za prodajo na debelo, saj trgovcem na drobno ponuja visokokakovosten in vsestranski vaping za enkratno uporabo. Ne glede na to, ali ste izku\u0161en vaper ali novinec, HZKO Supernova 25000 Puffs zagotavlja zadovoljstvo z vsakim potegom.<\/p>\n<h3>Zakaj izbrati AiviouVapes<\/h3>\n<p>Dobrodo\u0161li v <a href=\"https:\/\/aiviouvapes.com\/sl\/\">AiviouVapes<\/a> - va\u0161 zaupanja vreden vir za vrhunske, cenovno ugodne <a href=\"https:\/\/aiviouvapes.com\/sl\/shop\/\">veleprodaja vapes za enkratno uporabo<\/a> po resni\u010dno nizkih cenah. Z ve\u010d kot petimi leti izku\u0161enj v industriji vape ponujamo ro\u010dno izbran izbor vodilnih blagovnih znamk, kot so <a href=\"https:\/\/aiviouvapes.com\/sl\/kategorija-izdelka\/waspe\/\">WASPE<\/a>, <a href=\"https:\/\/aiviouvapes.com\/sl\/kategorija-izdelka\/bang\/\">Bang Vape<\/a>, <a href=\"https:\/\/aiviouvapes.com\/sl\/kategorija-izdelka\/vapme-vapes\/\">Vapme<\/a>in <a href=\"https:\/\/aiviouvapes.com\/sl\/kategorija-izdelka\/mrvi\/\">MRVI<\/a>.<\/p>\n<p>Od naprav z visokim izpihom, kot je <a href=\"https:\/\/aiviouvapes.com\/sl\/izdelek\/waspe-4-in-1-100000-puffs\/\">WASPE 100K okus 4 v 1<\/a> do krepkih priljubljenih izdelkov, kot je <a href=\"https:\/\/aiviouvapes.com\/sl\/izdelek\/bang-king-triple-flavors-85000\/\">Bang 85.000 Trojni puh<\/a>in celo vznemirljivo <a class=\"woocommerce-LoopProduct-link woocommerce-loop-product__link\" href=\"https:\/\/aiviouvapes.com\/sl\/izdelek\/mystery-vape-blind-box\/\">Skrivnostna \u0161katla Vape za enkratno uporabo<\/a>, vsak izdelek je izbran zaradi vrhunske kakovosti in neprekosljive vrednosti. Pri AiviouVapes boste u\u017eivali v odli\u010dnih storitvah, veleprodajnih prihrankih in zbirki, ki je zasnovana tako, da ustreza va\u0161im potrebam po vapingu.<\/p>\n<div class=\"row row-large row-full-width align-middle\"  id=\"row-684097031\">\n\n\n\t<div id=\"col-2019312293\" class=\"col medium-3 small-6 large-3\"  >\n\t\t\t\t<div class=\"col-inner text-center\"  >\n\t\t\t\n\t\t\t\n\n\n\t\t<div class=\"icon-box featured-box icon-box-top text-left\"  >\n\t\t\t\t\t<div class=\"icon-box-img\" style=\"width: 90px\">\n\t\t\t\t<div class=\"icon\">\n\t\t\t\t\t<div class=\"icon-inner\" >\n\t\t\t\t\t\t<img loading=\"lazy\" decoding=\"async\" width=\"200\" height=\"200\" src=\"https:\/\/i0.wp.com\/aiviouvapes.com\/wp-content\/uploads\/2024\/08\/vape-1-1.png?fit=200%2C200&amp;ssl=1\" class=\"attachment-medium size-medium\" alt=\"Zakaj izbrati AIVIOUVAPES\" srcset=\"https:\/\/i0.wp.com\/aiviouvapes.com\/wp-content\/uploads\/2024\/08\/vape-1-1.png?w=200&amp;ssl=1 200w, https:\/\/i0.wp.com\/aiviouvapes.com\/wp-content\/uploads\/2024\/08\/vape-1-1.png?resize=150%2C150&amp;ssl=1 150w, https:\/\/i0.wp.com\/aiviouvapes.com\/wp-content\/uploads\/2024\/08\/vape-1-1.png?resize=12%2C12&amp;ssl=1 12w, https:\/\/i0.wp.com\/aiviouvapes.com\/wp-content\/uploads\/2024\/08\/vape-1-1.png?resize=100%2C100&amp;ssl=1 100w\" sizes=\"auto, (max-width: 200px) 100vw, 200px\" title=\"\">\t\t\t\t\t<\/div>\n\t\t\t\t<\/div>\n\t\t\t<\/div>\n\t\t\t\t<div class=\"icon-box-text last-reset\">\n\t\t\t\t\t\t\t\t\t\n\n\t<div id=\"text-803886490\" class=\"text\">\n\t\t\n\n<h3 style=\"text-align: center;\">Obse\u017ena raznolikost izdelkov Vape<\/h3>\n<p style=\"text-align: center;\">Odkrijte na\u0161o \u0161iroko paleto izdelkov, izdelanih za vse \u017eelje.<\/p>\n\t\t\n<style>\n#text-803886490 {\n  font-size: 0.9rem;\n}\n<\/style>\n\t<\/div>\n\t\n\n\t\t<\/div>\n\t<\/div>\n\t\n\t\n\n\t\t<\/div>\n\t\t\t\t\t<\/div>\n\n\t\n\n\t<div id=\"col-689178242\" class=\"col medium-3 small-6 large-3\"  >\n\t\t\t\t<div class=\"col-inner text-center\"  >\n\t\t\t\n\t\t\t\n\n\n\t\t<div class=\"icon-box featured-box icon-box-top text-left\"  >\n\t\t\t\t\t<div class=\"icon-box-img\" style=\"width: 90px\">\n\t\t\t\t<div class=\"icon\">\n\t\t\t\t\t<div class=\"icon-inner\" >\n\t\t\t\t\t\t<img loading=\"lazy\" decoding=\"async\" width=\"200\" height=\"200\" src=\"https:\/\/i0.wp.com\/aiviouvapes.com\/wp-content\/uploads\/2024\/08\/save-money-1-1-1.png?fit=200%2C200&amp;ssl=1\" class=\"attachment-medium size-medium\" alt=\"Zakaj izbrati AIVIOUVAPES\" srcset=\"https:\/\/i0.wp.com\/aiviouvapes.com\/wp-content\/uploads\/2024\/08\/save-money-1-1-1.png?w=200&amp;ssl=1 200w, https:\/\/i0.wp.com\/aiviouvapes.com\/wp-content\/uploads\/2024\/08\/save-money-1-1-1.png?resize=150%2C150&amp;ssl=1 150w, https:\/\/i0.wp.com\/aiviouvapes.com\/wp-content\/uploads\/2024\/08\/save-money-1-1-1.png?resize=12%2C12&amp;ssl=1 12w, https:\/\/i0.wp.com\/aiviouvapes.com\/wp-content\/uploads\/2024\/08\/save-money-1-1-1.png?resize=100%2C100&amp;ssl=1 100w\" sizes=\"auto, (max-width: 200px) 100vw, 200px\" title=\"\">\t\t\t\t\t<\/div>\n\t\t\t\t<\/div>\n\t\t\t<\/div>\n\t\t\t\t<div class=\"icon-box-text last-reset\">\n\t\t\t\t\t\t\t\t\t\n\n\t<div id=\"text-3064952259\" class=\"text\">\n\t\t\n\n<h3 style=\"text-align: center;\">Nepremagljiva vrednost<\/h3>\n<p style=\"text-align: center;\">U\u017eivajte v vrhunskih izdelkih po cenah, ki ustrezajo va\u0161emu prora\u010dunu.<\/p>\n\t\t\n<style>\n#text-3064952259 {\n  font-size: 0.9rem;\n}\n<\/style>\n\t<\/div>\n\t\n\n\t\t<\/div>\n\t<\/div>\n\t\n\t\n\n\t\t<\/div>\n\t\t\t\t\t<\/div>\n\n\t\n\n\t<div id=\"col-1991738967\" class=\"col medium-3 small-6 large-3\"  >\n\t\t\t\t<div class=\"col-inner text-center\"  >\n\t\t\t\n\t\t\t\n\n\n\t\t<div class=\"icon-box featured-box icon-box-top text-left\"  >\n\t\t\t\t\t<div class=\"icon-box-img\" style=\"width: 90px\">\n\t\t\t\t<div class=\"icon\">\n\t\t\t\t\t<div class=\"icon-inner\" >\n\t\t\t\t\t\t<img loading=\"lazy\" decoding=\"async\" width=\"200\" height=\"200\" src=\"https:\/\/i0.wp.com\/aiviouvapes.com\/wp-content\/uploads\/2024\/08\/delivery-truck-1-1.png?fit=200%2C200&amp;ssl=1\" class=\"attachment-medium size-medium\" alt=\"Zakaj izbrati AIVIOUVAPES\" srcset=\"https:\/\/i0.wp.com\/aiviouvapes.com\/wp-content\/uploads\/2024\/08\/delivery-truck-1-1.png?w=200&amp;ssl=1 200w, https:\/\/i0.wp.com\/aiviouvapes.com\/wp-content\/uploads\/2024\/08\/delivery-truck-1-1.png?resize=150%2C150&amp;ssl=1 150w, https:\/\/i0.wp.com\/aiviouvapes.com\/wp-content\/uploads\/2024\/08\/delivery-truck-1-1.png?resize=12%2C12&amp;ssl=1 12w, https:\/\/i0.wp.com\/aiviouvapes.com\/wp-content\/uploads\/2024\/08\/delivery-truck-1-1.png?resize=100%2C100&amp;ssl=1 100w\" sizes=\"auto, (max-width: 200px) 100vw, 200px\" title=\"\">\t\t\t\t\t<\/div>\n\t\t\t\t<\/div>\n\t\t\t<\/div>\n\t\t\t\t<div class=\"icon-box-text last-reset\">\n\t\t\t\t\t\t\t\t\t\n\n\t<div id=\"text-1290872738\" class=\"text\">\n\t\t\n\n<h3 style=\"text-align: center;\">Hitra Globalna Dostava<\/h3>\n<p style=\"text-align: center;\">Dostavo po vsem svetu zagotavljamo z zagotovljenim carinjenjem, kar zagotavlja brezhibno izku\u0161njo.<\/p>\n\t\t\n<style>\n#text-1290872738 {\n  font-size: 0.9rem;\n}\n<\/style>\n\t<\/div>\n\t\n\n\t\t<\/div>\n\t<\/div>\n\t\n\t\n\n\t\t<\/div>\n\t\t\t\t\t<\/div>\n\n\t\n\n\t<div id=\"col-1371635514\" class=\"col medium-3 small-6 large-3\"  >\n\t\t\t\t<div class=\"col-inner text-center\"  >\n\t\t\t\n\t\t\t\n\n\n\t\t<div class=\"icon-box featured-box icon-box-top text-left\"  >\n\t\t\t\t\t<div class=\"icon-box-img\" style=\"width: 90px\">\n\t\t\t\t<div class=\"icon\">\n\t\t\t\t\t<div class=\"icon-inner\" >\n\t\t\t\t\t\t<img loading=\"lazy\" decoding=\"async\" width=\"200\" height=\"200\" src=\"https:\/\/i0.wp.com\/aiviouvapes.com\/wp-content\/uploads\/2024\/08\/support-1-1.png?fit=200%2C200&amp;ssl=1\" class=\"attachment-medium size-medium\" alt=\"Zakaj izbrati AIVIOUVAPES\" srcset=\"https:\/\/i0.wp.com\/aiviouvapes.com\/wp-content\/uploads\/2024\/08\/support-1-1.png?w=200&amp;ssl=1 200w, https:\/\/i0.wp.com\/aiviouvapes.com\/wp-content\/uploads\/2024\/08\/support-1-1.png?resize=150%2C150&amp;ssl=1 150w, https:\/\/i0.wp.com\/aiviouvapes.com\/wp-content\/uploads\/2024\/08\/support-1-1.png?resize=12%2C12&amp;ssl=1 12w, https:\/\/i0.wp.com\/aiviouvapes.com\/wp-content\/uploads\/2024\/08\/support-1-1.png?resize=100%2C100&amp;ssl=1 100w\" sizes=\"auto, (max-width: 200px) 100vw, 200px\" title=\"\">\t\t\t\t\t<\/div>\n\t\t\t\t<\/div>\n\t\t\t<\/div>\n\t\t\t\t<div class=\"icon-box-text last-reset\">\n\t\t\t\t\t\t\t\t\t\n\n\t<div id=\"text-3066747684\" class=\"text\">\n\t\t\n\n<h3 style=\"text-align: center;\">Pomo\u010d po celodnevni uri<\/h3>\n<p style=\"text-align: center;\">Na\u0161o ekipo za podporo lahko kadar koli, 24 ur na dan, 7 dni v tednu, prek aplikacije WhatsApp ali e-po\u0161te.<\/p>\n\t\t\n<style>\n#text-3066747684 {\n  font-size: 0.9rem;\n}\n<\/style>\n\t<\/div>\n\t\n\n\t\t<\/div>\n\t<\/div>\n\t\n\t\n\n\t\t<\/div>\n\t\t\t\t\t<\/div>\n\n\t\n\n<\/div>\n<div class=\"row row-full-width align-middle\"  id=\"row-1689126933\">\n\n\n\t<div id=\"col-791471582\" class=\"col medium-6 small-12 large-6\"  >\n\t\t\t\t<div class=\"col-inner\"  >\n\t\t\t\n\t\t\t\n\n\t<div class=\"img has-hover x md-x lg-x y md-y lg-y\" id=\"image_1332389708\">\n\t\t\t\t\t\t\t\t<div class=\"img-inner dark\" >\n\t\t\t<img loading=\"lazy\" decoding=\"async\" width=\"930\" height=\"1024\" src=\"https:\/\/i0.wp.com\/aiviouvapes.com\/wp-content\/uploads\/2024\/08\/%E6%8B%BC%E5%9B%BE.jpg?fit=930%2C1024&amp;ssl=1\" class=\"attachment-large size-large\" alt=\"Zakaj izbrati AIVIOUVAPES\" title=\"\">\t\t\t\t\t\t\n\t\t\t\t\t<\/div>\n\t\t\t\t\t\t\t\t\n<style>\n#image_1332389708 {\n  width: 100%;\n}\n<\/style>\n\t<\/div>\n\t\n\n\n\t\t<\/div>\n\t\t\t\t\t<\/div>\n\n\t\n\n\t<div id=\"col-1826794247\" class=\"col medium-6 small-12 large-6\"  >\n\t\t\t\t<div class=\"col-inner\"  >\n\t\t\t\n\t\t\t\n\n<div class=\"container section-title-container\" ><h4 class=\"section-title section-title-normal\"><b aria-hidden=\"true\"><\/b><span class=\"section-title-main\" style=\"font-size:91%;\">Na\u0161e prednosti<\/span><b aria-hidden=\"true\"><\/b><\/h4><\/div>\n\n<div class=\"accordion\">\n\n\t<div id=\"accordion-5584280\" class=\"accordion-item\">\n\t\t<a id=\"accordion-5584280-label\" class=\"accordion-title plain\" href=\"#accordion-item-commitment-to-quality\" aria-expanded=\"false\" aria-controls=\"accordion-5584280-content\">\n\t\t\t<button class=\"toggle\" aria-label=\"Toggle\"><i class=\"icon-angle-down\" aria-hidden=\"true\"><\/i><\/button>\n\t\t\t<span>Zavezanost kakovosti<\/span>\n\t\t<\/a>\n\t\t<div id=\"accordion-5584280-content\" class=\"accordion-inner\" aria-labelledby=\"accordion-5584280-label\">\n\t\t\t\n\n<p>Pri <a href=\"https:\/\/aiviouvapes.com\/sl\/\">AiviouVape<\/a>kakovost je gonilo vsega, kar po\u010dnemo. Na\u0161i vapeji za enkratno uporabo so skrbno izdelani in strogo preizku\u0161eni, da izpolnjujejo najvi\u0161je standarde, kar zagotavlja nemoteno in zanesljivo izku\u0161njo vapljanja vsaki\u010d znova. Z na\u0161o zavezanostjo k ni\u010d napakam in ni\u010d prito\u017ebam lahko zaupate, da ste dobili najbolj\u0161e.<\/p>\n\n\t\t<\/div>\n\t<\/div>\n\t\n\t<div id=\"accordion-3255287794\" class=\"accordion-item\">\n\t\t<a id=\"accordion-3255287794-label\" class=\"accordion-title plain\" href=\"#accordion-item-diverse-range-of-products\" aria-expanded=\"false\" aria-controls=\"accordion-3255287794-content\">\n\t\t\t<button class=\"toggle\" aria-label=\"Toggle\"><i class=\"icon-angle-down\" aria-hidden=\"true\"><\/i><\/button>\n\t\t\t<span>Raznovrstni izdelki<\/span>\n\t\t<\/a>\n\t\t<div id=\"accordion-3255287794-content\" class=\"accordion-inner\" aria-labelledby=\"accordion-3255287794-label\">\n\t\t\t\n\n<p>Ponosni smo, da ponujamo \u0161iroko paleto vrhunskih vapes za enkratno uporabo, ki ustrezajo vsem \u017eeljam. V na\u0161i ponudbi so zaupanja vredne blagovne znamke, kot so Waspe, Vapme, RandM Tornado, Bang Box, ELF Box in Bang King, od najnovej\u0161ih inovacij do dolgoletnih priljubljenih izdelkov. Ne glede na to, ali i\u0161\u010dete drzne okuse Vapme ali elegantno obliko RandM Tornado, je na\u0161a zbirka oblikovana tako, da vam pomaga odkriti popoln vape, ki ustreza va\u0161emu okusu in \u017eivljenjskemu slogu.<\/p>\n\n\n\t\t<\/div>\n\t<\/div>\n\t\n\t<div id=\"accordion-188709777\" class=\"accordion-item\">\n\t\t<a id=\"accordion-188709777-label\" class=\"accordion-title plain\" href=\"#accordion-item-wholesale-and-retail-solutions\" aria-expanded=\"false\" aria-controls=\"accordion-188709777-content\">\n\t\t\t<button class=\"toggle\" aria-label=\"Toggle\"><i class=\"icon-angle-down\" aria-hidden=\"true\"><\/i><\/button>\n\t\t\t<span>Veleprodajne in maloprodajne re\u0161itve<\/span>\n\t\t<\/a>\n\t\t<div id=\"accordion-188709777-content\" class=\"accordion-inner\" aria-labelledby=\"accordion-188709777-label\">\n\t\t\t\n\n<p>AiviouVape izpolnjuje zahteve maloprodajnih in veleprodajnih strank ter vsaki\u010d zagotavlja izjemne izdelke in storitve. \u010ce ste novinec, vam priporo\u010damo, da za\u010dnete z majhno serijo in izkusite na\u0161o kakovost iz prve roke. S konkuren\u010dnimi cenami in vrhunskimi standardi smo zaupanja vredna izbira v industriji vape za enkratno uporabo.\u00a0<\/p>\n\n\t\t<\/div>\n\t<\/div>\n\t\n\t<div id=\"accordion-636953985\" class=\"accordion-item\">\n\t\t<a id=\"accordion-636953985-label\" class=\"accordion-title plain\" href=\"#accordion-item-continuous-improvement\" aria-expanded=\"false\" aria-controls=\"accordion-636953985-content\">\n\t\t\t<button class=\"toggle\" aria-label=\"Toggle\"><i class=\"icon-angle-down\" aria-hidden=\"true\"><\/i><\/button>\n\t\t\t<span>Nenehno izbolj\u0161evanje<\/span>\n\t\t<\/a>\n\t\t<div id=\"accordion-636953985-content\" class=\"accordion-inner\" aria-labelledby=\"accordion-636953985-label\">\n\t\t\t\n\n<p>Podjetje AiviouVape odlikuje na\u0161a predanost izjemnim storitvam za stranke. \u010ce potrebujete nasvet pred nakupom ali pomo\u010d pri naro\u010dilu, je na\u0161a ekipa vedno na voljo prek aplikacije WhatsApp ali e-po\u0161te. Prizadevamo si vzpostaviti trajne odnose s strankami in zagotavljamo va\u0161e zadovoljstvo na vsakem koraku.<\/p>\n\n\t\t<\/div>\n\t<\/div>\n\t\n\t<div id=\"accordion-4127392915\" class=\"accordion-item\">\n\t\t<a id=\"accordion-4127392915-label\" class=\"accordion-title plain\" href=\"#accordion-item-quality-assurance\" aria-expanded=\"false\" aria-controls=\"accordion-4127392915-content\">\n\t\t\t<button class=\"toggle\" aria-label=\"Toggle\"><i class=\"icon-angle-down\" aria-hidden=\"true\"><\/i><\/button>\n\t\t\t<span>Zagotavljanje kakovosti<\/span>\n\t\t<\/a>\n\t\t<div id=\"accordion-4127392915-content\" class=\"accordion-inner\" aria-labelledby=\"accordion-4127392915-label\">\n\t\t\t\n\n<p>Na vseh stopnjah razvoja, proizvodnje, tr\u017eenja in distribucije izdelkov na\u0161a zavezanost kakovosti nikoli ne popusti. Na\u0161i izdelki za enkratno uporabo so podvr\u017eeni strogim testom, ki zagotavljajo, da so nestrupeni, \u010disti in zagotavljajo izjemen okus. Ta predanost odli\u010dnosti je temelj na\u0161e korporativne kulture.<\/p>\n\n\t\t<\/div>\n\t<\/div>\n\t\n\t<div id=\"accordion-2397170912\" class=\"accordion-item\">\n\t\t<a id=\"accordion-2397170912-label\" class=\"accordion-title plain\" href=\"#accordion-item-efficient-logistics-and-delivery\" aria-expanded=\"false\" aria-controls=\"accordion-2397170912-content\">\n\t\t\t<button class=\"toggle\" aria-label=\"Toggle\"><i class=\"icon-angle-down\" aria-hidden=\"true\"><\/i><\/button>\n\t\t\t<span>U\u010dinkovita logistika in dostava<\/span>\n\t\t<\/a>\n\t\t<div id=\"accordion-2397170912-content\" class=\"accordion-inner\" aria-labelledby=\"accordion-2397170912-label\">\n\t\t\t\n\n<p>AiviouVape zagotavlja u\u010dinkovito logistiko in dostavo, vklju\u010dno s storitvami DDP (Delivered Duty Paid), ki zagotavljajo nemoteno carinjenje brez kakr\u0161nih koli pristojbin ali davkov. S hitro dostavo in izjemno podporo strankam ponujamo nemoteno in zanesljivo izku\u0161njo, zaradi \u010desar smo zaupanja vreden partner v industriji.<\/p>\n\n\t\t<\/div>\n\t<\/div>\n\t\n\t<div id=\"accordion-4113459588\" class=\"accordion-item\">\n\t\t<a id=\"accordion-4113459588-label\" class=\"accordion-title plain\" href=\"#accordion-item-odm-and-oem-services\" aria-expanded=\"false\" aria-controls=\"accordion-4113459588-content\">\n\t\t\t<button class=\"toggle\" aria-label=\"Toggle\"><i class=\"icon-angle-down\" aria-hidden=\"true\"><\/i><\/button>\n\t\t\t<span>Storitve ODM in OEM<\/span>\n\t\t<\/a>\n\t\t<div id=\"accordion-4113459588-content\" class=\"accordion-inner\" aria-labelledby=\"accordion-4113459588-label\">\n\t\t\t\n\n<p>AiviouVapes ponuja popolne storitve ODM (Original Design Manufacturing) in OEM (Original Equipment Manufacturing). Z dvema velikima obratoma strankam pomagamo oblikovati edinstvene izdelke in privla\u010dne logotipe za embala\u017eo. Zagotavljamo tudi brezpla\u010dne smernice za oblikovanje embala\u017ee in podpiramo stranke, ki same pakirajo svoje izdelke, s \u010dimer zagotavljamo, da njihova blagovna znamka zasije na trgu.<\/p>\n\n\t\t<\/div>\n\t<\/div>\n\t\n\n<\/div>\n\n\t\t<\/div>\n\t\t\t\t\t<\/div>\n\n\t\n\n<\/div>","protected":false},"excerpt":{"rendered":"<p>HZKO Supernova 25000 Puffs ponuja do 25.000 puffov z zmogljivostjo 25 ml e-teko\u010dine, mre\u017easto tuljavo in nastavljivim zra\u010dnim tokom za gladko paro z okusom. Napolniti ga je mogo\u010de prek tipa C, ima digitalni zaslon, zato je idealen za prilagojeno in dolgotrajno uparjanje.<\/p>","protected":false},"featured_media":7952,"comment_status":"open","ping_status":"closed","template":"","meta":[],"product_brand":[],"product_cat":[46,130,90,117,81,76,134,135,133,136,137,146,138,139,140,141,142,143,144,145,79,132,82],"product_tag":[],"class_list":{"0":"post-7951","1":"product","2":"type-product","3":"status-publish","4":"has-post-thumbnail","6":"product_cat-hzkd","7":"product_cat-25000-puffs-disposable-vape","8":"product_cat-big-puffs-vapes","9":"product_cat-different-puffs-of-diposable-vapes","10":"product_cat-digital-box-vapes","11":"product_cat-disposable-vape-types","12":"product_cat-disposable-vapes-in-austria","13":"product_cat-disposable-vapes-in-belgium","14":"product_cat-disposable-vapes-in-europe","15":"product_cat-disposable-vapes-in-france","16":"product_cat-disposable-vapes-in-germany","17":"product_cat-disposable-vapes-in-hungary","18":"product_cat-disposable-vapes-in-ltaly","19":"product_cat-disposable-vapes-in-netherlands","20":"product_cat-disposable-vapes-in-norway","21":"product_cat-disposable-vapes-in-poland","22":"product_cat-disposable-vapes-in-portugal","23":"product_cat-disposable-vapes-in-spain","24":"product_cat-disposable-vapes-in-sweden","25":"product_cat-disposable-vapes-in-switzerland","26":"product_cat-dual-mesh-vapes","27":"product_cat-rechargeable-vapes","28":"product_cat-smart-screen-vapes","30":"first","31":"instock","32":"shipping-taxable","33":"purchasable","34":"product-type-variable","35":"has-default-attributes"},"jetpack_sharing_enabled":true,"tiered_pricing_type":"fixed","tiered_pricing_fixed_rules":{"2000":6.9900000000000002131628207280300557613372802734375},"tiered_pricing_product_settings":{"layout":"default","base_unit_name":{"singular":null,"plural":null},"default_variation":null},"tiered_pricing_minimum_quantity":1000,"tiered_pricing_roles_data":[],"tiered_pricing_percentage_rules":[],"tiered_pricing_maximum_quantity":null,"tiered_pricing_quantity_step":"10","_links":{"self":[{"href":"https:\/\/aiviouvapes.com\/sl\/wp-json\/wp\/v2\/product\/7951","targetHints":{"allow":["GET"]}}],"collection":[{"href":"https:\/\/aiviouvapes.com\/sl\/wp-json\/wp\/v2\/product"}],"about":[{"href":"https:\/\/aiviouvapes.com\/sl\/wp-json\/wp\/v2\/types\/product"}],"replies":[{"embeddable":true,"href":"https:\/\/aiviouvapes.com\/sl\/wp-json\/wp\/v2\/comments?post=7951"}],"wp:featuredmedia":[{"embeddable":true,"href":"https:\/\/aiviouvapes.com\/sl\/wp-json\/wp\/v2\/media\/7952"}],"wp:attachment":[{"href":"https:\/\/aiviouvapes.com\/sl\/wp-json\/wp\/v2\/media?parent=7951"}],"wp:term":[{"taxonomy":"product_brand","embeddable":true,"href":"https:\/\/aiviouvapes.com\/sl\/wp-json\/wp\/v2\/product_brand?post=7951"},{"taxonomy":"product_cat","embeddable":true,"href":"https:\/\/aiviouvapes.com\/sl\/wp-json\/wp\/v2\/product_cat?post=7951"},{"taxonomy":"product_tag","embeddable":true,"href":"https:\/\/aiviouvapes.com\/sl\/wp-json\/wp\/v2\/product_tag?post=7951"}],"curies":[{"name":"wp","href":"https:\/\/api.w.org\/{rel}","templated":true}]}}