{"id":79362,"date":"2025-11-01T15:44:17","date_gmt":"2025-11-01T07:44:17","guid":{"rendered":"https:\/\/aiviouvapes.com\/?post_type=product&#038;p=79362"},"modified":"2026-04-17T13:00:33","modified_gmt":"2026-04-17T05:00:33","slug":"bang-legend-150k","status":"publish","type":"product","link":"https:\/\/aiviouvapes.com\/sl\/product\/bang-legend-150k\/","title":{"rendered":"Bang Legend 150K | 150000 puffov, 6 okusov v 1, dolgotrajen, ve\u010d okusov, vape za enkratno uporabo"},"content":{"rendered":"<h2>Bang Legend 150K 6 v 1 pametni vape za enkratno uporabo z ve\u010d okusi - 150.000 puffov\ud83d\udca8\ud83d\udd25<\/h2>\n<h3>\ud83d\udc8e Zakaj izbrati Bang Legenda 150K Puffs?<\/h3>\n<ul>\n<li>\ud83d\udca8 <strong>Ogromno 150.000 puffov:<\/strong> Eden najdlje trajajo\u010dih vapingov za enkratno uporabo na trgu, ki je kot nala\u0161\u010d za dalj\u0161e seanse.<\/li>\n<li>\ud83c\udf9b\ufe0f <strong>6 na\u010dinov okusov:<\/strong> Izbirate lahko med A, B, C ali me\u0161anico A+B, A+C, B+C za pustolov\u0161\u010dino z okusom po meri, ki jo do\u017eivite z vsakim puhom! \ud83d\udd04<\/li>\n<li>\ud83e\uddc3 <strong>Trojni rezervoarji za olje:<\/strong> V vsakem rezervoarju je edinstvena me\u0161anica, kar vam omogo\u010da neprekosljivo vsestranskost in raznolikost okusov.<\/li>\n<li>\ud83c\udf08 <strong>Pametni zaslon LED:<\/strong> Prikazuje stanje baterije in e-teko\u010dine, tako da imate ves \u010das popoln nadzor nad dogajanjem.<\/li>\n<li>\u2699\ufe0f <strong>Tehnologija mre\u017easte tuljave:<\/strong> Zagotavlja bogatej\u0161i okus, bolj gladko potegovanje in dosledno delovanje pare.<\/li>\n<li>\ud83d\udd0b <strong>Baterija za polnjenje tipa C s kapaciteto 850 mAh:<\/strong> Hitro polnjenje in dolgotrajna mo\u010d za intenzivno uporabo.<\/li>\n<li>\ud83c\udfea <strong>Pripravljen za prodajo na debelo:<\/strong> Na voljo je v pakiranjih po 10 kosov, kar je idealno za vape trgovine, distributerje in B2B kupce v razsutem stanju.<\/li>\n<li>\u2728 <strong>Oblikovanje Premium Design:<\/strong> Zaradi elegantne izdelave, pametne funkcionalnosti in dobre zmogljivosti je odli\u010den v vsaki vitrini.<\/li>\n<\/ul>\n<h3>\u2699\ufe0f Specifikacije<\/h3>\n<table>\n<tbody>\n<tr>\n<td><strong>Mo\u010d nikotina<\/strong><\/td>\n<td>2% \/ 3% \/ 5%<\/td>\n<\/tr>\n<tr>\n<td><strong>\u0160tevilo puffov<\/strong><\/td>\n<td>Do 150.000 vdihov. 66 ml velika zmogljivost e-teko\u010dine<\/td>\n<\/tr>\n<tr>\n<td><strong>Na\u010dini okusov<\/strong><\/td>\n<td>A, B, C, A+B, A+C, B+C<\/td>\n<\/tr>\n<tr>\n<td><strong>Rezervoarji za olje<\/strong><\/td>\n<td>3 neodvisni rezervoarji<\/td>\n<\/tr>\n<tr>\n<td><strong>Vrsta tuljave<\/strong><\/td>\n<td>Mre\u017easta tuljava<\/td>\n<\/tr>\n<tr>\n<td><strong>Zmogljivost baterije<\/strong><\/td>\n<td>850 mAh za polnjenje<\/td>\n<\/tr>\n<tr>\n<td><strong>Prikaz<\/strong><\/td>\n<td>Pametni zaslon LED<\/td>\n<\/tr>\n<tr>\n<td><strong>Polnilna vrata<\/strong><\/td>\n<td>Type-C<\/td>\n<\/tr>\n<tr>\n<td><strong>Pakiranje<\/strong><\/td>\n<td>10 kosov v paketu<\/td>\n<\/tr>\n<\/tbody>\n<\/table>\n<h3>\ud83c\udf53 Razpolo\u017eljivi okusi<\/h3>\n<p>Z <strong>12 premium skupin okusov<\/strong>, Bang Legend 150K zagotavlja, da je vsak vdih nova pustolov\u0161\u010dina, saj vsak ponuja 6 ustvarjalnih kombinacij. \ud83d\ude0b<\/p>\n<ul>\n<li>\ud83c\udf51 <strong>Serija Peach:<\/strong> Peach Ice \/ Mango Peach \/ Blueberry Peach \/ Peach Ice Mango Peach \/ Peach Ice Blueberry Peach \/ Mango Peach Blueberry Peach<\/li>\n<li>\ud83c\udf4d <strong>Serija Ananas:<\/strong> Ananasov led \/ Ananasov kokos \/ Kivi sadje Ananasov led \/ Ananasov led Ananasov kokos \/ Ananasov led Kivi sadje Ananasov led \/ Ananasov kokos Kivi sadje Ananasov led \/ Ananasov kokos Kivi sadje Ananasov led<\/li>\n<li>\ud83c\udf47 <strong>Serija grozdja:<\/strong> Grape Ice \/ Grape Bubble Gum \/ Raspberry Grapes \/ Grape Ice Grape Bubble Gum \/ Grape Ice Raspberry Grapes \/ Grape Bubble Gum Raspberry Grapes<\/li>\n<li>\ud83c\udf49 <strong>Serija o lubenicah:<\/strong> Lubenica Led \/ Lubenica Jagode \/ Lubenica Jagode \/ Lubenica Led Lubenica Jagode \/ Lubenica Led Lubenica Jagode \/ Lubenica Led Lubenica Jagode \/ Lubenica Jagode Lubenica Jagode Jagode Lubenica Jagode<\/li>\n<li>\ud83e\uded0 <strong>Serija Blueberry:<\/strong> Blueberry Ice \/ Blueberry Raspberry \/ Blueberry Cranberry Cherry \/ Blueberry Ice Blueberry Raspberry \/ Blueberry Ice Blueberry Cranberry Cherry \/ Blueberry Raspberry Blueberry Cranberry Cherry<\/li>\n<li>\ud83c\udf4c <strong>Serija Banana:<\/strong> Banana Ice \/ Strawberry Banana \/ Citric Acid Orange \/ Banana Ice Strawberry Banana \/ Banana Ice Citric Acid Orange \/ Strawberry Banana Citric Acid Orange<\/li>\n<li>\ud83c\udf4f <strong>Serija Apple:<\/strong> Apple Ice \/ Apple Grape \/ Blueberry Grape \/ Apple Ice Apple Grape \/ Apple Ice Blueberry Grape \/ Apple Grape Blueberry Grape<\/li>\n<li>\ud83e\udd6d <strong>Serija Mango:<\/strong> Mango Ice \/ Peach Mango Watermelon \/ Gummy Bear \/ Mango Ice Peach Mango Watermelon \/ Mango Ice Gummy Bear \/ Peach Mango Watermelon Gummy Bear<\/li>\n<li>\ud83c\udf52 <strong>Serija Cherry:<\/strong> Cherry Ice \/ Me\u0161ano jagodi\u010devje \/ Red Cola \/ Cherry Ice Me\u0161ano jagodi\u010devje \/ Cherry Ice Red Cola \/ Me\u0161ano jagodi\u010devje Red Cola<\/li>\n<li>\u26a1 <strong>Serija Energija:<\/strong> Red Bull \/ Watermelon Bubble Gum \/ Love 66 \/ Red Bull Watermelon Bubble Gum \/ Red Bull Love 66 \/ Watermelon Bubble Gum Love 66<\/li>\n<li>\ud83c\udf53 <strong>Serija jagod:<\/strong> Strawberry Ice \/ Strawberry Kiwi \/ Strawberry Lychee \/ Strawberry Ice Strawberry Kiwi \/ Strawberry Ice Strawberry Lychee \/ Strawberry Kiwi Strawberry Lychee<\/li>\n<li>\ud83e\udd5d <strong>Serija Passion:<\/strong> Fassionate Passion Fruit \/ Guava Lime \/ Passion Fruit Lemon \/ Fassionate Passion Fruit Guava Lime \/ Fassionate Passion Fruit Passion Fruit Lemon \/ Guava Lime Passion Fruit Lemon<\/li>\n<\/ul>\n<h3>\ud83d\udcac POGOSTA VPRA\u0160ANJA<\/h3>\n<p><strong>Q:<\/strong> Koliko vdihov lahko dobim iz ene naprave Bang Legend?<br \/>\n<strong>A:<\/strong> Vsaka naprava zagotavlja do <strong>150.000 izpuhov<\/strong> - zasnovan za dolgoro\u010dno zadovoljstvo. \ud83d\udd0b<\/p>\n<p><strong>Q:<\/strong> Kako spremenim na\u010dine okusov?<br \/>\n<strong>A:<\/strong> Preprosto zavrtite ustnik, da preklopite <strong>A, B, C, A+B, A+C ali B+C<\/strong> - u\u017eivajte v ve\u010d me\u0161anicah v nekaj sekundah! \ud83d\udd04<\/p>\n<p><strong>Q:<\/strong> Ali je napravo mogo\u010de polniti?<br \/>\n<strong>A:<\/strong> Da! Vklju\u010duje <strong>850 mAh baterija<\/strong> s spletno stranjo . <strong>Hitro polnjenje tipa C<\/strong> podpora. \u26a1<\/p>\n<p><strong>Q:<\/strong> Ali lahko vidim stanje baterije in e-teko\u010dine?<br \/>\n<strong>A:<\/strong> The <strong>Pametni zaslon LED<\/strong> prikazuje oba kazalnika v realnem \u010dasu. \ud83c\udf08<\/p>\n<p><strong>Q:<\/strong> Ali je izdelek primeren za prodajo na debelo ali na drobno?<br \/>\n<strong>A:<\/strong> Vsekakor! Na spletni strani <strong>10 kosov\/pakiranje embala\u017ee<\/strong> je optimiziran za <strong>distribucija na debelo, maloprodajne police in B2B prodaja v razsutem stanju.<\/strong>. \ud83c\udfea<\/p>\n<h3>\ud83c\udf0d Kot nala\u0161\u010d za<\/h3>\n<p>The <strong>Bang Legenda 150K Vape za enkratno uporabo<\/strong> je idealen za <strong>te\u017eki uporabniki, navdu\u0161enci nad okusi in distributerji vape<\/strong> i\u0161\u010de\u0161 <strong>vrhunska naprava z veliko zmogljivostjo<\/strong>. S spletno stranjo <strong>6 na\u010dinov okusa, trojni rezervoarji za olje in pametni zaslon LED<\/strong>, je prava mo\u010d za <strong>Evropske prodajalne vape, trgovci na debelo in spletni trgovci na drobno<\/strong>. \ud83d\udca8\ud83d\udd25<\/p>","protected":false},"excerpt":{"rendered":"<p>Odkrijte naslednjo raven vapinga z <strong>Bang Legenda 150K Puffs za enkratno uporabo Vape<\/strong> - z <strong>6 na\u010dinov okusa<\/strong>, <strong>66ml velika kapaciteta e-teko\u010dine<\/strong>, <strong>trojni rezervoarji za olje<\/strong>in <strong>pametni zaslon LED<\/strong>. Zasnovan za trgovce na debelo, lovce na okus in resne vaperje, ki \u017eelijo maksimalen okus in vzdr\u017eljivost! \u26a1<\/p>","protected":false},"featured_media":79372,"comment_status":"open","ping_status":"closed","template":"","meta":[],"product_brand":[239],"product_cat":[37,336,280,137,146,138,141,143,572],"product_tag":[377,378,376,306,379,380],"class_list":{"0":"post-79362","1":"product","2":"type-product","3":"status-publish","4":"has-post-thumbnail","6":"product_brand-bang","7":"product_cat-bang","8":"product_cat-100k-puffs-disposable-vape","9":"product_cat-cheap-rechargeable-disposable-vapes","10":"product_cat-disposable-vapes-in-germany","11":"product_cat-disposable-vapes-in-hungary","12":"product_cat-disposable-vapes-in-ltaly","13":"product_cat-disposable-vapes-in-poland","14":"product_cat-disposable-vapes-in-spain","15":"product_cat-new-2","16":"product_tag-150000-puffs-vape","17":"product_tag-6-flavor-in-1-vape","18":"product_tag-bang-legend-150k-disposable-vape","19":"product_tag-best-disposable-vapes","20":"product_tag-long-lasting-smart-vape","21":"product_tag-wholesale-rechargeable-vape","23":"first","24":"instock","25":"shipping-taxable","26":"purchasable","27":"product-type-variable","28":"has-default-attributes"},"jetpack_sharing_enabled":true,"tiered_pricing_type":"fixed","tiered_pricing_fixed_rules":{"30":9.3300000000000000710542735760100185871124267578125,"50":7.519999999999999573674358543939888477325439453125,"100":6.87000000000000010658141036401502788066864013671875,"200":6.3499999999999996447286321199499070644378662109375,"400":5.70000000000000017763568394002504646778106689453125},"tiered_pricing_product_settings":{"layout":"default","base_unit_name":{"singular":null,"plural":null},"default_variation":null},"tiered_pricing_minimum_quantity":10,"tiered_pricing_roles_data":[],"tiered_pricing_percentage_rules":[],"tiered_pricing_maximum_quantity":null,"tiered_pricing_quantity_step":"10","_links":{"self":[{"href":"https:\/\/aiviouvapes.com\/sl\/wp-json\/wp\/v2\/product\/79362","targetHints":{"allow":["GET"]}}],"collection":[{"href":"https:\/\/aiviouvapes.com\/sl\/wp-json\/wp\/v2\/product"}],"about":[{"href":"https:\/\/aiviouvapes.com\/sl\/wp-json\/wp\/v2\/types\/product"}],"replies":[{"embeddable":true,"href":"https:\/\/aiviouvapes.com\/sl\/wp-json\/wp\/v2\/comments?post=79362"}],"wp:featuredmedia":[{"embeddable":true,"href":"https:\/\/aiviouvapes.com\/sl\/wp-json\/wp\/v2\/media\/79372"}],"wp:attachment":[{"href":"https:\/\/aiviouvapes.com\/sl\/wp-json\/wp\/v2\/media?parent=79362"}],"wp:term":[{"taxonomy":"product_brand","embeddable":true,"href":"https:\/\/aiviouvapes.com\/sl\/wp-json\/wp\/v2\/product_brand?post=79362"},{"taxonomy":"product_cat","embeddable":true,"href":"https:\/\/aiviouvapes.com\/sl\/wp-json\/wp\/v2\/product_cat?post=79362"},{"taxonomy":"product_tag","embeddable":true,"href":"https:\/\/aiviouvapes.com\/sl\/wp-json\/wp\/v2\/product_tag?post=79362"}],"curies":[{"name":"wp","href":"https:\/\/api.w.org\/{rel}","templated":true}]}}