{"id":75135,"date":"2025-10-20T15:04:33","date_gmt":"2025-10-20T07:04:33","guid":{"rendered":"https:\/\/aiviouvapes.com\/?post_type=product&#038;p=75135"},"modified":"2026-03-17T13:57:23","modified_gmt":"2026-03-17T05:57:23","slug":"uwin-tornado-triple-60k-puffs-3-in-1-adjustable-flavor-disposable-vape-for-wholesalers","status":"publish","type":"product","link":"https:\/\/aiviouvapes.com\/sl\/product\/uwin-tornado-triple-60k-puffs-3-in-1-adjustable-flavor-disposable-vape-for-wholesalers\/","title":{"rendered":"Uwin Tornado Triple 60K Puffs | 3-v-1 nastavljiv okus za enkratno uporabo za veleprodajo"},"content":{"rendered":"<h2>Uwin Tornado Triple 60K Puffs | 3-v-1 nastavljiv okus za enkratno uporabo za veleprodajo<\/h2>\n<p><!-- Long-Form Product Description --><\/p>\n<p><strong>Uwin Tornado Triple 60K Puffs<\/strong> je vrhunski vape za enkratno uporabo, namenjen lovcem na okuse in zahtevnim uporabnikom. S tremi nastavljivimi okusi v eni napravi, akumulatorsko baterijo in ogromno zmogljivostjo izpihovanja je kot nala\u0161\u010d za trgovine z vapeji, trgovce na debelo in navdu\u0161ence, ki i\u0161\u010dejo visoko zmogljivo vapiranje.<\/p>\n<p><!-- Why Choose Section --><\/p>\n<h3>Zakaj izbrati Uwin Tornado Triple 60K Puffs? \ud83e\udd29<\/h3>\n<ul>\n<li>\ud83d\udca8 Do 60.000 vdihov - ustvarjeno za intenzivne uporabnike in dolgotrajno u\u017eivanje<\/li>\n<li>\ud83c\udfa8 Nastavljiv trojni okus - kadarkoli preklapljajte med 3 vznemirljivimi okusi<\/li>\n<li>\ud83d\udd0b 650mAh polnilna baterija s polnjenjem Type-C za neprekinjeno vaping<\/li>\n<li>\ud83c\udf00 Trojna mre\u017ena tuljava - zagotavlja bogat okus in goste oblake pri vsakem puhanju<\/li>\n<li>\ud83d\udcf1 Zaslon LED - enostavno spremljanje baterije in \u0161tevila izpuhov<\/li>\n<li>\ud83d\udce6 Pakiranje v razsutem stanju - 10 kosov\/pakiranje, kot nala\u0161\u010d za prodajo na debelo in drobno<\/li>\n<li>\ud83c\udf08 12 edinstvenih kombinacij okusov, ki zadovoljijo vsak okus<\/li>\n<\/ul>\n<p><!-- Specifications Table --><\/p>\n<h3>Specifikacije \u2699\ufe0f<\/h3>\n<table>\n<tbody>\n<tr>\n<th>Funkcija<\/th>\n<th>Podrobnosti<\/th>\n<\/tr>\n<tr>\n<td>Mo\u010d nikotina<\/td>\n<td>2% \/ 3% \/ 5%<\/td>\n<\/tr>\n<tr>\n<td>\u0160tevilo puffov<\/td>\n<td>Do 60.000 vpihov<\/td>\n<\/tr>\n<tr>\n<td>Na\u010dini okusov<\/td>\n<td>3 nastavljivi okusi<\/td>\n<\/tr>\n<tr>\n<td>Rezervoar za olje<\/td>\n<td>3 rezervoarji<\/td>\n<\/tr>\n<tr>\n<td>Baterija<\/td>\n<td>650 mAh za ponovno polnjenje<\/td>\n<\/tr>\n<tr>\n<td>Tuljava<\/td>\n<td>Trojna mre\u017ena tuljava<\/td>\n<\/tr>\n<tr>\n<td>Zaslon LED<\/td>\n<td>Da<\/td>\n<\/tr>\n<tr>\n<td>Polnilna vrata<\/td>\n<td>Type-C<\/td>\n<\/tr>\n<tr>\n<td>Pakiranje<\/td>\n<td>10 kosov\/paket<\/td>\n<\/tr>\n<\/tbody>\n<\/table>\n<p><!-- Flavors Section --><\/p>\n<h3>Okusi \ud83c\udf53\ud83c\udf79<\/h3>\n<p>Izbirate lahko med 12 omamnimi kombinacijami treh okusov:<\/p>\n<ul>\n<li>Cherry Ice &amp; Strawberry Red Bull &amp; Blueberry Raspberry<\/li>\n<li>Borovni\u010dev led in jagoda lubenica in jagoda Malina \u010ce\u0161njev led<\/li>\n<li>Roza limonada in vanilijev led ter sladkarije z jagodami in malinami<\/li>\n<li>Jagoda kivi in ljubezen 66 (pasijonka melona) &amp; Blue Razz Ice<\/li>\n<li>Limona limeta in jagoda Banana in me\u0161ano sadje<\/li>\n<li>Arbuza Ice &amp; Cola Ice &amp; Mr Blue<\/li>\n<li>Summer Peach Ice &amp; Blueberry Raspberry &amp; Strawberry Red Bull<\/li>\n<li>Kivi Pasijonka Guava in breskev Mango in malina Melona<\/li>\n<li>Red Bull &amp; Cherry Ice &amp; Lemon Lime<\/li>\n<li>Jagodni led in poletni breskov led in grozdni led<\/li>\n<li>Me\u0161ano jagodi\u010devje in zmajsko sadje Ice &amp; Strawberry Watermelon Bubblegum<\/li>\n<li>Cherry Cola &amp; Strawberry Vanilla Cola &amp; Grape Berry<\/li>\n<\/ul>\n<p><!-- Conclusion --><\/p>\n<p>Idealen je za intenzivne uporabnike, navdu\u0161ence nad okusi, vape trgovine in distribucijo na debelo. <strong>Uwin Tornado Triple 60K Puffs<\/strong> zagotavlja nepozabno izku\u0161njo vapinga s priro\u010dnostjo, raznolikostjo in zanesljivostjo. \ud83d\udca5\ud83c\udf79<\/p>\n<p><!-- FAQ Section --><\/p>\n<h3>POGOSTA VPRA\u0160ANJA \u2753<\/h3>\n<ul>\n<li><strong>Q:<\/strong> Kako dolgo zdr\u017ei baterija?<br \/>\n<strong>A:<\/strong> Z akumulatorsko baterijo 650 mAh u\u017eivajte v neprekinjenem vapingu in enostavnem polnjenju tipa C. \ud83d\udd0b<\/li>\n<li><strong>Q:<\/strong> Ali lahko med uporabo zamenjam okus?<br \/>\n<strong>A:<\/strong> Da! Sistem nastavljivih okusov 3 v 1 vam omogo\u010da takoj\u0161nje spreminjanje okusov. \ud83c\udfa8<\/li>\n<li><strong>Q:<\/strong> Ali je to napravo mogo\u010de ponovno napolniti?<br \/>\n<strong>A:<\/strong> Ne, gre za napravo za enkratno uporabo, vendar jo je mogo\u010de polniti za dalj\u0161o uporabo. \u267b\ufe0f<\/li>\n<li><strong>Q:<\/strong> Koliko kosov v pakiranju?<br \/>\n<strong>A:<\/strong> Vsako pakiranje vsebuje 10 kosov, kar je idealno za prodajo na debelo ali drobno. \ud83d\udce6<\/li>\n<li><strong>Q:<\/strong> Za koga je ta izdelek namenjen?<br \/>\n<strong>A:<\/strong> Te\u017eki uporabniki, lovci na okuse, trgovine z vape izdelki in distributerji, ki i\u0161\u010dejo visokokakovostne vape za enkratno uporabo. \ud83c\udf08<\/li>\n<\/ul>","protected":false},"excerpt":{"rendered":"<p>\ud83d\udd25 Do\u017eivite do 60.000 izpuhov s sesalnikom Uwin Tornado Triple! Nastavljiv sistem s tremi okusi, mo\u017enost polnjenja in popoln za intenzivne uporabnike ali distributerje vape. \ud83c\udf53\ud83c\udf52<\/p>","protected":false},"featured_media":75144,"comment_status":"open","ping_status":"closed","template":"","meta":[],"product_brand":[247],"product_cat":[224,137,146,138,141,143],"product_tag":[354,353,356,357,355],"class_list":{"0":"post-75135","1":"product","2":"type-product","3":"status-publish","4":"has-post-thumbnail","6":"product_brand-uwin","7":"product_cat-uwin","8":"product_cat-disposable-vapes-in-germany","9":"product_cat-disposable-vapes-in-hungary","10":"product_cat-disposable-vapes-in-ltaly","11":"product_cat-disposable-vapes-in-poland","12":"product_cat-disposable-vapes-in-spain","13":"product_tag-3-in-1-flavor-vaping-device","14":"product_tag-60-k-puff-disposable-vape","15":"product_tag-rechargeable-650mah-disposable-vape","16":"product_tag-triple-mesh-coil-60k-puffs","17":"product_tag-uwin-tornado-triple-vape-wholesale","19":"first","20":"instock","21":"shipping-taxable","22":"purchasable","23":"product-type-variable","24":"has-default-attributes"},"jetpack_sharing_enabled":true,"tiered_pricing_type":"fixed","tiered_pricing_fixed_rules":{"30":9.589999999999999857891452847979962825775146484375,"50":7.78000000000000024868995751603506505489349365234375,"100":7.12999999999999989341858963598497211933135986328125,"200":6.61000000000000031974423109204508364200592041015625,"400":6.160000000000000142108547152020037174224853515625},"tiered_pricing_product_settings":{"layout":"default","base_unit_name":{"singular":null,"plural":null},"default_variation":null},"tiered_pricing_minimum_quantity":10,"tiered_pricing_roles_data":[],"tiered_pricing_percentage_rules":[],"tiered_pricing_maximum_quantity":null,"tiered_pricing_quantity_step":"10","_links":{"self":[{"href":"https:\/\/aiviouvapes.com\/sl\/wp-json\/wp\/v2\/product\/75135","targetHints":{"allow":["GET"]}}],"collection":[{"href":"https:\/\/aiviouvapes.com\/sl\/wp-json\/wp\/v2\/product"}],"about":[{"href":"https:\/\/aiviouvapes.com\/sl\/wp-json\/wp\/v2\/types\/product"}],"replies":[{"embeddable":true,"href":"https:\/\/aiviouvapes.com\/sl\/wp-json\/wp\/v2\/comments?post=75135"}],"wp:featuredmedia":[{"embeddable":true,"href":"https:\/\/aiviouvapes.com\/sl\/wp-json\/wp\/v2\/media\/75144"}],"wp:attachment":[{"href":"https:\/\/aiviouvapes.com\/sl\/wp-json\/wp\/v2\/media?parent=75135"}],"wp:term":[{"taxonomy":"product_brand","embeddable":true,"href":"https:\/\/aiviouvapes.com\/sl\/wp-json\/wp\/v2\/product_brand?post=75135"},{"taxonomy":"product_cat","embeddable":true,"href":"https:\/\/aiviouvapes.com\/sl\/wp-json\/wp\/v2\/product_cat?post=75135"},{"taxonomy":"product_tag","embeddable":true,"href":"https:\/\/aiviouvapes.com\/sl\/wp-json\/wp\/v2\/product_tag?post=75135"}],"curies":[{"name":"wp","href":"https:\/\/api.w.org\/{rel}","templated":true}]}}