{"id":5353,"date":"2024-08-19T03:51:49","date_gmt":"2024-08-18T19:51:49","guid":{"rendered":"https:\/\/aiviouvapes.com\/?post_type=product&#038;p=5353"},"modified":"2025-07-24T09:10:22","modified_gmt":"2025-07-24T01:10:22","slug":"aivono-winner-6000-puffs-disposable-wholesale","status":"publish","type":"product","link":"https:\/\/aiviouvapes.com\/sl\/product\/aivono-winner-6000-puffs-disposable-wholesale\/","title":{"rendered":"AIVONO Winner 6000 Puffs | 0%-5% nikotin, 26ml, dvojna mre\u017ea, LCD zaslon, vape v razsutem stanju"},"content":{"rendered":"<h2>AIVONO Winner 6000 puffs | 0% 2% 3% 5% nikotin, 26ml e-teko\u010dina, dvojne mre\u017easte tuljave, LCD zaslon, tip C za ponovno polnjenje, nakup na debelo za enkratno uporabo vape na debelo<\/h2>\n<h3>AIVONO WINNER 6000 Puffs Pregled in funkcije<\/h3>\n<p>AIVONO WINNER 6000 Puffs je zasnovan za dalj\u0161e zadovoljstvo, saj ponuja do 6000 puffov z veliko 15 ml prostornino e-soksa, ki zmanj\u0161uje potrebo po pogostem polnjenju. Naprava, ki jo poganja 600 mAh akumulatorska baterija, omogo\u010da dolgotrajno vapiranje, polnilna vrata Type-C pa zagotavljajo hitro in u\u010dinkovito polnjenje. Na voljo so stopnje nikotina 0%, 2% in 5%, zato ustreza razli\u010dnim \u017eeljam. 1,2\u03a9 mre\u017ena tuljava izbolj\u0161a okus in konsistenco pare, zato je vsak poteg gladek in prijeten.<\/p>\n<ul>\n<li><strong>Do 6000 vdihov<\/strong>: Zagotavlja \u0161iroko uporabo, kar pove\u010duje vrednost in priro\u010dnost.<\/li>\n<li><strong>15ml E-teko\u010dina Kapaciteta<\/strong>: Zmanj\u0161a pogostost polnjenja za neprekinjeno u\u017eivanje.<\/li>\n<li><strong>Baterija 600 mAh<\/strong>: Zagotavlja zanesljivo delovanje s hitrim polnjenjem tipa C.<\/li>\n<li><strong>Mo\u017enosti nikotina<\/strong>: Na voljo so modeli 0%, 2% in 5% za prilagojeno izku\u0161njo.<\/li>\n<li><strong>1,2\u03a9 mre\u017ena tuljava<\/strong>: Zagotavlja bogat, gladek okus in dosledno proizvodnjo pare.<\/li>\n<\/ul>\n<h3>AIVONO WINNER 6000 Puffs Okusi na zalogi:<\/h3>\n<p>Led z lubenico, hladna meta, bananin led, borovnica na ledu, breskev na ledu, grozdni led, pomaran\u010da z grenivko, mango guava, jagoda s pasijonko, pomaran\u010dna gazirana pija\u010da.<\/p>\n<h3>Zakaj izbrati AIVONO WINNER 6000 Puffs?<\/h3>\n<p>AIVONO WINNER 6000 Puffs zdru\u017euje visoko zmogljivost puhanja, raznoliko paleto okusov in napredno tehnologijo mre\u017easte tuljave, zato je najbolj\u0161a izbira za tiste, ki i\u0161\u010dejo kakovost in udobje. Zaradi lahke, prenosne zasnove in akumulatorske baterije je idealen za uporabo na poti, zaradi oblike za enkratno uporabo pa ne potrebuje polnjenja ali vzdr\u017eevanja. Ta naprava je odli\u010dna za prodajo na debelo in je odli\u010dna izbira za trgovce na drobno, ki \u017eelijo ponuditi visokokakovostne vape za enkratno uporabo. AIVONO WINNER 6000 Puffs zagotavlja vrhunsko, zadovoljivo izku\u0161njo vapljanja z vsakim puhom.<img data-recalc-dims=\"1\" loading=\"lazy\" decoding=\"async\" class=\"alignnone wp-image-8224 size-full\" title=\"AIVONO WINNER 6000 Puffs 0% 2% 5% Nikotin za ponovno polnjenje Bulk Buy Disposable Vape Wholesale\" src=\"https:\/\/i0.wp.com\/aiviouvapes.com\/wp-content\/uploads\/2024\/08\/%E9%9B%86%E5%90%88%E5%9B%BE3.jpg?resize=1020%2C599&#038;ssl=1\" alt=\"AIVONO WINNER 6000 Puffs 0% 2% 5% Nikotin za ponovno polnjenje Bulk Buy Disposable Vape Wholesale\" width=\"1020\" height=\"599\" srcset=\"https:\/\/i0.wp.com\/aiviouvapes.com\/wp-content\/uploads\/2024\/08\/%E9%9B%86%E5%90%88%E5%9B%BE3.jpg?w=1920&amp;ssl=1 1920w, https:\/\/i0.wp.com\/aiviouvapes.com\/wp-content\/uploads\/2024\/08\/%E9%9B%86%E5%90%88%E5%9B%BE3.jpg?resize=300%2C176&amp;ssl=1 300w, https:\/\/i0.wp.com\/aiviouvapes.com\/wp-content\/uploads\/2024\/08\/%E9%9B%86%E5%90%88%E5%9B%BE3.jpg?resize=1024%2C602&amp;ssl=1 1024w, https:\/\/i0.wp.com\/aiviouvapes.com\/wp-content\/uploads\/2024\/08\/%E9%9B%86%E5%90%88%E5%9B%BE3.jpg?resize=768%2C451&amp;ssl=1 768w, https:\/\/i0.wp.com\/aiviouvapes.com\/wp-content\/uploads\/2024\/08\/%E9%9B%86%E5%90%88%E5%9B%BE3.jpg?resize=1536%2C902&amp;ssl=1 1536w, https:\/\/i0.wp.com\/aiviouvapes.com\/wp-content\/uploads\/2024\/08\/%E9%9B%86%E5%90%88%E5%9B%BE3.jpg?resize=18%2C12&amp;ssl=1 18w, https:\/\/i0.wp.com\/aiviouvapes.com\/wp-content\/uploads\/2024\/08\/%E9%9B%86%E5%90%88%E5%9B%BE3.jpg?resize=800%2C470&amp;ssl=1 800w\" sizes=\"auto, (max-width: 1020px) 100vw, 1020px\" \/><\/p>","protected":false},"excerpt":{"rendered":"<p>AIVONO WINNER 6000 Puffs ponuja do 6000 puffov z zmogljivostjo 15 ml e-teko\u010dine, gladko 1,2\u03a9 mre\u017easto spiralko in baterijo z zmogljivostjo 600 mAh za ponovno polnjenje. Na voljo je z nikotinom 0%, 2% in 5% ter zagotavlja stalen okus in zadovoljstvo v prenosni zasnovi, ki ne zahteva vzdr\u017eevanja.<\/p>","protected":false},"featured_media":5354,"comment_status":"open","ping_status":"closed","template":"","meta":[],"product_brand":[],"product_cat":[41,119,117,76,134,135,133,136,137,146,138,139,140,141,142,143,144,145,116,132],"product_tag":[],"class_list":{"0":"post-5353","1":"product","2":"type-product","3":"status-publish","4":"has-post-thumbnail","6":"product_cat-aivono-vapes","7":"product_cat-5000-puffs-disposable-vape","8":"product_cat-different-puffs-of-diposable-vapes","9":"product_cat-disposable-vape-types","10":"product_cat-disposable-vapes-in-austria","11":"product_cat-disposable-vapes-in-belgium","12":"product_cat-disposable-vapes-in-europe","13":"product_cat-disposable-vapes-in-france","14":"product_cat-disposable-vapes-in-germany","15":"product_cat-disposable-vapes-in-hungary","16":"product_cat-disposable-vapes-in-ltaly","17":"product_cat-disposable-vapes-in-netherlands","18":"product_cat-disposable-vapes-in-norway","19":"product_cat-disposable-vapes-in-poland","20":"product_cat-disposable-vapes-in-portugal","21":"product_cat-disposable-vapes-in-spain","22":"product_cat-disposable-vapes-in-sweden","23":"product_cat-disposable-vapes-in-switzerland","24":"product_cat-mini-puffs-vapes","25":"product_cat-rechargeable-vapes","27":"first","28":"instock","29":"shipping-taxable","30":"purchasable","31":"product-type-variable","32":"has-default-attributes"},"jetpack_sharing_enabled":true,"tiered_pricing_type":"fixed","tiered_pricing_fixed_rules":{"2000":5.12999999999999989341858963598497211933135986328125},"tiered_pricing_product_settings":{"layout":"default","base_unit_name":{"singular":null,"plural":null},"default_variation":null},"tiered_pricing_minimum_quantity":1000,"tiered_pricing_roles_data":[],"tiered_pricing_percentage_rules":[],"tiered_pricing_maximum_quantity":null,"tiered_pricing_quantity_step":"10","_links":{"self":[{"href":"https:\/\/aiviouvapes.com\/sl\/wp-json\/wp\/v2\/product\/5353","targetHints":{"allow":["GET"]}}],"collection":[{"href":"https:\/\/aiviouvapes.com\/sl\/wp-json\/wp\/v2\/product"}],"about":[{"href":"https:\/\/aiviouvapes.com\/sl\/wp-json\/wp\/v2\/types\/product"}],"replies":[{"embeddable":true,"href":"https:\/\/aiviouvapes.com\/sl\/wp-json\/wp\/v2\/comments?post=5353"}],"wp:featuredmedia":[{"embeddable":true,"href":"https:\/\/aiviouvapes.com\/sl\/wp-json\/wp\/v2\/media\/5354"}],"wp:attachment":[{"href":"https:\/\/aiviouvapes.com\/sl\/wp-json\/wp\/v2\/media?parent=5353"}],"wp:term":[{"taxonomy":"product_brand","embeddable":true,"href":"https:\/\/aiviouvapes.com\/sl\/wp-json\/wp\/v2\/product_brand?post=5353"},{"taxonomy":"product_cat","embeddable":true,"href":"https:\/\/aiviouvapes.com\/sl\/wp-json\/wp\/v2\/product_cat?post=5353"},{"taxonomy":"product_tag","embeddable":true,"href":"https:\/\/aiviouvapes.com\/sl\/wp-json\/wp\/v2\/product_tag?post=5353"}],"curies":[{"name":"wp","href":"https:\/\/api.w.org\/{rel}","templated":true}]}}