{"id":52966,"date":"2025-08-12T10:02:17","date_gmt":"2025-08-12T02:02:17","guid":{"rendered":"https:\/\/aiviouvapes.com\/?post_type=product&#038;p=52966"},"modified":"2026-04-17T10:32:57","modified_gmt":"2026-04-17T02:32:57","slug":"bang-king-twins-50000","status":"publish","type":"product","link":"https:\/\/aiviouvapes.com\/sl\/product\/bang-king-twins-50000\/","title":{"rendered":"Bang King Twins 50000 Puffs | dvojni okus 56ml dolgotrajen vape za enkratno uporabo"},"content":{"rendered":"<h2>Zakaj izbrati Bang King Twins 50000?<\/h2>\n<ul>\n<li>\ud83d\udd25 Ogromna zmogljivost 50.000 izpihov za dolgotrajno u\u017eivanje<\/li>\n<li>\ud83c\udf79 Komore z dvema okusoma za edinstveno izku\u0161njo vapinga<\/li>\n<li>\ud83d\udca8 56 ml e-teko\u010dine za dalj\u0161o uporabo<\/li>\n<li>\u26a1 Digitalni zaslon LED za sledenje bateriji in e-teko\u010dini<\/li>\n<li>\ud83d\udd0b Hitro polnjenje tipa C za minimalen \u010das izpada<\/li>\n<li>\ud83c\udf0e Idealno za maloprodajne stranke in distributerje na debelo<\/li>\n<\/ul>\n<p>\u010ce ste te\u017eki vaper, lovec na okuse ali lastnik vape trgovine, ki i\u0161\u010de vrhunske izdelke v razsutem stanju, je Bang King Twins 50000 najbolj\u0161a izbira. Z ogromno zmogljivostjo, izjemnim podajanjem okusa in zasnovo, zasnovano za udobje, je popoln vape za enkratno uporabo za osebno uporabo ali distribucijo v velikem obsegu.<\/p>\n<h3>Bang King Twins 50000 Specifikacije<\/h3>\n<table>\n<tbody>\n<tr>\n<td>Kapaciteta Puff<\/td>\n<td>Do 50.000 vpihov<\/td>\n<\/tr>\n<tr>\n<td>Kapaciteta e-teko\u010dine<\/td>\n<td>56 ml (28 ml + 28 ml)<\/td>\n<\/tr>\n<tr>\n<td>Baterija<\/td>\n<td>650 mAh, tip C za polnjenje<\/td>\n<\/tr>\n<tr>\n<td>Vrsta tuljave<\/td>\n<td>1.0\u03a9 mre\u017ena tuljava<\/td>\n<\/tr>\n<tr>\n<td>Mo\u017enosti nikotina<\/td>\n<td>2%, 3%, 5%<\/td>\n<\/tr>\n<tr>\n<td>Prikaz<\/td>\n<td>Digitalni zaslon LED<\/td>\n<\/tr>\n<tr>\n<td>Oblikovanje<\/td>\n<td>Dvokomorno, elegantno prenosno ohi\u0161je<\/td>\n<\/tr>\n<\/tbody>\n<\/table>\n<h3>Bang King Twins 50000 Pregled in funkcije<\/h3>\n<p>\ud83d\ude80 S Bang King Twins 50000 prestavite svojo izku\u0161njo vapinga na naslednjo raven! Zasnovan za resne lovce na oblake in navdu\u0161ence nad okusi, ta mo\u010dnik ponuja neverjetno <strong>do 50.000 vdihov<\/strong> iz njegove masivne <strong>Kapaciteta 56 ml e-teko\u010dine<\/strong> - razdeljen na dve lo\u010deni sobi za <strong>u\u017eivanje v dveh okusih<\/strong>. Napredni <strong>mre\u017easta tuljava<\/strong> zagotavlja intenziven okus in gladko vle\u010denje, medtem ko <strong>Digitalni zaslon LED<\/strong> vas obve\u0161\u010da o stanju baterije in e-teko\u010dine. Ne glede na to, ali ste maloprodajni ali veleprodajni kupec, je ta naprava ustvarjena za u\u010dinkovitost, slog in zadovoljstvo.<\/p>\n<h3>Kombinacije okusov<\/h3>\n<table>\n<tbody>\n<tr>\n<th>Okus A<\/th>\n<th>Okus B<\/th>\n<\/tr>\n<tr>\n<td>Ljubezen 66<\/td>\n<td>Citronska pasijonka<\/td>\n<\/tr>\n<tr>\n<td>Breskev Guava Jagoda<\/td>\n<td>Sakura Grape<\/td>\n<\/tr>\n<tr>\n<td>Jagoda Banana<\/td>\n<td>Heisenberg<\/td>\n<\/tr>\n<tr>\n<td>Blue Razz Led<\/td>\n<td>Modro Razz Cherry<\/td>\n<\/tr>\n<tr>\n<td>Jagodna lubenica<\/td>\n<td>Jagodni sladoled<\/td>\n<\/tr>\n<tr>\n<td>Led iz lubenice<\/td>\n<td>lubenica Hubba Bubba<\/td>\n<\/tr>\n<tr>\n<td>Dvojno apno<\/td>\n<td>Ledena aloe vera<\/td>\n<\/tr>\n<tr>\n<td>Me\u0161anica jagodi\u010devja<\/td>\n<td>jagoda kivi<\/td>\n<\/tr>\n<tr>\n<td>Super kul li\u010di<\/td>\n<td>Roza \u010dlovek<\/td>\n<\/tr>\n<tr>\n<td>Sok breskev Ice<\/td>\n<td>Jagoda Mango<\/td>\n<\/tr>\n<tr>\n<td>Cola Lemon<\/td>\n<td>Jagodni keglji<\/td>\n<\/tr>\n<tr>\n<td>Breskev mango lubenica<\/td>\n<td>Modro Razz Cherry<\/td>\n<\/tr>\n<\/tbody>\n<\/table>\n<h3>Bang King Twins 50000 okusov na zalogi:<\/h3>\n<p>Love 66 &amp; Lemon Passion Fruit, Peach Guava Strawberry &amp; Sakura Grape, Strawberry Banana &amp; Heisenberg, Blue Razz Ice &amp; Blue Razz Cherry, Strawberry Watermelon &amp; Strawberry Ice Cream, Watermelon Ice &amp; Watermelon Hubba Bubba, Dvojna limeta in led Aloe Vera, Mix Berry in jagodni kivi, Super Cool Lychee in Pink Man, Juice Peach Ice in jagodni mango, Cola Lemon in jagodni skittles, Peach Mango Watermelon in Blue Razz Cherry.<a style=\"font-size: 14.4px;\" href=\"https:\/\/aiviouvapes.com\/wp-content\/uploads\/2025\/08\/Bang-King-Twins-50000-flavor-chart.avif\"><br \/>\n<img decoding=\"async\" class=\"alignnone size-full wp-image-52973\" src=\"https:\/\/aiviouvapes.com\/wp-content\/uploads\/2025\/08\/Bang-King-Twins-50000-flavor-chart.avif\" alt=\",\" title=\"\"><\/a><\/p>","protected":false},"excerpt":{"rendered":"<p>Bang King Twins 50000 zagotavlja do 50.000 izpihov z dvojnim okusom, dolgo obstojno zasnovo, ogromno 56 ml e-teko\u010dine in zaslonom LED. Idealen za ljubitelje okusov, intenzivne uporabnike in distribucijo vape na debelo.<\/p>","protected":false},"featured_media":52984,"comment_status":"open","ping_status":"closed","template":"","meta":[],"product_brand":[239],"product_cat":[37,280,137,146,138,141,143],"product_tag":[306,308,303,305,304,302],"class_list":{"0":"post-52966","1":"product","2":"type-product","3":"status-publish","4":"has-post-thumbnail","6":"product_brand-bang","7":"product_cat-bang","8":"product_cat-cheap-rechargeable-disposable-vapes","9":"product_cat-disposable-vapes-in-germany","10":"product_cat-disposable-vapes-in-hungary","11":"product_cat-disposable-vapes-in-ltaly","12":"product_cat-disposable-vapes-in-poland","13":"product_cat-disposable-vapes-in-spain","14":"product_tag-best-disposable-vapes","15":"product_tag-disposable-vape-in-europe","16":"product_tag-screen-vape","17":"product_tag-vape-suppliers","18":"product_tag-wholesale-vapes","19":"product_tag-wholesale-vapor","21":"first","22":"instock","23":"shipping-taxable","24":"purchasable","25":"product-type-variable","26":"has-default-attributes"},"jetpack_sharing_enabled":true,"tiered_pricing_type":"fixed","tiered_pricing_fixed_rules":{"30":7.6500000000000003552713678800500929355621337890625,"50":6.3499999999999996447286321199499070644378662109375,"100":5.57000000000000028421709430404007434844970703125,"200":5.19000000000000039079850466805510222911834716796875,"400":4.5999999999999996447286321199499070644378662109375},"tiered_pricing_product_settings":{"layout":"default","base_unit_name":{"singular":null,"plural":null},"default_variation":null},"tiered_pricing_minimum_quantity":10,"tiered_pricing_roles_data":[],"tiered_pricing_percentage_rules":[],"tiered_pricing_maximum_quantity":null,"tiered_pricing_quantity_step":"10","_links":{"self":[{"href":"https:\/\/aiviouvapes.com\/sl\/wp-json\/wp\/v2\/product\/52966","targetHints":{"allow":["GET"]}}],"collection":[{"href":"https:\/\/aiviouvapes.com\/sl\/wp-json\/wp\/v2\/product"}],"about":[{"href":"https:\/\/aiviouvapes.com\/sl\/wp-json\/wp\/v2\/types\/product"}],"replies":[{"embeddable":true,"href":"https:\/\/aiviouvapes.com\/sl\/wp-json\/wp\/v2\/comments?post=52966"}],"wp:featuredmedia":[{"embeddable":true,"href":"https:\/\/aiviouvapes.com\/sl\/wp-json\/wp\/v2\/media\/52984"}],"wp:attachment":[{"href":"https:\/\/aiviouvapes.com\/sl\/wp-json\/wp\/v2\/media?parent=52966"}],"wp:term":[{"taxonomy":"product_brand","embeddable":true,"href":"https:\/\/aiviouvapes.com\/sl\/wp-json\/wp\/v2\/product_brand?post=52966"},{"taxonomy":"product_cat","embeddable":true,"href":"https:\/\/aiviouvapes.com\/sl\/wp-json\/wp\/v2\/product_cat?post=52966"},{"taxonomy":"product_tag","embeddable":true,"href":"https:\/\/aiviouvapes.com\/sl\/wp-json\/wp\/v2\/product_tag?post=52966"}],"curies":[{"name":"wp","href":"https:\/\/api.w.org\/{rel}","templated":true}]}}