{"id":5272,"date":"2024-08-19T03:33:10","date_gmt":"2024-08-18T19:33:10","guid":{"rendered":"https:\/\/aiviouvapes.com\/?post_type=product&#038;p=5272"},"modified":"2025-07-24T11:59:37","modified_gmt":"2025-07-24T03:59:37","slug":"aivono-aim-puff-star-6500-puffs-disposable-wholesale","status":"publish","type":"product","link":"https:\/\/aiviouvapes.com\/sl\/product\/aivono-aim-puff-star-6500-puffs-disposable-wholesale\/","title":{"rendered":"AIVONO Aim Puff Star 6500 Puffs | 0%-5% nikotin, 13ml, vape za enkratno uporabo"},"content":{"rendered":"<h2>AIVONO Aim Puff Star 6500 puffov | 0% 2% 5% nikotin, 13ml e-teko\u010dina, 1,2\u03a9 mre\u017ena tuljava, tip C za ponovno polnjenje, nakup na debelo za enkratno uporabo<\/h2>\n<h3>AIVONO AIM PUFF STAR 6500 Puffs Pregled in lastnosti<\/h3>\n<p>AIVONO AIM PUFF STAR 6500 Puffs je izdelan za dalj\u0161e u\u017eivanje, saj ponuja do 6500 puffov s 13 ml rezervoarjem za e-sok, ki zmanj\u0161uje potrebo po pogostem polnjenju. Naprava, ki jo poganja 400 mAh akumulatorska baterija, omogo\u010da dolgotrajno vapiranje, polnilna vrata Type-C pa zagotavljajo hitro in u\u010dinkovito polnjenje. Na voljo je v nikotinskih stopnjah 0%, 2% in 5%, zato ustreza razli\u010dnim \u017eeljam. 1,2\u03a9 mre\u017ena tuljava izbolj\u0161a okus in konsistenco pare ter zagotavlja gladko in prijetno vapiranje z vsakim potegom.<\/p>\n<ul>\n<li><strong>Do 6500 vdihov<\/strong>: Zagotavlja dolgotrajno uporabo, kar pove\u010duje udobje in zadovoljstvo.<\/li>\n<li><strong>13ml E-teko\u010dina Kapaciteta<\/strong>: Zmanj\u0161a potrebo po polnjenju, kar je idealno za neprekinjeno u\u017eivanje.<\/li>\n<li><strong>Baterija 400 mAh<\/strong>: Zagotavlja zanesljivo delovanje s hitrim polnjenjem tipa C.<\/li>\n<li><strong>Mo\u017enosti nikotina<\/strong>: Na voljo so modeli 0%, 2% in 5% za prilagojeno izku\u0161njo.<\/li>\n<li><strong>1,2\u03a9 mre\u017ena tuljava<\/strong>: Zagotavlja bogat, gladek okus in dosledno proizvodnjo pare.<\/li>\n<\/ul>\n<h3>AIVONO AIM PUFF STAR 6500 Puffs Okusi na zalogi:<\/h3>\n<p>Me\u0161ano jagodi\u010devje, mentolni bonboni, jagodni kivi, me\u0161ani mango, lubenica, jagodni led, energijski napitek, jagodi\u010devje Blue Razz, kokosova melona, breskov sok.<\/p>\n<h3>Zakaj izbrati AIVONO AIM PUFF STAR 6500 Puffs?<\/h3>\n<p>AIVONO AIM PUFF STAR 6500 Puffs zdru\u017euje visoko zmogljivost puhanja, raznolike okuse in napredno tehnologijo mre\u017easte tuljave, zato je idealen za vaperje, ki i\u0161\u010dejo kakovost in udobje. Njegova kompaktna, prenosna zasnova in polnilna baterija sta kot nala\u0161\u010d za uporabo na poti, medtem ko oblika za enkratno uporabo odpravlja vzdr\u017eevanje. Ta naprava je idealna za prodajo na debelo in je odli\u010dna izbira za trgovce na drobno, ki \u017eelijo ponuditi vrhunski vape za enkratno uporabo. Ne glede na to, ali ste izku\u0161eni vaper ali novinec, AIVONO AIM PUFF STAR 6500 Puffs vam obljublja zadovoljivo in aromati\u010dno izku\u0161njo z vsakim vdihom.<\/p>\n<p><img data-recalc-dims=\"1\" loading=\"lazy\" decoding=\"async\" class=\"alignnone wp-image-8222 size-full\" title=\"AIVONO AIM PUFF STAR 6500 Puffs 0% 2% 5% Nikotin za ponovno polnjenje Veleprodaja za enkratno uporabo\" src=\"https:\/\/i0.wp.com\/aiviouvapes.com\/wp-content\/uploads\/2024\/08\/1-21.jpg?resize=1020%2C816&#038;ssl=1\" alt=\"AIVONO AIM PUFF STAR 6500 Puffs 0% 2% 5% Nikotin za ponovno polnjenje Veleprodaja za enkratno uporabo\" width=\"1020\" height=\"816\" srcset=\"https:\/\/i0.wp.com\/aiviouvapes.com\/wp-content\/uploads\/2024\/08\/1-21.jpg?w=1876&amp;ssl=1 1876w, https:\/\/i0.wp.com\/aiviouvapes.com\/wp-content\/uploads\/2024\/08\/1-21.jpg?resize=300%2C240&amp;ssl=1 300w, https:\/\/i0.wp.com\/aiviouvapes.com\/wp-content\/uploads\/2024\/08\/1-21.jpg?resize=1024%2C819&amp;ssl=1 1024w, https:\/\/i0.wp.com\/aiviouvapes.com\/wp-content\/uploads\/2024\/08\/1-21.jpg?resize=768%2C614&amp;ssl=1 768w, https:\/\/i0.wp.com\/aiviouvapes.com\/wp-content\/uploads\/2024\/08\/1-21.jpg?resize=1536%2C1228&amp;ssl=1 1536w, https:\/\/i0.wp.com\/aiviouvapes.com\/wp-content\/uploads\/2024\/08\/1-21.jpg?resize=15%2C12&amp;ssl=1 15w, https:\/\/i0.wp.com\/aiviouvapes.com\/wp-content\/uploads\/2024\/08\/1-21.jpg?resize=800%2C640&amp;ssl=1 800w\" sizes=\"auto, (max-width: 1020px) 100vw, 1020px\" \/><\/p>","protected":false},"excerpt":{"rendered":"<p>\u2764\ufe0f\ud83d\udca8AIVONO AIM PUFF STAR 6500 puffov ponuja do 6500 puffov, kapaciteto 13 ml e-teko\u010dine in 400 mAh akumulatorsko baterijo za dalj\u0161e in brezskrbno vapiranje. Na voljo je v ve\u010d nikotinskih stopnjah in ima 1,2\u03a9 mre\u017easto tuljavo za gladko paro z okusom. Odli\u010den za osebno uporabo in prodajo na debelo.<\/p>","protected":false},"featured_media":5290,"comment_status":"open","ping_status":"closed","template":"","meta":[],"product_brand":[],"product_cat":[41,119,120,90,117,76,134,135,133,136,137,146,138,139,140,141,142,143,144,145,132],"product_tag":[],"class_list":{"0":"post-5272","1":"product","2":"type-product","3":"status-publish","4":"has-post-thumbnail","6":"product_cat-aivono-vapes","7":"product_cat-5000-puffs-disposable-vape","8":"product_cat-8000-puffs-disposable-vape","9":"product_cat-big-puffs-vapes","10":"product_cat-different-puffs-of-diposable-vapes","11":"product_cat-disposable-vape-types","12":"product_cat-disposable-vapes-in-austria","13":"product_cat-disposable-vapes-in-belgium","14":"product_cat-disposable-vapes-in-europe","15":"product_cat-disposable-vapes-in-france","16":"product_cat-disposable-vapes-in-germany","17":"product_cat-disposable-vapes-in-hungary","18":"product_cat-disposable-vapes-in-ltaly","19":"product_cat-disposable-vapes-in-netherlands","20":"product_cat-disposable-vapes-in-norway","21":"product_cat-disposable-vapes-in-poland","22":"product_cat-disposable-vapes-in-portugal","23":"product_cat-disposable-vapes-in-spain","24":"product_cat-disposable-vapes-in-sweden","25":"product_cat-disposable-vapes-in-switzerland","26":"product_cat-rechargeable-vapes","28":"first","29":"instock","30":"shipping-taxable","31":"purchasable","32":"product-type-variable","33":"has-default-attributes"},"jetpack_sharing_enabled":true,"tiered_pricing_type":"fixed","tiered_pricing_fixed_rules":{"2000":5.589999999999999857891452847979962825775146484375},"tiered_pricing_product_settings":{"layout":"default","base_unit_name":{"singular":null,"plural":null},"default_variation":null},"tiered_pricing_minimum_quantity":1000,"tiered_pricing_roles_data":[],"tiered_pricing_percentage_rules":[],"tiered_pricing_maximum_quantity":null,"tiered_pricing_quantity_step":"10","_links":{"self":[{"href":"https:\/\/aiviouvapes.com\/sl\/wp-json\/wp\/v2\/product\/5272","targetHints":{"allow":["GET"]}}],"collection":[{"href":"https:\/\/aiviouvapes.com\/sl\/wp-json\/wp\/v2\/product"}],"about":[{"href":"https:\/\/aiviouvapes.com\/sl\/wp-json\/wp\/v2\/types\/product"}],"replies":[{"embeddable":true,"href":"https:\/\/aiviouvapes.com\/sl\/wp-json\/wp\/v2\/comments?post=5272"}],"wp:featuredmedia":[{"embeddable":true,"href":"https:\/\/aiviouvapes.com\/sl\/wp-json\/wp\/v2\/media\/5290"}],"wp:attachment":[{"href":"https:\/\/aiviouvapes.com\/sl\/wp-json\/wp\/v2\/media?parent=5272"}],"wp:term":[{"taxonomy":"product_brand","embeddable":true,"href":"https:\/\/aiviouvapes.com\/sl\/wp-json\/wp\/v2\/product_brand?post=5272"},{"taxonomy":"product_cat","embeddable":true,"href":"https:\/\/aiviouvapes.com\/sl\/wp-json\/wp\/v2\/product_cat?post=5272"},{"taxonomy":"product_tag","embeddable":true,"href":"https:\/\/aiviouvapes.com\/sl\/wp-json\/wp\/v2\/product_tag?post=5272"}],"curies":[{"name":"wp","href":"https:\/\/api.w.org\/{rel}","templated":true}]}}