{"id":5195,"date":"2024-08-18T03:19:55","date_gmt":"2024-08-18T03:19:55","guid":{"rendered":"https:\/\/aiviouvapes.com\/?post_type=product&#038;p=5195"},"modified":"2025-07-24T09:10:41","modified_gmt":"2025-07-24T01:10:41","slug":"aivono-aim-xxl-9000-puffs-disposable-wholesale","status":"publish","type":"product","link":"https:\/\/aiviouvapes.com\/sl\/product\/aivono-aim-xxl-9000-puffs-disposable-wholesale\/","title":{"rendered":"AIVONO AIM XXL 9000 Puffs | 0% do 5% nikotin debelo nakup na debelo"},"content":{"rendered":"<h2>AIVONO AIM XXL 9000 puhov | 0% do 5% nikotin za ponovno polnjenje tipa C<\/h2>\n<h3>AIVONO AIM XXL 9000 Puffs Pregled in lastnosti<\/h3>\n<p>AIVONO AIM XXL 9000 puffov je izdelan tako, da zagotavlja zadovoljivo in dalj\u0161o izku\u0161njo vapinga z do 9000 puffi in veliko kapaciteto 19 ml e-soksa, kar zmanj\u0161uje potrebo po pogostem polnjenju. Naprava, ki jo poganja akumulatorska baterija s kapaciteto 650 mAh, zagotavlja stalno zmogljivost, polnilna vrata Type-C pa omogo\u010dajo hitro in u\u010dinkovito polnjenje. 1,2\u03a9 mre\u017ena tuljava zagotavlja gladko in aromati\u010dno paro, pregleden LCD-zaslon pa vas obve\u0161\u010da s posodobitvami v realnem \u010dasu. Na voljo so mo\u010di nikotina 0%, 2%, 3% in 5%, kar ustreza razli\u010dnim \u017eeljam, dodana funkcija otro\u0161ke klju\u010davnice pa pove\u010duje varnost.<\/p>\n<ul>\n<li><strong>Do 9000 vdihov<\/strong>: Zagotavlja dolgotrajno zadovoljstvo in udobje.<\/li>\n<li><strong>19ml E-teko\u010dina Kapaciteta<\/strong>: Zmanj\u0161a pogostost polnjenja za neprekinjeno vaping.<\/li>\n<li><strong>Baterija 650 mAh<\/strong>: Zagotavlja zanesljivo delovanje s hitrim polnjenjem tipa C.<\/li>\n<li><strong>Zaslon LCD<\/strong>: Posodobitve v realnem \u010dasu za bolj\u0161o uporabni\u0161ko izku\u0161njo.<\/li>\n<li><strong>Mo\u017enosti nikotina<\/strong>: Na voljo so 0%, 2%, 3% in 5% za prilagojen vape.<\/li>\n<li><strong>1,2\u03a9 mre\u017ena tuljava<\/strong>: Zagotavlja bogato in gladko proizvodnjo pare.<\/li>\n<li><strong>Otro\u0161ka klju\u010davnica<\/strong>: Dodaja dodatno stopnjo varnosti.<\/li>\n<\/ul>\n<h3>AIVONO AIM XXL 9000 Puffs Okusi na zalogi:<\/h3>\n<p>Jagodna lubenica, ananasov kokosov led, metin mojito, grozdje s \u010drnim ribezom, me\u0161ano jagodi\u010devje, mango ananasova breskev, lubeni\u010dni led, Blue Razz Ice, borovni\u010dev led, \u010de\u0161njev kantalup.<\/p>\n<h3>Zakaj izbrati AIVONO AIM XXL 9000 Puffs?<\/h3>\n<p>AIVONO AIM XXL 9000 Puffs zdru\u017euje visoko zmogljivost puhov, razli\u010dne okuse in napredne funkcije, kot sta zaslon LCD in otro\u0161ka klju\u010davnica, zato je idealna izbira za tiste, ki i\u0161\u010dejo kakovost in varnost v napravi za vaping. Zaradi kompaktne, prenosne zasnove in funkcije polnjenja je kot nala\u0161\u010d za uporabo na poti, oblika za enkratno uporabo pa odpravlja potrebo po vzdr\u017eevanju. Ta naprava je odli\u010dna izbira za trgovce na drobno, ki \u017eelijo ponuditi vrhunski vape za enkratno uporabo z visoko zmogljivostjo. AIVONO AIM XXL 9000 Puffs obljublja izjemno, aromati\u010dno izku\u0161njo z vsakim potegom.<\/p>\n<p><a href=\"https:\/\/i0.wp.com\/aiviouvapes.com\/wp-content\/uploads\/2024\/08\/1-%E5%89%AF%E6%9C%AC.jpg?ssl=1\"><img data-recalc-dims=\"1\" loading=\"lazy\" decoding=\"async\" class=\"alignnone size-full wp-image-8193\" title=\"AIVONO AIM XXL 9000 Puffs za enkratno uporabo - 0% do 5% Nikotin za polnjenje tipa C\" src=\"https:\/\/i0.wp.com\/aiviouvapes.com\/wp-content\/uploads\/2024\/08\/1-%E5%89%AF%E6%9C%AC.jpg?resize=1020%2C451&#038;ssl=1\" alt=\"AIVONO AIM XXL 9000 Puffs za enkratno uporabo - 0% do 5% Nikotin za polnjenje tipa C\" width=\"1020\" height=\"451\" srcset=\"https:\/\/i0.wp.com\/aiviouvapes.com\/wp-content\/uploads\/2024\/08\/1-%E5%89%AF%E6%9C%AC.jpg?w=1920&amp;ssl=1 1920w, https:\/\/i0.wp.com\/aiviouvapes.com\/wp-content\/uploads\/2024\/08\/1-%E5%89%AF%E6%9C%AC.jpg?resize=300%2C133&amp;ssl=1 300w, https:\/\/i0.wp.com\/aiviouvapes.com\/wp-content\/uploads\/2024\/08\/1-%E5%89%AF%E6%9C%AC.jpg?resize=1024%2C453&amp;ssl=1 1024w, https:\/\/i0.wp.com\/aiviouvapes.com\/wp-content\/uploads\/2024\/08\/1-%E5%89%AF%E6%9C%AC.jpg?resize=768%2C340&amp;ssl=1 768w, https:\/\/i0.wp.com\/aiviouvapes.com\/wp-content\/uploads\/2024\/08\/1-%E5%89%AF%E6%9C%AC.jpg?resize=1536%2C679&amp;ssl=1 1536w, https:\/\/i0.wp.com\/aiviouvapes.com\/wp-content\/uploads\/2024\/08\/1-%E5%89%AF%E6%9C%AC.jpg?resize=18%2C8&amp;ssl=1 18w, https:\/\/i0.wp.com\/aiviouvapes.com\/wp-content\/uploads\/2024\/08\/1-%E5%89%AF%E6%9C%AC.jpg?resize=800%2C354&amp;ssl=1 800w\" sizes=\"auto, (max-width: 1020px) 100vw, 1020px\" \/><\/a><\/p>\n<h3>Zakaj izbrati AiviouVapes<\/h3>\n<p>Dobrodo\u0161li v <a href=\"https:\/\/aiviouvapes.com\/sl\/\">AiviouVapes<\/a> - va\u0161 zaupanja vreden vir za vrhunske, cenovno ugodne <a href=\"https:\/\/aiviouvapes.com\/sl\/shop\/\">veleprodaja vapes za enkratno uporabo<\/a> po resni\u010dno nizkih cenah. Z ve\u010d kot petimi leti izku\u0161enj v industriji vape ponujamo ro\u010dno izbran izbor vodilnih blagovnih znamk, kot so <a href=\"https:\/\/aiviouvapes.com\/sl\/kategorija-izdelka\/waspe\/\">WASPE<\/a>, <a href=\"https:\/\/aiviouvapes.com\/sl\/kategorija-izdelka\/bang\/\">Bang Vape<\/a>, <a href=\"https:\/\/aiviouvapes.com\/sl\/kategorija-izdelka\/vapme-vapes\/\">Vapme<\/a>in <a href=\"https:\/\/aiviouvapes.com\/sl\/kategorija-izdelka\/mrvi\/\">MRVI<\/a>.<\/p>\n<p>Od naprav z visokim izpihom, kot je <a href=\"https:\/\/aiviouvapes.com\/sl\/izdelek\/waspe-4-in-1-100000-puffs\/\">WASPE 100K okus 4 v 1<\/a> do krepkih priljubljenih izdelkov, kot je <a href=\"https:\/\/aiviouvapes.com\/sl\/izdelek\/bang-king-triple-flavors-85000\/\">Bang 85.000 Trojni puh<\/a>in celo vznemirljivo <a class=\"woocommerce-LoopProduct-link woocommerce-loop-product__link\" href=\"https:\/\/aiviouvapes.com\/sl\/izdelek\/mystery-vape-blind-box\/\">Skrivnostna \u0161katla Vape za enkratno uporabo<\/a>, vsak izdelek je izbran zaradi vrhunske kakovosti in neprekosljive vrednosti. Pri AiviouVapes boste u\u017eivali v odli\u010dnih storitvah, veleprodajnih prihrankih in zbirki, ki je zasnovana tako, da ustreza va\u0161im potrebam po vapingu.<\/p>\n<div class=\"row row-large row-full-width align-middle\"  id=\"row-1945918267\">\n\n\n\t<div id=\"col-1568961775\" class=\"col medium-3 small-6 large-3\"  >\n\t\t\t\t<div class=\"col-inner text-center\"  >\n\t\t\t\n\t\t\t\n\n\n\t\t<div class=\"icon-box featured-box icon-box-top text-left\"  >\n\t\t\t\t\t<div class=\"icon-box-img\" style=\"width: 90px\">\n\t\t\t\t<div class=\"icon\">\n\t\t\t\t\t<div class=\"icon-inner\" >\n\t\t\t\t\t\t<img loading=\"lazy\" decoding=\"async\" width=\"200\" height=\"200\" src=\"https:\/\/i0.wp.com\/aiviouvapes.com\/wp-content\/uploads\/2024\/08\/vape-1-1.png?fit=200%2C200&amp;ssl=1\" class=\"attachment-medium size-medium\" alt=\"Zakaj izbrati AIVIOUVAPES\" srcset=\"https:\/\/i0.wp.com\/aiviouvapes.com\/wp-content\/uploads\/2024\/08\/vape-1-1.png?w=200&amp;ssl=1 200w, https:\/\/i0.wp.com\/aiviouvapes.com\/wp-content\/uploads\/2024\/08\/vape-1-1.png?resize=150%2C150&amp;ssl=1 150w, https:\/\/i0.wp.com\/aiviouvapes.com\/wp-content\/uploads\/2024\/08\/vape-1-1.png?resize=12%2C12&amp;ssl=1 12w, https:\/\/i0.wp.com\/aiviouvapes.com\/wp-content\/uploads\/2024\/08\/vape-1-1.png?resize=100%2C100&amp;ssl=1 100w\" sizes=\"auto, (max-width: 200px) 100vw, 200px\" title=\"\">\t\t\t\t\t<\/div>\n\t\t\t\t<\/div>\n\t\t\t<\/div>\n\t\t\t\t<div class=\"icon-box-text last-reset\">\n\t\t\t\t\t\t\t\t\t\n\n\t<div id=\"text-2744978205\" class=\"text\">\n\t\t\n\n<h3 style=\"text-align: center;\">Obse\u017ena raznolikost izdelkov Vape<\/h3>\n<p style=\"text-align: center;\">Odkrijte na\u0161o \u0161iroko paleto izdelkov, izdelanih za vse \u017eelje.<\/p>\n\t\t\n<style>\n#text-2744978205 {\n  font-size: 0.9rem;\n}\n<\/style>\n\t<\/div>\n\t\n\n\t\t<\/div>\n\t<\/div>\n\t\n\t\n\n\t\t<\/div>\n\t\t\t\t\t<\/div>\n\n\t\n\n\t<div id=\"col-2077452714\" class=\"col medium-3 small-6 large-3\"  >\n\t\t\t\t<div class=\"col-inner text-center\"  >\n\t\t\t\n\t\t\t\n\n\n\t\t<div class=\"icon-box featured-box icon-box-top text-left\"  >\n\t\t\t\t\t<div class=\"icon-box-img\" style=\"width: 90px\">\n\t\t\t\t<div class=\"icon\">\n\t\t\t\t\t<div class=\"icon-inner\" >\n\t\t\t\t\t\t<img loading=\"lazy\" decoding=\"async\" width=\"200\" height=\"200\" src=\"https:\/\/i0.wp.com\/aiviouvapes.com\/wp-content\/uploads\/2024\/08\/save-money-1-1-1.png?fit=200%2C200&amp;ssl=1\" class=\"attachment-medium size-medium\" alt=\"Zakaj izbrati AIVIOUVAPES\" srcset=\"https:\/\/i0.wp.com\/aiviouvapes.com\/wp-content\/uploads\/2024\/08\/save-money-1-1-1.png?w=200&amp;ssl=1 200w, https:\/\/i0.wp.com\/aiviouvapes.com\/wp-content\/uploads\/2024\/08\/save-money-1-1-1.png?resize=150%2C150&amp;ssl=1 150w, https:\/\/i0.wp.com\/aiviouvapes.com\/wp-content\/uploads\/2024\/08\/save-money-1-1-1.png?resize=12%2C12&amp;ssl=1 12w, https:\/\/i0.wp.com\/aiviouvapes.com\/wp-content\/uploads\/2024\/08\/save-money-1-1-1.png?resize=100%2C100&amp;ssl=1 100w\" sizes=\"auto, (max-width: 200px) 100vw, 200px\" title=\"\">\t\t\t\t\t<\/div>\n\t\t\t\t<\/div>\n\t\t\t<\/div>\n\t\t\t\t<div class=\"icon-box-text last-reset\">\n\t\t\t\t\t\t\t\t\t\n\n\t<div id=\"text-3843505540\" class=\"text\">\n\t\t\n\n<h3 style=\"text-align: center;\">Nepremagljiva vrednost<\/h3>\n<p style=\"text-align: center;\">U\u017eivajte v vrhunskih izdelkih po cenah, ki ustrezajo va\u0161emu prora\u010dunu.<\/p>\n\t\t\n<style>\n#text-3843505540 {\n  font-size: 0.9rem;\n}\n<\/style>\n\t<\/div>\n\t\n\n\t\t<\/div>\n\t<\/div>\n\t\n\t\n\n\t\t<\/div>\n\t\t\t\t\t<\/div>\n\n\t\n\n\t<div id=\"col-445797787\" class=\"col medium-3 small-6 large-3\"  >\n\t\t\t\t<div class=\"col-inner text-center\"  >\n\t\t\t\n\t\t\t\n\n\n\t\t<div class=\"icon-box featured-box icon-box-top text-left\"  >\n\t\t\t\t\t<div class=\"icon-box-img\" style=\"width: 90px\">\n\t\t\t\t<div class=\"icon\">\n\t\t\t\t\t<div class=\"icon-inner\" >\n\t\t\t\t\t\t<img loading=\"lazy\" decoding=\"async\" width=\"200\" height=\"200\" src=\"https:\/\/i0.wp.com\/aiviouvapes.com\/wp-content\/uploads\/2024\/08\/delivery-truck-1-1.png?fit=200%2C200&amp;ssl=1\" class=\"attachment-medium size-medium\" alt=\"Zakaj izbrati AIVIOUVAPES\" srcset=\"https:\/\/i0.wp.com\/aiviouvapes.com\/wp-content\/uploads\/2024\/08\/delivery-truck-1-1.png?w=200&amp;ssl=1 200w, https:\/\/i0.wp.com\/aiviouvapes.com\/wp-content\/uploads\/2024\/08\/delivery-truck-1-1.png?resize=150%2C150&amp;ssl=1 150w, https:\/\/i0.wp.com\/aiviouvapes.com\/wp-content\/uploads\/2024\/08\/delivery-truck-1-1.png?resize=12%2C12&amp;ssl=1 12w, https:\/\/i0.wp.com\/aiviouvapes.com\/wp-content\/uploads\/2024\/08\/delivery-truck-1-1.png?resize=100%2C100&amp;ssl=1 100w\" sizes=\"auto, (max-width: 200px) 100vw, 200px\" title=\"\">\t\t\t\t\t<\/div>\n\t\t\t\t<\/div>\n\t\t\t<\/div>\n\t\t\t\t<div class=\"icon-box-text last-reset\">\n\t\t\t\t\t\t\t\t\t\n\n\t<div id=\"text-2433516865\" class=\"text\">\n\t\t\n\n<h3 style=\"text-align: center;\">Hitra Globalna Dostava<\/h3>\n<p style=\"text-align: center;\">Dostavo po vsem svetu zagotavljamo z zagotovljenim carinjenjem, kar zagotavlja brezhibno izku\u0161njo.<\/p>\n\t\t\n<style>\n#text-2433516865 {\n  font-size: 0.9rem;\n}\n<\/style>\n\t<\/div>\n\t\n\n\t\t<\/div>\n\t<\/div>\n\t\n\t\n\n\t\t<\/div>\n\t\t\t\t\t<\/div>\n\n\t\n\n\t<div id=\"col-612134849\" class=\"col medium-3 small-6 large-3\"  >\n\t\t\t\t<div class=\"col-inner text-center\"  >\n\t\t\t\n\t\t\t\n\n\n\t\t<div class=\"icon-box featured-box icon-box-top text-left\"  >\n\t\t\t\t\t<div class=\"icon-box-img\" style=\"width: 90px\">\n\t\t\t\t<div class=\"icon\">\n\t\t\t\t\t<div class=\"icon-inner\" >\n\t\t\t\t\t\t<img loading=\"lazy\" decoding=\"async\" width=\"200\" height=\"200\" src=\"https:\/\/i0.wp.com\/aiviouvapes.com\/wp-content\/uploads\/2024\/08\/support-1-1.png?fit=200%2C200&amp;ssl=1\" class=\"attachment-medium size-medium\" alt=\"Zakaj izbrati AIVIOUVAPES\" srcset=\"https:\/\/i0.wp.com\/aiviouvapes.com\/wp-content\/uploads\/2024\/08\/support-1-1.png?w=200&amp;ssl=1 200w, https:\/\/i0.wp.com\/aiviouvapes.com\/wp-content\/uploads\/2024\/08\/support-1-1.png?resize=150%2C150&amp;ssl=1 150w, https:\/\/i0.wp.com\/aiviouvapes.com\/wp-content\/uploads\/2024\/08\/support-1-1.png?resize=12%2C12&amp;ssl=1 12w, https:\/\/i0.wp.com\/aiviouvapes.com\/wp-content\/uploads\/2024\/08\/support-1-1.png?resize=100%2C100&amp;ssl=1 100w\" sizes=\"auto, (max-width: 200px) 100vw, 200px\" title=\"\">\t\t\t\t\t<\/div>\n\t\t\t\t<\/div>\n\t\t\t<\/div>\n\t\t\t\t<div class=\"icon-box-text last-reset\">\n\t\t\t\t\t\t\t\t\t\n\n\t<div id=\"text-3272993438\" class=\"text\">\n\t\t\n\n<h3 style=\"text-align: center;\">Pomo\u010d po celodnevni uri<\/h3>\n<p style=\"text-align: center;\">Na\u0161o ekipo za podporo lahko kadar koli, 24 ur na dan, 7 dni v tednu, prek aplikacije WhatsApp ali e-po\u0161te.<\/p>\n\t\t\n<style>\n#text-3272993438 {\n  font-size: 0.9rem;\n}\n<\/style>\n\t<\/div>\n\t\n\n\t\t<\/div>\n\t<\/div>\n\t\n\t\n\n\t\t<\/div>\n\t\t\t\t\t<\/div>\n\n\t\n\n<\/div>\n<div class=\"row row-full-width align-middle\"  id=\"row-630773688\">\n\n\n\t<div id=\"col-1647902234\" class=\"col medium-6 small-12 large-6\"  >\n\t\t\t\t<div class=\"col-inner\"  >\n\t\t\t\n\t\t\t\n\n\t<div class=\"img has-hover x md-x lg-x y md-y lg-y\" id=\"image_1556214542\">\n\t\t\t\t\t\t\t\t<div class=\"img-inner dark\" >\n\t\t\t<img loading=\"lazy\" decoding=\"async\" width=\"930\" height=\"1024\" src=\"https:\/\/i0.wp.com\/aiviouvapes.com\/wp-content\/uploads\/2024\/08\/%E6%8B%BC%E5%9B%BE.jpg?fit=930%2C1024&amp;ssl=1\" class=\"attachment-large size-large\" alt=\"Zakaj izbrati AIVIOUVAPES\" title=\"\">\t\t\t\t\t\t\n\t\t\t\t\t<\/div>\n\t\t\t\t\t\t\t\t\n<style>\n#image_1556214542 {\n  width: 100%;\n}\n<\/style>\n\t<\/div>\n\t\n\n\n\t\t<\/div>\n\t\t\t\t\t<\/div>\n\n\t\n\n\t<div id=\"col-105640792\" class=\"col medium-6 small-12 large-6\"  >\n\t\t\t\t<div class=\"col-inner\"  >\n\t\t\t\n\t\t\t\n\n<div class=\"container section-title-container\" ><h4 class=\"section-title section-title-normal\"><b aria-hidden=\"true\"><\/b><span class=\"section-title-main\" style=\"font-size:91%;\">Na\u0161e prednosti<\/span><b aria-hidden=\"true\"><\/b><\/h4><\/div>\n\n<div class=\"accordion\">\n\n\t<div id=\"accordion-3734105548\" class=\"accordion-item\">\n\t\t<a id=\"accordion-3734105548-label\" class=\"accordion-title plain\" href=\"#accordion-item-commitment-to-quality\" aria-expanded=\"false\" aria-controls=\"accordion-3734105548-content\">\n\t\t\t<button class=\"toggle\" aria-label=\"Toggle\"><i class=\"icon-angle-down\" aria-hidden=\"true\"><\/i><\/button>\n\t\t\t<span>Zavezanost kakovosti<\/span>\n\t\t<\/a>\n\t\t<div id=\"accordion-3734105548-content\" class=\"accordion-inner\" aria-labelledby=\"accordion-3734105548-label\">\n\t\t\t\n\n<p>Pri <a href=\"https:\/\/aiviouvapes.com\/sl\/\">AiviouVape<\/a>kakovost je gonilo vsega, kar po\u010dnemo. Na\u0161i vapeji za enkratno uporabo so skrbno izdelani in strogo preizku\u0161eni, da izpolnjujejo najvi\u0161je standarde, kar zagotavlja nemoteno in zanesljivo izku\u0161njo vapljanja vsaki\u010d znova. Z na\u0161o zavezanostjo k ni\u010d napakam in ni\u010d prito\u017ebam lahko zaupate, da ste dobili najbolj\u0161e.<\/p>\n\n\t\t<\/div>\n\t<\/div>\n\t\n\t<div id=\"accordion-3012151340\" class=\"accordion-item\">\n\t\t<a id=\"accordion-3012151340-label\" class=\"accordion-title plain\" href=\"#accordion-item-diverse-range-of-products\" aria-expanded=\"false\" aria-controls=\"accordion-3012151340-content\">\n\t\t\t<button class=\"toggle\" aria-label=\"Toggle\"><i class=\"icon-angle-down\" aria-hidden=\"true\"><\/i><\/button>\n\t\t\t<span>Raznovrstni izdelki<\/span>\n\t\t<\/a>\n\t\t<div id=\"accordion-3012151340-content\" class=\"accordion-inner\" aria-labelledby=\"accordion-3012151340-label\">\n\t\t\t\n\n<p>Ponosni smo, da ponujamo \u0161iroko paleto vrhunskih vapes za enkratno uporabo, ki ustrezajo vsem \u017eeljam. V na\u0161i ponudbi so zaupanja vredne blagovne znamke, kot so Waspe, Vapme, RandM Tornado, Bang Box, ELF Box in Bang King, od najnovej\u0161ih inovacij do dolgoletnih priljubljenih izdelkov. Ne glede na to, ali i\u0161\u010dete drzne okuse Vapme ali elegantno obliko RandM Tornado, je na\u0161a zbirka oblikovana tako, da vam pomaga odkriti popoln vape, ki ustreza va\u0161emu okusu in \u017eivljenjskemu slogu.<\/p>\n\n\n\t\t<\/div>\n\t<\/div>\n\t\n\t<div id=\"accordion-1437781429\" class=\"accordion-item\">\n\t\t<a id=\"accordion-1437781429-label\" class=\"accordion-title plain\" href=\"#accordion-item-wholesale-and-retail-solutions\" aria-expanded=\"false\" aria-controls=\"accordion-1437781429-content\">\n\t\t\t<button class=\"toggle\" aria-label=\"Toggle\"><i class=\"icon-angle-down\" aria-hidden=\"true\"><\/i><\/button>\n\t\t\t<span>Veleprodajne in maloprodajne re\u0161itve<\/span>\n\t\t<\/a>\n\t\t<div id=\"accordion-1437781429-content\" class=\"accordion-inner\" aria-labelledby=\"accordion-1437781429-label\">\n\t\t\t\n\n<p>AiviouVape izpolnjuje zahteve maloprodajnih in veleprodajnih strank ter vsaki\u010d zagotavlja izjemne izdelke in storitve. \u010ce ste novinec, vam priporo\u010damo, da za\u010dnete z majhno serijo in izkusite na\u0161o kakovost iz prve roke. S konkuren\u010dnimi cenami in vrhunskimi standardi smo zaupanja vredna izbira v industriji vape za enkratno uporabo.\u00a0<\/p>\n\n\t\t<\/div>\n\t<\/div>\n\t\n\t<div id=\"accordion-2391823211\" class=\"accordion-item\">\n\t\t<a id=\"accordion-2391823211-label\" class=\"accordion-title plain\" href=\"#accordion-item-continuous-improvement\" aria-expanded=\"false\" aria-controls=\"accordion-2391823211-content\">\n\t\t\t<button class=\"toggle\" aria-label=\"Toggle\"><i class=\"icon-angle-down\" aria-hidden=\"true\"><\/i><\/button>\n\t\t\t<span>Nenehno izbolj\u0161evanje<\/span>\n\t\t<\/a>\n\t\t<div id=\"accordion-2391823211-content\" class=\"accordion-inner\" aria-labelledby=\"accordion-2391823211-label\">\n\t\t\t\n\n<p>Podjetje AiviouVape odlikuje na\u0161a predanost izjemnim storitvam za stranke. \u010ce potrebujete nasvet pred nakupom ali pomo\u010d pri naro\u010dilu, je na\u0161a ekipa vedno na voljo prek aplikacije WhatsApp ali e-po\u0161te. Prizadevamo si vzpostaviti trajne odnose s strankami in zagotavljamo va\u0161e zadovoljstvo na vsakem koraku.<\/p>\n\n\t\t<\/div>\n\t<\/div>\n\t\n\t<div id=\"accordion-606292784\" class=\"accordion-item\">\n\t\t<a id=\"accordion-606292784-label\" class=\"accordion-title plain\" href=\"#accordion-item-quality-assurance\" aria-expanded=\"false\" aria-controls=\"accordion-606292784-content\">\n\t\t\t<button class=\"toggle\" aria-label=\"Toggle\"><i class=\"icon-angle-down\" aria-hidden=\"true\"><\/i><\/button>\n\t\t\t<span>Zagotavljanje kakovosti<\/span>\n\t\t<\/a>\n\t\t<div id=\"accordion-606292784-content\" class=\"accordion-inner\" aria-labelledby=\"accordion-606292784-label\">\n\t\t\t\n\n<p>Na vseh stopnjah razvoja, proizvodnje, tr\u017eenja in distribucije izdelkov na\u0161a zavezanost kakovosti nikoli ne popusti. Na\u0161i izdelki za enkratno uporabo so podvr\u017eeni strogim testom, ki zagotavljajo, da so nestrupeni, \u010disti in zagotavljajo izjemen okus. Ta predanost odli\u010dnosti je temelj na\u0161e korporativne kulture.<\/p>\n\n\t\t<\/div>\n\t<\/div>\n\t\n\t<div id=\"accordion-2724340288\" class=\"accordion-item\">\n\t\t<a id=\"accordion-2724340288-label\" class=\"accordion-title plain\" href=\"#accordion-item-efficient-logistics-and-delivery\" aria-expanded=\"false\" aria-controls=\"accordion-2724340288-content\">\n\t\t\t<button class=\"toggle\" aria-label=\"Toggle\"><i class=\"icon-angle-down\" aria-hidden=\"true\"><\/i><\/button>\n\t\t\t<span>U\u010dinkovita logistika in dostava<\/span>\n\t\t<\/a>\n\t\t<div id=\"accordion-2724340288-content\" class=\"accordion-inner\" aria-labelledby=\"accordion-2724340288-label\">\n\t\t\t\n\n<p>AiviouVape zagotavlja u\u010dinkovito logistiko in dostavo, vklju\u010dno s storitvami DDP (Delivered Duty Paid), ki zagotavljajo nemoteno carinjenje brez kakr\u0161nih koli pristojbin ali davkov. S hitro dostavo in izjemno podporo strankam ponujamo nemoteno in zanesljivo izku\u0161njo, zaradi \u010desar smo zaupanja vreden partner v industriji.<\/p>\n\n\t\t<\/div>\n\t<\/div>\n\t\n\t<div id=\"accordion-2530972526\" class=\"accordion-item\">\n\t\t<a id=\"accordion-2530972526-label\" class=\"accordion-title plain\" href=\"#accordion-item-odm-and-oem-services\" aria-expanded=\"false\" aria-controls=\"accordion-2530972526-content\">\n\t\t\t<button class=\"toggle\" aria-label=\"Toggle\"><i class=\"icon-angle-down\" aria-hidden=\"true\"><\/i><\/button>\n\t\t\t<span>Storitve ODM in OEM<\/span>\n\t\t<\/a>\n\t\t<div id=\"accordion-2530972526-content\" class=\"accordion-inner\" aria-labelledby=\"accordion-2530972526-label\">\n\t\t\t\n\n<p>AiviouVapes ponuja popolne storitve ODM (Original Design Manufacturing) in OEM (Original Equipment Manufacturing). Z dvema velikima obratoma strankam pomagamo oblikovati edinstvene izdelke in privla\u010dne logotipe za embala\u017eo. Zagotavljamo tudi brezpla\u010dne smernice za oblikovanje embala\u017ee in podpiramo stranke, ki same pakirajo svoje izdelke, s \u010dimer zagotavljamo, da njihova blagovna znamka zasije na trgu.<\/p>\n\n\t\t<\/div>\n\t<\/div>\n\t\n\n<\/div>\n\n\t\t<\/div>\n\t\t\t\t\t<\/div>\n\n\t\n\n<\/div>","protected":false},"excerpt":{"rendered":"<p>AIVONO AIM XXL 9000 Puffs ponuja do 9000 puffov, 19 ml e-teko\u010dine in 650 mAh baterijo za ponovno polnjenje. Z gladko paro iz 1,2\u03a9 mre\u017easte tuljave, LCD-zaslonom in otro\u0161ko klju\u010davnico je to vrhunski, prilagodljiv vape, ki je idealen za prodajo na debelo.<\/p>","protected":false},"featured_media":5197,"comment_status":"open","ping_status":"closed","template":"","meta":[],"product_brand":[],"product_cat":[41,121,90,117,76,134,135,133,136,137,146,138,139,140,141,142,143,144,145,132],"product_tag":[],"class_list":{"0":"post-5195","1":"product","2":"type-product","3":"status-publish","4":"has-post-thumbnail","6":"product_cat-aivono-vapes","7":"product_cat-9000-puffs-disposable-vape","8":"product_cat-big-puffs-vapes","9":"product_cat-different-puffs-of-diposable-vapes","10":"product_cat-disposable-vape-types","11":"product_cat-disposable-vapes-in-austria","12":"product_cat-disposable-vapes-in-belgium","13":"product_cat-disposable-vapes-in-europe","14":"product_cat-disposable-vapes-in-france","15":"product_cat-disposable-vapes-in-germany","16":"product_cat-disposable-vapes-in-hungary","17":"product_cat-disposable-vapes-in-ltaly","18":"product_cat-disposable-vapes-in-netherlands","19":"product_cat-disposable-vapes-in-norway","20":"product_cat-disposable-vapes-in-poland","21":"product_cat-disposable-vapes-in-portugal","22":"product_cat-disposable-vapes-in-spain","23":"product_cat-disposable-vapes-in-sweden","24":"product_cat-disposable-vapes-in-switzerland","25":"product_cat-rechargeable-vapes","27":"first","28":"instock","29":"shipping-taxable","30":"purchasable","31":"product-type-variable","32":"has-default-attributes"},"jetpack_sharing_enabled":true,"tiered_pricing_type":"fixed","tiered_pricing_fixed_rules":{"2000":5.9900000000000002131628207280300557613372802734375},"tiered_pricing_product_settings":{"layout":"default","base_unit_name":{"singular":null,"plural":null},"default_variation":null},"tiered_pricing_minimum_quantity":1000,"tiered_pricing_roles_data":[],"tiered_pricing_percentage_rules":[],"tiered_pricing_maximum_quantity":null,"tiered_pricing_quantity_step":"10","_links":{"self":[{"href":"https:\/\/aiviouvapes.com\/sl\/wp-json\/wp\/v2\/product\/5195","targetHints":{"allow":["GET"]}}],"collection":[{"href":"https:\/\/aiviouvapes.com\/sl\/wp-json\/wp\/v2\/product"}],"about":[{"href":"https:\/\/aiviouvapes.com\/sl\/wp-json\/wp\/v2\/types\/product"}],"replies":[{"embeddable":true,"href":"https:\/\/aiviouvapes.com\/sl\/wp-json\/wp\/v2\/comments?post=5195"}],"wp:featuredmedia":[{"embeddable":true,"href":"https:\/\/aiviouvapes.com\/sl\/wp-json\/wp\/v2\/media\/5197"}],"wp:attachment":[{"href":"https:\/\/aiviouvapes.com\/sl\/wp-json\/wp\/v2\/media?parent=5195"}],"wp:term":[{"taxonomy":"product_brand","embeddable":true,"href":"https:\/\/aiviouvapes.com\/sl\/wp-json\/wp\/v2\/product_brand?post=5195"},{"taxonomy":"product_cat","embeddable":true,"href":"https:\/\/aiviouvapes.com\/sl\/wp-json\/wp\/v2\/product_cat?post=5195"},{"taxonomy":"product_tag","embeddable":true,"href":"https:\/\/aiviouvapes.com\/sl\/wp-json\/wp\/v2\/product_tag?post=5195"}],"curies":[{"name":"wp","href":"https:\/\/api.w.org\/{rel}","templated":true}]}}