{"id":46917,"date":"2025-07-29T21:23:27","date_gmt":"2025-07-29T13:23:27","guid":{"rendered":"https:\/\/aiviouvapes.com\/?post_type=product&#038;p=46917"},"modified":"2026-03-24T11:26:13","modified_gmt":"2026-03-24T03:26:13","slug":"mr-goodie-adjust-flavor-king-60000","status":"publish","type":"product","link":"https:\/\/aiviouvapes.com\/sl\/product\/mr-goodie-adjust-flavor-king-60000\/","title":{"rendered":"Mr.Goodie Prilagodite kralja okusov 60000 Puffs | trikratni okus za enkratno uporabo vape"},"content":{"rendered":"<p>\ud83d\ude80 Pripravite se na revolucionarno spremembo svoje izku\u0161nje z vapingom z NOVO <b>Mr.Goodie Prilagodite kralja okusov 60000 bonbonov<\/b>! \ud83d\udc51 To ni le vape, temve\u010d imperij okusov v va\u0161em \u017eepu. Flavor King, zasnovan za vrhunsko zadovoljstvo in neprimerljivo dalj\u0161o \u017eivljenjsko dobo, se pona\u0161a z neverjetnimi 60.000 vdihi in revolucionarnim sistemom treh okusov. Poslovite se od vsakdanjega vapinga in pozdravite simfonijo okusov! \u2728 Ne glede na to, ali ste izku\u0161eni vaper ali prodajalec, ki \u017eeli imeti na zalogi naslednjo veliko stvar, je Mr.Goodie Adjust Flavor King va\u0161a krona slave. \ud83d\udca8<\/p>\n<h2>Mr.Goodie Prilagodite Flavor King 60000 puffov Pregled izdelka in zna\u010dilnosti<\/h2>\n<p>The <b>Mr.Goodie Prilagodite kralja okusov 60000<\/b> je velik preskok v tehnologiji vape za enkratno uporabo, saj ponuja osupljivo \u0161tevilo izpuhov in inovativen mehanizem za preklapljanje okusov. Ta naprava, zasnovana za posamezne navdu\u0161ence in B2B kupce, na novo opredeljuje udobje in vsestranskost. \ud83d\ude80<\/p>\n<ul>\n<li><b>\u0160tevilo puhov brez primere:<\/b> U\u017eivajte do <b>60.000 vpihov<\/b> v na\u010dinu z enim okusom ali 30.000 izpihov v na\u010dinu z me\u0161animi okusi, kar zagotavlja dalj\u0161o uporabo. \ud83e\udd2f\ud83d\udca8<\/li>\n<li><b>Dvojna kapaciteta e-teko\u010dine:<\/b> Z ogromnim <b>20ML + 20ML (skupaj 40ML)<\/b> kapaciteto e-soksa, ki zagotavlja dolgotrajno u\u017eivanje brez pogostih zamenjav. \ud83c\udf0a\ud83d\udd0b<\/li>\n<li><b>Nastavljiva mo\u010d nikotina:<\/b> Na voljo v <b>2% in 5% nikotinske mo\u017enosti<\/b> da bi zadovoljili razli\u010dne \u017eelje. \u2705 nikotin<\/li>\n<li><b>Zmogljiv in polnljiv:<\/b> Opremljen je z robustnim <b>950 mAh akumulatorska baterija<\/b> in priro\u010dno <b>Vrata za polnjenje tipa C<\/b> za neprekinjeno vapiranje. \ud83d\udcaa\ud83d\udd0c<\/li>\n<li><b>Napredna tehnologija tuljave:<\/b> <b>Dvojne mre\u017easte tuljave<\/b> v kombinaciji z najsodobnej\u0161imi <b>Tehnologija iDuomesh<\/b> zagotavljajo dosleden, bogat okus in mo\u010dno proizvodnjo pare. \ud83d\ude80\ud83c\udf2c\ufe0f<\/li>\n<li><b>Intuitivni 3 LCD-zaslon:<\/b> Enostavno spremljajte trajanje baterije, raven e-teko\u010dine in trenutni na\u010din za brezhibno izku\u0161njo vapinga. \ud83d\udcca\ud83d\udc40<\/li>\n<li><b>Sistem trojnega okusa:<\/b> Razi\u0161\u010dite <b>10 edinstvenih kombinacij treh okusov<\/b>, kar vam omogo\u010da, da preklapljate med dvema razli\u010dnima okusoma ali ju kombinirate za edinstveno tretjo izku\u0161njo. \ud83c\udf53\ud83c\udf49\ud83c\udf4d\ud83c\udf4a<\/li>\n<\/ul>\n<h3>Specifikacije<\/h3>\n<table>\n<thead>\n<tr>\n<th>Funkcija<\/th>\n<th>Podrobnosti<\/th>\n<\/tr>\n<\/thead>\n<tbody>\n<tr>\n<td>Mo\u017enosti nikotina<\/td>\n<td>2%, 5%<\/td>\n<\/tr>\n<tr>\n<td>Pufi (z enim okusom)<\/td>\n<td>60.000 puffov<\/td>\n<\/tr>\n<tr>\n<td>Pufi (me\u0161anica okusov)<\/td>\n<td>30.000 bombonov (me\u0161anica A + B)<\/td>\n<\/tr>\n<tr>\n<td>Kapaciteta e-teko\u010dine<\/td>\n<td>20ML + 20ML (skupaj 40ML)<\/td>\n<\/tr>\n<tr>\n<td>Zmogljivost baterije<\/td>\n<td>950 mAh (za ponovno polnjenje)<\/td>\n<\/tr>\n<tr>\n<td>Polnilna vrata<\/td>\n<td>Type-C<\/td>\n<\/tr>\n<tr>\n<td>Vrsta tuljave<\/td>\n<td>Dvojne mre\u017easte tuljave, tehnologija iDuomesh<\/td>\n<\/tr>\n<tr>\n<td>Prikaz<\/td>\n<td>3 LCD-zaslon<\/td>\n<\/tr>\n<tr>\n<td>Na\u010dini okusov<\/td>\n<td>En sam okus, me\u0161anica okusov<\/td>\n<\/tr>\n<tr>\n<td>Skupaj trojni okusi<\/td>\n<td>10 edinstvenih kombinacij<\/td>\n<\/tr>\n<\/tbody>\n<\/table>\n<p><span style=\"font-size: 20.16px;\">Kombinacije okusov<\/span><\/p>\n<p>Izkusite vznemirljivo paleto mo\u017enosti za okus z Mr.Goodie Adjust Flavor King 60000. Vsaka naprava ponuja tri razli\u010dna do\u017eivetja vapinga:<\/p>\n<table>\n<thead>\n<tr>\n<th>Okus<\/th>\n<th>B okus<\/th>\n<th>Kombinirani (A+B) okus<\/th>\n<\/tr>\n<\/thead>\n<tbody>\n<tr>\n<td>Led iz lubenice<\/td>\n<td>\u017dve\u010dilni gumi<\/td>\n<td>lubenica Bubble Gum<\/td>\n<\/tr>\n<tr>\n<td>So\u010dni breskov led<\/td>\n<td>Kola Led<\/td>\n<td>Ledena breskev Cola<\/td>\n<\/tr>\n<tr>\n<td>Modra malina<\/td>\n<td>\u010ce\u0161nja Limona<\/td>\n<td>Modra malina \u010ce\u0161nja Limona<\/td>\n<\/tr>\n<tr>\n<td>Jagoda<\/td>\n<td>Melona<\/td>\n<td>Jagodna lubenica<\/td>\n<\/tr>\n<tr>\n<td>Zeleno jabolko<\/td>\n<td>Grozdje<\/td>\n<td>Zeleno jabolko Grape<\/td>\n<\/tr>\n<tr>\n<td>Lemon<\/td>\n<td>Mavri\u010dne sladkarije<\/td>\n<td>Lemon Rainbow Candy<\/td>\n<\/tr>\n<tr>\n<td>Miami Mint<\/td>\n<td>Lemon<\/td>\n<td>Citronska meta<\/td>\n<\/tr>\n<tr>\n<td>Ananas Kokos<\/td>\n<td>Energijski led<\/td>\n<td>Kokosov energijski napitek<\/td>\n<\/tr>\n<tr>\n<td>Grozdje<\/td>\n<td>Raspberry<\/td>\n<td>Grozdje malina<\/td>\n<\/tr>\n<tr>\n<td>Pomaran\u010da Mango Guava<\/td>\n<td>Gumijasti medvedek<\/td>\n<td>OMG Blow-Pop<\/td>\n<\/tr>\n<\/tbody>\n<\/table>\n<p>Zakaj izbrati Mr.Goodie Adjust Flavor King 60000 Puffs?<\/p>\n<ul>\n<li>\ud83d\udc51 <b>Kralj pufov:<\/b> Ta naprava z do 60.000 vpihi predstavlja samostojno ligo, saj ponuja dolgo \u017eivljenjsko dobo, o kateri lahko obi\u010dajne naprave za enkratno uporabo le sanjajo.<\/li>\n<li>\ud83c\udf08 <b>Inovacija trojnega okusa:<\/b> Potopite se v 10 edinstvenih kombinacij treh okusov, ki zagotavljajo neprimerljivo raznolikost in prepre\u010dujejo vaperski jezik. Preklopite na zahtevo!<\/li>\n<li>\ud83d\udd0b <b>Neprimerljiva zanesljivost:<\/b> Baterija s kapaciteto 950 mAh in polnjenje tipa C zagotavljata, da ste vedno pripravljeni na naslednji pokuri, kar zmanj\u0161uje \u010das izpada.<\/li>\n<li>\ud83c\udf2c\ufe0f <b>Vrhunska para in okus:<\/b> Dvojne mre\u017easte tuljave in tehnologija iDuomesh zagotavljajo dosledno gladko, bogato in zadovoljivo izku\u0161njo vapinga pri vsakem potegu.<\/li>\n<li>\ud83d\udcca <b>Pametno in uporabniku prijazno:<\/b> 3 LCD-zaslon vas obve\u0161\u010da o dogajanju in vam olaj\u0161a upravljanje seans vapinga.<\/li>\n<li>\ud83d\udcb0 <b>Izjemna vrednost:<\/b> Ta naprava je za zahtevne uporabnike neverjetno stro\u0161kovno u\u010dinkovita na izpih. Za kupce B2B je to izdelek z velikim povpra\u0161evanjem, ki bo hitro po\u0161el s prodajnih polic.<\/li>\n<li>\ud83c\udf3f <b>Zagotovljena kakovost:<\/b> Izdelan je iz vrhunskih sestavin in naprednih proizvodnih postopkov, ki zagotavljajo varnost in zadovoljstvo.<\/li>\n<\/ul>\n<p>The <b>Mr.Goodie Prilagodite kralja okusov 60000 bonbonov<\/b> je najbolj\u0161a izbira za intenzivne uporabnike in ljubitelje okusov, ki i\u0161\u010dejo dalj\u0161e u\u017eivanje in raznolike mo\u017enosti okusov. Zaradi svoje robustne zasnove in inovativnih funkcij je nepremagljiva ponudba tudi za <b>prodajalne vape<\/b> ki \u017eelijo raz\u0161iriti svoj izbor vrhunskih vape za enkratno uporabo in za <b>veleprodajna distribucija<\/b> i\u0161\u010dejo izdelek z veliko koli\u010dino in visoko mar\u017eo. \u0160e danes si zagotovite zaloge za prihodnost vapinga! \ud83d\udcaa<\/p>\n<h3>POGOSTA VPRA\u0160ANJA<\/h3>\n<p>V: Koliko puhov ponuja Mr.Goodie Adjust Flavor King 60000?<br \/>\nO: V na\u010dinu z enim okusom omogo\u010da do 60.000 vdihov, pri me\u0161anju okusov (komora A + komora B) pa do 30.000 vdihov.<\/p>\n<p>V: Kak\u0161na je zmogljivost e-teko\u010dine?<br \/>\nO: Skupna zmogljivost e-teko\u010dine je 40ML, razdeljena na dve 20ML komori (20ML + 20ML).<\/p>\n<p>V: Ali je mogo\u010de napravo Mr.Goodie Adjust Flavor King ponovno napolniti?<br \/>\nO: Da, ima 950 mAh akumulatorsko baterijo s polnilnim priklju\u010dkom Type-C.<\/p>\n<p>V: Kako deluje sistem trojnega okusa?<br \/>\nO: Naprava ima dve razli\u010dni komori za e-teko\u010dino (A in B). Vapirate lahko okus A, okus B ali ju kombinirate in ustvarite edinstven tretji me\u0161ani okus.<\/p>\n<p>V: Katere jakosti nikotina so na voljo?<br \/>\nO: Mr.Goodie Adjust Flavor King 60000 je na voljo v nikotinskih stopnjah 2% in 5%.<\/p>\n<p>V: Kako lahko ugotovim \u017eivljenjsko dobo baterije ali raven e-teko\u010dine?<br \/>\nO: Naprava je opremljena s 3 zasloni LCD, ki prikazujejo \u010das delovanja baterije, raven e-teko\u010dine in trenutni na\u010din.<\/p>\n<p>V: Ali je ta izdelek primeren za prodajo na debelo?<br \/>\nO: Vsekakor! Mr.Goodie Adjust Flavor King 60000 Puffs je zaradi velikega povpra\u0161evanja, edinstvenih lastnosti in izjemne vrednosti odli\u010den izdelek za distribucijo na debelo in vape trgovine.<\/p>","protected":false},"excerpt":{"rendered":"<p>Izkusite vrhunski vape z Mr.Goodie Adjust Flavor King 60000 Puffs. Dvojna zmogljivost 20ML e-teko\u010dine, 60.000 puffov, 10 trojnih okusov. Odli\u010dno za vape trgovine in kupce v razsutem stanju!<\/p>","protected":false},"featured_media":46924,"comment_status":"open","ping_status":"closed","template":"","meta":[],"product_brand":[258],"product_cat":[257,137,146,138,141,143],"product_tag":[],"class_list":{"0":"post-46917","1":"product","2":"type-product","3":"status-publish","4":"has-post-thumbnail","6":"product_brand-mr-goodie","7":"product_cat-mr-goodie","8":"product_cat-disposable-vapes-in-germany","9":"product_cat-disposable-vapes-in-hungary","10":"product_cat-disposable-vapes-in-ltaly","11":"product_cat-disposable-vapes-in-poland","12":"product_cat-disposable-vapes-in-spain","14":"first","15":"instock","16":"shipping-taxable","17":"purchasable","18":"product-type-variable","19":"has-default-attributes"},"jetpack_sharing_enabled":true,"tiered_pricing_type":"fixed","tiered_pricing_fixed_rules":[],"tiered_pricing_product_settings":{"layout":"default","base_unit_name":{"singular":null,"plural":null},"default_variation":null},"tiered_pricing_minimum_quantity":1000,"tiered_pricing_roles_data":[],"tiered_pricing_percentage_rules":[],"tiered_pricing_maximum_quantity":null,"tiered_pricing_quantity_step":"10","_links":{"self":[{"href":"https:\/\/aiviouvapes.com\/sl\/wp-json\/wp\/v2\/product\/46917","targetHints":{"allow":["GET"]}}],"collection":[{"href":"https:\/\/aiviouvapes.com\/sl\/wp-json\/wp\/v2\/product"}],"about":[{"href":"https:\/\/aiviouvapes.com\/sl\/wp-json\/wp\/v2\/types\/product"}],"replies":[{"embeddable":true,"href":"https:\/\/aiviouvapes.com\/sl\/wp-json\/wp\/v2\/comments?post=46917"}],"wp:featuredmedia":[{"embeddable":true,"href":"https:\/\/aiviouvapes.com\/sl\/wp-json\/wp\/v2\/media\/46924"}],"wp:attachment":[{"href":"https:\/\/aiviouvapes.com\/sl\/wp-json\/wp\/v2\/media?parent=46917"}],"wp:term":[{"taxonomy":"product_brand","embeddable":true,"href":"https:\/\/aiviouvapes.com\/sl\/wp-json\/wp\/v2\/product_brand?post=46917"},{"taxonomy":"product_cat","embeddable":true,"href":"https:\/\/aiviouvapes.com\/sl\/wp-json\/wp\/v2\/product_cat?post=46917"},{"taxonomy":"product_tag","embeddable":true,"href":"https:\/\/aiviouvapes.com\/sl\/wp-json\/wp\/v2\/product_tag?post=46917"}],"curies":[{"name":"wp","href":"https:\/\/api.w.org\/{rel}","templated":true}]}}